{"id":4069,"date":"2017-12-12T20:24:19","date_gmt":"2017-12-12T19:24:19","guid":{"rendered":"https:\/\/triana.salesianos.edu\/parroquia\/?page_id=4069"},"modified":"2018-03-20T21:22:49","modified_gmt":"2018-03-20T20:22:49","slug":"colabora","status":"publish","type":"page","link":"https:\/\/triana.salesianos.edu\/parroquia\/colabora\/","title":{"rendered":"Colabora con tu parroquia"},"content":{"rendered":"<div id=\"fb-root\"><\/div>\n<p>[et_pb_section bb_built=\u00bb1&#8243; fullwidth=\u00bbon\u00bb specialty=\u00bboff\u00bb next_background_color=\u00bb#000000&#8243;][et_pb_fullwidth_header title=\u00bbColabora con tu parroquia\u00bb background_layout=\u00bblight\u00bb text_orientation=\u00bbleft\u00bb header_fullscreen=\u00bboff\u00bb header_scroll_down=\u00bboff\u00bb content_orientation=\u00bbcenter\u00bb image_orientation=\u00bbcenter\u00bb custom_button_one=\u00bboff\u00bb button_one_icon_placement=\u00bbright\u00bb custom_button_two=\u00bboff\u00bb button_two_icon_placement=\u00bbright\u00bb module_class=\u00bbpagina-imagen-cabecera\u00bb title_font_size=\u00bb40px\u00bb background_image=\u00bbhttps:\/\/triana.salesianos.edu\/parroquia\/wp-content\/uploads\/sites\/6\/2018\/03\/P1120830.jpg\u00bb _builder_version=\u00bb3.0.101&#8243; title_text_color=\u00bb#ffffff\u00bb \/][\/et_pb_section][et_pb_section bb_built=\u00bb1&#8243; fullwidth=\u00bboff\u00bb specialty=\u00bboff\u00bb transparent_background=\u00bboff\u00bb allow_player_pause=\u00bboff\u00bb inner_shadow=\u00bboff\u00bb parallax=\u00bboff\u00bb parallax_method=\u00bboff\u00bb custom_padding=\u00bb-4%|||\u00bb make_fullwidth=\u00bboff\u00bb use_custom_width=\u00bboff\u00bb width_unit=\u00bbon\u00bb make_equal=\u00bboff\u00bb use_custom_gutter=\u00bboff\u00bb module_class=\u00bbpagina-seccion-contenido\u00bb prev_background_color=\u00bb#ffffff\u00bb next_background_color=\u00bb#ffffff\u00bb][et_pb_row make_fullwidth=\u00bboff\u00bb use_custom_width=\u00bboff\u00bb width_unit=\u00bbon\u00bb use_custom_gutter=\u00bboff\u00bb allow_player_pause=\u00bboff\u00bb parallax=\u00bboff\u00bb parallax_method=\u00bboff\u00bb make_equal=\u00bboff\u00bb parallax_1=\u00bboff\u00bb parallax_method_1=\u00bboff\u00bb module_class=\u00bbpagina-texto\u00bb background_position=\u00bbtop_left\u00bb background_repeat=\u00bbrepeat\u00bb background_size=\u00bbinitial\u00bb][et_pb_column type=\u00bb2_3&#8243;][et_pb_text admin_label=\u00bbT\u00edtulo p\u00e1gina (Texto)\u00bb _builder_version=\u00bb3.0.101&#8243; background_layout=\u00bblight\u00bb]<\/p>\n<h1>Colabora con tu parroquia<\/h1>\n<p>[\/et_pb_text][et_pb_text admin_label=\u00bbContenido (Texto)\u00bb background_layout=\u00bblight\u00bb background_position=\u00bbtop_left\u00bb background_repeat=\u00bbrepeat\u00bb background_size=\u00bbinitial\u00bb _builder_version=\u00bb3.0.101&#8243;]<\/p>\n<p>Gracias a la colaboraci\u00f3n econ\u00f3mica de los cat\u00f3licos, la Iglesia puede llevar a cabo su labor en las parroquias, las di\u00f3cesis y el tercer mundo.<\/p>\n<p>Las aportaciones voluntarias de los cat\u00f3licos y de cuantos valoran la labor de la Iglesia cubren cerca del 80% de las necesidades econ\u00f3micas.<\/p>\n<p>Los ingresos por la \u00abX\u00bb en la Declaraci\u00f3n de la Renta suponen en torno al 20%.<\/p>\n<p>La colaboraci\u00f3n peri\u00f3dica (mensual, anual, etc.) con una cuota familiar o personal, abonada por Banco o Caja de Ahorros, es el mejor sistema de contribuir al sostenimieto econ\u00f3mico de la Iglesia.<\/p>\n<p><strong>Estos donativos desgravan<\/strong><strong>\u00a0<\/strong><strong>un 25% en la Declaraci\u00f3n de la Renta.<\/strong><\/p>\n<p>[\/et_pb_text][\/et_pb_column][et_pb_column type=\u00bb1_3&#8243;][et_pb_blurb admin_label=\u00bbDescargas (Anuncio)\u00bb _builder_version=\u00bb3.0.101&#8243; title=\u00bbSolicitud de Domiciliaci\u00f3n\u00bb url_new_window=\u00bbon\u00bb use_icon=\u00bbon\u00bb font_icon=\u00bb%%98%%\u00bb use_circle=\u00bbon\u00bb use_circle_border=\u00bbon\u00bb icon_placement=\u00bbleft\u00bb use_icon_font_size=\u00bbon\u00bb background_layout=\u00bblight\u00bb circle_color=\u00bb#ffffff\u00bb icon_font_size=\u00bb35px\u00bb header_font_size=\u00bb25&#8243; body_font_size=\u00bb18&#8243; max_width_tablet=\u00bb50px\u00bb saved_tabs=\u00bball\u00bb url=\u00bbhttps:\/\/triana.salesianos.edu\/parroquia\/wp-content\/uploads\/sites\/6\/2018\/03\/solicitud_domiciliacion_parroquia.pdf\u00bb]<\/p>\n<p>Descarga la solicitud de domiciliaci\u00f3n de la parroquia<\/p>\n<p>[\/et_pb_blurb][\/et_pb_column][\/et_pb_row][\/et_pb_section][et_pb_section bb_built=\u00bb1&#8243; admin_label=\u00bbsection\u00bb prev_background_color=\u00bb#000000&#8243;][et_pb_row admin_label=\u00bbrow\u00bb background_position=\u00bbtop_left\u00bb background_repeat=\u00bbrepeat\u00bb background_size=\u00bbinitial\u00bb][\/et_pb_row][\/et_pb_section]<\/p>\n","protected":false},"excerpt":{"rendered":"<p>Colabora con tu parroquia Gracias a la colaboraci\u00f3n econ\u00f3mica de los cat\u00f3licos, la Iglesia puede llevar a cabo su labor en las parroquias, las di\u00f3cesis y el tercer mundo. Las aportaciones voluntarias de los cat\u00f3licos y de cuantos valoran la labor de la Iglesia cubren cerca del 80% de las necesidades econ\u00f3micas. Los ingresos por [&hellip;]<\/p>\n","protected":false},"author":5,"featured_media":0,"parent":0,"menu_order":0,"comment_status":"closed","ping_status":"closed","template":"","meta":{"_et_pb_use_builder":"on","_et_pb_old_content":"","_et_gb_content_width":"","footnotes":""},"class_list":["post-4069","page","type-page","status-publish","hentry"],"yoast_head":"<!-- This site is optimized with the Yoast SEO plugin v27.4 - https:\/\/yoast.com\/product\/yoast-seo-wordpress\/ -->\n<title>Colabora con tu parroquia - Parroquia<\/title>\n<meta name=\"robots\" content=\"index, follow, max-snippet:-1, max-image-preview:large, max-video-preview:-1\" \/>\n<link rel=\"canonical\" href=\"https:\/\/triana.salesianos.edu\/parroquia\/colabora\/\" \/>\n<meta property=\"og:locale\" content=\"es_ES\" \/>\n<meta property=\"og:type\" content=\"article\" \/>\n<meta property=\"og:title\" content=\"Colabora con tu parroquia - Parroquia\" \/>\n<meta property=\"og:description\" content=\"Colabora con tu parroquia Gracias a la colaboraci\u00f3n econ\u00f3mica de los cat\u00f3licos, la Iglesia puede llevar a cabo su labor en las parroquias, las di\u00f3cesis y el tercer mundo. Las aportaciones voluntarias de los cat\u00f3licos y de cuantos valoran la labor de la Iglesia cubren cerca del 80% de las necesidades econ\u00f3micas. Los ingresos por [&hellip;]\" \/>\n<meta property=\"og:url\" content=\"https:\/\/triana.salesianos.edu\/parroquia\/colabora\/\" \/>\n<meta property=\"og:site_name\" content=\"Parroquia\" \/>\n<meta property=\"article:modified_time\" content=\"2018-03-20T20:22:49+00:00\" \/>\n<meta name=\"twitter:card\" content=\"summary_large_image\" \/>\n<meta name=\"twitter:label1\" content=\"Tiempo de lectura\" \/>\n\t<meta name=\"twitter:data1\" content=\"2 minutos\" \/>\n<script type=\"application\/ld+json\" class=\"yoast-schema-graph\">{\"@context\":\"https:\\\/\\\/schema.org\",\"@graph\":[{\"@type\":\"WebPage\",\"@id\":\"https:\\\/\\\/triana.salesianos.edu\\\/parroquia\\\/colabora\\\/\",\"url\":\"https:\\\/\\\/triana.salesianos.edu\\\/parroquia\\\/colabora\\\/\",\"name\":\"Colabora con tu parroquia - Parroquia\",\"isPartOf\":{\"@id\":\"https:\\\/\\\/triana.salesianos.edu\\\/parroquia\\\/#website\"},\"datePublished\":\"2017-12-12T19:24:19+00:00\",\"dateModified\":\"2018-03-20T20:22:49+00:00\",\"breadcrumb\":{\"@id\":\"https:\\\/\\\/triana.salesianos.edu\\\/parroquia\\\/colabora\\\/#breadcrumb\"},\"inLanguage\":\"es\",\"potentialAction\":[{\"@type\":\"ReadAction\",\"target\":[\"https:\\\/\\\/triana.salesianos.edu\\\/parroquia\\\/colabora\\\/\"]}]},{\"@type\":\"BreadcrumbList\",\"@id\":\"https:\\\/\\\/triana.salesianos.edu\\\/parroquia\\\/colabora\\\/#breadcrumb\",\"itemListElement\":[{\"@type\":\"ListItem\",\"position\":1,\"name\":\"Portada\",\"item\":\"https:\\\/\\\/triana.salesianos.edu\\\/parroquia\\\/\"},{\"@type\":\"ListItem\",\"position\":2,\"name\":\"Colabora con tu parroquia\"}]},{\"@type\":\"WebSite\",\"@id\":\"https:\\\/\\\/triana.salesianos.edu\\\/parroquia\\\/#website\",\"url\":\"https:\\\/\\\/triana.salesianos.edu\\\/parroquia\\\/\",\"name\":\"Parroquia\",\"description\":\"P\u00e1gina oficial Salesianos Triana Sevilla\",\"potentialAction\":[{\"@type\":\"SearchAction\",\"target\":{\"@type\":\"EntryPoint\",\"urlTemplate\":\"https:\\\/\\\/triana.salesianos.edu\\\/parroquia\\\/?s={search_term_string}\"},\"query-input\":{\"@type\":\"PropertyValueSpecification\",\"valueRequired\":true,\"valueName\":\"search_term_string\"}}],\"inLanguage\":\"es\"}]}<\/script>\n<!-- \/ Yoast SEO plugin. -->","yoast_head_json":{"title":"Colabora con tu parroquia - Parroquia","robots":{"index":"index","follow":"follow","max-snippet":"max-snippet:-1","max-image-preview":"max-image-preview:large","max-video-preview":"max-video-preview:-1"},"canonical":"https:\/\/triana.salesianos.edu\/parroquia\/colabora\/","og_locale":"es_ES","og_type":"article","og_title":"Colabora con tu parroquia - Parroquia","og_description":"Colabora con tu parroquia Gracias a la colaboraci\u00f3n econ\u00f3mica de los cat\u00f3licos, la Iglesia puede llevar a cabo su labor en las parroquias, las di\u00f3cesis y el tercer mundo. Las aportaciones voluntarias de los cat\u00f3licos y de cuantos valoran la labor de la Iglesia cubren cerca del 80% de las necesidades econ\u00f3micas. Los ingresos por [&hellip;]","og_url":"https:\/\/triana.salesianos.edu\/parroquia\/colabora\/","og_site_name":"Parroquia","article_modified_time":"2018-03-20T20:22:49+00:00","twitter_card":"summary_large_image","twitter_misc":{"Tiempo de lectura":"2 minutos"},"schema":{"@context":"https:\/\/schema.org","@graph":[{"@type":"WebPage","@id":"https:\/\/triana.salesianos.edu\/parroquia\/colabora\/","url":"https:\/\/triana.salesianos.edu\/parroquia\/colabora\/","name":"Colabora con tu parroquia - Parroquia","isPartOf":{"@id":"https:\/\/triana.salesianos.edu\/parroquia\/#website"},"datePublished":"2017-12-12T19:24:19+00:00","dateModified":"2018-03-20T20:22:49+00:00","breadcrumb":{"@id":"https:\/\/triana.salesianos.edu\/parroquia\/colabora\/#breadcrumb"},"inLanguage":"es","potentialAction":[{"@type":"ReadAction","target":["https:\/\/triana.salesianos.edu\/parroquia\/colabora\/"]}]},{"@type":"BreadcrumbList","@id":"https:\/\/triana.salesianos.edu\/parroquia\/colabora\/#breadcrumb","itemListElement":[{"@type":"ListItem","position":1,"name":"Portada","item":"https:\/\/triana.salesianos.edu\/parroquia\/"},{"@type":"ListItem","position":2,"name":"Colabora con tu parroquia"}]},{"@type":"WebSite","@id":"https:\/\/triana.salesianos.edu\/parroquia\/#website","url":"https:\/\/triana.salesianos.edu\/parroquia\/","name":"Parroquia","description":"P\u00e1gina oficial Salesianos Triana Sevilla","potentialAction":[{"@type":"SearchAction","target":{"@type":"EntryPoint","urlTemplate":"https:\/\/triana.salesianos.edu\/parroquia\/?s={search_term_string}"},"query-input":{"@type":"PropertyValueSpecification","valueRequired":true,"valueName":"search_term_string"}}],"inLanguage":"es"}]}},"_links":{"self":[{"href":"https:\/\/triana.salesianos.edu\/parroquia\/wp-json\/wp\/v2\/pages\/4069","targetHints":{"allow":["GET"]}}],"collection":[{"href":"https:\/\/triana.salesianos.edu\/parroquia\/wp-json\/wp\/v2\/pages"}],"about":[{"href":"https:\/\/triana.salesianos.edu\/parroquia\/wp-json\/wp\/v2\/types\/page"}],"author":[{"embeddable":true,"href":"https:\/\/triana.salesianos.edu\/parroquia\/wp-json\/wp\/v2\/users\/5"}],"replies":[{"embeddable":true,"href":"https:\/\/triana.salesianos.edu\/parroquia\/wp-json\/wp\/v2\/comments?post=4069"}],"version-history":[{"count":5,"href":"https:\/\/triana.salesianos.edu\/parroquia\/wp-json\/wp\/v2\/pages\/4069\/revisions"}],"predecessor-version":[{"id":4248,"href":"https:\/\/triana.salesianos.edu\/parroquia\/wp-json\/wp\/v2\/pages\/4069\/revisions\/4248"}],"wp:attachment":[{"href":"https:\/\/triana.salesianos.edu\/parroquia\/wp-json\/wp\/v2\/media?parent=4069"}],"curies":[{"name":"wp","href":"https:\/\/api.w.org\/{rel}","templated":true}]}}