{"id":9515,"date":"2020-12-07T11:02:14","date_gmt":"2020-12-07T10:02:14","guid":{"rendered":"https:\/\/triana.salesianos.edu\/colegio\/?page_id=9515"},"modified":"2020-12-30T18:17:38","modified_gmt":"2020-12-30T17:17:38","slug":"por-que-asociarse","status":"publish","type":"page","link":"https:\/\/triana.salesianos.edu\/colegio\/ampa\/por-que-asociarse\/","title":{"rendered":"Por qu\u00e9 asociarse"},"content":{"rendered":"<div id=\"fb-root\"><\/div>\n<p>[et_pb_section fb_built=\u00bb1&#8243; fullwidth=\u00bbon\u00bb _builder_version=\u00bb3.22&#8243;][et_pb_fullwidth_header title=\u00bb\u00bfPor qu\u00e9 asociarse?\u00bb admin_label=\u00bb\u00bfPor qu\u00e9 asociarse?\u00bb module_class=\u00bbpagina-imagen-cabecera\u00bb _builder_version=\u00bb4.3.4&#8243; title_text_color=\u00bb#ffffff\u00bb title_font_size=\u00bb40px\u00bb background_color=\u00bbrgba(255, 255, 255, 0)\u00bb background_image=\u00bbhttps:\/\/triana.salesianos.edu\/colegio\/wp-content\/uploads\/sites\/2\/2017\/09\/fondoDefectoContenido-1024&#215;200.png\u00bb background_layout=\u00bblight\u00bb z_index_tablet=\u00bb500&#8243; saved_tabs=\u00bball\u00bb button_one_text_size__hover_enabled=\u00bboff\u00bb button_one_text_size__hover=\u00bbnull\u00bb button_two_text_size__hover_enabled=\u00bboff\u00bb button_two_text_size__hover=\u00bbnull\u00bb button_one_text_color__hover_enabled=\u00bboff\u00bb button_one_text_color__hover=\u00bbnull\u00bb button_two_text_color__hover_enabled=\u00bboff\u00bb button_two_text_color__hover=\u00bbnull\u00bb button_one_border_width__hover_enabled=\u00bboff\u00bb button_one_border_width__hover=\u00bbnull\u00bb button_two_border_width__hover_enabled=\u00bboff\u00bb button_two_border_width__hover=\u00bbnull\u00bb button_one_border_color__hover_enabled=\u00bboff\u00bb button_one_border_color__hover=\u00bbnull\u00bb button_two_border_color__hover_enabled=\u00bboff\u00bb button_two_border_color__hover=\u00bbnull\u00bb button_one_border_radius__hover_enabled=\u00bboff\u00bb button_one_border_radius__hover=\u00bbnull\u00bb button_two_border_radius__hover_enabled=\u00bboff\u00bb button_two_border_radius__hover=\u00bbnull\u00bb button_one_letter_spacing__hover_enabled=\u00bbon\u00bb button_one_letter_spacing__hover=\u00bb0&#8243; button_two_letter_spacing__hover_enabled=\u00bbon\u00bb button_two_letter_spacing__hover=\u00bb0&#8243; button_one_bg_color__hover_enabled=\u00bboff\u00bb button_one_bg_color__hover=\u00bbnull\u00bb button_two_bg_color__hover_enabled=\u00bboff\u00bb button_two_bg_color__hover=\u00bbnull\u00bb][\/et_pb_fullwidth_header][\/et_pb_section][et_pb_section fb_built=\u00bb1&#8243; _builder_version=\u00bb3.22&#8243;][et_pb_row column_structure=\u00bb1_2,1_2&#8243; _builder_version=\u00bb3.25&#8243; background_size=\u00bbinitial\u00bb background_position=\u00bbtop_left\u00bb background_repeat=\u00bbrepeat\u00bb][et_pb_column type=\u00bb1_2&#8243; _builder_version=\u00bb3.25&#8243; custom_padding=\u00bb|||\u00bb custom_padding__hover=\u00bb|||\u00bb][et_pb_text _builder_version=\u00bb4.3.4&#8243; hover_enabled=\u00bb0&#8243;]<\/p>\n<h1>Motivos<\/h1>\n<p>La Asociaci\u00f3n de Madres y Padres pretende ser la herramienta que permita a los padres interaccionar con el centro de una manera eficaz.<\/p>\n<p>Algunos de los fines de AMPAS incluyen:<\/p>\n<ul>\n<li>Asistir a los padres, madres y tutores.<\/li>\n<li>Colaborar en actividades educacionales.<\/li>\n<li>Tomar parte activa con la Comunidad Educativa Pastoral en la gesti\u00f3n del centro y sus servicios.<\/li>\n<li>Desarrollar actividades de colaboraci\u00f3n, actividades complementarias, extraescolares,..<\/li>\n<li>Desarrollar programas de formaci\u00f3n de padres.<\/li>\n<li>Representar a los padres frente a otras instancias.<\/li>\n<\/ul>\n<h1>Objetivos<\/h1>\n<ol>\n<li><strong>Dinamizar la vida asociativa de los padres y madres<\/strong>, con actividades de distinta naturaleza haciendo menci\u00f3n especial a aquellas que incluyan acciones formativas para ejercer con calidad la tarea educadora.<\/li>\n<li>Generar un <strong>esp\u00edritu de Equipo <\/strong>de trabajo, con implicaci\u00f3n de todos los miembros, en la Junta Directiva.<\/li>\n<li>Fomentar la <strong>implicaci\u00f3n y participaci\u00f3n <\/strong>de los padres y madres en la vida de la Casa.<\/li>\n<li><strong>Hacer presente la AMPA <\/strong>y sus actividades a trav\u00e9s de las Tecnolog\u00edas de la Informaci\u00f3n y la Comunicaci\u00f3n. (Redes Sociales)<\/li>\n<li>Presentar de manera <strong>transparente <\/strong>la memoria econ\u00f3mica de la Asociaci\u00f3n.<\/li>\n<li>Dotar una <strong>beca de colaboraci\u00f3n <\/strong>en material y actividades escolares para socios\/as con necesidades.<\/li>\n<\/ol>\n<p>[\/et_pb_text][\/et_pb_column][et_pb_column type=\u00bb1_2&#8243; _builder_version=\u00bb3.25&#8243; custom_padding=\u00bb|||\u00bb custom_padding__hover=\u00bb|||\u00bb][et_pb_text _builder_version=\u00bb4.3.4&#8243;]<\/p>\n<h1>\u00bfD\u00f3nde estamos representados?<\/h1>\n<ul>\n<li>Consejo Escolar<\/li>\n<li>Consejo de la CEP (Comunidad Educativa Pastoral)<\/li>\n<li>Distrito Triana<\/li>\n<li>Federaci\u00f3n de AMPAS Salesianas, \u2026<\/li>\n<\/ul>\n<p>[\/et_pb_text][et_pb_image src=\u00bbhttps:\/\/triana.salesianos.edu\/colegio\/wp-content\/uploads\/sites\/2\/2020\/12\/folleto.jpg\u00bb url=\u00bbhttps:\/\/triana.salesianos.edu\/colegio\/wp-content\/uploads\/sites\/2\/2020\/12\/AMPA_TRIANA_TRIP_2020_v2_compressed.pdf\u00bb url_new_window=\u00bbon\u00bb _builder_version=\u00bb4.3.4&#8243;][\/et_pb_image][et_pb_image src=\u00bbhttps:\/\/triana.salesianos.edu\/colegio\/wp-content\/uploads\/sites\/2\/2020\/12\/AcroRd32_2020-12-30_18-11-42-212&#215;300.png\u00bb url=\u00bbhttps:\/\/triana.salesianos.edu\/colegio\/wp-content\/uploads\/sites\/2\/2020\/12\/FORMULARIO-INSCRIPCION-AMPA-2021.pdf\u00bb url_new_window=\u00bbon\u00bb align=\u00bbcenter\u00bb _builder_version=\u00bb4.3.4&#8243;][\/et_pb_image][\/et_pb_column][\/et_pb_row][et_pb_row padding_mobile=\u00bboff\u00bb column_padding_mobile=\u00bbon\u00bb module_id=\u00bbportada-web-salesianas\u00bb module_class=\u00bbseis-columnas\u00bb _builder_version=\u00bb3.25&#8243; background_size=\u00bbinitial\u00bb background_position=\u00bbtop_left\u00bb background_repeat=\u00bbrepeat\u00bb locked=\u00bboff\u00bb][et_pb_column type=\u00bb4_4&#8243; _builder_version=\u00bb3.0.47&#8243; custom_padding=\u00bb|||\u00bb custom_padding__hover=\u00bb|||\u00bb][et_pb_blurb title=\u00bbInicio\u00bb url=\u00bbhttps:\/\/triana.salesianos.edu\/colegio\/ampa\u00bb use_icon=\u00bbon\u00bb font_icon=\u00bb%%102%%\u00bb use_circle=\u00bbon\u00bb circle_color=\u00bb#ffffff\u00bb use_circle_border=\u00bbon\u00bb admin_label=\u00bbInicio\u00bb _builder_version=\u00bb4.3.4&#8243; header_font_size=\u00bb20&#8243; body_font_size=\u00bb24&#8243; background_size=\u00bbinitial\u00bb background_position=\u00bbtop_left\u00bb background_repeat=\u00bbrepeat\u00bb text_orientation=\u00bbcenter\u00bb max_width_tablet=\u00bb50px\u00bb z_index_tablet=\u00bb500&#8243;][\/et_pb_blurb][et_pb_blurb title=\u00bbSaludo\u00bb url=\u00bbhttps:\/\/triana.salesianos.edu\/colegio\/ampa\/saludo\/\u00bb use_icon=\u00bbon\u00bb font_icon=\u00bb%%375%%\u00bb use_circle=\u00bbon\u00bb circle_color=\u00bb#ffffff\u00bb use_circle_border=\u00bbon\u00bb admin_label=\u00bbSaludo\u00bb _builder_version=\u00bb4.3.4&#8243; header_font=\u00bbArial||||\u00bb header_font_size=\u00bb20&#8243; body_font_size=\u00bb24&#8243; background_size=\u00bbinitial\u00bb background_position=\u00bbtop_left\u00bb background_repeat=\u00bbrepeat\u00bb text_orientation=\u00bbcenter\u00bb max_width_tablet=\u00bb50px\u00bb z_index_tablet=\u00bb500&#8243;][\/et_pb_blurb][et_pb_blurb title=\u00bbJunta directiva\u00bb url=\u00bbhttps:\/\/triana.salesianos.edu\/colegio\/ampa\/junta-directiva\/\u00bb use_icon=\u00bbon\u00bb font_icon=\u00bb%%158%%\u00bb use_circle=\u00bbon\u00bb circle_color=\u00bb#ffffff\u00bb use_circle_border=\u00bbon\u00bb admin_label=\u00bbJunta directiva\u00bb _builder_version=\u00bb4.3.4&#8243; header_font_size=\u00bb20&#8243; body_font_size=\u00bb24&#8243; background_size=\u00bbinitial\u00bb background_position=\u00bbtop_left\u00bb background_repeat=\u00bbrepeat\u00bb text_orientation=\u00bbcenter\u00bb max_width_tablet=\u00bb50px\u00bb z_index_tablet=\u00bb500&#8243;][\/et_pb_blurb][et_pb_blurb title=\u00bbActividades\u00bb url=\u00bbhttps:\/\/triana.salesianos.edu\/colegio\/ampa\/actividades\/\u00bb use_icon=\u00bbon\u00bb font_icon=\u00bb%%72%%\u00bb use_circle=\u00bbon\u00bb circle_color=\u00bb#ffffff\u00bb use_circle_border=\u00bbon\u00bb admin_label=\u00bbActividades\u00bb _builder_version=\u00bb4.3.4&#8243; header_font_size=\u00bb20&#8243; body_font_size=\u00bb24&#8243; background_size=\u00bbinitial\u00bb background_position=\u00bbtop_left\u00bb background_repeat=\u00bbrepeat\u00bb text_orientation=\u00bbcenter\u00bb max_width_tablet=\u00bb50px\u00bb z_index_tablet=\u00bb500&#8243;][\/et_pb_blurb][et_pb_blurb title=\u00bbContacto\u00bb url=\u00bbhttps:\/\/triana.salesianos.edu\/colegio\/ampa\/contactar\/\u00bb use_icon=\u00bbon\u00bb font_icon=\u00bb%%109%%\u00bb use_circle=\u00bbon\u00bb circle_color=\u00bb#ffffff\u00bb use_circle_border=\u00bbon\u00bb admin_label=\u00bbContacto\u00bb _builder_version=\u00bb4.3.4&#8243; header_font_size=\u00bb20&#8243; body_font_size=\u00bb24&#8243; background_size=\u00bbinitial\u00bb background_position=\u00bbtop_left\u00bb background_repeat=\u00bbrepeat\u00bb text_orientation=\u00bbcenter\u00bb max_width_tablet=\u00bb50px\u00bb][\/et_pb_blurb][et_pb_blurb title=\u00bbDocumentos\u00bb url=\u00bbhttps:\/\/triana.salesianos.edu\/colegio\/ampa\/documentos\/\u00bb use_icon=\u00bbon\u00bb font_icon=\u00bb%%209%%\u00bb use_circle=\u00bbon\u00bb circle_color=\u00bb#ffffff\u00bb use_circle_border=\u00bbon\u00bb admin_label=\u00bbDocumentos\u00bb _builder_version=\u00bb3.22.4&#8243; header_font_size=\u00bb20&#8243; body_font_size=\u00bb24&#8243; background_size=\u00bbinitial\u00bb background_position=\u00bbtop_left\u00bb background_repeat=\u00bbrepeat\u00bb text_orientation=\u00bbcenter\u00bb max_width_tablet=\u00bb50px\u00bb z_index_tablet=\u00bb500&#8243;][\/et_pb_blurb][\/et_pb_column][\/et_pb_row][\/et_pb_section]<\/p>\n","protected":false},"excerpt":{"rendered":"<p>Motivos La Asociaci\u00f3n de Madres y Padres pretende ser la herramienta que permita a los padres interaccionar con el centro de una manera eficaz. Algunos de los fines de AMPAS incluyen: Asistir a los padres, madres y tutores. Colaborar en actividades educacionales. Tomar parte activa con la Comunidad Educativa Pastoral en la gesti\u00f3n del centro [&hellip;]<\/p>\n","protected":false},"author":5,"featured_media":0,"parent":8669,"menu_order":0,"comment_status":"closed","ping_status":"closed","template":"","meta":{"_et_pb_use_builder":"on","_et_pb_old_content":"","_et_gb_content_width":"","footnotes":""},"class_list":["post-9515","page","type-page","status-publish","hentry"],"yoast_head":"<!-- This site is optimized with the Yoast SEO plugin v27.4 - https:\/\/yoast.com\/product\/yoast-seo-wordpress\/ -->\n<title>Por qu\u00e9 asociarse - Colegio Salesiano San Pedro<\/title>\n<meta name=\"robots\" content=\"index, follow, max-snippet:-1, max-image-preview:large, max-video-preview:-1\" \/>\n<link rel=\"canonical\" href=\"https:\/\/triana.salesianos.edu\/colegio\/ampa\/por-que-asociarse\/\" \/>\n<meta property=\"og:locale\" content=\"es_ES\" \/>\n<meta property=\"og:type\" content=\"article\" \/>\n<meta property=\"og:title\" content=\"Por qu\u00e9 asociarse - Colegio Salesiano San Pedro\" \/>\n<meta property=\"og:description\" content=\"Motivos La Asociaci\u00f3n de Madres y Padres pretende ser la herramienta que permita a los padres interaccionar con el centro de una manera eficaz. Algunos de los fines de AMPAS incluyen: Asistir a los padres, madres y tutores. Colaborar en actividades educacionales. Tomar parte activa con la Comunidad Educativa Pastoral en la gesti\u00f3n del centro [&hellip;]\" \/>\n<meta property=\"og:url\" content=\"https:\/\/triana.salesianos.edu\/colegio\/ampa\/por-que-asociarse\/\" \/>\n<meta property=\"og:site_name\" content=\"Colegio Salesiano San Pedro\" \/>\n<meta property=\"article:modified_time\" content=\"2020-12-30T17:17:38+00:00\" \/>\n<meta name=\"twitter:card\" content=\"summary_large_image\" \/>\n<meta name=\"twitter:label1\" content=\"Tiempo de lectura\" \/>\n\t<meta name=\"twitter:data1\" content=\"5 minutos\" \/>\n<script type=\"application\/ld+json\" class=\"yoast-schema-graph\">{\"@context\":\"https:\\\/\\\/schema.org\",\"@graph\":[{\"@type\":\"WebPage\",\"@id\":\"https:\\\/\\\/triana.salesianos.edu\\\/colegio\\\/ampa\\\/por-que-asociarse\\\/\",\"url\":\"https:\\\/\\\/triana.salesianos.edu\\\/colegio\\\/ampa\\\/por-que-asociarse\\\/\",\"name\":\"Por qu\u00e9 asociarse - Colegio Salesiano San Pedro\",\"isPartOf\":{\"@id\":\"https:\\\/\\\/triana.salesianos.edu\\\/colegio\\\/#website\"},\"datePublished\":\"2020-12-07T10:02:14+00:00\",\"dateModified\":\"2020-12-30T17:17:38+00:00\",\"breadcrumb\":{\"@id\":\"https:\\\/\\\/triana.salesianos.edu\\\/colegio\\\/ampa\\\/por-que-asociarse\\\/#breadcrumb\"},\"inLanguage\":\"es\",\"potentialAction\":[{\"@type\":\"ReadAction\",\"target\":[\"https:\\\/\\\/triana.salesianos.edu\\\/colegio\\\/ampa\\\/por-que-asociarse\\\/\"]}]},{\"@type\":\"BreadcrumbList\",\"@id\":\"https:\\\/\\\/triana.salesianos.edu\\\/colegio\\\/ampa\\\/por-que-asociarse\\\/#breadcrumb\",\"itemListElement\":[{\"@type\":\"ListItem\",\"position\":1,\"name\":\"Portada\",\"item\":\"https:\\\/\\\/triana.salesianos.edu\\\/colegio\\\/\"},{\"@type\":\"ListItem\",\"position\":2,\"name\":\"AMPA\",\"item\":\"https:\\\/\\\/triana.salesianos.edu\\\/colegio\\\/ampa\\\/\"},{\"@type\":\"ListItem\",\"position\":3,\"name\":\"Por qu\u00e9 asociarse\"}]},{\"@type\":\"WebSite\",\"@id\":\"https:\\\/\\\/triana.salesianos.edu\\\/colegio\\\/#website\",\"url\":\"https:\\\/\\\/triana.salesianos.edu\\\/colegio\\\/\",\"name\":\"Colegio Salesiano San Pedro\",\"description\":\"P\u00e1gina oficial Salesianos Triana Sevilla\",\"potentialAction\":[{\"@type\":\"SearchAction\",\"target\":{\"@type\":\"EntryPoint\",\"urlTemplate\":\"https:\\\/\\\/triana.salesianos.edu\\\/colegio\\\/?s={search_term_string}\"},\"query-input\":{\"@type\":\"PropertyValueSpecification\",\"valueRequired\":true,\"valueName\":\"search_term_string\"}}],\"inLanguage\":\"es\"}]}<\/script>\n<!-- \/ Yoast SEO plugin. -->","yoast_head_json":{"title":"Por qu\u00e9 asociarse - Colegio Salesiano San Pedro","robots":{"index":"index","follow":"follow","max-snippet":"max-snippet:-1","max-image-preview":"max-image-preview:large","max-video-preview":"max-video-preview:-1"},"canonical":"https:\/\/triana.salesianos.edu\/colegio\/ampa\/por-que-asociarse\/","og_locale":"es_ES","og_type":"article","og_title":"Por qu\u00e9 asociarse - Colegio Salesiano San Pedro","og_description":"Motivos La Asociaci\u00f3n de Madres y Padres pretende ser la herramienta que permita a los padres interaccionar con el centro de una manera eficaz. Algunos de los fines de AMPAS incluyen: Asistir a los padres, madres y tutores. Colaborar en actividades educacionales. Tomar parte activa con la Comunidad Educativa Pastoral en la gesti\u00f3n del centro [&hellip;]","og_url":"https:\/\/triana.salesianos.edu\/colegio\/ampa\/por-que-asociarse\/","og_site_name":"Colegio Salesiano San Pedro","article_modified_time":"2020-12-30T17:17:38+00:00","twitter_card":"summary_large_image","twitter_misc":{"Tiempo de lectura":"5 minutos"},"schema":{"@context":"https:\/\/schema.org","@graph":[{"@type":"WebPage","@id":"https:\/\/triana.salesianos.edu\/colegio\/ampa\/por-que-asociarse\/","url":"https:\/\/triana.salesianos.edu\/colegio\/ampa\/por-que-asociarse\/","name":"Por qu\u00e9 asociarse - Colegio Salesiano San Pedro","isPartOf":{"@id":"https:\/\/triana.salesianos.edu\/colegio\/#website"},"datePublished":"2020-12-07T10:02:14+00:00","dateModified":"2020-12-30T17:17:38+00:00","breadcrumb":{"@id":"https:\/\/triana.salesianos.edu\/colegio\/ampa\/por-que-asociarse\/#breadcrumb"},"inLanguage":"es","potentialAction":[{"@type":"ReadAction","target":["https:\/\/triana.salesianos.edu\/colegio\/ampa\/por-que-asociarse\/"]}]},{"@type":"BreadcrumbList","@id":"https:\/\/triana.salesianos.edu\/colegio\/ampa\/por-que-asociarse\/#breadcrumb","itemListElement":[{"@type":"ListItem","position":1,"name":"Portada","item":"https:\/\/triana.salesianos.edu\/colegio\/"},{"@type":"ListItem","position":2,"name":"AMPA","item":"https:\/\/triana.salesianos.edu\/colegio\/ampa\/"},{"@type":"ListItem","position":3,"name":"Por qu\u00e9 asociarse"}]},{"@type":"WebSite","@id":"https:\/\/triana.salesianos.edu\/colegio\/#website","url":"https:\/\/triana.salesianos.edu\/colegio\/","name":"Colegio Salesiano San Pedro","description":"P\u00e1gina oficial Salesianos Triana Sevilla","potentialAction":[{"@type":"SearchAction","target":{"@type":"EntryPoint","urlTemplate":"https:\/\/triana.salesianos.edu\/colegio\/?s={search_term_string}"},"query-input":{"@type":"PropertyValueSpecification","valueRequired":true,"valueName":"search_term_string"}}],"inLanguage":"es"}]}},"_links":{"self":[{"href":"https:\/\/triana.salesianos.edu\/colegio\/wp-json\/wp\/v2\/pages\/9515","targetHints":{"allow":["GET"]}}],"collection":[{"href":"https:\/\/triana.salesianos.edu\/colegio\/wp-json\/wp\/v2\/pages"}],"about":[{"href":"https:\/\/triana.salesianos.edu\/colegio\/wp-json\/wp\/v2\/types\/page"}],"author":[{"embeddable":true,"href":"https:\/\/triana.salesianos.edu\/colegio\/wp-json\/wp\/v2\/users\/5"}],"replies":[{"embeddable":true,"href":"https:\/\/triana.salesianos.edu\/colegio\/wp-json\/wp\/v2\/comments?post=9515"}],"version-history":[{"count":12,"href":"https:\/\/triana.salesianos.edu\/colegio\/wp-json\/wp\/v2\/pages\/9515\/revisions"}],"predecessor-version":[{"id":9620,"href":"https:\/\/triana.salesianos.edu\/colegio\/wp-json\/wp\/v2\/pages\/9515\/revisions\/9620"}],"up":[{"embeddable":true,"href":"https:\/\/triana.salesianos.edu\/colegio\/wp-json\/wp\/v2\/pages\/8669"}],"wp:attachment":[{"href":"https:\/\/triana.salesianos.edu\/colegio\/wp-json\/wp\/v2\/media?parent=9515"}],"curies":[{"name":"wp","href":"https:\/\/api.w.org\/{rel}","templated":true}]}}