{"id":9486,"date":"2020-12-07T10:36:54","date_gmt":"2020-12-07T09:36:54","guid":{"rendered":"https:\/\/triana.salesianos.edu\/colegio\/?page_id=9486"},"modified":"2020-12-14T21:15:47","modified_gmt":"2020-12-14T20:15:47","slug":"saludo","status":"publish","type":"page","link":"https:\/\/triana.salesianos.edu\/colegio\/ampa\/saludo\/","title":{"rendered":"Saludo"},"content":{"rendered":"<div id=\"fb-root\"><\/div>\n<p>[et_pb_section fb_built=\u00bb1&#8243; fullwidth=\u00bbon\u00bb _builder_version=\u00bb3.22&#8243;][et_pb_fullwidth_header title=\u00bbSaludo\u00bb module_class=\u00bbpagina-imagen-cabecera\u00bb _builder_version=\u00bb4.3.4&#8243; background_color=\u00bbrgba(255, 255, 255, 0)\u00bb background_image=\u00bbhttps:\/\/triana.salesianos.edu\/colegio\/wp-content\/uploads\/sites\/2\/2017\/09\/fondoDefectoContenido-1024&#215;200.png\u00bb background_layout=\u00bblight\u00bb max_width_tablet=\u00bb50px\u00bb button_one_text_size__hover_enabled=\u00bboff\u00bb button_two_text_size__hover_enabled=\u00bboff\u00bb button_one_text_color__hover_enabled=\u00bboff\u00bb button_two_text_color__hover_enabled=\u00bboff\u00bb button_one_border_width__hover_enabled=\u00bboff\u00bb button_two_border_width__hover_enabled=\u00bboff\u00bb button_one_border_color__hover_enabled=\u00bboff\u00bb button_two_border_color__hover_enabled=\u00bboff\u00bb button_one_border_radius__hover_enabled=\u00bboff\u00bb button_two_border_radius__hover_enabled=\u00bboff\u00bb button_one_letter_spacing__hover_enabled=\u00bboff\u00bb button_two_letter_spacing__hover_enabled=\u00bboff\u00bb button_one_bg_color__hover_enabled=\u00bboff\u00bb button_two_bg_color__hover_enabled=\u00bboff\u00bb][\/et_pb_fullwidth_header][\/et_pb_section][et_pb_section fb_built=\u00bb1&#8243; admin_label=\u00bbsection\u00bb _builder_version=\u00bb3.22&#8243;][et_pb_row column_structure=\u00bb1_4,3_4&#8243; disabled_on=\u00bbon|on|on\u00bb _builder_version=\u00bb3.25&#8243; custom_margin=\u00bb25px|||\u00bb custom_padding=\u00bb25px|||\u00bb disabled=\u00bbon\u00bb][et_pb_column type=\u00bb1_4&#8243; _builder_version=\u00bb3.25&#8243; custom_padding=\u00bb|||\u00bb custom_padding__hover=\u00bb|||\u00bb][et_pb_image src=\u00bbhttps:\/\/triana.salesianos.edu\/wp-content\/uploads\/2020\/09\/Foto-Diego_peq.jpg\u00bb alt=\u00bbRosendo Soler Mir\u00f3\u00bb title_text=\u00bbRosendo Soler Mir\u00f3\u00bb admin_label=\u00bbFoto (Imagen)\u00bb _builder_version=\u00bb4.3.4&#8243; animation_style=\u00bbslide\u00bb animation_direction=\u00bbleft\u00bb animation_duration=\u00bb500ms\u00bb animation_intensity_slide=\u00bb10%\u00bb border_style=\u00bbsolid\u00bb always_center_on_mobile=\u00bboff\u00bb][\/et_pb_image][\/et_pb_column][et_pb_column type=\u00bb3_4&#8243; _builder_version=\u00bb3.25&#8243; custom_padding=\u00bb|||\u00bb custom_padding__hover=\u00bb|||\u00bb][et_pb_text _builder_version=\u00bb4.3.4&#8243; border_style=\u00bbsolid\u00bb]<\/p>\n<p>Estimados Padres:<\/p>\n<p>Es para m\u00ed un orgullo saludaros como Presidenta del AMPA Salesianos Triana.<\/p>\n<p>En primer lugar, quiero agradecer a mi equipo de la junta directiva la confianza depositada en mi persona para tan apasionante viaje.<\/p>\n<p>Iniciamos otra etapa de compromiso con un equipo casi renovado y con la ilusi\u00f3n de continuar el legado que nos ha dejado la junta directiva saliente a quien quiero agradecer el trabajo y trato hacia mi persona. Muchas gracias.<\/p>\n<p>Desde esta junta directiva tenemos la voluntad de continuar siendo un equipo accesible, cercano y abierto siempre a nuevas ideas por lo que me gustar\u00eda que os sintierais parte activa de VUESTRA ASOCIACI\u00d3N.<\/p>\n<p>No me gustar\u00eda terminar estas l\u00edneas sin agradecer al colegio y a toda su comunidad educativa su disponibilidad, implicaci\u00f3n y trato con nuestros hijos.<br \/>Animo a todos los padres a participar en todas las actividades y eventos que desde esta asociaci\u00f3n se organicen para hacerla cada d\u00eda m\u00e1s grande y m\u00e1s humana.<\/p>\n<p>[\/et_pb_text][et_pb_text admin_label=\u00bbTexto\u00bb _builder_version=\u00bb4.3.4&#8243; text_font=\u00bbLato||||\u00bb text_text_color=\u00bb#e02b20&#8243; text_font_size=\u00bb20px\u00bb text_orientation=\u00bbright\u00bb module_alignment=\u00bbright\u00bb border_style=\u00bbsolid\u00bb]Fernando B\u00e1\u00f1ez Mart\u00edn, sdb<br \/>\n[\/et_pb_text][et_pb_text _builder_version=\u00bb3.27.4&#8243; text_font=\u00bbLato Light||||\u00bb text_font_size=\u00bb17px\u00bb text_orientation=\u00bbright\u00bb module_alignment=\u00bbright\u00bb border_style=\u00bbsolid\u00bb]Director de la Casa Salesiana de Triana<br \/>\n[\/et_pb_text][\/et_pb_column][\/et_pb_row][et_pb_row _builder_version=\u00bb4.3.4&#8243;][et_pb_column type=\u00bb4_4&#8243; _builder_version=\u00bb4.3.4&#8243;][et_pb_text _builder_version=\u00bb4.3.4&#8243; text_font=\u00bbLato Light||||\u00bb custom_margin=\u00bb10px|||\u00bb]<\/p>\n<h1>Bienvenido\/a, &#8230;<\/h1>\n<p>[\/et_pb_text][et_pb_testimonial author=\u00bbEsperanza Aguilera Canela\u00bb job_title=\u00bbPresidenta Ampa Salesianos Triana.\u00bb portrait_url=\u00bbhttps:\/\/triana.salesianos.edu\/colegio\/wp-content\/uploads\/sites\/2\/2020\/12\/Foto-Esperanza.jpg\u00bb admin_label=\u00bbRecomendaci\u00f3n\u00bb _builder_version=\u00bb4.3.4&#8243; hover_enabled=\u00bb0&#8243;]<\/p>\n<p>Estimados Padres:<\/p>\n<p>Es para m\u00ed un orgullo saludaros como Presidenta del AMPA Salesianos Triana.<\/p>\n<p>En primer lugar, quiero agradecer a mi equipo de la junta directiva la confianza depositada en mi persona para tan apasionante viaje.<\/p>\n<p>Iniciamos otra etapa de compromiso con un equipo casi renovado y con la ilusi\u00f3n de continuar el legado que nos ha dejado la junta directiva saliente a quien quiero agradecer el trabajo y trato hacia mi persona. Muchas gracias.<\/p>\n<p>Desde esta junta directiva tenemos la voluntad de continuar siendo un equipo accesible, cercano y abierto siempre a nuevas ideas por lo que me gustar\u00eda que os sintierais parte activa de VUESTRA ASOCIACI\u00d3N.<\/p>\n<p>No me gustar\u00eda terminar estas l\u00edneas sin agradecer al colegio y a toda su comunidad educativa su disponibilidad, implicaci\u00f3n y trato con nuestros hijos.<\/p>\n<p>Animo a todos los padres a participar en todas las actividades y eventos que desde esta asociaci\u00f3n se organicen para hacerla cada d\u00eda m\u00e1s grande y m\u00e1s humana.<\/p>\n<p>[\/et_pb_testimonial][\/et_pb_column][\/et_pb_row][et_pb_row padding_mobile=\u00bboff\u00bb column_padding_mobile=\u00bbon\u00bb module_id=\u00bbportada-web-salesianas\u00bb module_class=\u00bbseis-columnas\u00bb _builder_version=\u00bb3.25&#8243; background_size=\u00bbinitial\u00bb background_position=\u00bbtop_left\u00bb background_repeat=\u00bbrepeat\u00bb locked=\u00bboff\u00bb][et_pb_column type=\u00bb4_4&#8243; _builder_version=\u00bb3.0.47&#8243; custom_padding=\u00bb|||\u00bb custom_padding__hover=\u00bb|||\u00bb][et_pb_blurb title=\u00bbInicio\u00bb url=\u00bbhttps:\/\/triana.salesianos.edu\/colegio\/ampa\/\u00bb use_icon=\u00bbon\u00bb font_icon=\u00bb%%102%%\u00bb use_circle=\u00bbon\u00bb circle_color=\u00bb#ffffff\u00bb use_circle_border=\u00bbon\u00bb admin_label=\u00bbInicio\u00bb _builder_version=\u00bb4.3.4&#8243; header_font=\u00bbArial||||\u00bb header_font_size=\u00bb20&#8243; body_font_size=\u00bb24&#8243; background_size=\u00bbinitial\u00bb background_position=\u00bbtop_left\u00bb background_repeat=\u00bbrepeat\u00bb text_orientation=\u00bbcenter\u00bb max_width_tablet=\u00bb50px\u00bb z_index_tablet=\u00bb500&#8243;][\/et_pb_blurb][et_pb_blurb title=\u00bbJunta directiva\u00bb url=\u00bbhttps:\/\/triana.salesianos.edu\/colegio\/ampa\/junta-directiva\/\u00bb use_icon=\u00bbon\u00bb font_icon=\u00bb%%158%%\u00bb use_circle=\u00bbon\u00bb circle_color=\u00bb#ffffff\u00bb use_circle_border=\u00bbon\u00bb admin_label=\u00bbJunta directiva\u00bb _builder_version=\u00bb4.3.4&#8243; header_font_size=\u00bb20&#8243; body_font_size=\u00bb24&#8243; background_size=\u00bbinitial\u00bb background_position=\u00bbtop_left\u00bb background_repeat=\u00bbrepeat\u00bb text_orientation=\u00bbcenter\u00bb max_width_tablet=\u00bb50px\u00bb z_index_tablet=\u00bb500&#8243;][\/et_pb_blurb][et_pb_blurb title=\u00bbActividades\u00bb url=\u00bbhttps:\/\/triana.salesianos.edu\/colegio\/ampa\/actividades\/\u00bb use_icon=\u00bbon\u00bb font_icon=\u00bb%%72%%\u00bb use_circle=\u00bbon\u00bb circle_color=\u00bb#ffffff\u00bb use_circle_border=\u00bbon\u00bb admin_label=\u00bbActividades\u00bb _builder_version=\u00bb4.3.4&#8243; header_font_size=\u00bb20&#8243; body_font_size=\u00bb24&#8243; background_size=\u00bbinitial\u00bb background_position=\u00bbtop_left\u00bb background_repeat=\u00bbrepeat\u00bb text_orientation=\u00bbcenter\u00bb max_width_tablet=\u00bb50px\u00bb z_index_tablet=\u00bb500&#8243;][\/et_pb_blurb][et_pb_blurb title=\u00bb\u00bfPor qu\u00e9 asociarse?\u00bb url=\u00bbhttps:\/\/triana.salesianos.edu\/colegio\/ampa\/por-que-asociarse\/\u00bb use_icon=\u00bbon\u00bb font_icon=\u00bb%%259%%\u00bb use_circle=\u00bbon\u00bb circle_color=\u00bb#ffffff\u00bb use_circle_border=\u00bbon\u00bb admin_label=\u00bb\u00bfPor qu\u00e9 asociarse?\u00bb _builder_version=\u00bb4.3.4&#8243; header_font_size=\u00bb20&#8243; body_font_size=\u00bb24&#8243; background_size=\u00bbinitial\u00bb background_position=\u00bbtop_left\u00bb background_repeat=\u00bbrepeat\u00bb text_orientation=\u00bbcenter\u00bb max_width_tablet=\u00bb50px\u00bb z_index_tablet=\u00bb500&#8243;][\/et_pb_blurb][et_pb_blurb title=\u00bbContacto\u00bb url=\u00bbhttps:\/\/triana.salesianos.edu\/colegio\/ampa\/contactar\/\u00bb use_icon=\u00bbon\u00bb font_icon=\u00bb%%109%%\u00bb use_circle=\u00bbon\u00bb circle_color=\u00bb#ffffff\u00bb use_circle_border=\u00bbon\u00bb admin_label=\u00bbContacto\u00bb _builder_version=\u00bb4.3.4&#8243; header_font_size=\u00bb20&#8243; body_font_size=\u00bb24&#8243; background_size=\u00bbinitial\u00bb background_position=\u00bbtop_left\u00bb background_repeat=\u00bbrepeat\u00bb text_orientation=\u00bbcenter\u00bb max_width_tablet=\u00bb50px\u00bb][\/et_pb_blurb][et_pb_blurb title=\u00bbDocumentos\u00bb url=\u00bbhttps:\/\/triana.salesianos.edu\/colegio\/ampa\/documentos\/\u00bb use_icon=\u00bbon\u00bb font_icon=\u00bb%%209%%\u00bb use_circle=\u00bbon\u00bb circle_color=\u00bb#ffffff\u00bb use_circle_border=\u00bbon\u00bb admin_label=\u00bbDocumentos\u00bb _builder_version=\u00bb3.22.4&#8243; header_font_size=\u00bb20&#8243; body_font_size=\u00bb24&#8243; background_size=\u00bbinitial\u00bb background_position=\u00bbtop_left\u00bb background_repeat=\u00bbrepeat\u00bb text_orientation=\u00bbcenter\u00bb max_width_tablet=\u00bb50px\u00bb z_index_tablet=\u00bb500&#8243;][\/et_pb_blurb][\/et_pb_column][\/et_pb_row][\/et_pb_section]<\/p>\n","protected":false},"excerpt":{"rendered":"<p>Estimados Padres: Es para m\u00ed un orgullo saludaros como Presidenta del AMPA Salesianos Triana. En primer lugar, quiero agradecer a mi equipo de la junta directiva la confianza depositada en mi persona para tan apasionante viaje. Iniciamos otra etapa de compromiso con un equipo casi renovado y con la ilusi\u00f3n de continuar el legado que [&hellip;]<\/p>\n","protected":false},"author":5,"featured_media":0,"parent":8669,"menu_order":0,"comment_status":"closed","ping_status":"closed","template":"","meta":{"_et_pb_use_builder":"on","_et_pb_old_content":"","_et_gb_content_width":"","footnotes":""},"class_list":["post-9486","page","type-page","status-publish","hentry"],"yoast_head":"<!-- This site is optimized with the Yoast SEO plugin v27.4 - https:\/\/yoast.com\/product\/yoast-seo-wordpress\/ -->\n<title>Saludo - Colegio Salesiano San Pedro<\/title>\n<meta name=\"robots\" content=\"index, follow, max-snippet:-1, max-image-preview:large, max-video-preview:-1\" \/>\n<link rel=\"canonical\" href=\"https:\/\/triana.salesianos.edu\/colegio\/ampa\/saludo\/\" \/>\n<meta property=\"og:locale\" content=\"es_ES\" \/>\n<meta property=\"og:type\" content=\"article\" \/>\n<meta property=\"og:title\" content=\"Saludo - Colegio Salesiano San Pedro\" \/>\n<meta property=\"og:description\" content=\"Estimados Padres: Es para m\u00ed un orgullo saludaros como Presidenta del AMPA Salesianos Triana. En primer lugar, quiero agradecer a mi equipo de la junta directiva la confianza depositada en mi persona para tan apasionante viaje. Iniciamos otra etapa de compromiso con un equipo casi renovado y con la ilusi\u00f3n de continuar el legado que [&hellip;]\" \/>\n<meta property=\"og:url\" content=\"https:\/\/triana.salesianos.edu\/colegio\/ampa\/saludo\/\" \/>\n<meta property=\"og:site_name\" content=\"Colegio Salesiano San Pedro\" \/>\n<meta property=\"article:modified_time\" content=\"2020-12-14T20:15:47+00:00\" \/>\n<meta name=\"twitter:card\" content=\"summary_large_image\" \/>\n<meta name=\"twitter:label1\" content=\"Tiempo de lectura\" \/>\n\t<meta name=\"twitter:data1\" content=\"6 minutos\" \/>\n<script type=\"application\/ld+json\" class=\"yoast-schema-graph\">{\"@context\":\"https:\\\/\\\/schema.org\",\"@graph\":[{\"@type\":\"WebPage\",\"@id\":\"https:\\\/\\\/triana.salesianos.edu\\\/colegio\\\/ampa\\\/saludo\\\/\",\"url\":\"https:\\\/\\\/triana.salesianos.edu\\\/colegio\\\/ampa\\\/saludo\\\/\",\"name\":\"Saludo - Colegio Salesiano San Pedro\",\"isPartOf\":{\"@id\":\"https:\\\/\\\/triana.salesianos.edu\\\/colegio\\\/#website\"},\"datePublished\":\"2020-12-07T09:36:54+00:00\",\"dateModified\":\"2020-12-14T20:15:47+00:00\",\"breadcrumb\":{\"@id\":\"https:\\\/\\\/triana.salesianos.edu\\\/colegio\\\/ampa\\\/saludo\\\/#breadcrumb\"},\"inLanguage\":\"es\",\"potentialAction\":[{\"@type\":\"ReadAction\",\"target\":[\"https:\\\/\\\/triana.salesianos.edu\\\/colegio\\\/ampa\\\/saludo\\\/\"]}]},{\"@type\":\"BreadcrumbList\",\"@id\":\"https:\\\/\\\/triana.salesianos.edu\\\/colegio\\\/ampa\\\/saludo\\\/#breadcrumb\",\"itemListElement\":[{\"@type\":\"ListItem\",\"position\":1,\"name\":\"Portada\",\"item\":\"https:\\\/\\\/triana.salesianos.edu\\\/colegio\\\/\"},{\"@type\":\"ListItem\",\"position\":2,\"name\":\"AMPA\",\"item\":\"https:\\\/\\\/triana.salesianos.edu\\\/colegio\\\/ampa\\\/\"},{\"@type\":\"ListItem\",\"position\":3,\"name\":\"Saludo\"}]},{\"@type\":\"WebSite\",\"@id\":\"https:\\\/\\\/triana.salesianos.edu\\\/colegio\\\/#website\",\"url\":\"https:\\\/\\\/triana.salesianos.edu\\\/colegio\\\/\",\"name\":\"Colegio Salesiano San Pedro\",\"description\":\"P\u00e1gina oficial Salesianos Triana Sevilla\",\"potentialAction\":[{\"@type\":\"SearchAction\",\"target\":{\"@type\":\"EntryPoint\",\"urlTemplate\":\"https:\\\/\\\/triana.salesianos.edu\\\/colegio\\\/?s={search_term_string}\"},\"query-input\":{\"@type\":\"PropertyValueSpecification\",\"valueRequired\":true,\"valueName\":\"search_term_string\"}}],\"inLanguage\":\"es\"}]}<\/script>\n<!-- \/ Yoast SEO plugin. -->","yoast_head_json":{"title":"Saludo - Colegio Salesiano San Pedro","robots":{"index":"index","follow":"follow","max-snippet":"max-snippet:-1","max-image-preview":"max-image-preview:large","max-video-preview":"max-video-preview:-1"},"canonical":"https:\/\/triana.salesianos.edu\/colegio\/ampa\/saludo\/","og_locale":"es_ES","og_type":"article","og_title":"Saludo - Colegio Salesiano San Pedro","og_description":"Estimados Padres: Es para m\u00ed un orgullo saludaros como Presidenta del AMPA Salesianos Triana. En primer lugar, quiero agradecer a mi equipo de la junta directiva la confianza depositada en mi persona para tan apasionante viaje. Iniciamos otra etapa de compromiso con un equipo casi renovado y con la ilusi\u00f3n de continuar el legado que [&hellip;]","og_url":"https:\/\/triana.salesianos.edu\/colegio\/ampa\/saludo\/","og_site_name":"Colegio Salesiano San Pedro","article_modified_time":"2020-12-14T20:15:47+00:00","twitter_card":"summary_large_image","twitter_misc":{"Tiempo de lectura":"6 minutos"},"schema":{"@context":"https:\/\/schema.org","@graph":[{"@type":"WebPage","@id":"https:\/\/triana.salesianos.edu\/colegio\/ampa\/saludo\/","url":"https:\/\/triana.salesianos.edu\/colegio\/ampa\/saludo\/","name":"Saludo - Colegio Salesiano San Pedro","isPartOf":{"@id":"https:\/\/triana.salesianos.edu\/colegio\/#website"},"datePublished":"2020-12-07T09:36:54+00:00","dateModified":"2020-12-14T20:15:47+00:00","breadcrumb":{"@id":"https:\/\/triana.salesianos.edu\/colegio\/ampa\/saludo\/#breadcrumb"},"inLanguage":"es","potentialAction":[{"@type":"ReadAction","target":["https:\/\/triana.salesianos.edu\/colegio\/ampa\/saludo\/"]}]},{"@type":"BreadcrumbList","@id":"https:\/\/triana.salesianos.edu\/colegio\/ampa\/saludo\/#breadcrumb","itemListElement":[{"@type":"ListItem","position":1,"name":"Portada","item":"https:\/\/triana.salesianos.edu\/colegio\/"},{"@type":"ListItem","position":2,"name":"AMPA","item":"https:\/\/triana.salesianos.edu\/colegio\/ampa\/"},{"@type":"ListItem","position":3,"name":"Saludo"}]},{"@type":"WebSite","@id":"https:\/\/triana.salesianos.edu\/colegio\/#website","url":"https:\/\/triana.salesianos.edu\/colegio\/","name":"Colegio Salesiano San Pedro","description":"P\u00e1gina oficial Salesianos Triana Sevilla","potentialAction":[{"@type":"SearchAction","target":{"@type":"EntryPoint","urlTemplate":"https:\/\/triana.salesianos.edu\/colegio\/?s={search_term_string}"},"query-input":{"@type":"PropertyValueSpecification","valueRequired":true,"valueName":"search_term_string"}}],"inLanguage":"es"}]}},"_links":{"self":[{"href":"https:\/\/triana.salesianos.edu\/colegio\/wp-json\/wp\/v2\/pages\/9486","targetHints":{"allow":["GET"]}}],"collection":[{"href":"https:\/\/triana.salesianos.edu\/colegio\/wp-json\/wp\/v2\/pages"}],"about":[{"href":"https:\/\/triana.salesianos.edu\/colegio\/wp-json\/wp\/v2\/types\/page"}],"author":[{"embeddable":true,"href":"https:\/\/triana.salesianos.edu\/colegio\/wp-json\/wp\/v2\/users\/5"}],"replies":[{"embeddable":true,"href":"https:\/\/triana.salesianos.edu\/colegio\/wp-json\/wp\/v2\/comments?post=9486"}],"version-history":[{"count":8,"href":"https:\/\/triana.salesianos.edu\/colegio\/wp-json\/wp\/v2\/pages\/9486\/revisions"}],"predecessor-version":[{"id":9571,"href":"https:\/\/triana.salesianos.edu\/colegio\/wp-json\/wp\/v2\/pages\/9486\/revisions\/9571"}],"up":[{"embeddable":true,"href":"https:\/\/triana.salesianos.edu\/colegio\/wp-json\/wp\/v2\/pages\/8669"}],"wp:attachment":[{"href":"https:\/\/triana.salesianos.edu\/colegio\/wp-json\/wp\/v2\/media?parent=9486"}],"curies":[{"name":"wp","href":"https:\/\/api.w.org\/{rel}","templated":true}]}}