{"id":8831,"date":"2019-07-02T18:27:31","date_gmt":"2019-07-02T17:27:31","guid":{"rendered":"https:\/\/triana.salesianos.edu\/colegio\/?page_id=8831"},"modified":"2024-09-03T09:49:12","modified_gmt":"2024-09-03T08:49:12","slug":"secretaria","status":"publish","type":"page","link":"https:\/\/triana.salesianos.edu\/colegio\/secretaria\/","title":{"rendered":"Secretar\u00eda"},"content":{"rendered":"<div id=\"fb-root\"><\/div>\n<p>[et_pb_section fb_built=\u00bb1&#8243; fullwidth=\u00bbon\u00bb _builder_version=\u00bb4.16&#8243; global_colors_info=\u00bb{}\u00bb][et_pb_fullwidth_header title=\u00bbSecretar\u00eda\u00bb title_font_color=\u00bb#ffffff\u00bb module_class=\u00bbpagina-imagen-cabecera\u00bb _builder_version=\u00bb4.16&#8243; title_text_color=\u00bb#ffffff\u00bb title_font_size=\u00bb40px\u00bb background_color=\u00bbrgba(255, 255, 255, 0)\u00bb background_image=\u00bbhttps:\/\/triana.salesianos.edu\/colegio\/wp-content\/uploads\/sites\/2\/2018\/02\/P1120831.jpg\u00bb background_layout=\u00bblight\u00bb max_width_tablet=\u00bb50px\u00bb background_url=\u00bbhttp:\/\/webpiloto.salesianos.edu\/wp-content\/uploads\/2017\/02\/ImagenPAGINA01.png\u00bb global_colors_info=\u00bb{}\u00bb button_one_text_size__hover_enabled=\u00bboff\u00bb button_one_text_size__hover=\u00bbnull\u00bb button_two_text_size__hover_enabled=\u00bboff\u00bb button_two_text_size__hover=\u00bbnull\u00bb button_one_text_color__hover_enabled=\u00bboff\u00bb button_one_text_color__hover=\u00bbnull\u00bb button_two_text_color__hover_enabled=\u00bboff\u00bb button_two_text_color__hover=\u00bbnull\u00bb button_one_border_width__hover_enabled=\u00bboff\u00bb button_one_border_width__hover=\u00bbnull\u00bb button_two_border_width__hover_enabled=\u00bboff\u00bb button_two_border_width__hover=\u00bbnull\u00bb button_one_border_color__hover_enabled=\u00bboff\u00bb button_one_border_color__hover=\u00bbnull\u00bb button_two_border_color__hover_enabled=\u00bboff\u00bb button_two_border_color__hover=\u00bbnull\u00bb button_one_border_radius__hover_enabled=\u00bboff\u00bb button_one_border_radius__hover=\u00bbnull\u00bb button_two_border_radius__hover_enabled=\u00bboff\u00bb button_two_border_radius__hover=\u00bbnull\u00bb button_one_letter_spacing__hover_enabled=\u00bboff\u00bb button_one_letter_spacing__hover=\u00bbnull\u00bb button_two_letter_spacing__hover_enabled=\u00bboff\u00bb button_two_letter_spacing__hover=\u00bbnull\u00bb button_one_bg_color__hover_enabled=\u00bboff\u00bb button_one_bg_color__hover=\u00bbnull\u00bb button_two_bg_color__hover_enabled=\u00bboff\u00bb button_two_bg_color__hover=\u00bbnull\u00bb][\/et_pb_fullwidth_header][\/et_pb_section][et_pb_section fb_built=\u00bb1&#8243; module_class=\u00bbpagina-seccion-contenido\u00bb _builder_version=\u00bb4.16&#8243; custom_padding=\u00bb-4%|||\u00bb transparent_background=\u00bboff\u00bb make_fullwidth=\u00bboff\u00bb use_custom_width=\u00bboff\u00bb width_unit=\u00bbon\u00bb global_colors_info=\u00bb{}\u00bb][et_pb_row column_structure=\u00bb2_3,1_3&#8243; module_class=\u00bbpagina-texto\u00bb _builder_version=\u00bb4.16&#8243; background_size=\u00bbinitial\u00bb background_position=\u00bbtop_left\u00bb background_repeat=\u00bbrepeat\u00bb make_fullwidth=\u00bboff\u00bb use_custom_width=\u00bboff\u00bb width_unit=\u00bbon\u00bb global_colors_info=\u00bb{}\u00bb][et_pb_column type=\u00bb2_3&#8243; _builder_version=\u00bb4.16&#8243; custom_padding=\u00bb|||\u00bb global_colors_info=\u00bb{}\u00bb custom_padding__hover=\u00bb|||\u00bb][et_pb_text admin_label=\u00bbDescripci\u00f3n de la etapa (Texto)\u00bb _builder_version=\u00bb4.27.0&#8243; hover_enabled=\u00bb0&#8243; border_style=\u00bbsolid\u00bb global_colors_info=\u00bb{}\u00bb sticky_enabled=\u00bb0&#8243;]<\/p>\n<h2>Secretar\u00eda<\/h2>\n<p>En la secretar\u00eda del colegio podr\u00e1s realizar todos los tr\u00e1mites relacionados con tus estudios, desde la solicitud de plaza hasta la solicitud del t\u00edtulo correspondiente.\u00a0 Siempre tratamos de dar un servicio cercano y personalizado, intentando solucionar todos tus problemas.<\/p>\n<p>[\/et_pb_text][et_pb_testimonial author=\u00bbJavier Oca\u00f1a\u00bb job_title=\u00bbSecretario\u00bb portrait_url=\u00bbhttps:\/\/triana.salesianos.edu\/colegio\/wp-content\/uploads\/sites\/2\/2022\/02\/ocana.png\u00bb _builder_version=\u00bb4.27.0&#8243; hover_enabled=\u00bb0&#8243; border_style_all=\u00bbsolid\u00bb border_style=\u00bbsolid\u00bb global_colors_info=\u00bb{}\u00bb sticky_enabled=\u00bb0&#8243;]<\/p>\n<p><span style=\"color: #000000;\">\u00a1Hola a todos!<\/span><\/p>\n<p><span style=\"color: #000000;\">Mi nombre es Javier y soy el secretario del colegio Salesiano San Pedro. Formo parte del personal de administraci\u00f3n y servicios de este colegio Salesiano, donde trabajamos\u00a0 para conseguir que el esp\u00edritu de Don Bosco siga presente en este barrio de Triana.<\/span><\/p>\n<p><span style=\"color: #000000;\">Para cualquier duda que teng\u00e1is, pod\u00e9is enviarnos un correo electr\u00f3nico (<b>secretaria@triana.salesianos.edu<\/b>) o llamarnos al\u00a0 954331488\u00a0 e intentaremos resolverla.<\/span><\/p>\n<p>[\/et_pb_testimonial][\/et_pb_column][et_pb_column type=\u00bb1_3&#8243; _builder_version=\u00bb4.16&#8243; custom_padding=\u00bb|||\u00bb global_colors_info=\u00bb{}\u00bb custom_padding__hover=\u00bb|||\u00bb][et_pb_blurb title=\u00bbHorario de Atenci\u00f3n\u00bb use_icon=\u00bbon\u00bb font_icon=\u00bb&#x7d;||divi||400&#8243; image_icon_background_color=\u00bb#ffffff\u00bb icon_placement=\u00bbleft\u00bb image_icon_width=\u00bb35px\u00bb disabled_on=\u00bbon|on|on\u00bb admin_label=\u00bbHorario de Verano (Anuncio)\u00bb _builder_version=\u00bb4.18.0&#8243; header_font_size=\u00bb25&#8243; body_font_size=\u00bb18&#8243; image_icon_custom_padding=\u00bb8px|8px|8px|8px|false|false\u00bb max_width_tablet=\u00bb50px\u00bb border_radii_image=\u00bbon|100%|100%|100%|100%\u00bb border_width_all_image=\u00bb2px\u00bb border_color_all_image=\u00bb#dc001b\u00bb border_style=\u00bbsolid\u00bb icon_font_size=\u00bb35px\u00bb use_circle=\u00bbon\u00bb use_circle_border=\u00bbon\u00bb circle_color=\u00bb#ffffff\u00bb disabled=\u00bbon\u00bb global_colors_info=\u00bb{}\u00bb image_icon_background_color__sticky_enabled=\u00bb#dc001b\u00bb image_icon_background_color__sticky=\u00bb#dc001b\u00bb]<\/p>\n<p><strong>HORARIO DE VERANO<\/strong><\/p>\n<p>Durante el mes de Julio:<\/p>\n<p>De lunes a viernes de 9:00\u00a0 a\u00a0 11:00 (s\u00f3lo horario de ma\u00f1ana)<\/p>\n<p>Cerrado los d\u00edas 30 y 31 de julio y todo el mes de agosto.<\/p>\n<p><span style=\"color: #ffffff;\">Mi\u00e9rcoles de 17:30 a 19:00.<\/span><\/p>\n<p>[\/et_pb_blurb][et_pb_blurb title=\u00bbHorario de Atenci\u00f3n\u00bb use_icon=\u00bbon\u00bb font_icon=\u00bb&#x7d;||divi||400&#8243; image_icon_background_color=\u00bb#ffffff\u00bb icon_placement=\u00bbleft\u00bb image_icon_width=\u00bb35px\u00bb disabled_on=\u00bboff|off|off\u00bb admin_label=\u00bbHorario de Invierno (Anuncio)\u00bb _builder_version=\u00bb4.27.0&#8243; header_font_size=\u00bb25&#8243; body_font_size=\u00bb18&#8243; image_icon_custom_padding=\u00bb8px|8px|8px|8px|false|false\u00bb max_width_tablet=\u00bb50px\u00bb hover_enabled=\u00bb0&#8243; border_radii_image=\u00bbon|100%|100%|100%|100%\u00bb border_width_all_image=\u00bb2px\u00bb border_color_all_image=\u00bb#dc001b\u00bb border_style=\u00bbsolid\u00bb icon_font_size=\u00bb35px\u00bb use_circle=\u00bbon\u00bb use_circle_border=\u00bbon\u00bb circle_color=\u00bb#ffffff\u00bb global_colors_info=\u00bb{}\u00bb image_icon_background_color__sticky_enabled=\u00bb#dc001b\u00bb image_icon_background_color__sticky=\u00bb#dc001b\u00bb sticky_enabled=\u00bb0&#8243;]<\/p>\n<p>De lunes a viernes de 9:30\u00a0 a\u00a0 12:30<\/p>\n<p>Martes de 17:30 a 19:00<\/p>\n<p><span style=\"color: #ffffff;\">Mi\u00e9rcoles de 17:30 a 19:00.<\/span><\/p>\n<p>[\/et_pb_blurb][et_pb_blurb title=\u00bbHorario de Atenci\u00f3n\u00bb use_icon=\u00bbon\u00bb font_icon=\u00bb&#x7d;||divi||400&#8243; image_icon_background_color=\u00bb#ffffff\u00bb icon_placement=\u00bbleft\u00bb image_icon_width=\u00bb35px\u00bb disabled_on=\u00bbon|on|on\u00bb admin_label=\u00bbHorario de COVID(Anuncio)\u00bb _builder_version=\u00bb4.16&#8243; header_font_size=\u00bb25&#8243; body_font_size=\u00bb18&#8243; image_icon_custom_padding=\u00bb8px|8px|8px|8px|false|false\u00bb max_width_tablet=\u00bb50px\u00bb border_radii_image=\u00bbon|100%|100%|100%|100%\u00bb border_width_all_image=\u00bb2px\u00bb border_color_all_image=\u00bb#dc001b\u00bb border_style=\u00bbsolid\u00bb icon_font_size=\u00bb35px\u00bb use_circle=\u00bbon\u00bb use_circle_border=\u00bbon\u00bb circle_color=\u00bb#ffffff\u00bb disabled=\u00bbon\u00bb global_colors_info=\u00bb{}\u00bb image_icon_background_color__sticky_enabled=\u00bb#dc001b\u00bb image_icon_background_color__sticky=\u00bb#dc001b\u00bb]<\/p>\n<p>De lunes a viernes de 9:30\u00a0 a\u00a0 13:00<\/p>\n<p><span style=\"color: #ffffff;\">Mi\u00e9rcoles de 17:30 a 19:00.<\/span><\/p>\n<p>[\/et_pb_blurb][et_pb_divider _builder_version=\u00bb4.16&#8243; z_index_tablet=\u00bb500&#8243; global_colors_info=\u00bb{}\u00bb][\/et_pb_divider][et_pb_button button_url=\u00bbhttps:\/\/triana.salesianos.edu\/colegio\/secretaria\/solicitud_titulo\/\u00bb button_text=\u00bbSolicitud de t\u00edtulo\u00bb admin_label=\u00bbBot\u00f3n solicitud t\u00edtulo\u00bb _builder_version=\u00bb4.16&#8243; z_index_tablet=\u00bb500&#8243; global_colors_info=\u00bb{}\u00bb][\/et_pb_button][\/et_pb_column][\/et_pb_row][et_pb_row disabled_on=\u00bboff|off|off\u00bb _builder_version=\u00bb4.16&#8243; background_size=\u00bbinitial\u00bb background_position=\u00bbtop_left\u00bb background_repeat=\u00bbrepeat\u00bb global_colors_info=\u00bb{}\u00bb][et_pb_column type=\u00bb4_4&#8243; _builder_version=\u00bb4.16&#8243; custom_padding=\u00bb|||\u00bb global_colors_info=\u00bb{}\u00bb custom_padding__hover=\u00bb|||\u00bb][et_pb_divider disabled_on=\u00bbon|on|off\u00bb _builder_version=\u00bb4.16&#8243; hide_on_mobile=\u00bbon\u00bb global_colors_info=\u00bb{}\u00bb][\/et_pb_divider][et_pb_blog fullwidth=\u00bboff\u00bb posts_number=\u00bb3&#8243; include_categories=\u00bb29&#8243; meta_date=\u00bbd\/m\/y\u00bb show_more=\u00bbon\u00bb show_author=\u00bboff\u00bb show_categories=\u00bboff\u00bb show_pagination=\u00bboff\u00bb use_overlay=\u00bbon\u00bb overlay_icon_color=\u00bb#dc001b\u00bb hover_overlay_color=\u00bb#706563&#8243; _builder_version=\u00bb4.16&#8243; header_text_color=\u00bb#dc001b\u00bb header_font_size=\u00bb16&#8243; body_font_size=\u00bb12&#8243; body_line_height=\u00bb1.5em\u00bb global_colors_info=\u00bb{}\u00bb][\/et_pb_blog][et_pb_divider disabled_on=\u00bbon|on|off\u00bb _builder_version=\u00bb4.16&#8243; hide_on_mobile=\u00bbon\u00bb global_colors_info=\u00bb{}\u00bb][\/et_pb_divider][et_pb_text disabled_on=\u00bbon|on|on\u00bb admin_label=\u00bbTitulo Preguntas frecuentes (Texto)\u00bb _builder_version=\u00bb4.16&#8243; text_text_color=\u00bb#ffffff\u00bb text_font_size=\u00bb22&#8243; background_color=\u00bb#dc001b\u00bb background_size=\u00bbinitial\u00bb background_position=\u00bbtop_left\u00bb background_repeat=\u00bbrepeat\u00bb module_alignment=\u00bbleft\u00bb custom_padding=\u00bb10px|10px|10px|20px\u00bb disabled=\u00bbon\u00bb global_colors_info=\u00bb{}\u00bb]<\/p>\n<p>Preguntas Frecuentes<\/p>\n<p>[\/et_pb_text][et_pb_accordion disabled_on=\u00bbon|on|on\u00bb admin_label=\u00bbFAQ (Acorde\u00f3n)\u00bb _builder_version=\u00bb4.16&#8243; toggle_text_color=\u00bb#dc001b\u00bb toggle_font_size=\u00bb17px\u00bb border_width_all=\u00bb0px\u00bb border_color_all=\u00bb#e5e5e5&#8243; use_border_color=\u00bbon\u00bb border_color=\u00bb#e5e5e5&#8243; border_width=\u00bb0px\u00bb border_style=\u00bbsolid\u00bb disabled=\u00bbon\u00bb saved_tabs=\u00bball\u00bb global_colors_info=\u00bb{}\u00bb][et_pb_accordion_item title=\u00bb\u00bfCu\u00e1ndo hay que pedir plaza en el Colegio?\u00bb open=\u00bbon\u00bb _builder_version=\u00bb4.16&#8243; global_colors_info=\u00bb{}\u00bb]El proceso de admisi\u00f3n para infantil, primaria, secundaria y bachillerato, comienza en marzo. La petici\u00f3n de plazas se puede realizar durante todo el mes de marzo.<\/p>\n<p>El calendario previsto para el Proceso de Admisi\u00f3n para el curso 2018\/2019 es:<\/p>\n<table width=\"671\">\n<tbody>\n<tr>\n<td width=\"57\">Marzo<\/td>\n<td width=\"85\">Del 1 al 31<\/td>\n<td width=\"529\">Plazo de presentaci\u00f3n de solicitudes.<\/td>\n<\/tr>\n<tr>\n<td rowspan=\"2\" width=\"57\">Abril<\/td>\n<td width=\"85\">12<\/td>\n<td width=\"529\">Con anterioridad a este fecha se publicar\u00e1 la relaci\u00f3n de alumnos&nbsp; solicitantes<\/td>\n<\/tr>\n<tr>\n<td width=\"85\">13<\/td>\n<td width=\"529\">Inicio del Tr\u00e1mite de audiencia ( diez d\u00edas lectivos)<\/td>\n<\/tr>\n<tr>\n<td rowspan=\"4\" width=\"57\">Mayo<\/td>\n<td width=\"85\">14<\/td>\n<td width=\"529\">Sorteo p\u00fablico en la Consejer\u00eda de Educaci\u00f3n<\/td>\n<\/tr>\n<tr>\n<td width=\"85\">15<\/td>\n<td width=\"529\">Resoluci\u00f3n del procedimiento de admisi\u00f3n&nbsp; (admitidos y no admitidos)<\/td>\n<\/tr>\n<tr>\n<td width=\"85\">22<\/td>\n<td width=\"529\">Publicaci\u00f3n de la adjudicaci\u00f3n al alumnado no admitido en el centro elegido como prioritario<\/td>\n<\/tr>\n<tr>\n<td width=\"85\">23<\/td>\n<td width=\"529\">Plazo de recursos de alzada y reclamaciones ante el titular de la Consejer\u00eda de Educaci\u00f3n. (1 mes)<\/td>\n<\/tr>\n<tr>\n<td width=\"57\">Junio<\/td>\n<td width=\"85\">1 al 8<\/td>\n<td width=\"529\">Matriculaci\u00f3n en Infantil y Primaria<\/td>\n<\/tr>\n<tr>\n<td width=\"57\">Julio<\/td>\n<td width=\"85\">1 al 10<\/td>\n<td width=\"529\">Matriculaci\u00f3n de alumnos para E.S.O. y Bachillerato<\/td>\n<\/tr>\n<\/tbody>\n<\/table>\n<p>[\/et_pb_accordion_item][et_pb_accordion_item title=\u00bb\u00bfD\u00f3nde se pueden recoger las solicitudes?\u00bb _builder_version=\u00bb4.16&#8243; global_colors_info=\u00bb{}\u00bb open=\u00bboff\u00bb]Las solicitudes las pueden recoger la Porter\u00eda y Secretar\u00eda del Colegio. Tambi\u00e9n la pueden encontrar en el <a href=\"http:\/\/www.juntadeandalucia.es\/educacion\/portals\/web\/escolarizacion\">portal de escolarizaci\u00f3n de la Consejer\u00eda de Educaci\u00f3n<\/a>. Una vez rellena podr\u00e1n entregarlas preferentemente en la Secretar\u00eda del Colegio, aunque tambi\u00e9n pueden entregarlas en las oficinas de correos (sobre abierto para que se la puedan sellar), en los registros de la Administraci\u00f3n y de forma telem\u00e1tica en el portal de escolarizaci\u00f3n.<br \/>\n[\/et_pb_accordion_item][et_pb_accordion_item title=\u00bb\u00bfPuedo entregar varias solicitudes en varios colegios?\u00bb _builder_version=\u00bb4.16&#8243; global_colors_info=\u00bb{}\u00bb open=\u00bboff\u00bb]No, \u00fanicamente se puede presentar una solicitud, entregar varias solicitudes dar\u00e1 lugar a la p\u00e9rdida de todos los derechos de prioridad que puedan corresponder al alumno.<br \/>\n[\/et_pb_accordion_item][et_pb_accordion_item title=\u00bb\u00bfHay que entregar alguna documentaci\u00f3n con la solicitud?\u00bb _builder_version=\u00bb4.16&#8243; global_colors_info=\u00bb{}\u00bb open=\u00bboff\u00bb]En principio, no hay que entregar ning\u00fan documento adem\u00e1s de la solicitud. En la solicitud hay que rellenar todos los apartados que se deseen alegar (firmando las autorizaciones), y la administraci\u00f3n realizar\u00e1 las consultas telem\u00e1ticas necesarias.&nbsp; En caso de que exista alg\u00fan error, desde el colegio se solicitar\u00e1 la documentaci\u00f3n que necesaria.<br \/>\n[\/et_pb_accordion_item][\/et_pb_accordion][\/et_pb_column][\/et_pb_row][\/et_pb_section]<\/p>\n","protected":false},"excerpt":{"rendered":"<p>Secretar\u00eda En la secretar\u00eda del colegio podr\u00e1s realizar todos los tr\u00e1mites relacionados con tus estudios, desde la solicitud de plaza hasta la solicitud del t\u00edtulo correspondiente.\u00a0 Siempre tratamos de dar un servicio cercano y personalizado, intentando solucionar todos tus problemas.\u00a1Hola a todos! Mi nombre es Javier y soy el secretario del colegio Salesiano San Pedro. [&hellip;]<\/p>\n","protected":false},"author":5,"featured_media":0,"parent":0,"menu_order":0,"comment_status":"closed","ping_status":"closed","template":"","meta":{"_et_pb_use_builder":"on","_et_pb_old_content":"","_et_gb_content_width":"","footnotes":""},"class_list":["post-8831","page","type-page","status-publish","hentry"],"yoast_head":"<!-- This site is optimized with the Yoast SEO plugin v27.3 - https:\/\/yoast.com\/product\/yoast-seo-wordpress\/ -->\n<title>Secretar\u00eda - Colegio Salesiano San Pedro<\/title>\n<meta name=\"robots\" content=\"index, follow, max-snippet:-1, max-image-preview:large, max-video-preview:-1\" \/>\n<link rel=\"canonical\" href=\"https:\/\/triana.salesianos.edu\/colegio\/secretaria\/\" \/>\n<meta property=\"og:locale\" content=\"es_ES\" \/>\n<meta property=\"og:type\" content=\"article\" \/>\n<meta property=\"og:title\" content=\"Secretar\u00eda - Colegio Salesiano San Pedro\" \/>\n<meta property=\"og:description\" content=\"Secretar\u00eda En la secretar\u00eda del colegio podr\u00e1s realizar todos los tr\u00e1mites relacionados con tus estudios, desde la solicitud de plaza hasta la solicitud del t\u00edtulo correspondiente.\u00a0 Siempre tratamos de dar un servicio cercano y personalizado, intentando solucionar todos tus problemas.\u00a1Hola a todos! Mi nombre es Javier y soy el secretario del colegio Salesiano San Pedro. [&hellip;]\" \/>\n<meta property=\"og:url\" content=\"https:\/\/triana.salesianos.edu\/colegio\/secretaria\/\" \/>\n<meta property=\"og:site_name\" content=\"Colegio Salesiano San Pedro\" \/>\n<meta property=\"article:modified_time\" content=\"2024-09-03T08:49:12+00:00\" \/>\n<meta name=\"twitter:card\" content=\"summary_large_image\" \/>\n<meta name=\"twitter:label1\" content=\"Tiempo de lectura\" \/>\n\t<meta name=\"twitter:data1\" content=\"2 minutos\" \/>\n<script type=\"application\/ld+json\" class=\"yoast-schema-graph\">{\"@context\":\"https:\\\/\\\/schema.org\",\"@graph\":[{\"@type\":\"WebPage\",\"@id\":\"https:\\\/\\\/triana.salesianos.edu\\\/colegio\\\/secretaria\\\/\",\"url\":\"https:\\\/\\\/triana.salesianos.edu\\\/colegio\\\/secretaria\\\/\",\"name\":\"Secretar\u00eda - Colegio Salesiano San Pedro\",\"isPartOf\":{\"@id\":\"https:\\\/\\\/triana.salesianos.edu\\\/colegio\\\/#website\"},\"datePublished\":\"2019-07-02T17:27:31+00:00\",\"dateModified\":\"2024-09-03T08:49:12+00:00\",\"breadcrumb\":{\"@id\":\"https:\\\/\\\/triana.salesianos.edu\\\/colegio\\\/secretaria\\\/#breadcrumb\"},\"inLanguage\":\"es\",\"potentialAction\":[{\"@type\":\"ReadAction\",\"target\":[\"https:\\\/\\\/triana.salesianos.edu\\\/colegio\\\/secretaria\\\/\"]}]},{\"@type\":\"BreadcrumbList\",\"@id\":\"https:\\\/\\\/triana.salesianos.edu\\\/colegio\\\/secretaria\\\/#breadcrumb\",\"itemListElement\":[{\"@type\":\"ListItem\",\"position\":1,\"name\":\"Portada\",\"item\":\"https:\\\/\\\/triana.salesianos.edu\\\/colegio\\\/\"},{\"@type\":\"ListItem\",\"position\":2,\"name\":\"Secretar\u00eda\"}]},{\"@type\":\"WebSite\",\"@id\":\"https:\\\/\\\/triana.salesianos.edu\\\/colegio\\\/#website\",\"url\":\"https:\\\/\\\/triana.salesianos.edu\\\/colegio\\\/\",\"name\":\"Colegio Salesiano San Pedro\",\"description\":\"P\u00e1gina oficial Salesianos Triana Sevilla\",\"potentialAction\":[{\"@type\":\"SearchAction\",\"target\":{\"@type\":\"EntryPoint\",\"urlTemplate\":\"https:\\\/\\\/triana.salesianos.edu\\\/colegio\\\/?s={search_term_string}\"},\"query-input\":{\"@type\":\"PropertyValueSpecification\",\"valueRequired\":true,\"valueName\":\"search_term_string\"}}],\"inLanguage\":\"es\"}]}<\/script>\n<!-- \/ Yoast SEO plugin. -->","yoast_head_json":{"title":"Secretar\u00eda - Colegio Salesiano San Pedro","robots":{"index":"index","follow":"follow","max-snippet":"max-snippet:-1","max-image-preview":"max-image-preview:large","max-video-preview":"max-video-preview:-1"},"canonical":"https:\/\/triana.salesianos.edu\/colegio\/secretaria\/","og_locale":"es_ES","og_type":"article","og_title":"Secretar\u00eda - Colegio Salesiano San Pedro","og_description":"Secretar\u00eda En la secretar\u00eda del colegio podr\u00e1s realizar todos los tr\u00e1mites relacionados con tus estudios, desde la solicitud de plaza hasta la solicitud del t\u00edtulo correspondiente.\u00a0 Siempre tratamos de dar un servicio cercano y personalizado, intentando solucionar todos tus problemas.\u00a1Hola a todos! Mi nombre es Javier y soy el secretario del colegio Salesiano San Pedro. [&hellip;]","og_url":"https:\/\/triana.salesianos.edu\/colegio\/secretaria\/","og_site_name":"Colegio Salesiano San Pedro","article_modified_time":"2024-09-03T08:49:12+00:00","twitter_card":"summary_large_image","twitter_misc":{"Tiempo de lectura":"2 minutos"},"schema":{"@context":"https:\/\/schema.org","@graph":[{"@type":"WebPage","@id":"https:\/\/triana.salesianos.edu\/colegio\/secretaria\/","url":"https:\/\/triana.salesianos.edu\/colegio\/secretaria\/","name":"Secretar\u00eda - Colegio Salesiano San Pedro","isPartOf":{"@id":"https:\/\/triana.salesianos.edu\/colegio\/#website"},"datePublished":"2019-07-02T17:27:31+00:00","dateModified":"2024-09-03T08:49:12+00:00","breadcrumb":{"@id":"https:\/\/triana.salesianos.edu\/colegio\/secretaria\/#breadcrumb"},"inLanguage":"es","potentialAction":[{"@type":"ReadAction","target":["https:\/\/triana.salesianos.edu\/colegio\/secretaria\/"]}]},{"@type":"BreadcrumbList","@id":"https:\/\/triana.salesianos.edu\/colegio\/secretaria\/#breadcrumb","itemListElement":[{"@type":"ListItem","position":1,"name":"Portada","item":"https:\/\/triana.salesianos.edu\/colegio\/"},{"@type":"ListItem","position":2,"name":"Secretar\u00eda"}]},{"@type":"WebSite","@id":"https:\/\/triana.salesianos.edu\/colegio\/#website","url":"https:\/\/triana.salesianos.edu\/colegio\/","name":"Colegio Salesiano San Pedro","description":"P\u00e1gina oficial Salesianos Triana Sevilla","potentialAction":[{"@type":"SearchAction","target":{"@type":"EntryPoint","urlTemplate":"https:\/\/triana.salesianos.edu\/colegio\/?s={search_term_string}"},"query-input":{"@type":"PropertyValueSpecification","valueRequired":true,"valueName":"search_term_string"}}],"inLanguage":"es"}]}},"_links":{"self":[{"href":"https:\/\/triana.salesianos.edu\/colegio\/wp-json\/wp\/v2\/pages\/8831","targetHints":{"allow":["GET"]}}],"collection":[{"href":"https:\/\/triana.salesianos.edu\/colegio\/wp-json\/wp\/v2\/pages"}],"about":[{"href":"https:\/\/triana.salesianos.edu\/colegio\/wp-json\/wp\/v2\/types\/page"}],"author":[{"embeddable":true,"href":"https:\/\/triana.salesianos.edu\/colegio\/wp-json\/wp\/v2\/users\/5"}],"replies":[{"embeddable":true,"href":"https:\/\/triana.salesianos.edu\/colegio\/wp-json\/wp\/v2\/comments?post=8831"}],"version-history":[{"count":11,"href":"https:\/\/triana.salesianos.edu\/colegio\/wp-json\/wp\/v2\/pages\/8831\/revisions"}],"predecessor-version":[{"id":24776,"href":"https:\/\/triana.salesianos.edu\/colegio\/wp-json\/wp\/v2\/pages\/8831\/revisions\/24776"}],"wp:attachment":[{"href":"https:\/\/triana.salesianos.edu\/colegio\/wp-json\/wp\/v2\/media?parent=8831"}],"curies":[{"name":"wp","href":"https:\/\/api.w.org\/{rel}","templated":true}]}}