{"id":8748,"date":"2019-05-21T17:09:48","date_gmt":"2019-05-21T16:09:48","guid":{"rendered":"https:\/\/triana.salesianos.edu\/colegio\/?page_id=8748"},"modified":"2023-04-16T18:56:11","modified_gmt":"2023-04-16T17:56:11","slug":"documentos","status":"publish","type":"page","link":"https:\/\/triana.salesianos.edu\/colegio\/ampa\/documentos\/","title":{"rendered":"Documentos"},"content":{"rendered":"<div id=\"fb-root\"><\/div>\n<p>[et_pb_section fb_built=\u00bb1&#8243; fullwidth=\u00bbon\u00bb _builder_version=\u00bb4.16&#8243; global_colors_info=\u00bb{}\u00bb][et_pb_fullwidth_header title=\u00bbAMPA\u00bb admin_label=\u00bbAMPA\u00bb module_class=\u00bbpagina-imagen-cabecera\u00bb _builder_version=\u00bb4.20.0&#8243; title_text_color=\u00bb#ffffff\u00bb title_font_size=\u00bb40px\u00bb background_color=\u00bbrgba(255, 255, 255, 0)\u00bb background_image=\u00bbhttps:\/\/triana.salesianos.edu\/colegio\/wp-content\/uploads\/sites\/2\/2017\/09\/fondoDefectoContenido-1024&#215;200.png\u00bb background_layout=\u00bblight\u00bb z_index_tablet=\u00bb500&#8243; saved_tabs=\u00bball\u00bb global_colors_info=\u00bb{}\u00bb button_one_text_size__hover_enabled=\u00bboff\u00bb button_one_text_size__hover=\u00bbnull\u00bb button_two_text_size__hover_enabled=\u00bboff\u00bb button_two_text_size__hover=\u00bbnull\u00bb button_one_text_color__hover_enabled=\u00bboff\u00bb button_one_text_color__hover=\u00bbnull\u00bb button_two_text_color__hover_enabled=\u00bboff\u00bb button_two_text_color__hover=\u00bbnull\u00bb button_one_border_width__hover_enabled=\u00bboff\u00bb button_one_border_width__hover=\u00bbnull\u00bb button_two_border_width__hover_enabled=\u00bboff\u00bb button_two_border_width__hover=\u00bbnull\u00bb button_one_border_color__hover_enabled=\u00bboff\u00bb button_one_border_color__hover=\u00bbnull\u00bb button_two_border_color__hover_enabled=\u00bboff\u00bb button_two_border_color__hover=\u00bbnull\u00bb button_one_border_radius__hover_enabled=\u00bboff\u00bb button_one_border_radius__hover=\u00bbnull\u00bb button_two_border_radius__hover_enabled=\u00bboff\u00bb button_two_border_radius__hover=\u00bbnull\u00bb button_one_letter_spacing__hover_enabled=\u00bbon\u00bb button_one_letter_spacing__hover=\u00bb0&#8243; button_two_letter_spacing__hover_enabled=\u00bbon\u00bb button_two_letter_spacing__hover=\u00bb0&#8243; button_one_bg_color__hover_enabled=\u00bboff\u00bb button_one_bg_color__hover=\u00bbnull\u00bb button_two_bg_color__hover_enabled=\u00bboff\u00bb button_two_bg_color__hover=\u00bbnull\u00bb][\/et_pb_fullwidth_header][\/et_pb_section][et_pb_section fb_built=\u00bb1&#8243; _builder_version=\u00bb4.16&#8243; global_colors_info=\u00bb{}\u00bb][et_pb_row _builder_version=\u00bb4.16&#8243; background_size=\u00bbinitial\u00bb background_position=\u00bbtop_left\u00bb background_repeat=\u00bbrepeat\u00bb global_colors_info=\u00bb{}\u00bb][et_pb_column type=\u00bb4_4&#8243; _builder_version=\u00bb4.16&#8243; custom_padding=\u00bb|||\u00bb global_colors_info=\u00bb{}\u00bb custom_padding__hover=\u00bb|||\u00bb][et_pb_text admin_label=\u00bbTitulo Preguntas frecuentes (Texto)\u00bb _builder_version=\u00bb4.16&#8243; text_text_color=\u00bb#ffffff\u00bb text_font_size=\u00bb22&#8243; background_color=\u00bb#dc001b\u00bb background_size=\u00bbinitial\u00bb background_position=\u00bbtop_left\u00bb background_repeat=\u00bbrepeat\u00bb custom_padding=\u00bb10px|10px|10px|20px\u00bb z_index_tablet=\u00bb500&#8243; border_color=\u00bb#dc001b\u00bb border_style=\u00bbsolid\u00bb saved_tabs=\u00bball\u00bb global_colors_info=\u00bb{}\u00bb]<\/p>\n<p>Documentos<\/p>\n<p>[\/et_pb_text][et_pb_text _builder_version=\u00bb4.16&#8243; z_index_tablet=\u00bb500&#8243; global_colors_info=\u00bb{}\u00bb]<\/p>\n<p>En este apartado, subiremos los documentos que un socio debe conocer y que puede descargar para su lectura y conocimiento:<\/p>\n<p>[\/et_pb_text][et_pb_accordion _builder_version=\u00bb4.20.0&#8243; hover_enabled=\u00bb0&#8243; z_index_tablet=\u00bb500&#8243; global_colors_info=\u00bb{}\u00bb sticky_enabled=\u00bb0&#8243;][et_pb_accordion_item title=\u00bbESTATUTOS DE LA ASOCIACI\u00d3N\u00bb open=\u00bbon\u00bb _builder_version=\u00bb4.16&#8243; global_colors_info=\u00bb{}\u00bb]<\/p>\n<p><a href=\"https:\/\/triana.salesianos.edu\/colegio\/wp-content\/uploads\/sites\/2\/2020\/12\/ESTATUTOS-AMPA-SALESIANOS-TRIANA_compressed.pdf\" target=\"_blank\" rel=\"attachment noopener wp-att-9626\">ESTATUTOS AMPA SALESIANOS TRIANA<\/a><\/p>\n<p>[\/et_pb_accordion_item][et_pb_accordion_item title=\u00bbMEMORIA DE ACTIVIDADES\u00bb _builder_version=\u00bb4.20.0&#8243; global_colors_info=\u00bb{}\u00bb open=\u00bboff\u00bb]<\/p>\n<p><a href=\"https:\/\/triana.salesianos.edu\/colegio\/wp-content\/uploads\/sites\/2\/2020\/12\/AMPA-MEMORIA-2019-2020_compressed.pdf\" target=\"_blank\" rel=\"attachment noopener wp-att-9625\">AMPA &#8211; MEMORIA 2019\/2020<\/a><br \/><a href=\"https:\/\/triana.salesianos.edu\/colegio\/wp-content\/uploads\/sites\/2\/2022\/01\/AMPA-MEMORIA-2020-2021.pdf\" target=\"_blank\" rel=\"attachment noopener wp-att-9625\">AMPA &#8211; MEMORIA 2020\/2021<\/a><br \/><a href=\"https:\/\/triana.salesianos.edu\/wp-content\/uploads\/2023\/03\/AMPA-MEMORIA-2021-2022_compressed.pdf\">AMPA &#8211; MEMORIA 2021\/2022<\/a><\/p>\n<p>[\/et_pb_accordion_item][et_pb_accordion_item title=\u00bbBOLETINES\u00bb _builder_version=\u00bb4.20.0&#8243; hover_enabled=\u00bb0&#8243; global_colors_info=\u00bb{}\u00bb open=\u00bboff\u00bb sticky_enabled=\u00bb0&#8243;]<\/p>\n<ul>\n<li><a href=\"https:\/\/triana.salesianos.edu\/colegio\/wp-content\/uploads\/sites\/2\/2020\/12\/Boletin-1-AMPA.pdf\" target=\"_blank\" rel=\"attachment noopener wp-att-9624\">Bolet\u00edn 1 AMPA Noviembre 2020<\/a><\/li>\n<li><a href=\"https:\/\/triana.salesianos.edu\/colegio\/wp-content\/uploads\/sites\/2\/2020\/12\/Boletin-2-AMPA.pdf\" target=\"_blank\" rel=\"attachment noopener wp-att-9623\">Bolet\u00edn 2 AMPA Diciembre 2020<\/a><\/li>\n<li><a href=\"https:\/\/triana.salesianos.edu\/colegio\/wp-content\/uploads\/sites\/2\/2021\/01\/Boleti\u0301n-AMPA-Enero-21.pdf\" target=\"_blank\" rel=\"attachment noopener wp-att-9623\">Bolet\u00edn 3 AMPA Enero 2021<\/a><\/li>\n<li><a href=\"https:\/\/triana.salesianos.edu\/colegio\/wp-content\/uploads\/sites\/2\/2021\/02\/Boletin-4-AMPA-Febrero-2021.pdf\" rel=\"attachment wp-att-9708\">Bolet\u00edn 4 AMPA Febrero 2021<\/a><\/li>\n<li><a href=\"https:\/\/triana.salesianos.edu\/colegio\/wp-content\/uploads\/sites\/2\/2021\/03\/Boletin-5-AMPA-Marzo-2021.pdf\" rel=\"attachment wp-att-22825\">Bolet\u00edn 5 AMPA Marzo 2021<\/a><\/li>\n<li><a href=\"https:\/\/triana.salesianos.edu\/colegio\/wp-content\/uploads\/sites\/2\/2022\/01\/Boletin-6-Jun-2021-AMPA.pdf\" rel=\"attachment wp-att-23778\">Bolet\u00edn 6 AMPA Junio 2021<\/a><\/li>\n<li><a href=\"https:\/\/triana.salesianos.edu\/colegio\/wp-content\/uploads\/sites\/2\/2022\/01\/Boletin-7-AMPA-Nov-2021.pdf\" rel=\"attachment wp-att-23777\">Bolet\u00edn 7 AMPA Noviembre 2021<\/a><\/li>\n<li><a href=\"https:\/\/triana.salesianos.edu\/colegio\/wp-content\/uploads\/sites\/2\/2023\/03\/Boletin-8-AMPA-Ene-2022.pdf\" rel=\"attachment wp-att-24326\">Bolet\u00edn 8 AMPA Enero 2022<\/a><\/li>\n<li><a href=\"https:\/\/triana.salesianos.edu\/colegio\/wp-content\/uploads\/sites\/2\/2023\/03\/Boletin-10-AMPA-Nov-22.pdf\" rel=\"attachment wp-att-24325\">Bolet\u00edn 10 AMPA Noviembre 2022<\/a><\/li>\n<li><a href=\"https:\/\/triana.salesianos.edu\/colegio\/wp-content\/uploads\/sites\/2\/2023\/03\/Boletin-11-AMPA-Ene-2023.pdf\" rel=\"attachment wp-att-24324\">Bolet\u00edn 11 AMPA Enero 2023<\/a><\/li>\n<li><a href=\"https:\/\/triana.salesianos.edu\/colegio\/wp-content\/uploads\/sites\/2\/2023\/04\/Boletin-AMPA-Mar-2023.pdf\" rel=\"attachment wp-att-24338\">Bolet\u00edn AMPA Marzo 2023<\/a><\/li>\n<\/ul>\n<p>[\/et_pb_accordion_item][et_pb_accordion_item title=\u00bbREUNIONES JUNTA DIRECTIVA\u00bb _builder_version=\u00bb4.16&#8243; global_colors_info=\u00bb{}\u00bb open=\u00bboff\u00bb]<\/p>\n<ul>\n<li><a href=\"https:\/\/triana.salesianos.edu\/colegio\/wp-content\/uploads\/sites\/2\/2021\/01\/201014-ORDEN-DIA-REUNION-14-OCTUBRE-2020-1.pdf\" rel=\"attachment wp-att-9646\">Octubre 2020<\/a><\/li>\n<li><a href=\"https:\/\/triana.salesianos.edu\/colegio\/wp-content\/uploads\/sites\/2\/2021\/01\/201104-ORDEN-DIA-REUNION-4-NOVIEMBRE-2020-2.pdf\" rel=\"attachment wp-att-9647\">Noviembre 2020<\/a><\/li>\n<li><a href=\"https:\/\/triana.salesianos.edu\/colegio\/wp-content\/uploads\/sites\/2\/2021\/01\/201202-ORDEN-DIA-REUNION-2-DICIEMBRE-2020.pdf\" rel=\"attachment wp-att-9648\">Diciembre 2020<\/a><\/li>\n<li><a href=\"https:\/\/triana.salesianos.edu\/colegio\/wp-content\/uploads\/sites\/2\/2021\/01\/210113-ORDEN-DIA-REUNION-13-ENERO-2021.pdf\" rel=\"attachment wp-att-9649\">Enero 2021<\/a><\/li>\n<li><a href=\"https:\/\/triana.salesianos.edu\/colegio\/wp-content\/uploads\/sites\/2\/2022\/01\/Febrero-2021.pdf\" rel=\"attachment wp-att-23781\">Febrero 2021<\/a><\/li>\n<li><a href=\"https:\/\/triana.salesianos.edu\/colegio\/wp-content\/uploads\/sites\/2\/2022\/01\/Marzo-2021.pdf\" rel=\"attachment wp-att-23783\">Marzo 2021<\/a><\/li>\n<li><a href=\"https:\/\/triana.salesianos.edu\/colegio\/wp-content\/uploads\/sites\/2\/2022\/01\/Abril-2021.pdf\" rel=\"attachment wp-att-23787\">Abril 2021<\/a><\/li>\n<li><a href=\"https:\/\/triana.salesianos.edu\/colegio\/wp-content\/uploads\/sites\/2\/2022\/01\/Mayo-2021.pdf\" rel=\"attachment wp-att-23784\">Mayo 2021<\/a><\/li>\n<li><a href=\"https:\/\/triana.salesianos.edu\/colegio\/wp-content\/uploads\/sites\/2\/2022\/01\/Junio-2021.pdf\" rel=\"attachment wp-att-23782\">Junio 2021<\/a><\/li>\n<li><a href=\"https:\/\/triana.salesianos.edu\/colegio\/wp-content\/uploads\/sites\/2\/2022\/01\/Octubre-2021.pdf\" rel=\"attachment wp-att-23786\">Octubre 2021<\/a><\/li>\n<li><a href=\"https:\/\/triana.salesianos.edu\/colegio\/wp-content\/uploads\/sites\/2\/2022\/01\/Noviembre-2021.pdf\" rel=\"attachment wp-att-23785\">Noviembre 2021<\/a><\/li>\n<li><a href=\"https:\/\/triana.salesianos.edu\/colegio\/wp-content\/uploads\/sites\/2\/2022\/01\/Diciembre-2021.pdf\" rel=\"attachment wp-att-23788\">Diciembre 2021<\/a><\/li>\n<li><a href=\"https:\/\/triana.salesianos.edu\/colegio\/wp-content\/uploads\/sites\/2\/2022\/01\/Enero-2022.pdf\" rel=\"attachment wp-att-23789\">Enero 2022<\/a><\/li>\n<\/ul>\n<p>[\/et_pb_accordion_item][\/et_pb_accordion][\/et_pb_column][\/et_pb_row][et_pb_row padding_mobile=\u00bboff\u00bb column_padding_mobile=\u00bbon\u00bb module_id=\u00bbportada-web-salesianas\u00bb module_class=\u00bbseis-columnas\u00bb _builder_version=\u00bb4.16&#8243; background_size=\u00bbinitial\u00bb background_position=\u00bbtop_left\u00bb background_repeat=\u00bbrepeat\u00bb locked=\u00bboff\u00bb global_colors_info=\u00bb{}\u00bb][et_pb_column type=\u00bb4_4&#8243; _builder_version=\u00bb4.16&#8243; custom_padding=\u00bb|||\u00bb global_colors_info=\u00bb{}\u00bb custom_padding__hover=\u00bb|||\u00bb][et_pb_blurb title=\u00bbInicio\u00bb url=\u00bbhttps:\/\/triana.salesianos.edu\/colegio\/ampa\u00bb use_icon=\u00bbon\u00bb font_icon=\u00bb&#xe009;||divi||400&#8243; image_icon_background_color=\u00bb#ffffff\u00bb image_icon_width=\u00bb48px\u00bb admin_label=\u00bbInicio\u00bb _builder_version=\u00bb4.16&#8243; header_font_size=\u00bb20&#8243; body_font_size=\u00bb24&#8243; background_size=\u00bbinitial\u00bb background_position=\u00bbtop_left\u00bb background_repeat=\u00bbrepeat\u00bb image_icon_custom_padding=\u00bb25px|25px|25px|25px|false|false\u00bb text_orientation=\u00bbcenter\u00bb max_width_tablet=\u00bb50px\u00bb z_index_tablet=\u00bb500&#8243; border_radii_image=\u00bbon|100%|100%|100%|100%\u00bb border_width_all_image=\u00bb3px\u00bb border_color_all_image=\u00bb#dc001b\u00bb use_circle=\u00bbon\u00bb use_circle_border=\u00bbon\u00bb circle_color=\u00bb#ffffff\u00bb global_colors_info=\u00bb{}\u00bb image_icon_background_color__sticky_enabled=\u00bb#dc001b\u00bb image_icon_background_color__sticky=\u00bb#dc001b\u00bb][\/et_pb_blurb][et_pb_blurb title=\u00bbSaludo\u00bb url=\u00bbhttps:\/\/triana.salesianos.edu\/colegio\/ampa\/saludo\/\u00bb use_icon=\u00bbon\u00bb font_icon=\u00bb&#xe60f;||divi||400&#8243; image_icon_background_color=\u00bb#ffffff\u00bb image_icon_width=\u00bb48px\u00bb admin_label=\u00bbSaludo\u00bb _builder_version=\u00bb4.16&#8243; header_font=\u00bbArial||||\u00bb header_font_size=\u00bb20&#8243; body_font_size=\u00bb24&#8243; background_size=\u00bbinitial\u00bb background_position=\u00bbtop_left\u00bb background_repeat=\u00bbrepeat\u00bb image_icon_custom_padding=\u00bb25px|25px|25px|25px|false|false\u00bb text_orientation=\u00bbcenter\u00bb max_width_tablet=\u00bb50px\u00bb z_index_tablet=\u00bb500&#8243; border_radii_image=\u00bbon|100%|100%|100%|100%\u00bb border_width_all_image=\u00bb3px\u00bb border_color_all_image=\u00bb#dc001b\u00bb use_circle=\u00bbon\u00bb use_circle_border=\u00bbon\u00bb circle_color=\u00bb#ffffff\u00bb global_colors_info=\u00bb{}\u00bb image_icon_background_color__sticky_enabled=\u00bb#dc001b\u00bb image_icon_background_color__sticky=\u00bb#dc001b\u00bb][\/et_pb_blurb][et_pb_blurb title=\u00bbJunta directiva\u00bb url=\u00bbhttps:\/\/triana.salesianos.edu\/colegio\/ampa\/junta-directiva\/\u00bb use_icon=\u00bbon\u00bb font_icon=\u00bb&#xe0e9;||divi||400&#8243; image_icon_background_color=\u00bb#ffffff\u00bb image_icon_width=\u00bb48px\u00bb admin_label=\u00bbJunta directiva\u00bb _builder_version=\u00bb4.16&#8243; header_font_size=\u00bb20&#8243; body_font_size=\u00bb24&#8243; background_size=\u00bbinitial\u00bb background_position=\u00bbtop_left\u00bb background_repeat=\u00bbrepeat\u00bb image_icon_custom_padding=\u00bb25px|25px|25px|25px|false|false\u00bb text_orientation=\u00bbcenter\u00bb max_width_tablet=\u00bb50px\u00bb z_index_tablet=\u00bb500&#8243; border_radii_image=\u00bbon|100%|100%|100%|100%\u00bb border_width_all_image=\u00bb3px\u00bb border_color_all_image=\u00bb#dc001b\u00bb use_circle=\u00bbon\u00bb use_circle_border=\u00bbon\u00bb circle_color=\u00bb#ffffff\u00bb global_colors_info=\u00bb{}\u00bb image_icon_background_color__sticky_enabled=\u00bb#dc001b\u00bb image_icon_background_color__sticky=\u00bb#dc001b\u00bb][\/et_pb_blurb][et_pb_blurb title=\u00bbActividades\u00bb url=\u00bbhttps:\/\/triana.salesianos.edu\/colegio\/ampa\/actividades\/\u00bb use_icon=\u00bbon\u00bb font_icon=\u00bb&#x69;||divi||400&#8243; image_icon_background_color=\u00bb#ffffff\u00bb image_icon_width=\u00bb48px\u00bb admin_label=\u00bbActividades\u00bb _builder_version=\u00bb4.16&#8243; header_font_size=\u00bb20&#8243; body_font_size=\u00bb24&#8243; background_size=\u00bbinitial\u00bb background_position=\u00bbtop_left\u00bb background_repeat=\u00bbrepeat\u00bb image_icon_custom_padding=\u00bb25px|25px|25px|25px|false|false\u00bb text_orientation=\u00bbcenter\u00bb max_width_tablet=\u00bb50px\u00bb z_index_tablet=\u00bb500&#8243; border_radii_image=\u00bbon|100%|100%|100%|100%\u00bb border_width_all_image=\u00bb3px\u00bb border_color_all_image=\u00bb#dc001b\u00bb use_circle=\u00bbon\u00bb use_circle_border=\u00bbon\u00bb circle_color=\u00bb#ffffff\u00bb global_colors_info=\u00bb{}\u00bb image_icon_background_color__sticky_enabled=\u00bb#dc001b\u00bb image_icon_background_color__sticky=\u00bb#dc001b\u00bb][\/et_pb_blurb][et_pb_blurb title=\u00bb\u00bfPor qu\u00e9 asociarse?\u00bb url=\u00bbhttps:\/\/triana.salesianos.edu\/colegio\/ampa\/por-que-asociarse\/\u00bb use_icon=\u00bbon\u00bb font_icon=\u00bb&#xe08b;||divi||400&#8243; image_icon_background_color=\u00bb#ffffff\u00bb image_icon_width=\u00bb48px\u00bb admin_label=\u00bb\u00bfPor qu\u00e9 asociarse?\u00bb _builder_version=\u00bb4.16&#8243; header_font_size=\u00bb20&#8243; body_font_size=\u00bb24&#8243; background_size=\u00bbinitial\u00bb background_position=\u00bbtop_left\u00bb background_repeat=\u00bbrepeat\u00bb image_icon_custom_padding=\u00bb25px|25px|25px|25px|false|false\u00bb text_orientation=\u00bbcenter\u00bb max_width_tablet=\u00bb50px\u00bb z_index_tablet=\u00bb500&#8243; border_radii_image=\u00bbon|100%|100%|100%|100%\u00bb border_width_all_image=\u00bb3px\u00bb border_color_all_image=\u00bb#dc001b\u00bb use_circle=\u00bbon\u00bb use_circle_border=\u00bbon\u00bb circle_color=\u00bb#ffffff\u00bb global_colors_info=\u00bb{}\u00bb image_icon_background_color__sticky_enabled=\u00bb#dc001b\u00bb image_icon_background_color__sticky=\u00bb#dc001b\u00bb][\/et_pb_blurb][et_pb_blurb title=\u00bbContacto\u00bb url=\u00bbhttps:\/\/triana.salesianos.edu\/colegio\/ampa\/contactar\/\u00bb use_icon=\u00bbon\u00bb font_icon=\u00bb&#xe010;||divi||400&#8243; image_icon_background_color=\u00bb#ffffff\u00bb image_icon_width=\u00bb48px\u00bb admin_label=\u00bbContacto\u00bb _builder_version=\u00bb4.16&#8243; header_font_size=\u00bb20&#8243; body_font_size=\u00bb24&#8243; background_size=\u00bbinitial\u00bb background_position=\u00bbtop_left\u00bb background_repeat=\u00bbrepeat\u00bb image_icon_custom_padding=\u00bb25px|25px|25px|25px|false|false\u00bb text_orientation=\u00bbcenter\u00bb max_width_tablet=\u00bb50px\u00bb border_radii_image=\u00bbon|100%|100%|100%|100%\u00bb border_width_all_image=\u00bb3px\u00bb border_color_all_image=\u00bb#dc001b\u00bb use_circle=\u00bbon\u00bb use_circle_border=\u00bbon\u00bb circle_color=\u00bb#ffffff\u00bb global_colors_info=\u00bb{}\u00bb image_icon_background_color__sticky_enabled=\u00bb#dc001b\u00bb image_icon_background_color__sticky=\u00bb#dc001b\u00bb][\/et_pb_blurb][\/et_pb_column][\/et_pb_row][\/et_pb_section]<\/p>\n","protected":false},"excerpt":{"rendered":"<p>Documentos En este apartado, subiremos los documentos que un socio debe conocer y que puede descargar para su lectura y conocimiento: ESTATUTOS AMPA SALESIANOS TRIANAAMPA &#8211; MEMORIA 2019\/2020AMPA &#8211; MEMORIA 2020\/2021AMPA &#8211; MEMORIA 2021\/2022 Bolet\u00edn 1 AMPA Noviembre 2020 Bolet\u00edn 2 AMPA Diciembre 2020 Bolet\u00edn 3 AMPA Enero 2021 Bolet\u00edn 4 AMPA Febrero 2021 Bolet\u00edn [&hellip;]<\/p>\n","protected":false},"author":5,"featured_media":0,"parent":8669,"menu_order":0,"comment_status":"closed","ping_status":"closed","template":"","meta":{"_et_pb_use_builder":"on","_et_pb_old_content":"","_et_gb_content_width":"","footnotes":""},"class_list":["post-8748","page","type-page","status-publish","hentry"],"yoast_head":"<!-- This site is optimized with the Yoast SEO plugin v27.4 - https:\/\/yoast.com\/product\/yoast-seo-wordpress\/ -->\n<title>Documentos - Colegio Salesiano San Pedro<\/title>\n<meta name=\"robots\" content=\"index, follow, max-snippet:-1, max-image-preview:large, max-video-preview:-1\" \/>\n<link rel=\"canonical\" href=\"https:\/\/triana.salesianos.edu\/colegio\/ampa\/documentos\/\" \/>\n<meta property=\"og:locale\" content=\"es_ES\" \/>\n<meta property=\"og:type\" content=\"article\" \/>\n<meta property=\"og:title\" content=\"Documentos - Colegio Salesiano San Pedro\" \/>\n<meta property=\"og:description\" content=\"Documentos En este apartado, subiremos los documentos que un socio debe conocer y que puede descargar para su lectura y conocimiento: ESTATUTOS AMPA SALESIANOS TRIANAAMPA - MEMORIA 2019\/2020AMPA - MEMORIA 2020\/2021AMPA - MEMORIA 2021\/2022 Bolet\u00edn 1 AMPA Noviembre 2020 Bolet\u00edn 2 AMPA Diciembre 2020 Bolet\u00edn 3 AMPA Enero 2021 Bolet\u00edn 4 AMPA Febrero 2021 Bolet\u00edn [&hellip;]\" \/>\n<meta property=\"og:url\" content=\"https:\/\/triana.salesianos.edu\/colegio\/ampa\/documentos\/\" \/>\n<meta property=\"og:site_name\" content=\"Colegio Salesiano San Pedro\" \/>\n<meta property=\"article:modified_time\" content=\"2023-04-16T17:56:11+00:00\" \/>\n<meta name=\"twitter:card\" content=\"summary_large_image\" \/>\n<meta name=\"twitter:label1\" content=\"Tiempo de lectura\" \/>\n\t<meta name=\"twitter:data1\" content=\"2 minutos\" \/>\n<script type=\"application\/ld+json\" class=\"yoast-schema-graph\">{\"@context\":\"https:\\\/\\\/schema.org\",\"@graph\":[{\"@type\":\"WebPage\",\"@id\":\"https:\\\/\\\/triana.salesianos.edu\\\/colegio\\\/ampa\\\/documentos\\\/\",\"url\":\"https:\\\/\\\/triana.salesianos.edu\\\/colegio\\\/ampa\\\/documentos\\\/\",\"name\":\"Documentos - Colegio Salesiano San Pedro\",\"isPartOf\":{\"@id\":\"https:\\\/\\\/triana.salesianos.edu\\\/colegio\\\/#website\"},\"datePublished\":\"2019-05-21T16:09:48+00:00\",\"dateModified\":\"2023-04-16T17:56:11+00:00\",\"breadcrumb\":{\"@id\":\"https:\\\/\\\/triana.salesianos.edu\\\/colegio\\\/ampa\\\/documentos\\\/#breadcrumb\"},\"inLanguage\":\"es\",\"potentialAction\":[{\"@type\":\"ReadAction\",\"target\":[\"https:\\\/\\\/triana.salesianos.edu\\\/colegio\\\/ampa\\\/documentos\\\/\"]}]},{\"@type\":\"BreadcrumbList\",\"@id\":\"https:\\\/\\\/triana.salesianos.edu\\\/colegio\\\/ampa\\\/documentos\\\/#breadcrumb\",\"itemListElement\":[{\"@type\":\"ListItem\",\"position\":1,\"name\":\"Portada\",\"item\":\"https:\\\/\\\/triana.salesianos.edu\\\/colegio\\\/\"},{\"@type\":\"ListItem\",\"position\":2,\"name\":\"AMPA\",\"item\":\"https:\\\/\\\/triana.salesianos.edu\\\/colegio\\\/ampa\\\/\"},{\"@type\":\"ListItem\",\"position\":3,\"name\":\"Documentos\"}]},{\"@type\":\"WebSite\",\"@id\":\"https:\\\/\\\/triana.salesianos.edu\\\/colegio\\\/#website\",\"url\":\"https:\\\/\\\/triana.salesianos.edu\\\/colegio\\\/\",\"name\":\"Colegio Salesiano San Pedro\",\"description\":\"P\u00e1gina oficial Salesianos Triana Sevilla\",\"potentialAction\":[{\"@type\":\"SearchAction\",\"target\":{\"@type\":\"EntryPoint\",\"urlTemplate\":\"https:\\\/\\\/triana.salesianos.edu\\\/colegio\\\/?s={search_term_string}\"},\"query-input\":{\"@type\":\"PropertyValueSpecification\",\"valueRequired\":true,\"valueName\":\"search_term_string\"}}],\"inLanguage\":\"es\"}]}<\/script>\n<!-- \/ Yoast SEO plugin. -->","yoast_head_json":{"title":"Documentos - Colegio Salesiano San Pedro","robots":{"index":"index","follow":"follow","max-snippet":"max-snippet:-1","max-image-preview":"max-image-preview:large","max-video-preview":"max-video-preview:-1"},"canonical":"https:\/\/triana.salesianos.edu\/colegio\/ampa\/documentos\/","og_locale":"es_ES","og_type":"article","og_title":"Documentos - Colegio Salesiano San Pedro","og_description":"Documentos En este apartado, subiremos los documentos que un socio debe conocer y que puede descargar para su lectura y conocimiento: ESTATUTOS AMPA SALESIANOS TRIANAAMPA - MEMORIA 2019\/2020AMPA - MEMORIA 2020\/2021AMPA - MEMORIA 2021\/2022 Bolet\u00edn 1 AMPA Noviembre 2020 Bolet\u00edn 2 AMPA Diciembre 2020 Bolet\u00edn 3 AMPA Enero 2021 Bolet\u00edn 4 AMPA Febrero 2021 Bolet\u00edn [&hellip;]","og_url":"https:\/\/triana.salesianos.edu\/colegio\/ampa\/documentos\/","og_site_name":"Colegio Salesiano San Pedro","article_modified_time":"2023-04-16T17:56:11+00:00","twitter_card":"summary_large_image","twitter_misc":{"Tiempo de lectura":"2 minutos"},"schema":{"@context":"https:\/\/schema.org","@graph":[{"@type":"WebPage","@id":"https:\/\/triana.salesianos.edu\/colegio\/ampa\/documentos\/","url":"https:\/\/triana.salesianos.edu\/colegio\/ampa\/documentos\/","name":"Documentos - Colegio Salesiano San Pedro","isPartOf":{"@id":"https:\/\/triana.salesianos.edu\/colegio\/#website"},"datePublished":"2019-05-21T16:09:48+00:00","dateModified":"2023-04-16T17:56:11+00:00","breadcrumb":{"@id":"https:\/\/triana.salesianos.edu\/colegio\/ampa\/documentos\/#breadcrumb"},"inLanguage":"es","potentialAction":[{"@type":"ReadAction","target":["https:\/\/triana.salesianos.edu\/colegio\/ampa\/documentos\/"]}]},{"@type":"BreadcrumbList","@id":"https:\/\/triana.salesianos.edu\/colegio\/ampa\/documentos\/#breadcrumb","itemListElement":[{"@type":"ListItem","position":1,"name":"Portada","item":"https:\/\/triana.salesianos.edu\/colegio\/"},{"@type":"ListItem","position":2,"name":"AMPA","item":"https:\/\/triana.salesianos.edu\/colegio\/ampa\/"},{"@type":"ListItem","position":3,"name":"Documentos"}]},{"@type":"WebSite","@id":"https:\/\/triana.salesianos.edu\/colegio\/#website","url":"https:\/\/triana.salesianos.edu\/colegio\/","name":"Colegio Salesiano San Pedro","description":"P\u00e1gina oficial Salesianos Triana Sevilla","potentialAction":[{"@type":"SearchAction","target":{"@type":"EntryPoint","urlTemplate":"https:\/\/triana.salesianos.edu\/colegio\/?s={search_term_string}"},"query-input":{"@type":"PropertyValueSpecification","valueRequired":true,"valueName":"search_term_string"}}],"inLanguage":"es"}]}},"_links":{"self":[{"href":"https:\/\/triana.salesianos.edu\/colegio\/wp-json\/wp\/v2\/pages\/8748","targetHints":{"allow":["GET"]}}],"collection":[{"href":"https:\/\/triana.salesianos.edu\/colegio\/wp-json\/wp\/v2\/pages"}],"about":[{"href":"https:\/\/triana.salesianos.edu\/colegio\/wp-json\/wp\/v2\/types\/page"}],"author":[{"embeddable":true,"href":"https:\/\/triana.salesianos.edu\/colegio\/wp-json\/wp\/v2\/users\/5"}],"replies":[{"embeddable":true,"href":"https:\/\/triana.salesianos.edu\/colegio\/wp-json\/wp\/v2\/comments?post=8748"}],"version-history":[{"count":15,"href":"https:\/\/triana.salesianos.edu\/colegio\/wp-json\/wp\/v2\/pages\/8748\/revisions"}],"predecessor-version":[{"id":24339,"href":"https:\/\/triana.salesianos.edu\/colegio\/wp-json\/wp\/v2\/pages\/8748\/revisions\/24339"}],"up":[{"embeddable":true,"href":"https:\/\/triana.salesianos.edu\/colegio\/wp-json\/wp\/v2\/pages\/8669"}],"wp:attachment":[{"href":"https:\/\/triana.salesianos.edu\/colegio\/wp-json\/wp\/v2\/media?parent=8748"}],"curies":[{"name":"wp","href":"https:\/\/api.w.org\/{rel}","templated":true}]}}