{"id":8715,"date":"2019-04-22T09:38:10","date_gmt":"2019-04-22T08:38:10","guid":{"rendered":"https:\/\/triana.salesianos.edu\/colegio\/?page_id=8715"},"modified":"2019-04-22T09:38:10","modified_gmt":"2019-04-22T08:38:10","slug":"privacidad-matriculaciones","status":"publish","type":"page","link":"https:\/\/triana.salesianos.edu\/colegio\/privacidad-matriculaciones\/","title":{"rendered":"Privacidad Matriculaciones"},"content":{"rendered":"<div id=\"fb-root\"><\/div>\n<p>[et_pb_section bb_built=\u00bb1&#8243; admin_label=\u00bbsection\u00bb _builder_version=\u00bb3.0.47&#8243;][et_pb_row admin_label=\u00bbrow\u00bb _builder_version=\u00bb3.0.48&#8243; background_size=\u00bbinitial\u00bb background_position=\u00bbtop_left\u00bb background_repeat=\u00bbrepeat\u00bb][et_pb_column type=\u00bb4_4&#8243;][et_pb_divider _builder_version=\u00bb3.20.2&#8243; show_divider=\u00bboff\u00bb \/][et_pb_text admin_label=\u00bbTitulo (texto)\u00bb _builder_version=\u00bb3.20.2&#8243; text_font=\u00bb|on|||\u00bb text_text_color=\u00bb#dc001b\u00bb text_font_size=\u00bb18&#8243; background_size=\u00bbinitial\u00bb background_position=\u00bbtop_left\u00bb background_repeat=\u00bbrepeat\u00bb use_border_color=\u00bboff\u00bb border_color=\u00bb#ffffff\u00bb border_style=\u00bbsolid\u00bb header_2_font=\u00bbLato|300|||||||\u00bb header_2_font_size=\u00bb30px\u00bb]<\/p>\n<h2>Protecci\u00f3n de datos sobre el proceso de matriculaciones<\/h2>\n<p>[\/et_pb_text][\/et_pb_column][\/et_pb_row][et_pb_row _builder_version=\u00bb3.20.2&#8243;][et_pb_column type=\u00bb1_2&#8243;][et_pb_text admin_label=\u00bbSubtitulo1 (Texto)\u00bb _builder_version=\u00bb3.20.2&#8243; text_orientation=\u00bbjustified\u00bb use_border_color=\u00bboff\u00bb border_color=\u00bb#ffffff\u00bb border_style=\u00bbsolid\u00bb]<\/p>\n<h4><span style=\"color: #ff0000;\">\u00bfQUI\u00c9N ES EL RESPONSABLE DEL TRATAMIENTO?<\/span><\/h4>\n<p>[\/et_pb_text][et_pb_blurb admin_label=\u00bbNombre del colegio (Anuncio)\u00bb _builder_version=\u00bb3.20.2&#8243; use_icon=\u00bbon\u00bb font_icon=\u00bb%%258%%\u00bb title=\u00bbColegio Salesiano San Pedro\u00bb use_circle=\u00bbon\u00bb use_circle_border=\u00bbon\u00bb icon_placement=\u00bbleft\u00bb use_icon_font_size=\u00bbon\u00bb icon_font_size=\u00bb18px\u00bb circle_color=\u00bb#ffffff\u00bb header_level=\u00bbh3&#8243; header_text_color=\u00bb#494949&#8243; \/][et_pb_blurb admin_label=\u00bbDirecci\u00f3n postal (Anuncio)\u00bb _builder_version=\u00bb3.20.2&#8243; use_icon=\u00bbon\u00bb font_icon=\u00bb%%102%%\u00bb title=\u00bbc\/Condes de Bustillo 17, 41010 Sevilla\u00bb use_circle=\u00bbon\u00bb use_circle_border=\u00bbon\u00bb icon_placement=\u00bbleft\u00bb use_icon_font_size=\u00bbon\u00bb icon_font_size=\u00bb18px\u00bb circle_color=\u00bb#ffffff\u00bb header_level=\u00bbh3&#8243; header_text_color=\u00bb#494949&#8243; \/][et_pb_blurb admin_label=\u00bbEmail protecci\u00f3n datos colegio (Anuncio)\u00bb _builder_version=\u00bb3.20.2&#8243; use_icon=\u00bbon\u00bb font_icon=\u00bb%%109%%\u00bb title=\u00bbprotecciondatos.sevillatri@salesianos.edu\u00bb use_circle=\u00bbon\u00bb use_circle_border=\u00bbon\u00bb icon_placement=\u00bbleft\u00bb use_icon_font_size=\u00bbon\u00bb icon_font_size=\u00bb18px\u00bb circle_color=\u00bb#ffffff\u00bb header_level=\u00bbh3&#8243; header_text_color=\u00bb#494949&#8243; \/][et_pb_blurb admin_label=\u00bbTel\u00e9fono del colegio (Anuncio)\u00bb _builder_version=\u00bb3.20.2&#8243; use_icon=\u00bbon\u00bb font_icon=\u00bb%%264%%\u00bb title=\u00bb954 331 488&#8243; use_circle=\u00bbon\u00bb use_circle_border=\u00bbon\u00bb icon_placement=\u00bbleft\u00bb use_icon_font_size=\u00bbon\u00bb icon_font_size=\u00bb18px\u00bb circle_color=\u00bb#ffffff\u00bb header_level=\u00bbh3&#8243; header_text_color=\u00bb#494949&#8243; \/][et_pb_blurb admin_label=\u00bbEmail DPO (Anuncio)\u00bb _builder_version=\u00bb3.20.2&#8243; use_icon=\u00bbon\u00bb font_icon=\u00bb%%148%%\u00bb title=\u00bbprotecciondatos@salesianos.edu\u00bb use_circle=\u00bbon\u00bb use_circle_border=\u00bbon\u00bb icon_placement=\u00bbleft\u00bb use_icon_font_size=\u00bbon\u00bb icon_font_size=\u00bb18px\u00bb circle_color=\u00bb#ffffff\u00bb header_level=\u00bbh3&#8243; header_text_color=\u00bb#494949&#8243;]<\/p>\n<p>DPO<\/p>\n<p>[\/et_pb_blurb][\/et_pb_column][et_pb_column type=\u00bb1_2&#8243;][\/et_pb_column][\/et_pb_row][et_pb_row][et_pb_column type=\u00bb4_4&#8243;][et_pb_text _builder_version=\u00bb3.20.2&#8243; text_orientation=\u00bbjustified\u00bb use_border_color=\u00bboff\u00bb border_color=\u00bb#ffffff\u00bb border_style=\u00bbsolid\u00bb]<\/p>\n<h4><span style=\"color: #ff0000;\">\u00bfQU\u00c9 DATOS TRATAMOS?<\/span><\/h4>\n<div>Los <strong>datos que recogemos en el proceso de matriculaci\u00f3n<\/strong> se agrupan en distintas categor\u00edas:<\/div>\n<div>\n<p>\u2022 Datos identificativos: se refiere a datos como el nombre, apellidos, fecha de nacimiento, DNI, domicilio, fotograf\u00eda, nacionalidad.<br \/>\u2022 Datos acad\u00e9micos: curso, centro de procedencia, nivel de estudios, idioma, asignaturas optativas.<br \/>\u2022 Datos familiares: datos identificativos de los padres o tutores legales como el nombre, apellidos, domicilio, estado civil, nacionalidad. Tambi\u00e9n se tratan datos de otros miembros de la unidad familiar y\/o que conviven con el alumno.<br \/>\u2022 Datos econ\u00f3micos: datos de renta en su caso, datos bancarios.<br \/>\u2022 Categor\u00edas especiales de datos: se refiere a alumnos con necesidades educativas especiales. Datos de salud. Situaci\u00f3n de acogida. Tambi\u00e9n incluimos datos sobre la aceptaci\u00f3n del ideario y del car\u00e1cter religioso del centro.<\/p>\n<p>\u00a0<\/p>\n<h4 style=\"text-align: justify;\"><span style=\"color: #ff0000;\">\u00bfQU\u00c9 FINALIDAD TIENE EL TRATAMIENTO DE LOS DATOS?<\/span><\/h4>\n<p style=\"text-align: justify;\">La finalidad principal de la recogida de datos, que conforman el <strong>registro de actividad de tratamiento de ALUMNOS<\/strong>, es la gesti\u00f3n del proceso de matriculaci\u00f3n, y gestionar otros fines durante la permanencia del alumno en el centro escolar. Por ello, en este proceso recogemos datos necesarios para cumplir con esta obligaci\u00f3n y datos que ser\u00e1n utilizados en otras finalidades identificadas en la informaci\u00f3n b\u00e1sica y que a continuaci\u00f3n ampliamos.<\/p>\n<p style=\"text-align: justify;\">Para generar las evaluaciones, el expediente acad\u00e9mico del alumno y cualquier otra documentaci\u00f3n educativa como actas, informes o el historial acad\u00e9mico entre otras, el personal docente y no docente, podr\u00e1 acceder a los datos personales, por raz\u00f3n de su trabajo. La informaci\u00f3n estar\u00e1 disponible tanto en la secretar\u00eda como en la herramienta de gesti\u00f3n educativa aprobada por el centro.<\/p>\n<p style=\"text-align: justify;\">El responsable de recursos tecnol\u00f3gicos del centro crear\u00e1 a cada alumno una cuenta de correo corporativa de dominio salesianos.edu y cuya pol\u00edtica de uso ser\u00e1 entregada a los progenitores o tutores responsables del alumno. El docente, en desarrollo del curr\u00edculum de las asignaturas que imparte, podr\u00e1 usar la direcci\u00f3n asignada al alumno para el alta y uso de aplicaciones educativas y entornos web. El docente verificar\u00e1 que son aplicaciones validadas por el Delegado de Protecci\u00f3n de Datos por ser conformes al Reglamento Europeo de Protecci\u00f3n de Datos Personales o que no ponen en riesgo la informaci\u00f3n personal del alumno.<\/p>\n<p style=\"text-align: justify;\">Este centro utiliza una aplicaci\u00f3n o herramienta de gesti\u00f3n docente a trav\u00e9s de un entorno inform\u00e1tico. El equipo docente y no docente usa la aplicaci\u00f3n de gesti\u00f3n educativa para llevar un seguimiento y control de las evaluaciones, generaci\u00f3n de documentos e informes, as\u00ed como ser canal de comunicaciones con las familias.<\/p>\n<p style=\"text-align: justify;\">Las actividades escolares se complementan con eventos de car\u00e1cter pastoral, que dan identidad a la formaci\u00f3n impartida, siguiendo las l\u00edneas de su ideario y satisfaciendo con ello el inter\u00e9s leg\u00edtimo del centro.<br \/>Ambas actividades, escolares y pastorales, son parte de la historia de este centro y ser\u00e1n objetivo de recogida gr\u00e1fica, fotogr\u00e1fica, video u otro soporte audiovisual. \u00c9ste material ser\u00e1 gestionado por los responsables de comunicaci\u00f3n social del centro, con el fin de crear, dotar y difundir contenidos, noticias, archivos\u2026 en distintos soportes: impresos, p\u00e1gina web, aplicaciones, herramienta de gesti\u00f3n docente, redes sociales institucionales del centro educativo, y\/o de la Congregaci\u00f3n Salesiana como titular principal.<\/p>\n<p style=\"text-align: justify;\">El centro educativo puede gestionar directamente, para sus alumnos, actividades extraescolares de car\u00e1cter l\u00fadico, acad\u00e9mico y\/o deportivo cuyos datos personales ser\u00e1n de \u00edndole identificativa y\/o econ\u00f3mica disponibles por la administraci\u00f3n del centro. Tambi\u00e9n podr\u00e1 gestionar actividades o servicios complementarios propios como aula matinal, comedor, monitores de apoyo o auxiliares.<\/p>\n<p style=\"text-align: justify;\">La realizaci\u00f3n de actividades de servicios donde un tercero sea quien lo ejecute, conlleva la necesidad de colaborar y aportar datos de participantes y\/u otra informaci\u00f3n espec\u00edfica de la actividad extraescolar o del servicio complementario, (por ejemplo, transporte escolar, comedor, limpieza, agencias de viaje, reportajes fotogr\u00e1ficos&#8230;) Todo esto se recoge en un acuerdo de prestaci\u00f3n de servicio con cl\u00e1usulas reguladoras y limitativas del acceso a datos y donde se regula tambi\u00e9n la gesti\u00f3n de cobros.<\/p>\n<p style=\"text-align: justify;\">La administraci\u00f3n del centro ser\u00e1 la que puede tratar los datos relativos a la gesti\u00f3n de cobros de servicios autorizados por la administraci\u00f3n educativa.<\/p>\n<p style=\"text-align: justify;\">Por otro lado, las familias, que as\u00ed lo decidan, voluntariamente podr\u00e1n realizar, directamente al centro, aportaciones para el sostenimiento o mejora del \u00e9ste y\/o para el sostenimiento de la Obra salesiana en la atenci\u00f3n a menores en riesgo y dificultad social.<\/p>\n<p style=\"text-align: justify;\">Los progenitores y\/o tutores legales han recibido el ideario del centro escolar, ello conlleva conocer y asumir que est\u00e1 en un centro de identidad religiosa. Este ideario supone que la educaci\u00f3n del alumno se ampl\u00eda y complementa con actividades gestionadas desde la dimensi\u00f3n pastoral, realizando actividades como campa\u00f1as de sensibilizaci\u00f3n, campa\u00f1as de colaboraci\u00f3n u otras impulsadas por la congregaci\u00f3n salesiana a trav\u00e9s del centro educativo, o a trav\u00e9s de sus plataformas sociales, grupos asociativos, y\/o fundaciones.<\/p>\n<p style=\"text-align: justify;\">La gesti\u00f3n de programas de intercambio ling\u00fc\u00edstico supone el uso de datos personales de los alumnos participantes por parte del responsable de pluriling\u00fcismo del centro educativo. Estos datos permiten gestionar la participaci\u00f3n en dichos programas, y para ello, el centro aplica un uso proporcionado de datos, utilizando s\u00f3lo los datos imprescindibles y necesarios para su tramitaci\u00f3n.<br \/>Igualmente, el centro educativo promociona la formaci\u00f3n en centros de trabajo o pr\u00e1cticas en empresas, para ello gestionar\u00e1 con empresas colaboradoras la informaci\u00f3n precisa y necesaria para la tramitaci\u00f3n de los acuerdos que vincula a ambas partes.<\/p>\n<p style=\"text-align: justify;\">El centro contrata seguros, bien de car\u00e1cter obligatorio, bien de car\u00e1cter voluntario, y donde las compa\u00f1\u00edas aseguradoras pueden verificar que, -en caso necesario- el asegurado tiene la condici\u00f3n de alumno matriculado. Por otro lado, para las p\u00f3lizas de viajes, s\u00f3lo se tratan listas con los datos de nombre, apellidos, DNI y fecha de nacimiento. En caso de siniestro de urgencia vital, el centro podr\u00e1 usar los datos del alumno para tramitar su inmediata atenci\u00f3n sanitaria.<\/p>\n<p style=\"text-align: justify;\">Los padres y madres de alumnos se organizan y agrupan voluntariamente en Asociaciones conocidas como AMPAS. El centro colaborar\u00e1 en las actividades promovidas por esta entidad, \u00fanicamente transmitiendo informaci\u00f3n y recogiendo impresos generados por el AMPA con los datos de alumnos asociados.<br \/>La finalidad de participaci\u00f3n en campa\u00f1as de vacunaci\u00f3n y\/o h\u00e1bitos saludables supone colaborar con listados, previa informaci\u00f3n y autorizaci\u00f3n de las familias, con la administraci\u00f3n sanitaria en las campa\u00f1as de vacunaci\u00f3n o de campa\u00f1as de alimentaci\u00f3n o higiene encaminadas a adquirir h\u00e1bitos saludables.<\/p>\n<p style=\"text-align: justify;\">El centro cuanta con un sistema de c\u00e1maras con fines de videovigilancia de instalaciones y personal, los datos que aqu\u00ed se tratan son las im\u00e1genes grabadas con ese fin.<\/p>\n<p style=\"text-align: justify;\">Los datos se recogen para los fines descritos, no se recogen para elaborar perfiles de los interesados para agruparlos en finalidades concretas<\/p>\n<h4>\u00a0<\/h4>\n<h4><span style=\"color: #ff0000;\">\u00bfCU\u00c1L ES LA LEGITIMACI\u00d3N PARA EL TRATAMIENTO DE LOS DATOS?<\/span><\/h4>\n<p>En el documento de informaci\u00f3n b\u00e1sica del proceso de matriculaci\u00f3n se recogen distintas finalidades. \u00c9stas tienen su licitud de tratamiento derivado de los distintos supuestos recogidos en el art. 6 del RGPD. La licitud se basa bien el en consentimiento \u2013 participar en las actividades extraescolares; participar en actividades pastorales adecuadas al Ideario organizadas fuera del horario escolar; utilizaci\u00f3n de las im\u00e1genes de las actividades para dotar contenidos a la p\u00e1gina web y a las redes sociales del centro y de la congregaci\u00f3n; participar en campa\u00f1as de sensibilizaci\u00f3n y cooperaci\u00f3n con entidades y plataformas sociales salesianas; contratar el seguro voluntario: participar de actividades organizadas por el AMPA; gestionar cobros de aportaciones voluntarias o donativos; participar en campa\u00f1as de vacunaci\u00f3n y\/o h\u00e1bitos saludables-, bien en una relaci\u00f3n contractual \u2013 gesti\u00f3n de cobros de actividades o servicios complementarios realizados por terceros; acuerdos con empresas para pr\u00e1cticas en centros de trabajo, acuerdos con familias de intercambio; gestionar altas de cuentas de correo y aplicaciones para educaci\u00f3n-, bien por virtud del cumplimiento de una obligaci\u00f3n legal \u2013tramitar el proceso de matriculaci\u00f3n y la generaci\u00f3n de documentos de car\u00e1cter educativo vinculados a la gesti\u00f3n escolar; seguros obligatorios- o bien en virtud del inter\u00e9s p\u00fablico \u2013 videovigilancia-, o el inter\u00e9s leg\u00edtimo \u2013 utilizaci\u00f3n de una herramienta de gesti\u00f3n educativa y participar de actividades pastorales programadas en el entorno educativo-.<br \/>En los casos donde la legitimaci\u00f3n est\u00e1 basada en el consentimiento, el interesado puede retirar \u00e9ste en cualquier momento.<\/p>\n<h4>\u00a0<\/h4>\n<h4><span style=\"color: #ff0000;\">\u00bfCU\u00c1L ES EL TIEMPO DE CONSERVACI\u00d3N DE LOS DATOS?<\/span><\/h4>\n<p>Los datos se conservar\u00e1n mientras se mantenga la condici\u00f3n de alumno del centro. Posteriormente los datos a conservar ser\u00e1n exclusivamente aquellos de contenido acad\u00e9mico. El centro conservar\u00e1 aquellos otros datos que, por raz\u00f3n de car\u00e1cter hist\u00f3rico o estad\u00edstico, tanto en lo individual como en lo colectivo, considere el centro conservan en base a la legitimaci\u00f3n de sus propias actividades. En el caso de participaci\u00f3n en actividades, campa\u00f1as o eventos puntuales, la conservaci\u00f3n se extiende al tiempo de duraci\u00f3n de esa actividad. Los datos tambi\u00e9n se conservar\u00e1n durante el tiempo que sea procedente atender solicitud de supresi\u00f3n o por atender per\u00edodos legales de conservaci\u00f3n.<\/p>\n<p>Las im\u00e1genes de videovilgilancia se conservar\u00e1n durante un mes, durante ese plazo estar\u00e1n a disposici\u00f3n de los Cuerpos y Fuerzas de Seguridad del Estado o de la Autoridad judicial. El plazo puede verse interrumpido por estar iniciado un proceso de investigaci\u00f3n.<\/p>\n<h4>\u00a0<\/h4>\n<h4><span style=\"color: #ff0000;\">\u00bfQUIENES SON DESTINATARIOS LOS DATOS?<\/span><\/h4>\n<p>Los datos recogidos en el proceso de matriculaci\u00f3n no se ceden a terceros, salvo consentimiento que deber\u00e1 pedirse expresamente.<br \/>Este consentimiento no ser\u00e1 necesario si la legitimaci\u00f3n del tratamiento se basa en la existencia de una obligaci\u00f3n legal, en la existencia de una relaci\u00f3n contractual o por virtud del inter\u00e9s p\u00fablico y\/o del inter\u00e9s leg\u00edtimo del centro que, como responsable del tratamiento realice, y siempre que no sea contrario a los derechos y libertades del interesado.<\/p>\n<p>As\u00ed, la administraci\u00f3n educativa auton\u00f3mica recibir\u00e1 la informaci\u00f3n relativa a la matriculaci\u00f3n y elementos de evaluaci\u00f3n y seguimiento que afecten al expediente acad\u00e9mico del interesado. Las entidades bancarias la informaci\u00f3n relativa a la gesti\u00f3n de cobros y pagos de actividades extraescolares o servicios complementarios ofrecidas por el centro o la gesti\u00f3n de aportaciones voluntarias para contribuir con la obra salesiana o con mejoras del centro. Las aseguradoras los datos relativos a la contrataci\u00f3n de productos asegurador que tengan al alumno como asegurado. El proveedor de la plataforma de gesti\u00f3n educativa respecto de los datos necesarios para la dotaci\u00f3n de contenidos y gesti\u00f3n de la herramienta de gesti\u00f3n docente. Las empresas colaboradoras de pr\u00e1cticas laborales y formaci\u00f3n en centros de trabajo respecto de aquellos datos identificativos de los alumnos participantes. Las entidades y plataformas salesianas respecto de los datos necesarios para la participaci\u00f3n en actividades y campa\u00f1as de educaci\u00f3n, sensibilizaci\u00f3n y cooperaci\u00f3n. La Asociaci\u00f3n de Padres y Madres de alumnos respecto de los datos de quienes voluntariamente deciden asociarse. Las im\u00e1genes de videovigilancia se destinan a esclarecer hechos que deba resolver los Cuerpos y Fuerzas de Seguridad del Estado o de la Autoridad judicial.<\/p>\n<h4>\u00a0<\/h4>\n<h4><span style=\"color: #ff0000;\">\u00bfQU\u00c9 DERECHOS TENGO ANTE EL TRATAMIENTO DE MIS DATOS?<\/span><\/h4>\n<p>Como interesado, usted puede ejercer sus derechos de forma gratuita y recibir respuesta en el plazo de un mes, con car\u00e1cter general. Tiene derecho a acceder a sus datos, a rectificarlos o suprimirlos, a oponerse al tratamiento o solicitar su limitaci\u00f3n o portabilidad, a no ser objeto de decisiones individuales automatizadas. Para ello deber\u00e1 enviar su solicitud a la direcci\u00f3n postal o de correo informada en la definici\u00f3n de responsable del tratamiento.<\/p>\n<p>En caso de que tenga dudas sobre si el contenido de la respuesta es o no adecuado y proporcional, puede consultar directamente con el Delegado de Protecci\u00f3n de Datos en la direcci\u00f3n protecciondatos@salesianos.edu y, en todo caso, puede dirigirse a la Autoridad de Control en materia de protecci\u00f3n de datos <a href=\"http:\/\/www.aepd.es\" target=\"_blank\" rel=\"noopener noreferrer\">www.aepd.es<\/a><\/p>\n<\/div>\n<p>[\/et_pb_text][\/et_pb_column][\/et_pb_row][\/et_pb_section]<\/p>\n","protected":false},"excerpt":{"rendered":"<p>Protecci\u00f3n de datos sobre el proceso de matriculaciones \u00bfQUI\u00c9N ES EL RESPONSABLE DEL TRATAMIENTO? DPO <div class=\"et_pb_row et_pb_row_0 et_pb_row_empty\">\n\t\t\t\t\n\t\t\t\t\n\t\t\t\t\n\t\t\t\t\n\t\t\t\t\n\t\t\t<\/div> \u00bfQU\u00c9 DATOS TRATAMOS?Los datos que recogemos en el proceso de matriculaci\u00f3n se agrupan en distintas categor\u00edas:\u2022 Datos identificativos: se refiere a datos como el nombre, apellidos, fecha de nacimiento, DNI, domicilio, fotograf\u00eda, nacionalidad.\u2022 Datos acad\u00e9micos: curso, centro de procedencia, [&hellip;]<\/p>\n","protected":false},"author":3,"featured_media":0,"parent":0,"menu_order":0,"comment_status":"closed","ping_status":"closed","template":"","meta":{"_et_pb_use_builder":"on","_et_pb_old_content":"","_et_gb_content_width":"","footnotes":""},"class_list":["post-8715","page","type-page","status-publish","hentry"],"yoast_head":"<!-- This site is optimized with the Yoast SEO plugin v27.4 - https:\/\/yoast.com\/product\/yoast-seo-wordpress\/ -->\n<title>Privacidad Matriculaciones - Colegio Salesiano San Pedro<\/title>\n<meta name=\"robots\" content=\"index, follow, max-snippet:-1, max-image-preview:large, max-video-preview:-1\" \/>\n<link rel=\"canonical\" href=\"https:\/\/triana.salesianos.edu\/colegio\/privacidad-matriculaciones\/\" \/>\n<meta property=\"og:locale\" content=\"es_ES\" \/>\n<meta property=\"og:type\" content=\"article\" \/>\n<meta property=\"og:title\" content=\"Privacidad Matriculaciones - Colegio Salesiano San Pedro\" \/>\n<meta property=\"og:description\" content=\"Protecci\u00f3n de datos sobre el proceso de matriculaciones \u00bfQUI\u00c9N ES EL RESPONSABLE DEL TRATAMIENTO? DPO \u00bfQU\u00c9 DATOS TRATAMOS?Los datos que recogemos en el proceso de matriculaci\u00f3n se agrupan en distintas categor\u00edas:\u2022 Datos identificativos: se refiere a datos como el nombre, apellidos, fecha de nacimiento, DNI, domicilio, fotograf\u00eda, nacionalidad.\u2022 Datos acad\u00e9micos: curso, centro de procedencia, [&hellip;]\" \/>\n<meta property=\"og:url\" content=\"https:\/\/triana.salesianos.edu\/colegio\/privacidad-matriculaciones\/\" \/>\n<meta property=\"og:site_name\" content=\"Colegio Salesiano San Pedro\" \/>\n<meta name=\"twitter:card\" content=\"summary_large_image\" \/>\n<meta name=\"twitter:label1\" content=\"Tiempo de lectura\" \/>\n\t<meta name=\"twitter:data1\" content=\"13 minutos\" \/>\n<script type=\"application\/ld+json\" class=\"yoast-schema-graph\">{\"@context\":\"https:\\\/\\\/schema.org\",\"@graph\":[{\"@type\":\"WebPage\",\"@id\":\"https:\\\/\\\/triana.salesianos.edu\\\/colegio\\\/privacidad-matriculaciones\\\/\",\"url\":\"https:\\\/\\\/triana.salesianos.edu\\\/colegio\\\/privacidad-matriculaciones\\\/\",\"name\":\"Privacidad Matriculaciones - Colegio Salesiano San Pedro\",\"isPartOf\":{\"@id\":\"https:\\\/\\\/triana.salesianos.edu\\\/colegio\\\/#website\"},\"datePublished\":\"2019-04-22T08:38:10+00:00\",\"breadcrumb\":{\"@id\":\"https:\\\/\\\/triana.salesianos.edu\\\/colegio\\\/privacidad-matriculaciones\\\/#breadcrumb\"},\"inLanguage\":\"es\",\"potentialAction\":[{\"@type\":\"ReadAction\",\"target\":[\"https:\\\/\\\/triana.salesianos.edu\\\/colegio\\\/privacidad-matriculaciones\\\/\"]}]},{\"@type\":\"BreadcrumbList\",\"@id\":\"https:\\\/\\\/triana.salesianos.edu\\\/colegio\\\/privacidad-matriculaciones\\\/#breadcrumb\",\"itemListElement\":[{\"@type\":\"ListItem\",\"position\":1,\"name\":\"Portada\",\"item\":\"https:\\\/\\\/triana.salesianos.edu\\\/colegio\\\/\"},{\"@type\":\"ListItem\",\"position\":2,\"name\":\"Privacidad Matriculaciones\"}]},{\"@type\":\"WebSite\",\"@id\":\"https:\\\/\\\/triana.salesianos.edu\\\/colegio\\\/#website\",\"url\":\"https:\\\/\\\/triana.salesianos.edu\\\/colegio\\\/\",\"name\":\"Colegio Salesiano San Pedro\",\"description\":\"P\u00e1gina oficial Salesianos Triana Sevilla\",\"potentialAction\":[{\"@type\":\"SearchAction\",\"target\":{\"@type\":\"EntryPoint\",\"urlTemplate\":\"https:\\\/\\\/triana.salesianos.edu\\\/colegio\\\/?s={search_term_string}\"},\"query-input\":{\"@type\":\"PropertyValueSpecification\",\"valueRequired\":true,\"valueName\":\"search_term_string\"}}],\"inLanguage\":\"es\"}]}<\/script>\n<!-- \/ Yoast SEO plugin. -->","yoast_head_json":{"title":"Privacidad Matriculaciones - Colegio Salesiano San Pedro","robots":{"index":"index","follow":"follow","max-snippet":"max-snippet:-1","max-image-preview":"max-image-preview:large","max-video-preview":"max-video-preview:-1"},"canonical":"https:\/\/triana.salesianos.edu\/colegio\/privacidad-matriculaciones\/","og_locale":"es_ES","og_type":"article","og_title":"Privacidad Matriculaciones - Colegio Salesiano San Pedro","og_description":"Protecci\u00f3n de datos sobre el proceso de matriculaciones \u00bfQUI\u00c9N ES EL RESPONSABLE DEL TRATAMIENTO? DPO \u00bfQU\u00c9 DATOS TRATAMOS?Los datos que recogemos en el proceso de matriculaci\u00f3n se agrupan en distintas categor\u00edas:\u2022 Datos identificativos: se refiere a datos como el nombre, apellidos, fecha de nacimiento, DNI, domicilio, fotograf\u00eda, nacionalidad.\u2022 Datos acad\u00e9micos: curso, centro de procedencia, [&hellip;]","og_url":"https:\/\/triana.salesianos.edu\/colegio\/privacidad-matriculaciones\/","og_site_name":"Colegio Salesiano San Pedro","twitter_card":"summary_large_image","twitter_misc":{"Tiempo de lectura":"13 minutos"},"schema":{"@context":"https:\/\/schema.org","@graph":[{"@type":"WebPage","@id":"https:\/\/triana.salesianos.edu\/colegio\/privacidad-matriculaciones\/","url":"https:\/\/triana.salesianos.edu\/colegio\/privacidad-matriculaciones\/","name":"Privacidad Matriculaciones - Colegio Salesiano San Pedro","isPartOf":{"@id":"https:\/\/triana.salesianos.edu\/colegio\/#website"},"datePublished":"2019-04-22T08:38:10+00:00","breadcrumb":{"@id":"https:\/\/triana.salesianos.edu\/colegio\/privacidad-matriculaciones\/#breadcrumb"},"inLanguage":"es","potentialAction":[{"@type":"ReadAction","target":["https:\/\/triana.salesianos.edu\/colegio\/privacidad-matriculaciones\/"]}]},{"@type":"BreadcrumbList","@id":"https:\/\/triana.salesianos.edu\/colegio\/privacidad-matriculaciones\/#breadcrumb","itemListElement":[{"@type":"ListItem","position":1,"name":"Portada","item":"https:\/\/triana.salesianos.edu\/colegio\/"},{"@type":"ListItem","position":2,"name":"Privacidad Matriculaciones"}]},{"@type":"WebSite","@id":"https:\/\/triana.salesianos.edu\/colegio\/#website","url":"https:\/\/triana.salesianos.edu\/colegio\/","name":"Colegio Salesiano San Pedro","description":"P\u00e1gina oficial Salesianos Triana Sevilla","potentialAction":[{"@type":"SearchAction","target":{"@type":"EntryPoint","urlTemplate":"https:\/\/triana.salesianos.edu\/colegio\/?s={search_term_string}"},"query-input":{"@type":"PropertyValueSpecification","valueRequired":true,"valueName":"search_term_string"}}],"inLanguage":"es"}]}},"_links":{"self":[{"href":"https:\/\/triana.salesianos.edu\/colegio\/wp-json\/wp\/v2\/pages\/8715","targetHints":{"allow":["GET"]}}],"collection":[{"href":"https:\/\/triana.salesianos.edu\/colegio\/wp-json\/wp\/v2\/pages"}],"about":[{"href":"https:\/\/triana.salesianos.edu\/colegio\/wp-json\/wp\/v2\/types\/page"}],"author":[{"embeddable":true,"href":"https:\/\/triana.salesianos.edu\/colegio\/wp-json\/wp\/v2\/users\/3"}],"replies":[{"embeddable":true,"href":"https:\/\/triana.salesianos.edu\/colegio\/wp-json\/wp\/v2\/comments?post=8715"}],"version-history":[{"count":1,"href":"https:\/\/triana.salesianos.edu\/colegio\/wp-json\/wp\/v2\/pages\/8715\/revisions"}],"predecessor-version":[{"id":8716,"href":"https:\/\/triana.salesianos.edu\/colegio\/wp-json\/wp\/v2\/pages\/8715\/revisions\/8716"}],"wp:attachment":[{"href":"https:\/\/triana.salesianos.edu\/colegio\/wp-json\/wp\/v2\/media?parent=8715"}],"curies":[{"name":"wp","href":"https:\/\/api.w.org\/{rel}","templated":true}]}}