{"id":8098,"date":"2018-02-15T00:18:21","date_gmt":"2018-02-14T23:18:21","guid":{"rendered":"https:\/\/triana.salesianos.edu\/colegio\/?page_id=8098"},"modified":"2025-10-02T12:10:20","modified_gmt":"2025-10-02T11:10:20","slug":"pastoral-escolar","status":"publish","type":"page","link":"https:\/\/triana.salesianos.edu\/colegio\/pastoral-escolar\/","title":{"rendered":"Pastoral Escolar"},"content":{"rendered":"<div id=\"fb-root\"><\/div>\n<p>[et_pb_section fb_built=\u00bb1&#8243; fullwidth=\u00bbon\u00bb _builder_version=\u00bb4.16&#8243; global_colors_info=\u00bb{}\u00bb][et_pb_fullwidth_header title=\u00bbPastoral Escolar\u00bb title_font_color=\u00bb#ffffff\u00bb module_class=\u00bbpagina-imagen-cabecera\u00bb _builder_version=\u00bb4.16&#8243; title_text_color=\u00bb#ffffff\u00bb title_font_size=\u00bb40px\u00bb background_color=\u00bbrgba(255, 255, 255, 0)\u00bb background_image=\u00bbhttps:\/\/triana.salesianos.edu\/colegio\/wp-content\/uploads\/sites\/2\/2018\/02\/P1130304.jpg\u00bb background_position=\u00bbtop_center\u00bb background_layout=\u00bblight\u00bb max_width_tablet=\u00bb50px\u00bb background_url=\u00bbhttp:\/\/webpiloto.salesianos.edu\/wp-content\/uploads\/2017\/02\/ImagenPAGINA01.png\u00bb global_colors_info=\u00bb{}\u00bb button_one_text_size__hover_enabled=\u00bboff\u00bb button_two_text_size__hover_enabled=\u00bboff\u00bb button_one_text_color__hover_enabled=\u00bboff\u00bb button_two_text_color__hover_enabled=\u00bboff\u00bb button_one_border_width__hover_enabled=\u00bboff\u00bb button_two_border_width__hover_enabled=\u00bboff\u00bb button_one_border_color__hover_enabled=\u00bboff\u00bb button_two_border_color__hover_enabled=\u00bboff\u00bb button_one_border_radius__hover_enabled=\u00bboff\u00bb button_two_border_radius__hover_enabled=\u00bboff\u00bb button_one_letter_spacing__hover_enabled=\u00bboff\u00bb button_two_letter_spacing__hover_enabled=\u00bboff\u00bb button_one_bg_color__hover_enabled=\u00bboff\u00bb button_two_bg_color__hover_enabled=\u00bboff\u00bb][\/et_pb_fullwidth_header][\/et_pb_section][et_pb_section fb_built=\u00bb1&#8243; module_class=\u00bbpagina-seccion-contenido\u00bb _builder_version=\u00bb4.16&#8243; custom_padding=\u00bb-4%|||\u00bb transparent_background=\u00bboff\u00bb make_fullwidth=\u00bboff\u00bb use_custom_width=\u00bboff\u00bb width_unit=\u00bbon\u00bb global_colors_info=\u00bb{}\u00bb][et_pb_row column_structure=\u00bb2_3,1_3&#8243; module_class=\u00bbpagina-texto\u00bb _builder_version=\u00bb4.16&#8243; background_size=\u00bbinitial\u00bb background_position=\u00bbtop_left\u00bb background_repeat=\u00bbrepeat\u00bb make_fullwidth=\u00bboff\u00bb use_custom_width=\u00bboff\u00bb width_unit=\u00bbon\u00bb global_colors_info=\u00bb{}\u00bb][et_pb_column type=\u00bb2_3&#8243; _builder_version=\u00bb4.16&#8243; custom_padding=\u00bb|||\u00bb global_colors_info=\u00bb{}\u00bb custom_padding__hover=\u00bb|||\u00bb][et_pb_testimonial author=\u00bbMar\u00eda Jes\u00fas D\u00edaz Le\u00f3n\u00bb job_title=\u00bbCoordinadora de Pastoral Escolar\u00bb portrait_url=\u00bbhttps:\/\/triana.salesianos.edu\/colegio\/wp-content\/uploads\/sites\/2\/2025\/10\/foto-3-1.jpg\u00bb _builder_version=\u00bb4.27.4&#8243; global_colors_info=\u00bb{}\u00bb]<\/p>\n<p dir=\"ltr\">Mi nombre es\u00a0Mar\u00eda Jes\u00fas D\u00edaz\u00a0y soy la coordinadora de\u00a0Pastoral Escolar.<\/p>\n<p dir=\"ltr\">Si has llegado hasta este apartado de la web, probablemente te preguntes qu\u00e9 es la Pastoral, qu\u00e9 hacemos cada d\u00eda y cu\u00e1l es nuestro prop\u00f3sito.<\/p>\n<p dir=\"ltr\">La\u00a0Pastoral Escolar\u00a0es el coraz\u00f3n de nuestra casa, est\u00e1 presente en cada momento, acompa\u00f1ando a nuestros alumnos a crecer como personas y a vivir la fe de manera cercana.<\/p>\n<p dir=\"ltr\">Todos los que formamos parte de la comunidad educativa somos parte de la Pastoral: la cuidamos, la vivimos y la hacemos posible. Adem\u00e1s, contamos con un equipo de nueve personas que se dedica a\u00a0planificar, organizar y acercar el sue\u00f1o de Don Bosco\u00a0a nuestros alumnos, asegur\u00e1ndose de que cada acci\u00f3n tenga sentido y deje huella.<\/p>\n<p dir=\"ltr\">Nuestro objetivo es claro: queremos\u00a0formar buenos cristianos y honrados ciudadanos. Por eso, cada experiencia que ofrecemos va m\u00e1s all\u00e1 de lo educativo; buscamos que sea tambi\u00e9n una experiencia de encuentro con\u00a0<b>Dios<\/b>. Ponemos a\u00a0<b>Jes\u00fas<\/b>\u00a0como modelo de vida y a\u00a0<b>Mar\u00eda<\/b>\u00a0como gu\u00eda y madre cercana. As\u00ed, acompa\u00f1amos a los j\u00f3venes para que descubran el proyecto que Dios tiene para cada uno de nosotros.<\/p>\n<p dir=\"ltr\">Para lograrlo, durante el curso proponemos distintas actividades: los Buenos D\u00edas, la vivencia de los sacramentos de la Eucarist\u00eda y del Perd\u00f3n, convivencias, campa\u00f1as solidarias, celebraciones de los tiempos lit\u00fargicos y otras iniciativas que permiten a nuestros alumnos vivir la fe.<\/p>\n<p dir=\"ltr\">En nuestra casa,\u00a0la Pastoral somos todos, y nuestra gran misi\u00f3n es\u00a0continuar el sue\u00f1o de Don Bosco, acompa\u00f1ando a los j\u00f3venes de Triana en su crecimiento personal y espiritual.<\/p>\n<p>[\/et_pb_testimonial][et_pb_image src=\u00bbhttps:\/\/triana.salesianos.edu\/colegio\/wp-content\/uploads\/sites\/2\/2025\/09\/unnamed-2025-09-29T120648.077-scaled.jpg\u00bb title_text=\u00bbunnamed &#8211; 2025-09-29T120648.077&#8243; align_tablet=\u00bbcenter\u00bb align_phone=\u00bb\u00bb align_last_edited=\u00bbon|desktop\u00bb _builder_version=\u00bb4.27.4&#8243; always_center_on_mobile=\u00bbon\u00bb global_colors_info=\u00bb{}\u00bb][\/et_pb_image][\/et_pb_column][et_pb_column type=\u00bb1_3&#8243; _builder_version=\u00bb4.16&#8243; custom_padding=\u00bb|||\u00bb global_colors_info=\u00bb{}\u00bb custom_padding__hover=\u00bb|||\u00bb][et_pb_button button_url=\u00bbhttps:\/\/salesianos.info\/protagonistasdelahistoria\/\u00bb url_new_window=\u00bbon\u00bb button_text=\u00bbProtagonistas de la Historia\u00bb button_alignment=\u00bbleft\u00bb admin_label=\u00bbProtagonistas de la historia\u00bb _builder_version=\u00bb4.27.4&#8243; custom_button=\u00bbon\u00bb button_text_color=\u00bb#ffffff\u00bb button_bg_color=\u00bb#dc001b\u00bb button_border_color=\u00bb#dc001b\u00bb button_border_radius=\u00bb5&#8243; background_layout=\u00bbdark\u00bb saved_tabs=\u00bball\u00bb global_colors_info=\u00bb{}\u00bb button_text_size__hover_enabled=\u00bboff\u00bb button_one_text_size__hover_enabled=\u00bboff\u00bb button_two_text_size__hover_enabled=\u00bboff\u00bb button_text_color__hover_enabled=\u00bboff\u00bb button_one_text_color__hover_enabled=\u00bboff\u00bb button_two_text_color__hover_enabled=\u00bboff\u00bb button_border_width__hover_enabled=\u00bboff\u00bb button_one_border_width__hover_enabled=\u00bboff\u00bb button_two_border_width__hover_enabled=\u00bboff\u00bb button_border_color__hover_enabled=\u00bboff\u00bb button_one_border_color__hover_enabled=\u00bboff\u00bb button_two_border_color__hover_enabled=\u00bboff\u00bb button_border_radius__hover_enabled=\u00bboff\u00bb button_one_border_radius__hover_enabled=\u00bboff\u00bb button_two_border_radius__hover_enabled=\u00bboff\u00bb button_letter_spacing__hover_enabled=\u00bboff\u00bb button_one_letter_spacing__hover_enabled=\u00bboff\u00bb button_two_letter_spacing__hover_enabled=\u00bboff\u00bb button_bg_color__hover_enabled=\u00bboff\u00bb button_one_bg_color__hover_enabled=\u00bboff\u00bb button_two_bg_color__hover_enabled=\u00bboff\u00bb][\/et_pb_button][et_pb_button button_url=\u00bb\/colegio\/para-sumar\u00bb button_text=\u00bbPara Sumar\u00bb button_alignment=\u00bbleft\u00bb admin_label=\u00bbPara Sumar (Bot\u00f3n)\u00bb _builder_version=\u00bb4.16&#8243; custom_button=\u00bbon\u00bb button_text_color=\u00bb#ffffff\u00bb button_bg_color=\u00bb#dc001b\u00bb button_border_color=\u00bb#dc001b\u00bb button_border_radius=\u00bb5&#8243; background_layout=\u00bbdark\u00bb saved_tabs=\u00bball\u00bb global_colors_info=\u00bb{}\u00bb button_text_size__hover_enabled=\u00bboff\u00bb button_one_text_size__hover_enabled=\u00bboff\u00bb button_two_text_size__hover_enabled=\u00bboff\u00bb button_text_color__hover_enabled=\u00bboff\u00bb button_one_text_color__hover_enabled=\u00bboff\u00bb button_two_text_color__hover_enabled=\u00bboff\u00bb button_border_width__hover_enabled=\u00bboff\u00bb button_one_border_width__hover_enabled=\u00bboff\u00bb button_two_border_width__hover_enabled=\u00bboff\u00bb button_border_color__hover_enabled=\u00bboff\u00bb button_one_border_color__hover_enabled=\u00bboff\u00bb button_two_border_color__hover_enabled=\u00bboff\u00bb button_border_radius__hover_enabled=\u00bboff\u00bb button_one_border_radius__hover_enabled=\u00bboff\u00bb button_two_border_radius__hover_enabled=\u00bboff\u00bb button_letter_spacing__hover_enabled=\u00bboff\u00bb button_one_letter_spacing__hover_enabled=\u00bboff\u00bb button_two_letter_spacing__hover_enabled=\u00bboff\u00bb button_bg_color__hover_enabled=\u00bboff\u00bb button_one_bg_color__hover_enabled=\u00bboff\u00bb button_two_bg_color__hover_enabled=\u00bboff\u00bb][\/et_pb_button][et_pb_button button_url=\u00bb\/colegio\/solidaridad\u00bb button_text=\u00bbSolidaridad\u00bb button_alignment=\u00bbleft\u00bb admin_label=\u00bbSolidaridad (Bot\u00f3n)\u00bb _builder_version=\u00bb4.16&#8243; custom_button=\u00bbon\u00bb button_text_color=\u00bb#ffffff\u00bb button_bg_color=\u00bb#dc001b\u00bb button_border_color=\u00bb#dc001b\u00bb button_border_radius=\u00bb5&#8243; background_layout=\u00bbdark\u00bb saved_tabs=\u00bball\u00bb global_colors_info=\u00bb{}\u00bb button_text_size__hover_enabled=\u00bboff\u00bb button_one_text_size__hover_enabled=\u00bboff\u00bb button_two_text_size__hover_enabled=\u00bboff\u00bb button_text_color__hover_enabled=\u00bboff\u00bb button_one_text_color__hover_enabled=\u00bboff\u00bb button_two_text_color__hover_enabled=\u00bboff\u00bb button_border_width__hover_enabled=\u00bboff\u00bb button_one_border_width__hover_enabled=\u00bboff\u00bb button_two_border_width__hover_enabled=\u00bboff\u00bb button_border_color__hover_enabled=\u00bboff\u00bb button_one_border_color__hover_enabled=\u00bboff\u00bb button_two_border_color__hover_enabled=\u00bboff\u00bb button_border_radius__hover_enabled=\u00bboff\u00bb button_one_border_radius__hover_enabled=\u00bboff\u00bb button_two_border_radius__hover_enabled=\u00bboff\u00bb button_letter_spacing__hover_enabled=\u00bboff\u00bb button_one_letter_spacing__hover_enabled=\u00bboff\u00bb button_two_letter_spacing__hover_enabled=\u00bboff\u00bb button_bg_color__hover_enabled=\u00bboff\u00bb button_one_bg_color__hover_enabled=\u00bboff\u00bb button_two_bg_color__hover_enabled=\u00bboff\u00bb][\/et_pb_button][et_pb_image src=\u00bbhttps:\/\/triana.salesianos.edu\/colegio\/wp-content\/uploads\/sites\/2\/2025\/09\/protagonistas-def.png\u00bb title_text=\u00bbprotagonistas-def\u00bb _builder_version=\u00bb4.27.4&#8243; _module_preset=\u00bbdefault\u00bb global_colors_info=\u00bb{}\u00bb][\/et_pb_image][\/et_pb_column][\/et_pb_row][\/et_pb_section]<\/p>\n","protected":false},"excerpt":{"rendered":"<p>Mi nombre es\u00a0Mar\u00eda Jes\u00fas D\u00edaz\u00a0y soy la coordinadora de\u00a0Pastoral Escolar. Si has llegado hasta este apartado de la web, probablemente te preguntes qu\u00e9 es la Pastoral, qu\u00e9 hacemos cada d\u00eda y cu\u00e1l es nuestro prop\u00f3sito. La\u00a0Pastoral Escolar\u00a0es el coraz\u00f3n de nuestra casa, est\u00e1 presente en cada momento, acompa\u00f1ando a nuestros alumnos a crecer como personas [&hellip;]<\/p>\n","protected":false},"author":3,"featured_media":0,"parent":0,"menu_order":0,"comment_status":"closed","ping_status":"closed","template":"","meta":{"_et_pb_use_builder":"on","_et_pb_old_content":"","_et_gb_content_width":"","footnotes":""},"class_list":["post-8098","page","type-page","status-publish","hentry"],"yoast_head":"<!-- This site is optimized with the Yoast SEO plugin v27.3 - https:\/\/yoast.com\/product\/yoast-seo-wordpress\/ -->\n<title>Pastoral Escolar - Colegio Salesiano San Pedro<\/title>\n<meta name=\"robots\" content=\"index, follow, max-snippet:-1, max-image-preview:large, max-video-preview:-1\" \/>\n<link rel=\"canonical\" href=\"https:\/\/triana.salesianos.edu\/colegio\/pastoral-escolar\/\" \/>\n<meta property=\"og:locale\" content=\"es_ES\" \/>\n<meta property=\"og:type\" content=\"article\" \/>\n<meta property=\"og:title\" content=\"Pastoral Escolar - Colegio Salesiano San Pedro\" \/>\n<meta property=\"og:description\" content=\"Mi nombre es\u00a0Mar\u00eda Jes\u00fas D\u00edaz\u00a0y soy la coordinadora de\u00a0Pastoral Escolar. Si has llegado hasta este apartado de la web, probablemente te preguntes qu\u00e9 es la Pastoral, qu\u00e9 hacemos cada d\u00eda y cu\u00e1l es nuestro prop\u00f3sito. La\u00a0Pastoral Escolar\u00a0es el coraz\u00f3n de nuestra casa, est\u00e1 presente en cada momento, acompa\u00f1ando a nuestros alumnos a crecer como personas [&hellip;]\" \/>\n<meta property=\"og:url\" content=\"https:\/\/triana.salesianos.edu\/colegio\/pastoral-escolar\/\" \/>\n<meta property=\"og:site_name\" content=\"Colegio Salesiano San Pedro\" \/>\n<meta property=\"article:modified_time\" content=\"2025-10-02T11:10:20+00:00\" \/>\n<meta name=\"twitter:card\" content=\"summary_large_image\" \/>\n<meta name=\"twitter:label1\" content=\"Tiempo de lectura\" \/>\n\t<meta name=\"twitter:data1\" content=\"2 minutos\" \/>\n<script type=\"application\/ld+json\" class=\"yoast-schema-graph\">{\"@context\":\"https:\\\/\\\/schema.org\",\"@graph\":[{\"@type\":\"WebPage\",\"@id\":\"https:\\\/\\\/triana.salesianos.edu\\\/colegio\\\/pastoral-escolar\\\/\",\"url\":\"https:\\\/\\\/triana.salesianos.edu\\\/colegio\\\/pastoral-escolar\\\/\",\"name\":\"Pastoral Escolar - Colegio Salesiano San Pedro\",\"isPartOf\":{\"@id\":\"https:\\\/\\\/triana.salesianos.edu\\\/colegio\\\/#website\"},\"datePublished\":\"2018-02-14T23:18:21+00:00\",\"dateModified\":\"2025-10-02T11:10:20+00:00\",\"breadcrumb\":{\"@id\":\"https:\\\/\\\/triana.salesianos.edu\\\/colegio\\\/pastoral-escolar\\\/#breadcrumb\"},\"inLanguage\":\"es\",\"potentialAction\":[{\"@type\":\"ReadAction\",\"target\":[\"https:\\\/\\\/triana.salesianos.edu\\\/colegio\\\/pastoral-escolar\\\/\"]}]},{\"@type\":\"BreadcrumbList\",\"@id\":\"https:\\\/\\\/triana.salesianos.edu\\\/colegio\\\/pastoral-escolar\\\/#breadcrumb\",\"itemListElement\":[{\"@type\":\"ListItem\",\"position\":1,\"name\":\"Portada\",\"item\":\"https:\\\/\\\/triana.salesianos.edu\\\/colegio\\\/\"},{\"@type\":\"ListItem\",\"position\":2,\"name\":\"Pastoral Escolar\"}]},{\"@type\":\"WebSite\",\"@id\":\"https:\\\/\\\/triana.salesianos.edu\\\/colegio\\\/#website\",\"url\":\"https:\\\/\\\/triana.salesianos.edu\\\/colegio\\\/\",\"name\":\"Colegio Salesiano San Pedro\",\"description\":\"P\u00e1gina oficial Salesianos Triana Sevilla\",\"potentialAction\":[{\"@type\":\"SearchAction\",\"target\":{\"@type\":\"EntryPoint\",\"urlTemplate\":\"https:\\\/\\\/triana.salesianos.edu\\\/colegio\\\/?s={search_term_string}\"},\"query-input\":{\"@type\":\"PropertyValueSpecification\",\"valueRequired\":true,\"valueName\":\"search_term_string\"}}],\"inLanguage\":\"es\"}]}<\/script>\n<!-- \/ Yoast SEO plugin. -->","yoast_head_json":{"title":"Pastoral Escolar - Colegio Salesiano San Pedro","robots":{"index":"index","follow":"follow","max-snippet":"max-snippet:-1","max-image-preview":"max-image-preview:large","max-video-preview":"max-video-preview:-1"},"canonical":"https:\/\/triana.salesianos.edu\/colegio\/pastoral-escolar\/","og_locale":"es_ES","og_type":"article","og_title":"Pastoral Escolar - Colegio Salesiano San Pedro","og_description":"Mi nombre es\u00a0Mar\u00eda Jes\u00fas D\u00edaz\u00a0y soy la coordinadora de\u00a0Pastoral Escolar. Si has llegado hasta este apartado de la web, probablemente te preguntes qu\u00e9 es la Pastoral, qu\u00e9 hacemos cada d\u00eda y cu\u00e1l es nuestro prop\u00f3sito. La\u00a0Pastoral Escolar\u00a0es el coraz\u00f3n de nuestra casa, est\u00e1 presente en cada momento, acompa\u00f1ando a nuestros alumnos a crecer como personas [&hellip;]","og_url":"https:\/\/triana.salesianos.edu\/colegio\/pastoral-escolar\/","og_site_name":"Colegio Salesiano San Pedro","article_modified_time":"2025-10-02T11:10:20+00:00","twitter_card":"summary_large_image","twitter_misc":{"Tiempo de lectura":"2 minutos"},"schema":{"@context":"https:\/\/schema.org","@graph":[{"@type":"WebPage","@id":"https:\/\/triana.salesianos.edu\/colegio\/pastoral-escolar\/","url":"https:\/\/triana.salesianos.edu\/colegio\/pastoral-escolar\/","name":"Pastoral Escolar - Colegio Salesiano San Pedro","isPartOf":{"@id":"https:\/\/triana.salesianos.edu\/colegio\/#website"},"datePublished":"2018-02-14T23:18:21+00:00","dateModified":"2025-10-02T11:10:20+00:00","breadcrumb":{"@id":"https:\/\/triana.salesianos.edu\/colegio\/pastoral-escolar\/#breadcrumb"},"inLanguage":"es","potentialAction":[{"@type":"ReadAction","target":["https:\/\/triana.salesianos.edu\/colegio\/pastoral-escolar\/"]}]},{"@type":"BreadcrumbList","@id":"https:\/\/triana.salesianos.edu\/colegio\/pastoral-escolar\/#breadcrumb","itemListElement":[{"@type":"ListItem","position":1,"name":"Portada","item":"https:\/\/triana.salesianos.edu\/colegio\/"},{"@type":"ListItem","position":2,"name":"Pastoral Escolar"}]},{"@type":"WebSite","@id":"https:\/\/triana.salesianos.edu\/colegio\/#website","url":"https:\/\/triana.salesianos.edu\/colegio\/","name":"Colegio Salesiano San Pedro","description":"P\u00e1gina oficial Salesianos Triana Sevilla","potentialAction":[{"@type":"SearchAction","target":{"@type":"EntryPoint","urlTemplate":"https:\/\/triana.salesianos.edu\/colegio\/?s={search_term_string}"},"query-input":{"@type":"PropertyValueSpecification","valueRequired":true,"valueName":"search_term_string"}}],"inLanguage":"es"}]}},"_links":{"self":[{"href":"https:\/\/triana.salesianos.edu\/colegio\/wp-json\/wp\/v2\/pages\/8098","targetHints":{"allow":["GET"]}}],"collection":[{"href":"https:\/\/triana.salesianos.edu\/colegio\/wp-json\/wp\/v2\/pages"}],"about":[{"href":"https:\/\/triana.salesianos.edu\/colegio\/wp-json\/wp\/v2\/types\/page"}],"author":[{"embeddable":true,"href":"https:\/\/triana.salesianos.edu\/colegio\/wp-json\/wp\/v2\/users\/3"}],"replies":[{"embeddable":true,"href":"https:\/\/triana.salesianos.edu\/colegio\/wp-json\/wp\/v2\/comments?post=8098"}],"version-history":[{"count":25,"href":"https:\/\/triana.salesianos.edu\/colegio\/wp-json\/wp\/v2\/pages\/8098\/revisions"}],"predecessor-version":[{"id":25127,"href":"https:\/\/triana.salesianos.edu\/colegio\/wp-json\/wp\/v2\/pages\/8098\/revisions\/25127"}],"wp:attachment":[{"href":"https:\/\/triana.salesianos.edu\/colegio\/wp-json\/wp\/v2\/media?parent=8098"}],"curies":[{"name":"wp","href":"https:\/\/api.w.org\/{rel}","templated":true}]}}