{"id":7956,"date":"2018-02-09T00:26:27","date_gmt":"2018-02-08T23:26:27","guid":{"rendered":"https:\/\/triana.salesianos.edu\/colegio\/?page_id=7956"},"modified":"2021-02-14T12:20:42","modified_gmt":"2021-02-14T11:20:42","slug":"atencion-a-la-diversidad","status":"publish","type":"page","link":"https:\/\/triana.salesianos.edu\/colegio\/atencion-a-la-diversidad\/","title":{"rendered":"Atenci\u00f3n a la Diversidad"},"content":{"rendered":"<div id=\"fb-root\"><\/div>\n<p>[et_pb_section fb_built=\u00bb1&#8243; fullwidth=\u00bbon\u00bb _builder_version=\u00bb3.22&#8243;][et_pb_fullwidth_header title=\u00bbOrientaci\u00f3n\u00bb title_font_color=\u00bb#ffffff\u00bb module_class=\u00bbpagina-imagen-cabecera\u00bb _builder_version=\u00bb3.16&#8243; title_text_color=\u00bb#ffffff\u00bb title_font_size=\u00bb40px\u00bb background_color=\u00bbrgba(255, 255, 255, 0)\u00bb background_image=\u00bbhttps:\/\/triana.salesianos.edu\/colegio\/wp-content\/uploads\/sites\/2\/2018\/02\/P1130160.jpg\u00bb background_layout=\u00bblight\u00bb max_width_tablet=\u00bb50px\u00bb background_url=\u00bbhttp:\/\/webpiloto.salesianos.edu\/wp-content\/uploads\/2017\/02\/ImagenPAGINA01.png\u00bb button_one_text_size__hover_enabled=\u00bboff\u00bb button_two_text_size__hover_enabled=\u00bboff\u00bb button_one_text_color__hover_enabled=\u00bboff\u00bb button_two_text_color__hover_enabled=\u00bboff\u00bb button_one_border_width__hover_enabled=\u00bboff\u00bb button_two_border_width__hover_enabled=\u00bboff\u00bb button_one_border_color__hover_enabled=\u00bboff\u00bb button_two_border_color__hover_enabled=\u00bboff\u00bb button_one_border_radius__hover_enabled=\u00bboff\u00bb button_two_border_radius__hover_enabled=\u00bboff\u00bb button_one_letter_spacing__hover_enabled=\u00bboff\u00bb button_two_letter_spacing__hover_enabled=\u00bboff\u00bb button_one_bg_color__hover_enabled=\u00bboff\u00bb button_two_bg_color__hover_enabled=\u00bboff\u00bb][\/et_pb_fullwidth_header][\/et_pb_section][et_pb_section fb_built=\u00bb1&#8243; module_class=\u00bbpagina-seccion-contenido\u00bb _builder_version=\u00bb3.22&#8243; custom_padding=\u00bb-4%|||\u00bb transparent_background=\u00bboff\u00bb make_fullwidth=\u00bboff\u00bb use_custom_width=\u00bboff\u00bb width_unit=\u00bbon\u00bb][et_pb_row column_structure=\u00bb2_3,1_3&#8243; module_class=\u00bbpagina-texto\u00bb _builder_version=\u00bb3.25&#8243; background_size=\u00bbinitial\u00bb background_position=\u00bbtop_left\u00bb background_repeat=\u00bbrepeat\u00bb make_fullwidth=\u00bboff\u00bb use_custom_width=\u00bboff\u00bb width_unit=\u00bbon\u00bb][et_pb_column type=\u00bb2_3&#8243; _builder_version=\u00bb3.25&#8243; custom_padding=\u00bb|||\u00bb custom_padding__hover=\u00bb|||\u00bb][et_pb_text admin_label=\u00bbDescripci\u00f3n de la etapa (Texto)\u00bb _builder_version=\u00bb4.9.0&#8243; border_style_all=\u00bbsolid\u00bb border_style=\u00bbsolid\u00bb]<\/p>\n<h2>La Atenci\u00f3n a la Diversidad<\/h2>\n<p>La diversidad es una caracter\u00edstica intr\u00ednseca de los grupos humanos, ya que cada persona tiene un modo especial de pensar, de sentir y de actuar, independientemente de que, desde el punto de vista evolutivo, existan unos patrones cognitivos, afectivos y conductuales con ciertas semejanzas. Dicha variabilidad, ligada a diferencias en las capacidades, necesidades, intereses, ritmo de maduraci\u00f3n, condiciones socioculturales, etc., abarca un amplio espectro de situaciones, en cuyos extremos aparecen los sujetos que m\u00e1s se alejan de lo habitual. Frente a una visi\u00f3n que asocia el concepto de diversidad exclusivamente a los colectivos que tienen unas peculiaridades tales que requieren un diagn\u00f3stico y una atenci\u00f3n por parte de profesionales especializados, consideramos que en los grupos educativos existe una variabilidad natural, a la que se debe ofrecer una atenci\u00f3n educativa de calidada lo largo de toda la escolaridad.<\/p>\n<p>Cuando hablamos de una escuela diversa e inclusiva, nos referimos a esa escuela que trabaja por ofrecer una educaci\u00f3n de calidad a todo su alumnado, independientemente de la condici\u00f3n personal y\/o social que sea.<\/p>\n<p>Nuestra escuela salesiana,\u00a0 apuesta por la diversidad ya que cree desde sus m\u00e1s profundas ra\u00edces que las diferencias enriquecen.<\/p>\n<p>Nuestro alumnado es muy diverso, diferente pero con un denominador com\u00fan: su derecho a la educaci\u00f3n y a crecer de manera integral en todos los aspectos personales, acad\u00e9micos y profesionales.<\/p>\n<p>Entendemos la ATENCI\u00d3N A LA DIVERSIDAD como el conjunto de acciones educativas que en un sentido amplio intentan prevenir y dar respuesta a las necesidades, temporales o permanentes, de todo el alumnado del centro y, entre ellos, a los que requieren una actuaci\u00f3n espec\u00edfica derivada de factores personales o sociales relacionados con situaciones de desventaja sociocultural, de altas capacidades y de discapacidad f\u00edsica, ps\u00edquica o sensorial.<\/p>\n<p>Seg\u00fan la Ley, los alumnos que presentan Necesidades Espec\u00edficas de Apoyo Educativo (NEAE) son: Alumnado que requiere, por un per\u00edodo de su escolarizaci\u00f3n o a lo largo de toda ella, una atenci\u00f3n educativa diferente a la ordinaria por presentar necesidades educativas especiales, dificultades de aprendizaje, altas capacidades intelectuales, o precisar de acciones de car\u00e1cter compensatorio.<\/p>\n<p>&nbsp;<\/p>\n<p>[\/et_pb_text][et_pb_tabs _builder_version=\u00bb4.9.0&#8243; hover_enabled=\u00bb0&#8243; sticky_enabled=\u00bb0&#8243;][et_pb_tab title=\u00bbNEE\u00bb _builder_version=\u00bb3.0.89&#8243;]<strong>Necesidades Educativas Especiales (NEE):<\/strong><\/p>\n<p>Con las nuevas instrucciones se modifica el concepto de nee: los alumnos que por un periodo de su escolarizaci\u00f3n o a lo largo de toda ella, requieren de determinados apoyos y atenciones educativas espec\u00edficas derivadas de discapacidad, trastornos graves de conducta, trastornos grave de desarrollo o TDAH. (Trastornos graves del desarrollo, discapacidad visual, intelectual, auditiva, trastorno de la comunicaci\u00f3n, discapacidad f\u00edsica, trastornos del espectro autista, trastorno graves de conducta, trastorno por d\u00e9ficit de atenci\u00f3n con y sin hiperactividad, otros trastornos)<br \/>\n[\/et_pb_tab][et_pb_tab title=\u00bbDificultades de Aprendizaje (DIA)\u00bb _builder_version=\u00bb4.9.0&#8243; hover_enabled=\u00bb0&#8243; sticky_enabled=\u00bb0&#8243;]<\/p>\n<p><strong>\u00a0Dificultades de aprendizaje:<\/strong><\/p>\n<p>Alumnado que requiere, por un per\u00edodo de escolarizaci\u00f3n o a lo largo de toda ella, una atenci\u00f3n educativa diferente a la ordinaria por presentar des\u00f3rdenes significativos en los procesos cognitivos b\u00e1sicos implicados en los procesos de aprendizaje, que interfieren significativamente en el rendimiento escolar y en las actividades de la vida cotidiana del alumno y que no vienen determinadas por una discapacidad intelectual, sensorial o mot\u00f3rica, por un trastorno emocional grave, ni por falta de oportunidades para el aprendizaje o por factores socioculturales. Existen varios tipos: Dificultades espec\u00edficas de aprendizaje, dificultades de aprendizaje por retraso en el lenguaje, dificultades de aprendizaje por capacidad intelectual l\u00edmite o dificultades de aprendizaje derivadas de trastorno por d\u00e9ficit de atenci\u00f3n con o sin hiperactividad.<\/p>\n<p>&nbsp;<\/p>\n<p>[\/et_pb_tab][et_pb_tab title=\u00bbAltas Capacidades \u00bb _builder_version=\u00bb3.0.89&#8243;]<strong>Altas Capacidades Intelectuales:<\/strong><\/p>\n<p>Alumnado que maneja y relaciona m\u00faltiples recursos cognitivos de tipo l\u00f3gico, num\u00e9rico, espacial, de memoria, verbal y creativo, o bien destaca especialmente y de manera excepcional en el manejo de uno o varios de ellos. A efectos de clasificaci\u00f3n, se consideran tres grupos: Sobredotaci\u00f3n intelectual, talento complejo y talento simple.<br \/>\n[\/et_pb_tab][et_pb_tab title=\u00bbCompensatoria\u00bb _builder_version=\u00bb3.0.89&#8243;]Alumnado que precisa de acciones de car\u00e1cter compensatorio.<br \/>\n[\/et_pb_tab][\/et_pb_tabs][\/et_pb_column][et_pb_column type=\u00bb1_3&#8243; _builder_version=\u00bb3.25&#8243; custom_padding=\u00bb|||\u00bb custom_padding__hover=\u00bb|||\u00bb][et_pb_text admin_label=\u00bbPara saber m\u00e1s (Texto)\u00bb _builder_version=\u00bb3.27.4&#8243;]<\/p>\n<h2>Para saber m\u00e1s&#8230;<\/h2>\n<p>[\/et_pb_text][et_pb_button button_url=\u00bb\/colegio\/orientacion\u00bb button_text=\u00bbOrientaci\u00f3n\u00bb button_alignment=\u00bbleft\u00bb admin_label=\u00bbOrientaci\u00f3n (Bot\u00f3n)\u00bb _builder_version=\u00bb3.16&#8243; custom_button=\u00bbon\u00bb button_text_color=\u00bb#ffffff\u00bb button_bg_color=\u00bb#dc001b\u00bb button_border_color=\u00bb#dc001b\u00bb button_border_radius=\u00bb5&#8243; background_layout=\u00bbdark\u00bb saved_tabs=\u00bball\u00bb button_text_size__hover_enabled=\u00bboff\u00bb button_one_text_size__hover_enabled=\u00bboff\u00bb button_two_text_size__hover_enabled=\u00bboff\u00bb button_text_color__hover_enabled=\u00bboff\u00bb button_one_text_color__hover_enabled=\u00bboff\u00bb button_two_text_color__hover_enabled=\u00bboff\u00bb button_border_width__hover_enabled=\u00bboff\u00bb button_one_border_width__hover_enabled=\u00bboff\u00bb button_two_border_width__hover_enabled=\u00bboff\u00bb button_border_color__hover_enabled=\u00bboff\u00bb button_one_border_color__hover_enabled=\u00bboff\u00bb button_two_border_color__hover_enabled=\u00bboff\u00bb button_border_radius__hover_enabled=\u00bboff\u00bb button_one_border_radius__hover_enabled=\u00bboff\u00bb button_two_border_radius__hover_enabled=\u00bboff\u00bb button_letter_spacing__hover_enabled=\u00bboff\u00bb button_one_letter_spacing__hover_enabled=\u00bboff\u00bb button_two_letter_spacing__hover_enabled=\u00bboff\u00bb button_bg_color__hover_enabled=\u00bboff\u00bb button_one_bg_color__hover_enabled=\u00bboff\u00bb button_two_bg_color__hover_enabled=\u00bboff\u00bb][\/et_pb_button][et_pb_button button_url=\u00bb\/colegio\/objetivos-orientacion\u00bb button_text=\u00bbObjetivos\u00bb button_alignment=\u00bbleft\u00bb admin_label=\u00bbObjetivos(Bot\u00f3n)\u00bb _builder_version=\u00bb3.16&#8243; custom_button=\u00bbon\u00bb button_text_color=\u00bb#ffffff\u00bb button_bg_color=\u00bb#dc001b\u00bb button_border_color=\u00bb#dc001b\u00bb button_border_radius=\u00bb5&#8243; background_layout=\u00bbdark\u00bb saved_tabs=\u00bball\u00bb button_text_size__hover_enabled=\u00bboff\u00bb button_one_text_size__hover_enabled=\u00bboff\u00bb button_two_text_size__hover_enabled=\u00bboff\u00bb button_text_color__hover_enabled=\u00bboff\u00bb button_one_text_color__hover_enabled=\u00bboff\u00bb button_two_text_color__hover_enabled=\u00bboff\u00bb button_border_width__hover_enabled=\u00bboff\u00bb button_one_border_width__hover_enabled=\u00bboff\u00bb button_two_border_width__hover_enabled=\u00bboff\u00bb button_border_color__hover_enabled=\u00bboff\u00bb button_one_border_color__hover_enabled=\u00bboff\u00bb button_two_border_color__hover_enabled=\u00bboff\u00bb button_border_radius__hover_enabled=\u00bboff\u00bb button_one_border_radius__hover_enabled=\u00bboff\u00bb button_two_border_radius__hover_enabled=\u00bboff\u00bb button_letter_spacing__hover_enabled=\u00bboff\u00bb button_one_letter_spacing__hover_enabled=\u00bboff\u00bb button_two_letter_spacing__hover_enabled=\u00bboff\u00bb button_bg_color__hover_enabled=\u00bboff\u00bb button_one_bg_color__hover_enabled=\u00bboff\u00bb button_two_bg_color__hover_enabled=\u00bboff\u00bb][\/et_pb_button][et_pb_button button_url=\u00bb\/colegio\/compensacion-educativa\u00bb button_text=\u00bbCompensaci\u00f3n Educativa\u00bb button_alignment=\u00bbleft\u00bb admin_label=\u00bbcompensaci\u00f3n (Bot\u00f3n)\u00bb _builder_version=\u00bb3.16&#8243; custom_button=\u00bbon\u00bb button_text_color=\u00bb#ffffff\u00bb button_bg_color=\u00bb#dc001b\u00bb button_border_color=\u00bb#dc001b\u00bb button_border_radius=\u00bb5&#8243; background_layout=\u00bbdark\u00bb saved_tabs=\u00bball\u00bb button_text_size__hover_enabled=\u00bboff\u00bb button_one_text_size__hover_enabled=\u00bboff\u00bb button_two_text_size__hover_enabled=\u00bboff\u00bb button_text_color__hover_enabled=\u00bboff\u00bb button_one_text_color__hover_enabled=\u00bboff\u00bb button_two_text_color__hover_enabled=\u00bboff\u00bb button_border_width__hover_enabled=\u00bboff\u00bb button_one_border_width__hover_enabled=\u00bboff\u00bb button_two_border_width__hover_enabled=\u00bboff\u00bb button_border_color__hover_enabled=\u00bboff\u00bb button_one_border_color__hover_enabled=\u00bboff\u00bb button_two_border_color__hover_enabled=\u00bboff\u00bb button_border_radius__hover_enabled=\u00bboff\u00bb button_one_border_radius__hover_enabled=\u00bboff\u00bb button_two_border_radius__hover_enabled=\u00bboff\u00bb button_letter_spacing__hover_enabled=\u00bboff\u00bb button_one_letter_spacing__hover_enabled=\u00bboff\u00bb button_two_letter_spacing__hover_enabled=\u00bboff\u00bb button_bg_color__hover_enabled=\u00bboff\u00bb button_one_bg_color__hover_enabled=\u00bboff\u00bb button_two_bg_color__hover_enabled=\u00bboff\u00bb][\/et_pb_button][et_pb_blurb title=\u00bbDescargas\u00bb use_icon=\u00bbon\u00bb font_icon=\u00bb%%98%%\u00bb use_circle=\u00bbon\u00bb circle_color=\u00bb#ffffff\u00bb use_circle_border=\u00bbon\u00bb icon_placement=\u00bbleft\u00bb use_icon_font_size=\u00bbon\u00bb icon_font_size=\u00bb35px\u00bb admin_label=\u00bbDescargas (Anuncio)\u00bb _builder_version=\u00bb3.0.89&#8243; header_font_size=\u00bb25&#8243; body_font_size=\u00bb18&#8243; max_width_tablet=\u00bb50px\u00bb border_style_all=\u00bbsolid\u00bb border_style=\u00bbsolid\u00bb]Accede a las descargas de esta etapa<br \/>\n[\/et_pb_blurb][\/et_pb_column][\/et_pb_row][\/et_pb_section]<\/p>\n","protected":false},"excerpt":{"rendered":"<p>La Atenci\u00f3n a la Diversidad La diversidad es una caracter\u00edstica intr\u00ednseca de los grupos humanos, ya que cada persona tiene un modo especial de pensar, de sentir y de actuar, independientemente de que, desde el punto de vista evolutivo, existan unos patrones cognitivos, afectivos y conductuales con ciertas semejanzas. Dicha variabilidad, ligada a diferencias en [&hellip;]<\/p>\n","protected":false},"author":3,"featured_media":0,"parent":0,"menu_order":0,"comment_status":"closed","ping_status":"closed","template":"","meta":{"_et_pb_use_builder":"on","_et_pb_old_content":"","_et_gb_content_width":"","footnotes":""},"class_list":["post-7956","page","type-page","status-publish","hentry"],"yoast_head":"<!-- This site is optimized with the Yoast SEO plugin v27.4 - https:\/\/yoast.com\/product\/yoast-seo-wordpress\/ -->\n<title>Atenci\u00f3n a la Diversidad - Colegio Salesiano San Pedro<\/title>\n<meta name=\"robots\" content=\"index, follow, max-snippet:-1, max-image-preview:large, max-video-preview:-1\" \/>\n<link rel=\"canonical\" href=\"https:\/\/triana.salesianos.edu\/colegio\/atencion-a-la-diversidad\/\" \/>\n<meta property=\"og:locale\" content=\"es_ES\" \/>\n<meta property=\"og:type\" content=\"article\" \/>\n<meta property=\"og:title\" content=\"Atenci\u00f3n a la Diversidad - Colegio Salesiano San Pedro\" \/>\n<meta property=\"og:description\" content=\"La Atenci\u00f3n a la Diversidad La diversidad es una caracter\u00edstica intr\u00ednseca de los grupos humanos, ya que cada persona tiene un modo especial de pensar, de sentir y de actuar, independientemente de que, desde el punto de vista evolutivo, existan unos patrones cognitivos, afectivos y conductuales con ciertas semejanzas. Dicha variabilidad, ligada a diferencias en [&hellip;]\" \/>\n<meta property=\"og:url\" content=\"https:\/\/triana.salesianos.edu\/colegio\/atencion-a-la-diversidad\/\" \/>\n<meta property=\"og:site_name\" content=\"Colegio Salesiano San Pedro\" \/>\n<meta property=\"article:modified_time\" content=\"2021-02-14T11:20:42+00:00\" \/>\n<meta name=\"twitter:card\" content=\"summary_large_image\" \/>\n<meta name=\"twitter:label1\" content=\"Tiempo de lectura\" \/>\n\t<meta name=\"twitter:data1\" content=\"8 minutos\" \/>\n<script type=\"application\/ld+json\" class=\"yoast-schema-graph\">{\"@context\":\"https:\\\/\\\/schema.org\",\"@graph\":[{\"@type\":\"WebPage\",\"@id\":\"https:\\\/\\\/triana.salesianos.edu\\\/colegio\\\/atencion-a-la-diversidad\\\/\",\"url\":\"https:\\\/\\\/triana.salesianos.edu\\\/colegio\\\/atencion-a-la-diversidad\\\/\",\"name\":\"Atenci\u00f3n a la Diversidad - Colegio Salesiano San Pedro\",\"isPartOf\":{\"@id\":\"https:\\\/\\\/triana.salesianos.edu\\\/colegio\\\/#website\"},\"datePublished\":\"2018-02-08T23:26:27+00:00\",\"dateModified\":\"2021-02-14T11:20:42+00:00\",\"breadcrumb\":{\"@id\":\"https:\\\/\\\/triana.salesianos.edu\\\/colegio\\\/atencion-a-la-diversidad\\\/#breadcrumb\"},\"inLanguage\":\"es\",\"potentialAction\":[{\"@type\":\"ReadAction\",\"target\":[\"https:\\\/\\\/triana.salesianos.edu\\\/colegio\\\/atencion-a-la-diversidad\\\/\"]}]},{\"@type\":\"BreadcrumbList\",\"@id\":\"https:\\\/\\\/triana.salesianos.edu\\\/colegio\\\/atencion-a-la-diversidad\\\/#breadcrumb\",\"itemListElement\":[{\"@type\":\"ListItem\",\"position\":1,\"name\":\"Portada\",\"item\":\"https:\\\/\\\/triana.salesianos.edu\\\/colegio\\\/\"},{\"@type\":\"ListItem\",\"position\":2,\"name\":\"Atenci\u00f3n a la Diversidad\"}]},{\"@type\":\"WebSite\",\"@id\":\"https:\\\/\\\/triana.salesianos.edu\\\/colegio\\\/#website\",\"url\":\"https:\\\/\\\/triana.salesianos.edu\\\/colegio\\\/\",\"name\":\"Colegio Salesiano San Pedro\",\"description\":\"P\u00e1gina oficial Salesianos Triana Sevilla\",\"potentialAction\":[{\"@type\":\"SearchAction\",\"target\":{\"@type\":\"EntryPoint\",\"urlTemplate\":\"https:\\\/\\\/triana.salesianos.edu\\\/colegio\\\/?s={search_term_string}\"},\"query-input\":{\"@type\":\"PropertyValueSpecification\",\"valueRequired\":true,\"valueName\":\"search_term_string\"}}],\"inLanguage\":\"es\"}]}<\/script>\n<!-- \/ Yoast SEO plugin. -->","yoast_head_json":{"title":"Atenci\u00f3n a la Diversidad - Colegio Salesiano San Pedro","robots":{"index":"index","follow":"follow","max-snippet":"max-snippet:-1","max-image-preview":"max-image-preview:large","max-video-preview":"max-video-preview:-1"},"canonical":"https:\/\/triana.salesianos.edu\/colegio\/atencion-a-la-diversidad\/","og_locale":"es_ES","og_type":"article","og_title":"Atenci\u00f3n a la Diversidad - Colegio Salesiano San Pedro","og_description":"La Atenci\u00f3n a la Diversidad La diversidad es una caracter\u00edstica intr\u00ednseca de los grupos humanos, ya que cada persona tiene un modo especial de pensar, de sentir y de actuar, independientemente de que, desde el punto de vista evolutivo, existan unos patrones cognitivos, afectivos y conductuales con ciertas semejanzas. Dicha variabilidad, ligada a diferencias en [&hellip;]","og_url":"https:\/\/triana.salesianos.edu\/colegio\/atencion-a-la-diversidad\/","og_site_name":"Colegio Salesiano San Pedro","article_modified_time":"2021-02-14T11:20:42+00:00","twitter_card":"summary_large_image","twitter_misc":{"Tiempo de lectura":"8 minutos"},"schema":{"@context":"https:\/\/schema.org","@graph":[{"@type":"WebPage","@id":"https:\/\/triana.salesianos.edu\/colegio\/atencion-a-la-diversidad\/","url":"https:\/\/triana.salesianos.edu\/colegio\/atencion-a-la-diversidad\/","name":"Atenci\u00f3n a la Diversidad - Colegio Salesiano San Pedro","isPartOf":{"@id":"https:\/\/triana.salesianos.edu\/colegio\/#website"},"datePublished":"2018-02-08T23:26:27+00:00","dateModified":"2021-02-14T11:20:42+00:00","breadcrumb":{"@id":"https:\/\/triana.salesianos.edu\/colegio\/atencion-a-la-diversidad\/#breadcrumb"},"inLanguage":"es","potentialAction":[{"@type":"ReadAction","target":["https:\/\/triana.salesianos.edu\/colegio\/atencion-a-la-diversidad\/"]}]},{"@type":"BreadcrumbList","@id":"https:\/\/triana.salesianos.edu\/colegio\/atencion-a-la-diversidad\/#breadcrumb","itemListElement":[{"@type":"ListItem","position":1,"name":"Portada","item":"https:\/\/triana.salesianos.edu\/colegio\/"},{"@type":"ListItem","position":2,"name":"Atenci\u00f3n a la Diversidad"}]},{"@type":"WebSite","@id":"https:\/\/triana.salesianos.edu\/colegio\/#website","url":"https:\/\/triana.salesianos.edu\/colegio\/","name":"Colegio Salesiano San Pedro","description":"P\u00e1gina oficial Salesianos Triana Sevilla","potentialAction":[{"@type":"SearchAction","target":{"@type":"EntryPoint","urlTemplate":"https:\/\/triana.salesianos.edu\/colegio\/?s={search_term_string}"},"query-input":{"@type":"PropertyValueSpecification","valueRequired":true,"valueName":"search_term_string"}}],"inLanguage":"es"}]}},"_links":{"self":[{"href":"https:\/\/triana.salesianos.edu\/colegio\/wp-json\/wp\/v2\/pages\/7956","targetHints":{"allow":["GET"]}}],"collection":[{"href":"https:\/\/triana.salesianos.edu\/colegio\/wp-json\/wp\/v2\/pages"}],"about":[{"href":"https:\/\/triana.salesianos.edu\/colegio\/wp-json\/wp\/v2\/types\/page"}],"author":[{"embeddable":true,"href":"https:\/\/triana.salesianos.edu\/colegio\/wp-json\/wp\/v2\/users\/3"}],"replies":[{"embeddable":true,"href":"https:\/\/triana.salesianos.edu\/colegio\/wp-json\/wp\/v2\/comments?post=7956"}],"version-history":[{"count":10,"href":"https:\/\/triana.salesianos.edu\/colegio\/wp-json\/wp\/v2\/pages\/7956\/revisions"}],"predecessor-version":[{"id":22685,"href":"https:\/\/triana.salesianos.edu\/colegio\/wp-json\/wp\/v2\/pages\/7956\/revisions\/22685"}],"wp:attachment":[{"href":"https:\/\/triana.salesianos.edu\/colegio\/wp-json\/wp\/v2\/media?parent=7956"}],"curies":[{"name":"wp","href":"https:\/\/api.w.org\/{rel}","templated":true}]}}