{"id":7947,"date":"2018-02-09T00:18:10","date_gmt":"2018-02-08T23:18:10","guid":{"rendered":"https:\/\/triana.salesianos.edu\/colegio\/?page_id=7947"},"modified":"2025-02-10T13:28:30","modified_gmt":"2025-02-10T12:28:30","slug":"objetivos-orientacion","status":"publish","type":"page","link":"https:\/\/triana.salesianos.edu\/colegio\/objetivos-orientacion\/","title":{"rendered":"Objetivos orientaci\u00f3n"},"content":{"rendered":"<div id=\"fb-root\"><\/div>\n<p>[et_pb_section fb_built=\u00bb1&#8243; fullwidth=\u00bbon\u00bb _builder_version=\u00bb4.16&#8243; global_colors_info=\u00bb{}\u00bb][et_pb_fullwidth_header title=\u00bbOrientaci\u00f3n\u00bb title_font_color=\u00bb#ffffff\u00bb module_class=\u00bbpagina-imagen-cabecera\u00bb _builder_version=\u00bb4.16&#8243; title_text_color=\u00bb#ffffff\u00bb title_font_size=\u00bb40px\u00bb background_color=\u00bbrgba(255, 255, 255, 0)\u00bb background_image=\u00bbhttps:\/\/triana.salesianos.edu\/colegio\/wp-content\/uploads\/sites\/2\/2018\/02\/P1130160.jpg\u00bb background_layout=\u00bblight\u00bb max_width_tablet=\u00bb50px\u00bb background_url=\u00bbhttp:\/\/webpiloto.salesianos.edu\/wp-content\/uploads\/2017\/02\/ImagenPAGINA01.png\u00bb global_colors_info=\u00bb{}\u00bb button_one_text_size__hover_enabled=\u00bboff\u00bb button_two_text_size__hover_enabled=\u00bboff\u00bb button_one_text_color__hover_enabled=\u00bboff\u00bb button_two_text_color__hover_enabled=\u00bboff\u00bb button_one_border_width__hover_enabled=\u00bboff\u00bb button_two_border_width__hover_enabled=\u00bboff\u00bb button_one_border_color__hover_enabled=\u00bboff\u00bb button_two_border_color__hover_enabled=\u00bboff\u00bb button_one_border_radius__hover_enabled=\u00bboff\u00bb button_two_border_radius__hover_enabled=\u00bboff\u00bb button_one_letter_spacing__hover_enabled=\u00bboff\u00bb button_two_letter_spacing__hover_enabled=\u00bboff\u00bb button_one_bg_color__hover_enabled=\u00bboff\u00bb button_two_bg_color__hover_enabled=\u00bboff\u00bb][\/et_pb_fullwidth_header][\/et_pb_section][et_pb_section fb_built=\u00bb1&#8243; module_class=\u00bbpagina-seccion-contenido\u00bb _builder_version=\u00bb4.16&#8243; custom_padding=\u00bb-4%|||\u00bb transparent_background=\u00bboff\u00bb make_fullwidth=\u00bboff\u00bb use_custom_width=\u00bboff\u00bb width_unit=\u00bbon\u00bb global_colors_info=\u00bb{}\u00bb][et_pb_row column_structure=\u00bb2_3,1_3&#8243; module_class=\u00bbpagina-texto\u00bb _builder_version=\u00bb4.16&#8243; background_size=\u00bbinitial\u00bb background_position=\u00bbtop_left\u00bb background_repeat=\u00bbrepeat\u00bb make_fullwidth=\u00bboff\u00bb use_custom_width=\u00bboff\u00bb width_unit=\u00bbon\u00bb global_colors_info=\u00bb{}\u00bb][et_pb_column type=\u00bb2_3&#8243; _builder_version=\u00bb4.16&#8243; custom_padding=\u00bb|||\u00bb global_colors_info=\u00bb{}\u00bb custom_padding__hover=\u00bb|||\u00bb][et_pb_text admin_label=\u00bbObjetivos generales (Texto)\u00bb _builder_version=\u00bb4.16&#8243; border_style_all=\u00bbsolid\u00bb border_style=\u00bbsolid\u00bb global_colors_info=\u00bb{}\u00bb]<\/p>\n<h2>Objetivos generales<\/h2>\n<p>Seg\u00fan el <strong>decreto 327\/2010, <\/strong>de 13 de julio, por el que se aprueba el Reglamento Org\u00e1nico de los Institutos de Educaci\u00f3n Secundaria, el departamento de orientaci\u00f3n realizar\u00e1 las siguientes funciones:<\/p>\n<ol>\n<li>Colaborar con el equipo directivo en la elaboraci\u00f3n del plan de orientaci\u00f3n y acci\u00f3n tutorial y en la del plan de convivencia para su inclusi\u00f3n en el proyecto educativo y contribuir al desarrollo y a la aplicaci\u00f3n de los mismos, planificando y proponiendo actuaciones dirigidas a hacer efectiva la prevenci\u00f3n de la violencia, la mejora de la convivencia escolar, la mediaci\u00f3n y la resoluci\u00f3n pac\u00edfica de los conflictos.<\/li>\n<li>Colaborar y asesorar a los departamentos de coordinaci\u00f3n did\u00e1ctica y al profesorado, bajo la coordinaci\u00f3n de la jefatura de estudios, en el desarrollo de las medidas y programas de atenci\u00f3n a la diversidad del alumnado y en la prevenci\u00f3n y detecci\u00f3n temprana de problemas de aprendizaje.<\/li>\n<li>Elaborar la programaci\u00f3n did\u00e1ctica de los programas de diversificaci\u00f3n curricular, en sus aspectos generales, y coordinar la elaboraci\u00f3n de la programaci\u00f3n de los \u00e1mbitos, en cuya concreci\u00f3n deber\u00e1n participar los departamentos de coordinaci\u00f3n did\u00e1ctica de las materias que los integran.<\/li>\n<li>Elaborar la programaci\u00f3n did\u00e1ctica de los m\u00f3dulos obligatorios de los programas de cualificaci\u00f3n profesional inicial. En el caso de que el instituto cuente con departamento de la familia profesional a la que pertenece el programa, la programaci\u00f3n did\u00e1ctica de los m\u00f3dulos espec\u00edficos corresponder\u00e1 a este.<\/li>\n<li>Asesorar al alumnado sobre las opciones que le ofrece el sistema educativo, con la finalidad de inculcarle la importancia de proseguir estudios para su proyecci\u00f3n personal y profesional. Cuando optara por finalizar sus estudios, se garantizar\u00e1 la orientaci\u00f3n profesional sobre el tr\u00e1nsito al mundo laboral.<\/li>\n<li>Cualesquiera otras que le sean atribuidas en el proyecto educativo del instituto o por Orden de la persona titular de la Consejer\u00eda competente en materia de educaci\u00f3n.<\/li>\n<\/ol>\n<p><span style=\"font-size: 14px;\">\u00c9stos se articulan en torno a tres ejes:<\/span><\/p>\n<p>[\/et_pb_text][et_pb_tabs _builder_version=\u00bb4.16&#8243; global_colors_info=\u00bb{}\u00bb][et_pb_tab title=\u00bbAtenci\u00f3n a la Diversidad\u00bb _builder_version=\u00bb4.16&#8243; global_colors_info=\u00bb{}\u00bb]En este eje se realizan actividades como la evaluaci\u00f3n, valoraci\u00f3n e informe psicopedag\u00f3gico de todo alumno o alumna que lo requiera y su seguimiento. As\u00ed como el asesoramiento al profesorado y a las familias en relaci\u00f3n con la atenci\u00f3n educativa.<br \/>\n[\/et_pb_tab][et_pb_tab title=\u00bbAcci\u00f3n Tutorial\u00bb _builder_version=\u00bb4.16&#8243; global_colors_info=\u00bb{}\u00bb]<\/p>\n<ul>\n<li>\u00a0Orientaci\u00f3n personal: Atenci\u00f3n a alumnos. Se trata de un proceso de ajuste entre el alumno\/a como individuo y su participaci\u00f3n-inserci\u00f3n en la sociedad.<\/li>\n<li>Orientaci\u00f3n educativa o escolar: asesoramiento al profesorado, atenci\u00f3n a las necesidades educativas especiales, &#8230;<\/li>\n<li><span style=\"font-weight: 400;\">Orientaci\u00f3n y asesoramiento familiar.<\/span><\/li>\n<\/ul>\n<p>[\/et_pb_tab][et_pb_tab title=\u00bbOrientaci\u00f3n Vocacional y Profesional\u00bb _builder_version=\u00bb4.16&#8243; global_colors_info=\u00bb{}\u00bb]<\/p>\n<p>B\u00fasqueda de la elecci\u00f3n acad\u00e9mica y profesional del alumnado acorde a sus aptitudes e intereses y como resultado de un proceso racional de toma de decisiones.<\/p>\n<p>[\/et_pb_tab][\/et_pb_tabs][et_pb_text admin_label=\u00bbObjetivos espec\u00edficos (Texto)\u00bb _builder_version=\u00bb4.16&#8243; border_style_all=\u00bbsolid\u00bb border_style=\u00bbsolid\u00bb global_colors_info=\u00bb{}\u00bb]<\/p>\n<h2>Objetivos espec\u00edficos<\/h2>\n<p>El Departamento de Orientaci\u00f3n se plantea objetivos espec\u00edficos respecto a los siguientes \u00e1mbitos de actuaci\u00f3n:<br \/>\n[\/et_pb_text][et_pb_tabs _builder_version=\u00bb4.27.4&#8243; global_colors_info=\u00bb{}\u00bb][et_pb_tab title=\u00bbAlumnado\u00bb _builder_version=\u00bb4.16&#8243; global_colors_info=\u00bb{}\u00bb]<\/p>\n<p>Con respecto al alumnado:<\/p>\n<ul>\n<li>Seguir coordinando la ejecuci\u00f3n del Plan de Acci\u00f3n Tutorial en todas las secciones, haciendo especial hincapi\u00e9 en aspectos relacionados con la promoci\u00f3n de la cultura de la paz y no violencia y la mejora de la convivencia en el Centro.<\/li>\n<li>Seguir aplicando el Plan de Orientaci\u00f3n Vocacional y Profesional en todas las etapas.<\/li>\n<li>Continuar trabajando la formaci\u00f3n de Delegados.<\/li>\n<li>Cuidar de manera formativa y personal la figura del delegado y los consejos de aula.<\/li>\n<li><span style=\"font-weight: 400;\">Dar respuesta a los alumnos con necesidades espec\u00edficas de apoyo educativo utilizando las Aulas de Integraci\u00f3n, el aula de Apoyo Pedag\u00f3gico, el aula de Compensatoria, el programa de estimulaci\u00f3n del lenguaje u otras medidas de atenci\u00f3n a la diversidad en el caso en que sea necesario.<\/span><\/li>\n<\/ul>\n<p>[\/et_pb_tab][et_pb_tab title=\u00bbProfesorado\u00bb _builder_version=\u00bb4.16&#8243; global_colors_info=\u00bb{}\u00bb]Con respecto al profesorado y equipo de tutores:<\/p>\n<ul>\n<li>Seguir coordinando y evaluando el Plan de Acci\u00f3n Tutorial junto a los tutores.<\/li>\n<li>Asesorar t\u00e9cnica y pedag\u00f3gicamente a los profesores en acciones concretas como evaluaciones, detecciones de algunas necesidades, elaboraci\u00f3n de informes escolares\u2026<\/li>\n<li>Informar de cursos, jornadas, congresos y otras acciones formativas al claustro.<\/li>\n<li>Asesorar a los profesores en la elaboraci\u00f3n y realizaci\u00f3n del proyecto Curricular, programaciones did\u00e1cticas, adaptaciones curriculares y otras medidas de atenci\u00f3n a la diversidad.<\/li>\n<\/ul>\n<p>[\/et_pb_tab][et_pb_tab title=\u00bbFamilias\u00bb _builder_version=\u00bb4.16&#8243; global_colors_info=\u00bb{}\u00bb]Con respecto a los padres y madres:<\/p>\n<ul>\n<li>Asesorar t\u00e9cnica y pedag\u00f3gicamente, de manera general, a las familias.<\/li>\n<li>Promover acciones formativas para los padres.<\/li>\n<\/ul>\n<p>[\/et_pb_tab][et_pb_tab title=\u00bbCentro\u00bb _builder_version=\u00bb4.16&#8243; global_colors_info=\u00bb{}\u00bb]<\/p>\n<p>Con respecto a los \u00f3rganos de gesti\u00f3n y direcci\u00f3n del centro:<\/p>\n<ul>\n<li>Participar activamente, colaborando y asesorando, al Equipo Directivo, a los Equipos T\u00e9cnicos de Coordinaci\u00f3n Pedag\u00f3gica y al Equipo de Pastoral Escolar.<\/li>\n<li>Coordinar las actividades del departamento con el trabajo y campa\u00f1as propuestas por el Equipo de Pastoral Escolar<\/li>\n<li>Estar presente y colaborar con los \u00f3rganos unipersonales y colegiados del centro.<\/li>\n<li><span style=\"font-weight: 400;\">Asesorar al equipo directivo en la elaboraci\u00f3n de los Planes del centro.<\/span><\/li>\n<\/ul>\n<p>[\/et_pb_tab][et_pb_tab title=\u00bbOtras Instituciones\u00bb _builder_version=\u00bb4.27.4&#8243; global_colors_info=\u00bb{}\u00bb]<\/p>\n<p>Con respecto a otras instituciones:<\/p>\n<ul>\n<li>Participar activamente y colaborar con el Equipo Inspectorial de Orientaci\u00f3n.<\/li>\n<li>Potenciar la comunicaci\u00f3n con los miembros del Equipo Inspectorial de Orientaci\u00f3n.<\/li>\n<li>Seguir fomentando la relaci\u00f3n y colaboraci\u00f3n, de manera m\u00e1s peri\u00f3dica, con el E.O.E. de Triana-Los Remedios.<\/li>\n<li>Continuar el trabajo de colaboraci\u00f3n con la Unidad de Salud del Ayuntamiento, en el distrito de Triana-Los Remedios.<\/li>\n<li>Mantener la relaci\u00f3n con la Universidad por medio de los alumnos en pr\u00e1cticas.<\/li>\n<li>Seguir colaborando con entidades privadas de estudios superiores.<\/li>\n<li>Continuar colaborando con instituciones y\/o asociaciones que atiendan a alumnos de nuestro centro.<\/li>\n<li>Seguir la coordinaci\u00f3n y colaboraci\u00f3n con la UTS Triana-Los Remedios.<\/li>\n<li><span style=\"font-weight: 400;\">Continuar participando en la Subcomisi\u00f3n de Absentismo Escolar.<\/span><\/li>\n<li><span style=\"font-weight: 400;\">Continuar con nuestra participaci\u00f3n en la Mesa de la Infancia de la Red CaixaProinfancia Casco Antiguo Triana.<\/span><\/li>\n<\/ul>\n<p>[\/et_pb_tab][\/et_pb_tabs][\/et_pb_column][et_pb_column type=\u00bb1_3&#8243; _builder_version=\u00bb4.16&#8243; custom_padding=\u00bb|||\u00bb global_colors_info=\u00bb{}\u00bb custom_padding__hover=\u00bb|||\u00bb][et_pb_text admin_label=\u00bbPara saber m\u00e1s (Texto)\u00bb _builder_version=\u00bb4.16&#8243; global_colors_info=\u00bb{}\u00bb]<\/p>\n<h2>Para saber m\u00e1s&#8230;<\/h2>\n<p>[\/et_pb_text][et_pb_button button_url=\u00bb\/colegio\/orientacion\u00bb button_text=\u00bbOrientaci\u00f3n\u00bb button_alignment=\u00bbleft\u00bb admin_label=\u00bbObjetivos (Bot\u00f3n)\u00bb _builder_version=\u00bb4.16&#8243; custom_button=\u00bbon\u00bb button_text_color=\u00bb#ffffff\u00bb button_bg_color=\u00bb#dc001b\u00bb button_border_color=\u00bb#dc001b\u00bb button_border_radius=\u00bb5&#8243; background_layout=\u00bbdark\u00bb saved_tabs=\u00bball\u00bb global_colors_info=\u00bb{}\u00bb button_text_size__hover_enabled=\u00bboff\u00bb button_one_text_size__hover_enabled=\u00bboff\u00bb button_two_text_size__hover_enabled=\u00bboff\u00bb button_text_color__hover_enabled=\u00bboff\u00bb button_one_text_color__hover_enabled=\u00bboff\u00bb button_two_text_color__hover_enabled=\u00bboff\u00bb button_border_width__hover_enabled=\u00bboff\u00bb button_one_border_width__hover_enabled=\u00bboff\u00bb button_two_border_width__hover_enabled=\u00bboff\u00bb button_border_color__hover_enabled=\u00bboff\u00bb button_one_border_color__hover_enabled=\u00bboff\u00bb button_two_border_color__hover_enabled=\u00bboff\u00bb button_border_radius__hover_enabled=\u00bboff\u00bb button_one_border_radius__hover_enabled=\u00bboff\u00bb button_two_border_radius__hover_enabled=\u00bboff\u00bb button_letter_spacing__hover_enabled=\u00bboff\u00bb button_one_letter_spacing__hover_enabled=\u00bboff\u00bb button_two_letter_spacing__hover_enabled=\u00bboff\u00bb button_bg_color__hover_enabled=\u00bboff\u00bb button_one_bg_color__hover_enabled=\u00bboff\u00bb button_two_bg_color__hover_enabled=\u00bboff\u00bb][\/et_pb_button][et_pb_button button_url=\u00bb\/colegio\/atencion-a-la-diversidad\u00bb button_text=\u00bbAtenci\u00f3n a la Diversidad\u00bb button_alignment=\u00bbleft\u00bb admin_label=\u00bbAt Diversidad(Bot\u00f3n)\u00bb _builder_version=\u00bb4.16&#8243; custom_button=\u00bbon\u00bb button_text_color=\u00bb#ffffff\u00bb button_bg_color=\u00bb#dc001b\u00bb button_border_color=\u00bb#dc001b\u00bb button_border_radius=\u00bb5&#8243; background_layout=\u00bbdark\u00bb saved_tabs=\u00bball\u00bb global_colors_info=\u00bb{}\u00bb button_text_size__hover_enabled=\u00bboff\u00bb button_one_text_size__hover_enabled=\u00bboff\u00bb button_two_text_size__hover_enabled=\u00bboff\u00bb button_text_color__hover_enabled=\u00bboff\u00bb button_one_text_color__hover_enabled=\u00bboff\u00bb button_two_text_color__hover_enabled=\u00bboff\u00bb button_border_width__hover_enabled=\u00bboff\u00bb button_one_border_width__hover_enabled=\u00bboff\u00bb button_two_border_width__hover_enabled=\u00bboff\u00bb button_border_color__hover_enabled=\u00bboff\u00bb button_one_border_color__hover_enabled=\u00bboff\u00bb button_two_border_color__hover_enabled=\u00bboff\u00bb button_border_radius__hover_enabled=\u00bboff\u00bb button_one_border_radius__hover_enabled=\u00bboff\u00bb button_two_border_radius__hover_enabled=\u00bboff\u00bb button_letter_spacing__hover_enabled=\u00bboff\u00bb button_one_letter_spacing__hover_enabled=\u00bboff\u00bb button_two_letter_spacing__hover_enabled=\u00bboff\u00bb button_bg_color__hover_enabled=\u00bboff\u00bb button_one_bg_color__hover_enabled=\u00bboff\u00bb button_two_bg_color__hover_enabled=\u00bboff\u00bb][\/et_pb_button][et_pb_button button_url=\u00bb\/colegio\/compensacion-educativa\u00bb button_text=\u00bbCompensaci\u00f3n Educativa\u00bb button_alignment=\u00bbleft\u00bb admin_label=\u00bbcompensaci\u00f3n (Bot\u00f3n)\u00bb _builder_version=\u00bb4.16&#8243; custom_button=\u00bbon\u00bb button_text_color=\u00bb#ffffff\u00bb button_bg_color=\u00bb#dc001b\u00bb button_border_color=\u00bb#dc001b\u00bb button_border_radius=\u00bb5&#8243; background_layout=\u00bbdark\u00bb saved_tabs=\u00bball\u00bb global_colors_info=\u00bb{}\u00bb button_text_size__hover_enabled=\u00bboff\u00bb button_one_text_size__hover_enabled=\u00bboff\u00bb button_two_text_size__hover_enabled=\u00bboff\u00bb button_text_color__hover_enabled=\u00bboff\u00bb button_one_text_color__hover_enabled=\u00bboff\u00bb button_two_text_color__hover_enabled=\u00bboff\u00bb button_border_width__hover_enabled=\u00bboff\u00bb button_one_border_width__hover_enabled=\u00bboff\u00bb button_two_border_width__hover_enabled=\u00bboff\u00bb button_border_color__hover_enabled=\u00bboff\u00bb button_one_border_color__hover_enabled=\u00bboff\u00bb button_two_border_color__hover_enabled=\u00bboff\u00bb button_border_radius__hover_enabled=\u00bboff\u00bb button_one_border_radius__hover_enabled=\u00bboff\u00bb button_two_border_radius__hover_enabled=\u00bboff\u00bb button_letter_spacing__hover_enabled=\u00bboff\u00bb button_one_letter_spacing__hover_enabled=\u00bboff\u00bb button_two_letter_spacing__hover_enabled=\u00bboff\u00bb button_bg_color__hover_enabled=\u00bboff\u00bb button_one_bg_color__hover_enabled=\u00bboff\u00bb button_two_bg_color__hover_enabled=\u00bboff\u00bb][\/et_pb_button][et_pb_blurb title=\u00bbDescargas\u00bb use_icon=\u00bbon\u00bb font_icon=\u00bb&#xe004;||divi||400&#8243; image_icon_background_color=\u00bb#ffffff\u00bb icon_placement=\u00bbleft\u00bb image_icon_width=\u00bb35px\u00bb admin_label=\u00bbDescargas (Anuncio)\u00bb _builder_version=\u00bb4.16&#8243; header_font_size=\u00bb25&#8243; body_font_size=\u00bb18&#8243; image_icon_custom_padding=\u00bb8px|8px|8px|8px|false|false\u00bb max_width_tablet=\u00bb50px\u00bb border_style_all=\u00bbsolid\u00bb border_radii_image=\u00bbon|100%|100%|100%|100%\u00bb border_width_all_image=\u00bb2px\u00bb border_color_all_image=\u00bb#dc001b\u00bb border_style=\u00bbsolid\u00bb icon_font_size=\u00bb35px\u00bb use_circle=\u00bbon\u00bb use_circle_border=\u00bbon\u00bb circle_color=\u00bb#ffffff\u00bb global_colors_info=\u00bb{}\u00bb image_icon_background_color__sticky_enabled=\u00bb#dc001b\u00bb image_icon_background_color__sticky=\u00bb#dc001b\u00bb]Accede a las descargas de esta etapa<br \/>\n[\/et_pb_blurb][\/et_pb_column][\/et_pb_row][\/et_pb_section]<\/p>\n","protected":false},"excerpt":{"rendered":"<p>Objetivos generales Seg\u00fan el decreto 327\/2010, de 13 de julio, por el que se aprueba el Reglamento Org\u00e1nico de los Institutos de Educaci\u00f3n Secundaria, el departamento de orientaci\u00f3n realizar\u00e1 las siguientes funciones: Colaborar con el equipo directivo en la elaboraci\u00f3n del plan de orientaci\u00f3n y acci\u00f3n tutorial y en la del plan de convivencia para [&hellip;]<\/p>\n","protected":false},"author":3,"featured_media":0,"parent":0,"menu_order":0,"comment_status":"closed","ping_status":"closed","template":"","meta":{"_et_pb_use_builder":"on","_et_pb_old_content":"","_et_gb_content_width":"","footnotes":""},"class_list":["post-7947","page","type-page","status-publish","hentry"],"yoast_head":"<!-- This site is optimized with the Yoast SEO plugin v27.4 - https:\/\/yoast.com\/product\/yoast-seo-wordpress\/ -->\n<title>Objetivos orientaci\u00f3n - Colegio Salesiano San Pedro<\/title>\n<meta name=\"robots\" content=\"index, follow, max-snippet:-1, max-image-preview:large, max-video-preview:-1\" \/>\n<link rel=\"canonical\" href=\"https:\/\/triana.salesianos.edu\/colegio\/objetivos-orientacion\/\" \/>\n<meta property=\"og:locale\" content=\"es_ES\" \/>\n<meta property=\"og:type\" content=\"article\" \/>\n<meta property=\"og:title\" content=\"Objetivos orientaci\u00f3n - Colegio Salesiano San Pedro\" \/>\n<meta property=\"og:description\" content=\"Objetivos generales Seg\u00fan el decreto 327\/2010, de 13 de julio, por el que se aprueba el Reglamento Org\u00e1nico de los Institutos de Educaci\u00f3n Secundaria, el departamento de orientaci\u00f3n realizar\u00e1 las siguientes funciones: Colaborar con el equipo directivo en la elaboraci\u00f3n del plan de orientaci\u00f3n y acci\u00f3n tutorial y en la del plan de convivencia para [&hellip;]\" \/>\n<meta property=\"og:url\" content=\"https:\/\/triana.salesianos.edu\/colegio\/objetivos-orientacion\/\" \/>\n<meta property=\"og:site_name\" content=\"Colegio Salesiano San Pedro\" \/>\n<meta property=\"article:modified_time\" content=\"2025-02-10T12:28:30+00:00\" \/>\n<meta name=\"twitter:card\" content=\"summary_large_image\" \/>\n<meta name=\"twitter:label1\" content=\"Tiempo de lectura\" \/>\n\t<meta name=\"twitter:data1\" content=\"11 minutos\" \/>\n<script type=\"application\/ld+json\" class=\"yoast-schema-graph\">{\"@context\":\"https:\\\/\\\/schema.org\",\"@graph\":[{\"@type\":\"WebPage\",\"@id\":\"https:\\\/\\\/triana.salesianos.edu\\\/colegio\\\/objetivos-orientacion\\\/\",\"url\":\"https:\\\/\\\/triana.salesianos.edu\\\/colegio\\\/objetivos-orientacion\\\/\",\"name\":\"Objetivos orientaci\u00f3n - Colegio Salesiano San Pedro\",\"isPartOf\":{\"@id\":\"https:\\\/\\\/triana.salesianos.edu\\\/colegio\\\/#website\"},\"datePublished\":\"2018-02-08T23:18:10+00:00\",\"dateModified\":\"2025-02-10T12:28:30+00:00\",\"breadcrumb\":{\"@id\":\"https:\\\/\\\/triana.salesianos.edu\\\/colegio\\\/objetivos-orientacion\\\/#breadcrumb\"},\"inLanguage\":\"es\",\"potentialAction\":[{\"@type\":\"ReadAction\",\"target\":[\"https:\\\/\\\/triana.salesianos.edu\\\/colegio\\\/objetivos-orientacion\\\/\"]}]},{\"@type\":\"BreadcrumbList\",\"@id\":\"https:\\\/\\\/triana.salesianos.edu\\\/colegio\\\/objetivos-orientacion\\\/#breadcrumb\",\"itemListElement\":[{\"@type\":\"ListItem\",\"position\":1,\"name\":\"Portada\",\"item\":\"https:\\\/\\\/triana.salesianos.edu\\\/colegio\\\/\"},{\"@type\":\"ListItem\",\"position\":2,\"name\":\"Objetivos orientaci\u00f3n\"}]},{\"@type\":\"WebSite\",\"@id\":\"https:\\\/\\\/triana.salesianos.edu\\\/colegio\\\/#website\",\"url\":\"https:\\\/\\\/triana.salesianos.edu\\\/colegio\\\/\",\"name\":\"Colegio Salesiano San Pedro\",\"description\":\"P\u00e1gina oficial Salesianos Triana Sevilla\",\"potentialAction\":[{\"@type\":\"SearchAction\",\"target\":{\"@type\":\"EntryPoint\",\"urlTemplate\":\"https:\\\/\\\/triana.salesianos.edu\\\/colegio\\\/?s={search_term_string}\"},\"query-input\":{\"@type\":\"PropertyValueSpecification\",\"valueRequired\":true,\"valueName\":\"search_term_string\"}}],\"inLanguage\":\"es\"}]}<\/script>\n<!-- \/ Yoast SEO plugin. -->","yoast_head_json":{"title":"Objetivos orientaci\u00f3n - Colegio Salesiano San Pedro","robots":{"index":"index","follow":"follow","max-snippet":"max-snippet:-1","max-image-preview":"max-image-preview:large","max-video-preview":"max-video-preview:-1"},"canonical":"https:\/\/triana.salesianos.edu\/colegio\/objetivos-orientacion\/","og_locale":"es_ES","og_type":"article","og_title":"Objetivos orientaci\u00f3n - Colegio Salesiano San Pedro","og_description":"Objetivos generales Seg\u00fan el decreto 327\/2010, de 13 de julio, por el que se aprueba el Reglamento Org\u00e1nico de los Institutos de Educaci\u00f3n Secundaria, el departamento de orientaci\u00f3n realizar\u00e1 las siguientes funciones: Colaborar con el equipo directivo en la elaboraci\u00f3n del plan de orientaci\u00f3n y acci\u00f3n tutorial y en la del plan de convivencia para [&hellip;]","og_url":"https:\/\/triana.salesianos.edu\/colegio\/objetivos-orientacion\/","og_site_name":"Colegio Salesiano San Pedro","article_modified_time":"2025-02-10T12:28:30+00:00","twitter_card":"summary_large_image","twitter_misc":{"Tiempo de lectura":"11 minutos"},"schema":{"@context":"https:\/\/schema.org","@graph":[{"@type":"WebPage","@id":"https:\/\/triana.salesianos.edu\/colegio\/objetivos-orientacion\/","url":"https:\/\/triana.salesianos.edu\/colegio\/objetivos-orientacion\/","name":"Objetivos orientaci\u00f3n - Colegio Salesiano San Pedro","isPartOf":{"@id":"https:\/\/triana.salesianos.edu\/colegio\/#website"},"datePublished":"2018-02-08T23:18:10+00:00","dateModified":"2025-02-10T12:28:30+00:00","breadcrumb":{"@id":"https:\/\/triana.salesianos.edu\/colegio\/objetivos-orientacion\/#breadcrumb"},"inLanguage":"es","potentialAction":[{"@type":"ReadAction","target":["https:\/\/triana.salesianos.edu\/colegio\/objetivos-orientacion\/"]}]},{"@type":"BreadcrumbList","@id":"https:\/\/triana.salesianos.edu\/colegio\/objetivos-orientacion\/#breadcrumb","itemListElement":[{"@type":"ListItem","position":1,"name":"Portada","item":"https:\/\/triana.salesianos.edu\/colegio\/"},{"@type":"ListItem","position":2,"name":"Objetivos orientaci\u00f3n"}]},{"@type":"WebSite","@id":"https:\/\/triana.salesianos.edu\/colegio\/#website","url":"https:\/\/triana.salesianos.edu\/colegio\/","name":"Colegio Salesiano San Pedro","description":"P\u00e1gina oficial Salesianos Triana Sevilla","potentialAction":[{"@type":"SearchAction","target":{"@type":"EntryPoint","urlTemplate":"https:\/\/triana.salesianos.edu\/colegio\/?s={search_term_string}"},"query-input":{"@type":"PropertyValueSpecification","valueRequired":true,"valueName":"search_term_string"}}],"inLanguage":"es"}]}},"_links":{"self":[{"href":"https:\/\/triana.salesianos.edu\/colegio\/wp-json\/wp\/v2\/pages\/7947","targetHints":{"allow":["GET"]}}],"collection":[{"href":"https:\/\/triana.salesianos.edu\/colegio\/wp-json\/wp\/v2\/pages"}],"about":[{"href":"https:\/\/triana.salesianos.edu\/colegio\/wp-json\/wp\/v2\/types\/page"}],"author":[{"embeddable":true,"href":"https:\/\/triana.salesianos.edu\/colegio\/wp-json\/wp\/v2\/users\/3"}],"replies":[{"embeddable":true,"href":"https:\/\/triana.salesianos.edu\/colegio\/wp-json\/wp\/v2\/comments?post=7947"}],"version-history":[{"count":15,"href":"https:\/\/triana.salesianos.edu\/colegio\/wp-json\/wp\/v2\/pages\/7947\/revisions"}],"predecessor-version":[{"id":24987,"href":"https:\/\/triana.salesianos.edu\/colegio\/wp-json\/wp\/v2\/pages\/7947\/revisions\/24987"}],"wp:attachment":[{"href":"https:\/\/triana.salesianos.edu\/colegio\/wp-json\/wp\/v2\/media?parent=7947"}],"curies":[{"name":"wp","href":"https:\/\/api.w.org\/{rel}","templated":true}]}}