{"id":7937,"date":"2018-02-09T00:00:17","date_gmt":"2018-02-08T23:00:17","guid":{"rendered":"https:\/\/triana.salesianos.edu\/colegio\/?page_id=7937"},"modified":"2026-03-18T21:48:48","modified_gmt":"2026-03-18T20:48:48","slug":"orientacion","status":"publish","type":"page","link":"https:\/\/triana.salesianos.edu\/colegio\/orientacion\/","title":{"rendered":"orientaci\u00f3n"},"content":{"rendered":"<div id=\"fb-root\"><\/div>\n<p>[et_pb_section fb_built=\u00bb1&#8243; fullwidth=\u00bbon\u00bb _builder_version=\u00bb4.16&#8243; global_colors_info=\u00bb{}\u00bb][et_pb_fullwidth_header title=\u00bbOrientaci\u00f3n\u00bb title_font_color=\u00bb#ffffff\u00bb module_class=\u00bbpagina-imagen-cabecera\u00bb _builder_version=\u00bb4.16&#8243; title_text_color=\u00bb#ffffff\u00bb title_font_size=\u00bb40px\u00bb background_color=\u00bbrgba(255, 255, 255, 0)\u00bb background_image=\u00bbhttps:\/\/triana.salesianos.edu\/colegio\/wp-content\/uploads\/sites\/2\/2018\/02\/P1130160.jpg\u00bb background_layout=\u00bblight\u00bb max_width_tablet=\u00bb50px\u00bb background_url=\u00bbhttp:\/\/webpiloto.salesianos.edu\/wp-content\/uploads\/2017\/02\/ImagenPAGINA01.png\u00bb global_colors_info=\u00bb{}\u00bb button_one_text_size__hover_enabled=\u00bboff\u00bb button_two_text_size__hover_enabled=\u00bboff\u00bb button_one_text_color__hover_enabled=\u00bboff\u00bb button_two_text_color__hover_enabled=\u00bboff\u00bb button_one_border_width__hover_enabled=\u00bboff\u00bb button_two_border_width__hover_enabled=\u00bboff\u00bb button_one_border_color__hover_enabled=\u00bboff\u00bb button_two_border_color__hover_enabled=\u00bboff\u00bb button_one_border_radius__hover_enabled=\u00bboff\u00bb button_two_border_radius__hover_enabled=\u00bboff\u00bb button_one_letter_spacing__hover_enabled=\u00bboff\u00bb button_two_letter_spacing__hover_enabled=\u00bboff\u00bb button_one_bg_color__hover_enabled=\u00bboff\u00bb button_two_bg_color__hover_enabled=\u00bboff\u00bb][\/et_pb_fullwidth_header][\/et_pb_section][et_pb_section fb_built=\u00bb1&#8243; module_class=\u00bbpagina-seccion-contenido\u00bb _builder_version=\u00bb4.16&#8243; custom_padding=\u00bb-4%|||\u00bb transparent_background=\u00bboff\u00bb make_fullwidth=\u00bboff\u00bb use_custom_width=\u00bboff\u00bb width_unit=\u00bbon\u00bb global_colors_info=\u00bb{}\u00bb][et_pb_row column_structure=\u00bb2_3,1_3&#8243; module_class=\u00bbpagina-texto\u00bb _builder_version=\u00bb4.16&#8243; background_size=\u00bbinitial\u00bb background_position=\u00bbtop_left\u00bb background_repeat=\u00bbrepeat\u00bb make_fullwidth=\u00bboff\u00bb use_custom_width=\u00bboff\u00bb width_unit=\u00bbon\u00bb global_colors_info=\u00bb{}\u00bb][et_pb_column type=\u00bb2_3&#8243; _builder_version=\u00bb4.16&#8243; custom_padding=\u00bb|||\u00bb global_colors_info=\u00bb{}\u00bb custom_padding__hover=\u00bb|||\u00bb][et_pb_text admin_label=\u00bbDescripci\u00f3n de la etapa (Texto)\u00bb _builder_version=\u00bb4.16&#8243; border_style_all=\u00bbsolid\u00bb border_style=\u00bbsolid\u00bb global_colors_info=\u00bb{}\u00bb]<\/p>\n<h2>El Departamento de Orientaci\u00f3n<\/h2>\n<p>\u201cPara Don Bosco ning\u00fan joven le era indiferente. Todos en general y cada uno en particular sobresal\u00edan por alguna cualidad o caracter\u00edstica. En nuestra Escuela Salesiana, la Orientaci\u00f3n es un instrumento privilegiado para que cada joven se sienta reconocido como \u00fanico e insustituible\u201d.<\/p>\n<p>Es por ello, que en nuestro Centro, tendemos a la atenci\u00f3n personalizada y a la calidad educativa, canaliz\u00e1ndose nuestras actuaciones hacia los alumnos, sus familias y profesores todo ello de manera coordinada.<\/p>\n<p>La Orientaci\u00f3n se articula a trav\u00e9s de los distintos planes: Orientaci\u00f3n y Acci\u00f3n tutorial y el Plan de Atenci\u00f3n a la Diversidad contemplando las diferentes etapas educativas: E. Infantil, E. Primaria, ESO, Bachillerato y Formaci\u00f3n Profesional de Grado B\u00e1sico, Medio y Superior.<\/p>\n<p>[\/et_pb_text][et_pb_testimonial author=\u00bbSof\u00eda Velasco Almenara\u00bb job_title=\u00bbCoordinadora del Departamento de Orientaci\u00f3n\u00bb portrait_url=\u00bbhttps:\/\/triana.salesianos.edu\/colegio\/wp-content\/uploads\/sites\/2\/2025\/01\/sva-1.jpg\u00bb admin_label=\u00bbRecomendaci\u00f3n\u00bb _builder_version=\u00bb4.27.4&#8243; border_style_all=\u00bbsolid\u00bb border_style=\u00bbsolid\u00bb global_colors_info=\u00bb{}\u00bb]<\/p>\n<p>Hola a todos,<\/p>\n<p>Mi nombre es Sof\u00eda Velasco Almenara y me dirijo a vosotros como Coordinadora del<br \/>Departamento de Orientaci\u00f3n. Pertenezco al mismo y soy pedagoga especialista en el recurso de Apoyo Pedag\u00f3gico en la etapa de 1\u00ba\/3\u00ba de ESO. Mi labor, junto al equipo de orientaci\u00f3n, es acompa\u00f1ar, guiar y apoyar a nuestros alumnos, familias y docentes en el desarrollo integral de cada uno de los estudiantes. Nuestro objetivo principal es brindar herramientas y recursos para que cada alumno encuentre su camino, superando cualquier dificultad y potenciando sus habilidades y talentos.<\/p>\n<p>El Departamento de Orientaci\u00f3n juega un papel clave en el crecimiento personal y<br \/>acad\u00e9mico de nuestros alumnos, desde las etapas m\u00e1s tempranas hasta los \u00faltimos a\u00f1os de formaci\u00f3n postobligatoria. Nos enfocamos en el apoyo individualizado, la atenci\u00f3n a la diversidad, y la orientaci\u00f3n acad\u00e9mica y profesional, promoviendo un ambiente de respeto, empat\u00eda y valores que emanan de nuestro ideario y carisma salesiano.<\/p>\n<p>Creemos firmemente que cada ni\u00f1o y joven tiene un potencial \u00fanico, y trabajamos para asegurarnos de que todos puedan desarrollarlo al m\u00e1ximo, siempre desde un enfoque humano, cercano y personalizado. Adem\u00e1s, colaboramos estrechamente con las familias para que este proceso sea lo m\u00e1s enriquecedor y constructivo posible, formando una aut\u00e9ntica comunidad educativo pastoral.<\/p>\n<p>Estoy a vuestra disposici\u00f3n para cualquier consulta o inquietud que pueda surgir durante el curso escolar. Si tienes alguna duda, puedes ponerte en contacto conmigo a trav\u00e9s del correo electr\u00f3nico sofia.velasco@triana.salesianos.edu o bien a trav\u00e9s de la plataforma Qe si ya perteneces a nuestro centro.<\/p>\n<p>[\/et_pb_testimonial][et_pb_tabs _builder_version=\u00bb4.27.4&#8243; hover_enabled=\u00bb0&#8243; global_colors_info=\u00bb{}\u00bb sticky_enabled=\u00bb0&#8243;][et_pb_tab title=\u00bbEquipo\u00bb _builder_version=\u00bb4.27.4&#8243; hover_enabled=\u00bb0&#8243; global_colors_info=\u00bb{}\u00bb sticky_enabled=\u00bb0&#8243;]<\/p>\n<p>&nbsp;<\/p>\n<p>Nuestro Departamento de Orientaci\u00f3n est\u00e1 formado por:<\/p>\n<ul>\n<li>Orientadora de las etapas de Educaci\u00f3n Infantil, Educaci\u00f3n Primaria, y E.S.O. (Coordinadora del departamento)<\/li>\n<li>Orientadora de las etapas de Bachillerato y Formaci\u00f3n Profesional.<\/li>\n<li>3 Profesoras de Pedagog\u00eda Terap\u00e9utica.<\/li>\n<li>Profesora de Apoyo Pedag\u00f3gico.<\/li>\n<li>Maestro del Plan de Compensaci\u00f3n Educativa.<\/li>\n<li><span style=\"font-weight: 400;\">Logopeda.<\/span><\/li>\n<li><span style=\"font-weight: 400;\">Psic\u00f3loga.<\/span><\/li>\n<\/ul>\n<p>[\/et_pb_tab][et_pb_tab title=\u00bbEspacios\u00bb _builder_version=\u00bb4.16&#8243; global_colors_info=\u00bb{}\u00bb]<\/p>\n<p>&nbsp;<\/p>\n<p>Disponemos de los siguientes espacios:<\/p>\n<ul>\n<li>Departamento de Orientaci\u00f3n formado por dos despachos con zona de trabajo para alumnos.<\/li>\n<li>Tres aulas de Apoyo a la Integraci\u00f3n.<\/li>\n<li>Un aula para Apoyo pedag\u00f3gico.<\/li>\n<li>Aula de psicomotricidad.<\/li>\n<li>Sala de usos m\u00faltiples.<\/li>\n<li>Aulas del Centro.<\/li>\n<li>Salas de inform\u00e1tica.<\/li>\n<li>Teatro.<\/li>\n<li>Pabell\u00f3n deportivo.<\/li>\n<li><span style=\"font-weight: 400;\">Aula de Compensatoria.<\/span><\/li>\n<li><span style=\"font-weight: 400;\">Despacho de Psicolog\u00eda.<\/span><\/li>\n<\/ul>\n<p>&nbsp;<\/p>\n<p>[\/et_pb_tab][\/et_pb_tabs][\/et_pb_column][et_pb_column type=\u00bb1_3&#8243; _builder_version=\u00bb4.16&#8243; custom_padding=\u00bb|||\u00bb global_colors_info=\u00bb{}\u00bb custom_padding__hover=\u00bb|||\u00bb][et_pb_text admin_label=\u00bbPara saber m\u00e1s (Texto)\u00bb _builder_version=\u00bb4.16&#8243; global_colors_info=\u00bb{}\u00bb]<\/p>\n<h2>Para saber m\u00e1s&#8230;<\/h2>\n<p>[\/et_pb_text][et_pb_button button_url=\u00bb\/colegio\/objetivos-orientacion\u00bb button_text=\u00bbObjetivos\u00bb button_alignment=\u00bbleft\u00bb admin_label=\u00bbObjetivos (Bot\u00f3n)\u00bb _builder_version=\u00bb4.27.4&#8243; custom_button=\u00bbon\u00bb button_text_color=\u00bb#ffffff\u00bb button_bg_color=\u00bb#dc001b\u00bb button_border_color=\u00bb#dc001b\u00bb button_border_radius=\u00bb5&#8243; background_layout=\u00bbdark\u00bb saved_tabs=\u00bball\u00bb global_colors_info=\u00bb{}\u00bb button_text_size__hover_enabled=\u00bboff\u00bb button_one_text_size__hover_enabled=\u00bboff\u00bb button_two_text_size__hover_enabled=\u00bboff\u00bb button_text_color__hover_enabled=\u00bboff\u00bb button_one_text_color__hover_enabled=\u00bboff\u00bb button_two_text_color__hover_enabled=\u00bboff\u00bb button_border_width__hover_enabled=\u00bboff\u00bb button_one_border_width__hover_enabled=\u00bboff\u00bb button_two_border_width__hover_enabled=\u00bboff\u00bb button_border_color__hover_enabled=\u00bboff\u00bb button_one_border_color__hover_enabled=\u00bboff\u00bb button_two_border_color__hover_enabled=\u00bboff\u00bb button_border_radius__hover_enabled=\u00bboff\u00bb button_one_border_radius__hover_enabled=\u00bboff\u00bb button_two_border_radius__hover_enabled=\u00bboff\u00bb button_letter_spacing__hover_enabled=\u00bboff\u00bb button_one_letter_spacing__hover_enabled=\u00bboff\u00bb button_two_letter_spacing__hover_enabled=\u00bboff\u00bb button_bg_color__hover_enabled=\u00bboff\u00bb button_one_bg_color__hover_enabled=\u00bboff\u00bb button_two_bg_color__hover_enabled=\u00bboff\u00bb][\/et_pb_button][et_pb_button button_url=\u00bb\/colegio\/atencion-a-la-diversidad\u00bb button_text=\u00bbAtenci\u00f3n a la Diversidad\u00bb button_alignment=\u00bbleft\u00bb admin_label=\u00bbAt Diversidad(Bot\u00f3n)\u00bb _builder_version=\u00bb4.16&#8243; custom_button=\u00bbon\u00bb button_text_color=\u00bb#ffffff\u00bb button_bg_color=\u00bb#dc001b\u00bb button_border_color=\u00bb#dc001b\u00bb button_border_radius=\u00bb5&#8243; background_layout=\u00bbdark\u00bb saved_tabs=\u00bball\u00bb global_colors_info=\u00bb{}\u00bb button_text_size__hover_enabled=\u00bboff\u00bb button_one_text_size__hover_enabled=\u00bboff\u00bb button_two_text_size__hover_enabled=\u00bboff\u00bb button_text_color__hover_enabled=\u00bboff\u00bb button_one_text_color__hover_enabled=\u00bboff\u00bb button_two_text_color__hover_enabled=\u00bboff\u00bb button_border_width__hover_enabled=\u00bboff\u00bb button_one_border_width__hover_enabled=\u00bboff\u00bb button_two_border_width__hover_enabled=\u00bboff\u00bb button_border_color__hover_enabled=\u00bboff\u00bb button_one_border_color__hover_enabled=\u00bboff\u00bb button_two_border_color__hover_enabled=\u00bboff\u00bb button_border_radius__hover_enabled=\u00bboff\u00bb button_one_border_radius__hover_enabled=\u00bboff\u00bb button_two_border_radius__hover_enabled=\u00bboff\u00bb button_letter_spacing__hover_enabled=\u00bboff\u00bb button_one_letter_spacing__hover_enabled=\u00bboff\u00bb button_two_letter_spacing__hover_enabled=\u00bboff\u00bb button_bg_color__hover_enabled=\u00bboff\u00bb button_one_bg_color__hover_enabled=\u00bboff\u00bb button_two_bg_color__hover_enabled=\u00bboff\u00bb][\/et_pb_button][et_pb_button button_url=\u00bb\/colegio\/compensacion-educativa\u00bb button_text=\u00bbCompensaci\u00f3n Educativa\u00bb button_alignment=\u00bbleft\u00bb admin_label=\u00bbcompensaci\u00f3n (Bot\u00f3n)\u00bb _builder_version=\u00bb4.16&#8243; custom_button=\u00bbon\u00bb button_text_color=\u00bb#ffffff\u00bb button_bg_color=\u00bb#dc001b\u00bb button_border_color=\u00bb#dc001b\u00bb button_border_radius=\u00bb5&#8243; background_layout=\u00bbdark\u00bb saved_tabs=\u00bball\u00bb global_colors_info=\u00bb{}\u00bb button_text_size__hover_enabled=\u00bboff\u00bb button_one_text_size__hover_enabled=\u00bboff\u00bb button_two_text_size__hover_enabled=\u00bboff\u00bb button_text_color__hover_enabled=\u00bboff\u00bb button_one_text_color__hover_enabled=\u00bboff\u00bb button_two_text_color__hover_enabled=\u00bboff\u00bb button_border_width__hover_enabled=\u00bboff\u00bb button_one_border_width__hover_enabled=\u00bboff\u00bb button_two_border_width__hover_enabled=\u00bboff\u00bb button_border_color__hover_enabled=\u00bboff\u00bb button_one_border_color__hover_enabled=\u00bboff\u00bb button_two_border_color__hover_enabled=\u00bboff\u00bb button_border_radius__hover_enabled=\u00bboff\u00bb button_one_border_radius__hover_enabled=\u00bboff\u00bb button_two_border_radius__hover_enabled=\u00bboff\u00bb button_letter_spacing__hover_enabled=\u00bboff\u00bb button_one_letter_spacing__hover_enabled=\u00bboff\u00bb button_two_letter_spacing__hover_enabled=\u00bboff\u00bb button_bg_color__hover_enabled=\u00bboff\u00bb button_one_bg_color__hover_enabled=\u00bboff\u00bb button_two_bg_color__hover_enabled=\u00bboff\u00bb][\/et_pb_button][et_pb_blurb title=\u00bbDescargas\u00bb url=\u00bbhttps:\/\/triana.salesianos.edu\/colegio\/blog\/download-category\/orientacion\/\u00bb use_icon=\u00bbon\u00bb font_icon=\u00bb&#xe004;||divi||400&#8243; image_icon_background_color=\u00bb#ffffff\u00bb icon_placement=\u00bbleft\u00bb image_icon_width=\u00bb35px\u00bb disabled_on=\u00bbon|on|on\u00bb admin_label=\u00bbDescargas (Anuncio)\u00bb _builder_version=\u00bb4.27.4&#8243; header_font_size=\u00bb25&#8243; body_font_size=\u00bb18&#8243; image_icon_custom_padding=\u00bb8px|8px|8px|8px|false|false\u00bb max_width_tablet=\u00bb50px\u00bb border_radii_image=\u00bbon|100%|100%|100%|100%\u00bb border_width_all_image=\u00bb2px\u00bb border_color_all_image=\u00bb#dc001b\u00bb icon_font_size=\u00bb35px\u00bb use_circle=\u00bbon\u00bb use_circle_border=\u00bbon\u00bb circle_color=\u00bb#ffffff\u00bb disabled=\u00bbon\u00bb locked=\u00bboff\u00bb global_colors_info=\u00bb{}\u00bb image_icon_background_color__sticky_enabled=\u00bb#dc001b\u00bb image_icon_background_color__sticky=\u00bb#dc001b\u00bb]<\/p>\n<p>Accede a los documentos de este departamento<\/p>\n<p>[\/et_pb_blurb][\/et_pb_column][\/et_pb_row][et_pb_row _builder_version=\u00bb4.16&#8243; background_size=\u00bbinitial\u00bb background_position=\u00bbtop_left\u00bb background_repeat=\u00bbrepeat\u00bb global_colors_info=\u00bb{}\u00bb][et_pb_column type=\u00bb4_4&#8243; _builder_version=\u00bb4.16&#8243; custom_padding=\u00bb|||\u00bb global_colors_info=\u00bb{}\u00bb custom_padding__hover=\u00bb|||\u00bb][et_pb_divider disabled_on=\u00bbon|on|off\u00bb _builder_version=\u00bb4.16&#8243; hide_on_mobile=\u00bbon\u00bb global_colors_info=\u00bb{}\u00bb][\/et_pb_divider][et_pb_text admin_label=\u00bbTitulo Preguntas frecuentes (Texto)\u00bb _builder_version=\u00bb4.16&#8243; text_text_color=\u00bb#ffffff\u00bb text_font_size=\u00bb22&#8243; background_color=\u00bb#dc001b\u00bb background_size=\u00bbinitial\u00bb background_position=\u00bbtop_left\u00bb background_repeat=\u00bbrepeat\u00bb max_width=\u00bb100%\u00bb custom_padding=\u00bb10px|10px|10px|20px\u00bb border_color=\u00bb#dc001b\u00bb border_style=\u00bbsolid\u00bb global_colors_info=\u00bb{}\u00bb]Preguntas Frecuentes<br \/>\n[\/et_pb_text][et_pb_accordion admin_label=\u00bbFAQ (Acorde\u00f3n)\u00bb _builder_version=\u00bb4.27.4&#8243; toggle_text_color=\u00bb#dc001b\u00bb toggle_font_size=\u00bb17px\u00bb border_width_all=\u00bb0px\u00bb border_color_all=\u00bb#e5e5e5&#8243; border_style_all=\u00bbsolid\u00bb use_border_color=\u00bbon\u00bb border_color=\u00bb#e5e5e5&#8243; border_width=\u00bb0px\u00bb border_style=\u00bbsolid\u00bb saved_tabs=\u00bball\u00bb global_colors_info=\u00bb{}\u00bb][et_pb_accordion_item title=\u00bb\u00bfC\u00f3mo puedo contactar con la orientadora?\u00bb open=\u00bbon\u00bb _builder_version=\u00bb4.16&#8243; global_colors_info=\u00bb{}\u00bb]Si es la primera vez, se debe contactar a trav\u00e9s del tutor o tutora de vuestro hijo\/a.<\/p>\n<p>Si ya se inici\u00f3 el contacto, a trav\u00e9s del correo electr\u00f3nico de la orientadora de su hijo, a trav\u00e9s de Qe o por tel\u00e9fono concertando una cita.<br \/>\n[\/et_pb_accordion_item][et_pb_accordion_item title=\u00bb\u00bfQu\u00e9 es y qu\u00e9 necesidades cubre el Departamento de Orientaci\u00f3n? \u00bb _builder_version=\u00bb4.27.4&#8243; global_colors_info=\u00bb{}\u00bb open=\u00bboff\u00bb]<\/p>\n<p>Es un \u00f3rgano especializado que apoya la labor del centro y del conjunto del profesorado en todas aquellas actuaciones encaminadas a asegurar una formaci\u00f3n integral del alumnado y a la adaptaci\u00f3n de los procesos de ense\u00f1anza a las caracter\u00edsticas y necesidades de todos los alumnos y alumnas.<\/p>\n<p>Tiene por objetivo facilitar la atenci\u00f3n a la diversidad del alumnado tanto a trav\u00e9s de los procesos de ense\u00f1anza que se desarrollan en las distintas \u00e1reas curriculares como a trav\u00e9s de la acci\u00f3n tutorial y de la orientaci\u00f3n acad\u00e9mica y profesional. En el apartado, PARA SABER M\u00c1S, cuentas con m\u00e1s informaci\u00f3n.<\/p>\n<p>[\/et_pb_accordion_item][et_pb_accordion_item title=\u00bb\u00bfQu\u00e9 es el Plan de Orientaci\u00f3n y Acci\u00f3n Tutorial? \u00bb _builder_version=\u00bb4.16&#8243; global_colors_info=\u00bb{}\u00bb open=\u00bboff\u00bb]El fin primordial del Plan de Accio\u0301n y Orientacio\u0301n Tutorial es el de comprometer a todos los sectores que participan en la vida de nuestro centro (profesorado, alumnado, familias, etc&#8230;) en la idea de que la Orientacio\u0301n y la Accio\u0301n Tutorial son instrumentos poderosos tanto para prevenir dificultades y problemas como para facilitar el desarrollo vital y el aprendizaje de nuestros alumnos y su futura insercio\u0301n en la sociedad. Como deci\u0301a D. Bosco \u201cbuenos cristianos y honrados ciudadanos\u201d.<\/p>\n<p>Nuestra accio\u0301n educativa trata de insertarse en el entorno social y cultural de nuestros alumnos para dar respuesta adecuada a las necesidades de promocio\u0301n integral de los jo\u0301venes que son la razo\u0301n de nuestra escuela.<br \/>\n[\/et_pb_accordion_item][et_pb_accordion_item title=\u00bb\u00bfQu\u00e9 es el Plan de Atenci\u00f3n a la Diversidad?\u00bb _builder_version=\u00bb4.27.4&#8243; global_colors_info=\u00bb{}\u00bb open=\u00bboff\u00bb]<\/p>\n<p>El P.A.D. tiene como finalidad la planificacio\u0301n de medidas educativas que permiten una respuesta adecuada a las necesidades concretas que presenta el alumnado. De forma que todo el alumnado alcance el ma\u0301ximo desarrollo personal, intelectual y social, adema\u0301s de los objetivos establecidos con cara\u0301cter general.<\/p>\n<p>El objetivo final de la atencio\u0301n a la diversidad en un centro educativo salesiano debe ser: Establecer y desarrollar las medidas organizativas y pedago\u0301gicas necesarias para responder con la ma\u0301xima calidad a las necesidades educativas de nuestros destinatarios.<\/p>\n<p>[\/et_pb_accordion_item][et_pb_accordion_item title=\u00bb\u00bfQui\u00e9n puede derivar a mi hijo\/a al Dpto. de Orientaci\u00f3n?\u00bb _builder_version=\u00bb4.27.4&#8243; global_colors_info=\u00bb{}\u00bb open=\u00bboff\u00bb]<\/p>\n<p>Por mediaci\u00f3n del tutor\/a, se le solicita una tutor\u00eda a la orientadora correspondiente de la etapa, por mediaci\u00f3n de \u00e9ste y a partir de ah\u00ed ya se van dando los pasos correspondientes.<\/p>\n<p>[\/et_pb_accordion_item][\/et_pb_accordion][\/et_pb_column][\/et_pb_row][\/et_pb_section]<\/p>\n","protected":false},"excerpt":{"rendered":"<p>El Departamento de Orientaci\u00f3n \u201cPara Don Bosco ning\u00fan joven le era indiferente. Todos en general y cada uno en particular sobresal\u00edan por alguna cualidad o caracter\u00edstica. En nuestra Escuela Salesiana, la Orientaci\u00f3n es un instrumento privilegiado para que cada joven se sienta reconocido como \u00fanico e insustituible\u201d. Es por ello, que en nuestro Centro, tendemos [&hellip;]<\/p>\n","protected":false},"author":3,"featured_media":0,"parent":0,"menu_order":0,"comment_status":"closed","ping_status":"closed","template":"","meta":{"_et_pb_use_builder":"on","_et_pb_old_content":"","_et_gb_content_width":"","footnotes":""},"class_list":["post-7937","page","type-page","status-publish","hentry"],"yoast_head":"<!-- This site is optimized with the Yoast SEO plugin v27.3 - https:\/\/yoast.com\/product\/yoast-seo-wordpress\/ -->\n<title>orientaci\u00f3n - Colegio Salesiano San Pedro<\/title>\n<meta name=\"robots\" content=\"index, follow, max-snippet:-1, max-image-preview:large, max-video-preview:-1\" \/>\n<link rel=\"canonical\" href=\"https:\/\/triana.salesianos.edu\/colegio\/orientacion\/\" \/>\n<meta property=\"og:locale\" content=\"es_ES\" \/>\n<meta property=\"og:type\" content=\"article\" \/>\n<meta property=\"og:title\" content=\"orientaci\u00f3n - Colegio Salesiano San Pedro\" \/>\n<meta property=\"og:description\" content=\"El Departamento de Orientaci\u00f3n \u201cPara Don Bosco ning\u00fan joven le era indiferente. Todos en general y cada uno en particular sobresal\u00edan por alguna cualidad o caracter\u00edstica. En nuestra Escuela Salesiana, la Orientaci\u00f3n es un instrumento privilegiado para que cada joven se sienta reconocido como \u00fanico e insustituible\u201d. Es por ello, que en nuestro Centro, tendemos [&hellip;]\" \/>\n<meta property=\"og:url\" content=\"https:\/\/triana.salesianos.edu\/colegio\/orientacion\/\" \/>\n<meta property=\"og:site_name\" content=\"Colegio Salesiano San Pedro\" \/>\n<meta property=\"article:modified_time\" content=\"2026-03-18T20:48:48+00:00\" \/>\n<meta name=\"twitter:card\" content=\"summary_large_image\" \/>\n<meta name=\"twitter:label1\" content=\"Tiempo de lectura\" \/>\n\t<meta name=\"twitter:data1\" content=\"5 minutos\" \/>\n<script type=\"application\/ld+json\" class=\"yoast-schema-graph\">{\"@context\":\"https:\\\/\\\/schema.org\",\"@graph\":[{\"@type\":\"WebPage\",\"@id\":\"https:\\\/\\\/triana.salesianos.edu\\\/colegio\\\/orientacion\\\/\",\"url\":\"https:\\\/\\\/triana.salesianos.edu\\\/colegio\\\/orientacion\\\/\",\"name\":\"orientaci\u00f3n - Colegio Salesiano San Pedro\",\"isPartOf\":{\"@id\":\"https:\\\/\\\/triana.salesianos.edu\\\/colegio\\\/#website\"},\"datePublished\":\"2018-02-08T23:00:17+00:00\",\"dateModified\":\"2026-03-18T20:48:48+00:00\",\"breadcrumb\":{\"@id\":\"https:\\\/\\\/triana.salesianos.edu\\\/colegio\\\/orientacion\\\/#breadcrumb\"},\"inLanguage\":\"es\",\"potentialAction\":[{\"@type\":\"ReadAction\",\"target\":[\"https:\\\/\\\/triana.salesianos.edu\\\/colegio\\\/orientacion\\\/\"]}]},{\"@type\":\"BreadcrumbList\",\"@id\":\"https:\\\/\\\/triana.salesianos.edu\\\/colegio\\\/orientacion\\\/#breadcrumb\",\"itemListElement\":[{\"@type\":\"ListItem\",\"position\":1,\"name\":\"Portada\",\"item\":\"https:\\\/\\\/triana.salesianos.edu\\\/colegio\\\/\"},{\"@type\":\"ListItem\",\"position\":2,\"name\":\"orientaci\u00f3n\"}]},{\"@type\":\"WebSite\",\"@id\":\"https:\\\/\\\/triana.salesianos.edu\\\/colegio\\\/#website\",\"url\":\"https:\\\/\\\/triana.salesianos.edu\\\/colegio\\\/\",\"name\":\"Colegio Salesiano San Pedro\",\"description\":\"P\u00e1gina oficial Salesianos Triana Sevilla\",\"potentialAction\":[{\"@type\":\"SearchAction\",\"target\":{\"@type\":\"EntryPoint\",\"urlTemplate\":\"https:\\\/\\\/triana.salesianos.edu\\\/colegio\\\/?s={search_term_string}\"},\"query-input\":{\"@type\":\"PropertyValueSpecification\",\"valueRequired\":true,\"valueName\":\"search_term_string\"}}],\"inLanguage\":\"es\"}]}<\/script>\n<!-- \/ Yoast SEO plugin. -->","yoast_head_json":{"title":"orientaci\u00f3n - Colegio Salesiano San Pedro","robots":{"index":"index","follow":"follow","max-snippet":"max-snippet:-1","max-image-preview":"max-image-preview:large","max-video-preview":"max-video-preview:-1"},"canonical":"https:\/\/triana.salesianos.edu\/colegio\/orientacion\/","og_locale":"es_ES","og_type":"article","og_title":"orientaci\u00f3n - Colegio Salesiano San Pedro","og_description":"El Departamento de Orientaci\u00f3n \u201cPara Don Bosco ning\u00fan joven le era indiferente. Todos en general y cada uno en particular sobresal\u00edan por alguna cualidad o caracter\u00edstica. En nuestra Escuela Salesiana, la Orientaci\u00f3n es un instrumento privilegiado para que cada joven se sienta reconocido como \u00fanico e insustituible\u201d. Es por ello, que en nuestro Centro, tendemos [&hellip;]","og_url":"https:\/\/triana.salesianos.edu\/colegio\/orientacion\/","og_site_name":"Colegio Salesiano San Pedro","article_modified_time":"2026-03-18T20:48:48+00:00","twitter_card":"summary_large_image","twitter_misc":{"Tiempo de lectura":"5 minutos"},"schema":{"@context":"https:\/\/schema.org","@graph":[{"@type":"WebPage","@id":"https:\/\/triana.salesianos.edu\/colegio\/orientacion\/","url":"https:\/\/triana.salesianos.edu\/colegio\/orientacion\/","name":"orientaci\u00f3n - Colegio Salesiano San Pedro","isPartOf":{"@id":"https:\/\/triana.salesianos.edu\/colegio\/#website"},"datePublished":"2018-02-08T23:00:17+00:00","dateModified":"2026-03-18T20:48:48+00:00","breadcrumb":{"@id":"https:\/\/triana.salesianos.edu\/colegio\/orientacion\/#breadcrumb"},"inLanguage":"es","potentialAction":[{"@type":"ReadAction","target":["https:\/\/triana.salesianos.edu\/colegio\/orientacion\/"]}]},{"@type":"BreadcrumbList","@id":"https:\/\/triana.salesianos.edu\/colegio\/orientacion\/#breadcrumb","itemListElement":[{"@type":"ListItem","position":1,"name":"Portada","item":"https:\/\/triana.salesianos.edu\/colegio\/"},{"@type":"ListItem","position":2,"name":"orientaci\u00f3n"}]},{"@type":"WebSite","@id":"https:\/\/triana.salesianos.edu\/colegio\/#website","url":"https:\/\/triana.salesianos.edu\/colegio\/","name":"Colegio Salesiano San Pedro","description":"P\u00e1gina oficial Salesianos Triana Sevilla","potentialAction":[{"@type":"SearchAction","target":{"@type":"EntryPoint","urlTemplate":"https:\/\/triana.salesianos.edu\/colegio\/?s={search_term_string}"},"query-input":{"@type":"PropertyValueSpecification","valueRequired":true,"valueName":"search_term_string"}}],"inLanguage":"es"}]}},"_links":{"self":[{"href":"https:\/\/triana.salesianos.edu\/colegio\/wp-json\/wp\/v2\/pages\/7937","targetHints":{"allow":["GET"]}}],"collection":[{"href":"https:\/\/triana.salesianos.edu\/colegio\/wp-json\/wp\/v2\/pages"}],"about":[{"href":"https:\/\/triana.salesianos.edu\/colegio\/wp-json\/wp\/v2\/types\/page"}],"author":[{"embeddable":true,"href":"https:\/\/triana.salesianos.edu\/colegio\/wp-json\/wp\/v2\/users\/3"}],"replies":[{"embeddable":true,"href":"https:\/\/triana.salesianos.edu\/colegio\/wp-json\/wp\/v2\/comments?post=7937"}],"version-history":[{"count":21,"href":"https:\/\/triana.salesianos.edu\/colegio\/wp-json\/wp\/v2\/pages\/7937\/revisions"}],"predecessor-version":[{"id":25266,"href":"https:\/\/triana.salesianos.edu\/colegio\/wp-json\/wp\/v2\/pages\/7937\/revisions\/25266"}],"wp:attachment":[{"href":"https:\/\/triana.salesianos.edu\/colegio\/wp-json\/wp\/v2\/media?parent=7937"}],"curies":[{"name":"wp","href":"https:\/\/api.w.org\/{rel}","templated":true}]}}