{"id":7915,"date":"2018-02-07T20:55:28","date_gmt":"2018-02-07T19:55:28","guid":{"rendered":"https:\/\/triana.salesianos.edu\/colegio\/?page_id=7915"},"modified":"2020-09-10T10:44:24","modified_gmt":"2020-09-10T09:44:24","slug":"saludo-director","status":"publish","type":"page","link":"https:\/\/triana.salesianos.edu\/colegio\/saludo-director\/","title":{"rendered":"Saludo del director"},"content":{"rendered":"<div id=\"fb-root\"><\/div>\n<p>[et_pb_section fb_built=\u00bb1&#8243; fullwidth=\u00bbon\u00bb _builder_version=\u00bb3.22&#8243;][et_pb_fullwidth_header title=\u00bbSaludo del Director de Centro\u00bb module_class=\u00bbpagina-imagen-cabecera\u00bb _builder_version=\u00bb3.16&#8243; background_color=\u00bbrgba(255, 255, 255, 0)\u00bb background_image=\u00bbhttps:\/\/triana.salesianos.edu\/colegio\/wp-content\/uploads\/sites\/2\/2018\/02\/todos-1.jpg\u00bb background_layout=\u00bblight\u00bb max_width_tablet=\u00bb50px\u00bb button_one_text_size__hover_enabled=\u00bboff\u00bb button_two_text_size__hover_enabled=\u00bboff\u00bb button_one_text_color__hover_enabled=\u00bboff\u00bb button_two_text_color__hover_enabled=\u00bboff\u00bb button_one_border_width__hover_enabled=\u00bboff\u00bb button_two_border_width__hover_enabled=\u00bboff\u00bb button_one_border_color__hover_enabled=\u00bboff\u00bb button_two_border_color__hover_enabled=\u00bboff\u00bb button_one_border_radius__hover_enabled=\u00bboff\u00bb button_two_border_radius__hover_enabled=\u00bboff\u00bb button_one_letter_spacing__hover_enabled=\u00bboff\u00bb button_two_letter_spacing__hover_enabled=\u00bboff\u00bb button_one_bg_color__hover_enabled=\u00bboff\u00bb button_two_bg_color__hover_enabled=\u00bboff\u00bb][\/et_pb_fullwidth_header][\/et_pb_section][et_pb_section fb_built=\u00bb1&#8243; admin_label=\u00bbsection\u00bb _builder_version=\u00bb3.22&#8243;][et_pb_row column_structure=\u00bb1_4,3_4&#8243; _builder_version=\u00bb3.25&#8243; custom_margin=\u00bb25px|||\u00bb custom_padding=\u00bb25px|||\u00bb][et_pb_column type=\u00bb1_4&#8243; _builder_version=\u00bb3.25&#8243; custom_padding=\u00bb|||\u00bb custom_padding__hover=\u00bb|||\u00bb][et_pb_image src=\u00bbhttps:\/\/triana.salesianos.edu\/colegio\/wp-content\/uploads\/sites\/2\/2018\/02\/vera_julio.jpg\u00bb alt=\u00bbRosendo Soler Mir\u00f3\u00bb title_text=\u00bbRosendo Soler Mir\u00f3\u00bb admin_label=\u00bbFoto (Imagen)\u00bb _builder_version=\u00bb3.23&#8243; animation_style=\u00bbslide\u00bb animation_direction=\u00bbleft\u00bb animation_duration=\u00bb500ms\u00bb animation_intensity_slide=\u00bb10%\u00bb border_radii=\u00bbon|50%|50%|50%|50%\u00bb border_style=\u00bbsolid\u00bb always_center_on_mobile=\u00bboff\u00bb][\/et_pb_image][\/et_pb_column][et_pb_column type=\u00bb3_4&#8243; _builder_version=\u00bb3.25&#8243; custom_padding=\u00bb|||\u00bb custom_padding__hover=\u00bb|||\u00bb][et_pb_text _builder_version=\u00bb3.27.4&#8243; text_font=\u00bbLato Light||||\u00bb custom_margin=\u00bb10px|||\u00bb]<\/p>\n<h1>Bienvenido\/a, esta es tu casa.<\/h1>\n<p>[\/et_pb_text][et_pb_text _builder_version=\u00bb3.27.4&#8243; border_style_all=\u00bbsolid\u00bb border_style=\u00bbsolid\u00bb]Soy Julio Vera Garc\u00eda, Director de Centro del Colegio Salesiano San Pedro de Triana.<\/p>\n<p>La amplitud de la oferta del ambiente Escuela de nuestra Casa abarca desde el segundo ciclo de Educaci\u00f3n Infantil con ni\u00f1os de tres a\u00f1os hasta alumnos mayores que cursan nuestros Ciclos Formativos de Grado Superior, constituyendo una extensa y variada propuesta educativa con casi un centenar de profesionales comprometidos con la formaci\u00f3n acad\u00e9mica e integral de nuestro alumnado.<\/p>\n<p>Somos un colegio con todas sus unidades concertadas que no buscamos adaptarnos a los cambios que se van articulando en nuestra sociedad, sino que buscamos adelantarnos y ofertar a nuestros alumnos una educaci\u00f3n innovadora con metodolog\u00edas adaptadas a sus necesidades.<\/p>\n<p>Nuestro esfuerzo se concentra en todas y cada una de las etapas educativas, partiendo de unas l\u00edneas estrat\u00e9gicas que nos permitan conseguir que el alumno se sienta protagonista de su propio desarrollo. Todo ello con un ideario de escuela cristiana y salesiana, siguiendo los pasos de nuestro fundador San Juan Bosco.<\/p>\n<p>Dicen que con un solo clic uno puede acceder a la informaci\u00f3n que quiera. Te animo a que cliques y te muevas con libertad por nuestra web, y ya sea desde tu m\u00f3vil, tablet u ordenador puedas conocer nuestros profesores, nuestros equipos, nuestros j\u00f3venes, nuestros espacios, nuestros patios, nuestras clases, el teatro, la iglesia, los laboratorios, las salas de medios, los talleres, nuestras pistas deportivas, \u2026 nuestra Casa.<\/p>\n<p>Pero tras una primera visual te dar\u00e1s cuenta que para conocer la Casa Salesiana de Triana no basta con verlo, tienes que sentirlo.<\/p>\n<p>Ven y palpar\u00e1s el buen clima que se respira en los distintos ambientes de esta Casa. Somos mucho m\u00e1s que un colegio.<\/p>\n<p>Un saludo y bienvenido a tu casa.<br \/>\n[\/et_pb_text][et_pb_text _builder_version=\u00bb3.27.4&#8243; text_font=\u00bbLato||||\u00bb text_text_color=\u00bb#e02b20&#8243; text_font_size=\u00bb20px\u00bb text_orientation=\u00bbright\u00bb module_alignment=\u00bbright\u00bb border_style_all=\u00bbsolid\u00bb border_style=\u00bbsolid\u00bb]Julio Vera Garc\u00eda<br \/>\n[\/et_pb_text][et_pb_text _builder_version=\u00bb3.27.4&#8243; text_font=\u00bbLato Light||||\u00bb text_font_size=\u00bb17px\u00bb text_orientation=\u00bbright\u00bb module_alignment=\u00bbright\u00bb border_style_all=\u00bbsolid\u00bb border_style=\u00bbsolid\u00bb]Director de Centro<br \/>\n[\/et_pb_text][\/et_pb_column][\/et_pb_row][\/et_pb_section]<\/p>\n","protected":false},"excerpt":{"rendered":"<p>Bienvenido\/a, esta es tu casa. Soy Julio Vera Garc\u00eda, Director de Centro del Colegio Salesiano San Pedro de Triana. La amplitud de la oferta del ambiente Escuela de nuestra Casa abarca desde el segundo ciclo de Educaci\u00f3n Infantil con ni\u00f1os de tres a\u00f1os hasta alumnos mayores que cursan nuestros Ciclos Formativos de Grado Superior, constituyendo [&hellip;]<\/p>\n","protected":false},"author":3,"featured_media":0,"parent":0,"menu_order":0,"comment_status":"closed","ping_status":"closed","template":"","meta":{"_et_pb_use_builder":"on","_et_pb_old_content":"","_et_gb_content_width":"","footnotes":""},"class_list":["post-7915","page","type-page","status-publish","hentry"],"yoast_head":"<!-- This site is optimized with the Yoast SEO plugin v27.4 - https:\/\/yoast.com\/product\/yoast-seo-wordpress\/ -->\n<title>Saludo del director - Colegio Salesiano San Pedro<\/title>\n<meta name=\"robots\" content=\"index, follow, max-snippet:-1, max-image-preview:large, max-video-preview:-1\" \/>\n<link rel=\"canonical\" href=\"https:\/\/triana.salesianos.edu\/colegio\/saludo-director\/\" \/>\n<meta property=\"og:locale\" content=\"es_ES\" \/>\n<meta property=\"og:type\" content=\"article\" \/>\n<meta property=\"og:title\" content=\"Saludo del director - Colegio Salesiano San Pedro\" \/>\n<meta property=\"og:description\" content=\"Bienvenido\/a, esta es tu casa. Soy Julio Vera Garc\u00eda, Director de Centro del Colegio Salesiano San Pedro de Triana. La amplitud de la oferta del ambiente Escuela de nuestra Casa abarca desde el segundo ciclo de Educaci\u00f3n Infantil con ni\u00f1os de tres a\u00f1os hasta alumnos mayores que cursan nuestros Ciclos Formativos de Grado Superior, constituyendo [&hellip;]\" \/>\n<meta property=\"og:url\" content=\"https:\/\/triana.salesianos.edu\/colegio\/saludo-director\/\" \/>\n<meta property=\"og:site_name\" content=\"Colegio Salesiano San Pedro\" \/>\n<meta property=\"article:modified_time\" content=\"2020-09-10T09:44:24+00:00\" \/>\n<meta name=\"twitter:card\" content=\"summary_large_image\" \/>\n<meta name=\"twitter:label1\" content=\"Tiempo de lectura\" \/>\n\t<meta name=\"twitter:data1\" content=\"3 minutos\" \/>\n<script type=\"application\/ld+json\" class=\"yoast-schema-graph\">{\"@context\":\"https:\\\/\\\/schema.org\",\"@graph\":[{\"@type\":\"WebPage\",\"@id\":\"https:\\\/\\\/triana.salesianos.edu\\\/colegio\\\/saludo-director\\\/\",\"url\":\"https:\\\/\\\/triana.salesianos.edu\\\/colegio\\\/saludo-director\\\/\",\"name\":\"Saludo del director - Colegio Salesiano San Pedro\",\"isPartOf\":{\"@id\":\"https:\\\/\\\/triana.salesianos.edu\\\/colegio\\\/#website\"},\"datePublished\":\"2018-02-07T19:55:28+00:00\",\"dateModified\":\"2020-09-10T09:44:24+00:00\",\"breadcrumb\":{\"@id\":\"https:\\\/\\\/triana.salesianos.edu\\\/colegio\\\/saludo-director\\\/#breadcrumb\"},\"inLanguage\":\"es\",\"potentialAction\":[{\"@type\":\"ReadAction\",\"target\":[\"https:\\\/\\\/triana.salesianos.edu\\\/colegio\\\/saludo-director\\\/\"]}]},{\"@type\":\"BreadcrumbList\",\"@id\":\"https:\\\/\\\/triana.salesianos.edu\\\/colegio\\\/saludo-director\\\/#breadcrumb\",\"itemListElement\":[{\"@type\":\"ListItem\",\"position\":1,\"name\":\"Portada\",\"item\":\"https:\\\/\\\/triana.salesianos.edu\\\/colegio\\\/\"},{\"@type\":\"ListItem\",\"position\":2,\"name\":\"Saludo del director\"}]},{\"@type\":\"WebSite\",\"@id\":\"https:\\\/\\\/triana.salesianos.edu\\\/colegio\\\/#website\",\"url\":\"https:\\\/\\\/triana.salesianos.edu\\\/colegio\\\/\",\"name\":\"Colegio Salesiano San Pedro\",\"description\":\"P\u00e1gina oficial Salesianos Triana Sevilla\",\"potentialAction\":[{\"@type\":\"SearchAction\",\"target\":{\"@type\":\"EntryPoint\",\"urlTemplate\":\"https:\\\/\\\/triana.salesianos.edu\\\/colegio\\\/?s={search_term_string}\"},\"query-input\":{\"@type\":\"PropertyValueSpecification\",\"valueRequired\":true,\"valueName\":\"search_term_string\"}}],\"inLanguage\":\"es\"}]}<\/script>\n<!-- \/ Yoast SEO plugin. -->","yoast_head_json":{"title":"Saludo del director - Colegio Salesiano San Pedro","robots":{"index":"index","follow":"follow","max-snippet":"max-snippet:-1","max-image-preview":"max-image-preview:large","max-video-preview":"max-video-preview:-1"},"canonical":"https:\/\/triana.salesianos.edu\/colegio\/saludo-director\/","og_locale":"es_ES","og_type":"article","og_title":"Saludo del director - Colegio Salesiano San Pedro","og_description":"Bienvenido\/a, esta es tu casa. Soy Julio Vera Garc\u00eda, Director de Centro del Colegio Salesiano San Pedro de Triana. La amplitud de la oferta del ambiente Escuela de nuestra Casa abarca desde el segundo ciclo de Educaci\u00f3n Infantil con ni\u00f1os de tres a\u00f1os hasta alumnos mayores que cursan nuestros Ciclos Formativos de Grado Superior, constituyendo [&hellip;]","og_url":"https:\/\/triana.salesianos.edu\/colegio\/saludo-director\/","og_site_name":"Colegio Salesiano San Pedro","article_modified_time":"2020-09-10T09:44:24+00:00","twitter_card":"summary_large_image","twitter_misc":{"Tiempo de lectura":"3 minutos"},"schema":{"@context":"https:\/\/schema.org","@graph":[{"@type":"WebPage","@id":"https:\/\/triana.salesianos.edu\/colegio\/saludo-director\/","url":"https:\/\/triana.salesianos.edu\/colegio\/saludo-director\/","name":"Saludo del director - Colegio Salesiano San Pedro","isPartOf":{"@id":"https:\/\/triana.salesianos.edu\/colegio\/#website"},"datePublished":"2018-02-07T19:55:28+00:00","dateModified":"2020-09-10T09:44:24+00:00","breadcrumb":{"@id":"https:\/\/triana.salesianos.edu\/colegio\/saludo-director\/#breadcrumb"},"inLanguage":"es","potentialAction":[{"@type":"ReadAction","target":["https:\/\/triana.salesianos.edu\/colegio\/saludo-director\/"]}]},{"@type":"BreadcrumbList","@id":"https:\/\/triana.salesianos.edu\/colegio\/saludo-director\/#breadcrumb","itemListElement":[{"@type":"ListItem","position":1,"name":"Portada","item":"https:\/\/triana.salesianos.edu\/colegio\/"},{"@type":"ListItem","position":2,"name":"Saludo del director"}]},{"@type":"WebSite","@id":"https:\/\/triana.salesianos.edu\/colegio\/#website","url":"https:\/\/triana.salesianos.edu\/colegio\/","name":"Colegio Salesiano San Pedro","description":"P\u00e1gina oficial Salesianos Triana Sevilla","potentialAction":[{"@type":"SearchAction","target":{"@type":"EntryPoint","urlTemplate":"https:\/\/triana.salesianos.edu\/colegio\/?s={search_term_string}"},"query-input":{"@type":"PropertyValueSpecification","valueRequired":true,"valueName":"search_term_string"}}],"inLanguage":"es"}]}},"_links":{"self":[{"href":"https:\/\/triana.salesianos.edu\/colegio\/wp-json\/wp\/v2\/pages\/7915","targetHints":{"allow":["GET"]}}],"collection":[{"href":"https:\/\/triana.salesianos.edu\/colegio\/wp-json\/wp\/v2\/pages"}],"about":[{"href":"https:\/\/triana.salesianos.edu\/colegio\/wp-json\/wp\/v2\/types\/page"}],"author":[{"embeddable":true,"href":"https:\/\/triana.salesianos.edu\/colegio\/wp-json\/wp\/v2\/users\/3"}],"replies":[{"embeddable":true,"href":"https:\/\/triana.salesianos.edu\/colegio\/wp-json\/wp\/v2\/comments?post=7915"}],"version-history":[{"count":5,"href":"https:\/\/triana.salesianos.edu\/colegio\/wp-json\/wp\/v2\/pages\/7915\/revisions"}],"predecessor-version":[{"id":9404,"href":"https:\/\/triana.salesianos.edu\/colegio\/wp-json\/wp\/v2\/pages\/7915\/revisions\/9404"}],"wp:attachment":[{"href":"https:\/\/triana.salesianos.edu\/colegio\/wp-json\/wp\/v2\/media?parent=7915"}],"curies":[{"name":"wp","href":"https:\/\/api.w.org\/{rel}","templated":true}]}}