{"id":4718,"date":"2018-01-14T17:40:16","date_gmt":"2018-01-14T16:40:16","guid":{"rendered":"https:\/\/triana.salesianos.edu\/colegio\/?page_id=4718"},"modified":"2024-10-02T17:25:13","modified_gmt":"2024-10-02T16:25:13","slug":"qualitas-escuela-familia","status":"publish","type":"page","link":"https:\/\/triana.salesianos.edu\/colegio\/qualitas-escuela-familia\/","title":{"rendered":"Qualitas Escuela Familia"},"content":{"rendered":"<div id=\"fb-root\"><\/div>\n<p>[et_pb_section fb_built=\u00bb1&#8243; fullwidth=\u00bbon\u00bb _builder_version=\u00bb4.16&#8243; global_colors_info=\u00bb{}\u00bb][et_pb_fullwidth_header title=\u00bbQualitas educativa\u00bb title_font_color=\u00bb#ffffff\u00bb module_class=\u00bbpagina-imagen-cabecera\u00bb _builder_version=\u00bb4.16&#8243; title_text_color=\u00bb#ffffff\u00bb title_font_size=\u00bb40px\u00bb background_color=\u00bbrgba(255, 255, 255, 0)\u00bb background_image=\u00bbhttps:\/\/triana.salesianos.edu\/colegio\/wp-content\/uploads\/sites\/2\/2018\/02\/encabezado_qualitas_educativa.jpg\u00bb background_layout=\u00bblight\u00bb max_width_tablet=\u00bb50px\u00bb background_url=\u00bbhttps:\/\/alicante.salesianos.edu\/colegio\/wp-content\/uploads\/sites\/2\/2017\/04\/Captura-de-pantalla-2017-04-13-a-las-16.32.19.png\u00bb global_colors_info=\u00bb{}\u00bb button_one_text_size__hover_enabled=\u00bboff\u00bb button_two_text_size__hover_enabled=\u00bboff\u00bb button_one_text_color__hover_enabled=\u00bboff\u00bb button_two_text_color__hover_enabled=\u00bboff\u00bb button_one_border_width__hover_enabled=\u00bboff\u00bb button_two_border_width__hover_enabled=\u00bboff\u00bb button_one_border_color__hover_enabled=\u00bboff\u00bb button_two_border_color__hover_enabled=\u00bboff\u00bb button_one_border_radius__hover_enabled=\u00bboff\u00bb button_two_border_radius__hover_enabled=\u00bboff\u00bb button_one_letter_spacing__hover_enabled=\u00bboff\u00bb button_two_letter_spacing__hover_enabled=\u00bboff\u00bb button_one_bg_color__hover_enabled=\u00bboff\u00bb button_two_bg_color__hover_enabled=\u00bboff\u00bb][\/et_pb_fullwidth_header][\/et_pb_section][et_pb_section fb_built=\u00bb1&#8243; module_class=\u00bbpagina-seccion-contenido\u00bb _builder_version=\u00bb4.16&#8243; custom_padding=\u00bb0%|||\u00bb global_colors_info=\u00bb{}\u00bb][et_pb_row column_structure=\u00bb3_4,1_4&#8243; _builder_version=\u00bb4.16&#8243; custom_margin=\u00bb25px|||\u00bb custom_padding=\u00bb25px|||\u00bb global_colors_info=\u00bb{}\u00bb][et_pb_column type=\u00bb3_4&#8243; _builder_version=\u00bb4.16&#8243; custom_padding=\u00bb|||\u00bb global_colors_info=\u00bb{}\u00bb custom_padding__hover=\u00bb|||\u00bb][et_pb_text _builder_version=\u00bb4.16&#8243; custom_margin=\u00bb10px|||\u00bb global_colors_info=\u00bb{}\u00bb]<\/p>\n<h1>Tu canal directo de comunicaci\u00f3n con el colegio<\/h1>\n<p>[\/et_pb_text][et_pb_testimonial author=\u00bbRafael Villar Li\u00f1\u00e1n\u00bb job_title=\u00bbResponsable de Qualitas Educativa\u00bb portrait_url=\u00bbhttps:\/\/triana.salesianos.edu\/colegio\/wp-content\/uploads\/sites\/2\/2019\/10\/miFoto_r.jpg\u00bb _builder_version=\u00bb4.16&#8243; background_size=\u00bbinitial\u00bb background_position=\u00bbtop_left\u00bb background_repeat=\u00bbrepeat\u00bb global_colors_info=\u00bb{}\u00bb]<\/p>\n<p class=\"\">Estimados padres y alumnos,<\/p>\n<p class=\"\">Un centro educativo de calidad necesita\u00a0un sistema de gesti\u00f3n integral para responder\u00a0a las necesidades educativas del siglo XXI.<\/p>\n<p class=\"\">Uno de nuestros objetivos siempre ha sido el de enriquecer la necesaria\u00a0comunicaci\u00f3n entre el centro y vosotros, las familias. Ahora, mediante la plataforma Qualitas Educativa, ten\u00e9is la oportunidad de comunicaros con el centro de forma r\u00e1pida y eficiente.<\/p>\n<p class=\"\">El equipo t\u00e9cnico ha trabajado duro para que el uso de la plataforma sea sencillo e intuitivo.<\/p>\n<p class=\"\" style=\"text-align: left;\">Un saludo.<\/p>\n<p>[\/et_pb_testimonial][\/et_pb_column][et_pb_column type=\u00bb1_4&#8243; _builder_version=\u00bb4.16&#8243; custom_padding=\u00bb|||\u00bb global_colors_info=\u00bb{}\u00bb custom_padding__hover=\u00bb|||\u00bb][et_pb_blurb title=\u00bbAcceder a la plataforma\u00bb url=\u00bbhttp:\/\/www.qualitasescuelafamilia.com\/\u00bb url_new_window=\u00bbon\u00bb image=\u00bbhttps:\/\/triana.salesianos.edu\/colegio\/wp-content\/uploads\/sites\/2\/2024\/10\/logoqe2.png\u00bb _builder_version=\u00bb4.27.0&#8243; header_font=\u00bbAmatic SC||||\u00bb header_font_size=\u00bb30px\u00bb text_orientation=\u00bbcenter\u00bb max_width_tablet=\u00bb50px\u00bb custom_margin=\u00bb55px|||\u00bb custom_margin_tablet=\u00bb0px|||\u00bb custom_margin_phone=\u00bb\u00bb custom_margin_last_edited=\u00bbon|phone\u00bb hover_enabled=\u00bb0&#8243; global_colors_info=\u00bb{}\u00bb title_text=\u00bblogoqe2&#8243; sticky_enabled=\u00bb0&#8243;][\/et_pb_blurb][et_pb_image src=\u00bbhttps:\/\/triana.salesianos.edu\/colegio\/wp-content\/uploads\/sites\/2\/2018\/02\/icono_descargar_android.png\u00bb alt=\u00bbDisponible en Google Play\u00bb title_text=\u00bbDisponible en Google Play\u00bb url=\u00bbhttps:\/\/play.google.com\/store\/apps\/details?id=com.dosatic.qualitas.app.ef&#038;pcampaignid=web_share\u00bb url_new_window=\u00bbon\u00bb align_tablet=\u00bbcenter\u00bb align_phone=\u00bb\u00bb align_last_edited=\u00bbon|desktop\u00bb _builder_version=\u00bb4.27.0&#8243; animation_style=\u00bbslide\u00bb animation_direction=\u00bbleft\u00bb animation_duration=\u00bb500ms\u00bb animation_intensity_slide=\u00bb10%\u00bb hover_enabled=\u00bb0&#8243; always_center_on_mobile=\u00bbon\u00bb global_colors_info=\u00bb{}\u00bb sticky_enabled=\u00bb0&#8243;][\/et_pb_image][et_pb_image src=\u00bbhttps:\/\/triana.salesianos.edu\/colegio\/wp-content\/uploads\/sites\/2\/2018\/02\/icono_descargar_ios.png\u00bb alt=\u00bbCons\u00edguelo en el App Store\u00bb title_text=\u00bbCons\u00edguelo en el App Store\u00bb url=\u00bbhttps:\/\/apps.apple.com\/es\/app\/escuela-familia-qualitas\/id6477778915&#8243; url_new_window=\u00bbon\u00bb align_tablet=\u00bbcenter\u00bb align_phone=\u00bb\u00bb align_last_edited=\u00bbon|desktop\u00bb _builder_version=\u00bb4.27.0&#8243; animation_style=\u00bbslide\u00bb animation_direction=\u00bbleft\u00bb animation_duration=\u00bb500ms\u00bb animation_intensity_slide=\u00bb10%\u00bb hover_enabled=\u00bb0&#8243; always_center_on_mobile=\u00bbon\u00bb global_colors_info=\u00bb{}\u00bb sticky_enabled=\u00bb0&#8243;][\/et_pb_image][\/et_pb_column][\/et_pb_row][et_pb_row admin_label=\u00bbPREGUNTAS FRECUNTES\u00bb _builder_version=\u00bb4.16&#8243; custom_margin=\u00bb0px|||\u00bb custom_padding=\u00bb0px|0px|23.96875px|0px\u00bb global_colors_info=\u00bb{}\u00bb][et_pb_column type=\u00bb4_4&#8243; _builder_version=\u00bb4.16&#8243; custom_padding=\u00bb|||\u00bb global_colors_info=\u00bb{}\u00bb custom_padding__hover=\u00bb|||\u00bb][et_pb_text _builder_version=\u00bb4.27.0&#8243; text_font=\u00bb||||\u00bb text_font_size=\u00bb21px\u00bb header_font=\u00bb||||\u00bb header_font_size=\u00bb44px\u00bb background_color=\u00bb#e02b20&#8243; background_layout=\u00bbdark\u00bb custom_margin=\u00bb25px|||\u00bb custom_padding=\u00bb20px||10px|\u00bb hover_enabled=\u00bb0&#8243; global_colors_info=\u00bb{}\u00bb sticky_enabled=\u00bb0&#8243;]<\/p>\n<h2>\u00a0 \u00a0 PREGUNTAS FRECUENTES<\/h2>\n<p>[\/et_pb_text][et_pb_accordion _builder_version=\u00bb4.27.0&#8243; toggle_text_color=\u00bb#dc001b\u00bb toggle_font_size=\u00bb17px\u00bb hover_enabled=\u00bb0&#8243; border_width_all=\u00bb0px\u00bb border_color_all=\u00bb#e5e5e5&#8243; use_border_color=\u00bbon\u00bb global_colors_info=\u00bb{}\u00bb sticky_enabled=\u00bb0&#8243;][et_pb_accordion_item title=\u00bb\u00bfC\u00f3mo se accede a Qe?\u00bb open=\u00bbon\u00bb _builder_version=\u00bb4.27.0&#8243; hover_enabled=\u00bb0&#8243; global_colors_info=\u00bb{}\u00bb sticky_enabled=\u00bb0&#8243;]<\/p>\n<p>Si est\u00e1s desde un ordenador puedes acceder desde el siguiente enlace:\u00a0<a href=\"http:\/\/www.qualitasescuelafamilia.com\/\">www.qualitasescuelafamilia.com<\/a><\/p>\n<p>Tambi\u00e9n hay una versi\u00f3n para dispositivos m\u00f3viles y tablets, tanto para\u00a0<a href=\"https:\/\/play.google.com\/store\/apps\/details?id=com.dosatic.qualitas.app.ef&amp;pcampaignid=web_share\">Android\u00a0<\/a>como para\u00a0<a href=\"https:\/\/apps.apple.com\/es\/app\/escuela-familia-qualitas\/id6477778915\" target=\"_blank\" rel=\"noopener noreferrer\">iOS<\/a>.<\/p>\n<div><span>Para iniciar sesi\u00f3n por primera vez desde un m\u00f3vil o tablet, es necesario un c\u00f3digo de centro que se os facilitar\u00e1 en el colegio. Recuerda que el nombre de usuario es siempre el mismo, mientras que la contrase\u00f1a es personal de cada uno.<\/span><\/div>\n<p>[\/et_pb_accordion_item][et_pb_accordion_item title=\u00bbSoy nuevo, \u00bfpor d\u00f3nde empiezo?\u00bb _builder_version=\u00bb4.27.0&#8243; hover_enabled=\u00bb0&#8243; global_colors_info=\u00bb{}\u00bb open=\u00bboff\u00bb sticky_enabled=\u00bb0&#8243;]<\/p>\n<p><span>Si desea utilizar el servicio de Escuela Familia, tiene que solicitar el mismo en nuestra\u00a0<\/span><span>\u00a0<\/span><a target=\"_blank\" href=\"https:\/\/triana.salesianos.edu\/colegio\/secretaria\" rel=\"noopener\">Secretar\u00eda<\/a><span>\u00a0<\/span><span>. All\u00ed, le proporcionar\u00e1n un c\u00f3digo de activaci\u00f3n personal y de un solo uso. Para activar su cuenta, tendr\u00e1 que acceder a la plataforma desde un PC\/Mac y pinchar en la opci\u00f3n \u00abRegistrar\u00bb para crear su cuenta de usuario. Para ello tendr\u00e1 que indicar su correo electr\u00f3nico, elegir un nombre de usuario y una contrase\u00f1a, adem\u00e1s de indicar el c\u00f3digo de activaci\u00f3n recibido. Cabe destacar que cada padre, madre, tutor o tutora tiene su propio usuario y contrase\u00f1a.<\/span><\/p>\n<p>Si tiene alguna duda puede contactar con el centro educativo en el Buz\u00f3n de Sugerencias o en nuestra Secretar\u00eda. Las novedades y mejoras se ir\u00e1n comunicando a trav\u00e9s de la plataforma mediante mensajes.<\/p>\n<p>[\/et_pb_accordion_item][\/et_pb_accordion][\/et_pb_column][\/et_pb_row][\/et_pb_section]<\/p>\n","protected":false},"excerpt":{"rendered":"<p>Tu canal directo de comunicaci\u00f3n con el colegio Estimados padres y alumnos, Un centro educativo de calidad necesita\u00a0un sistema de gesti\u00f3n integral para responder\u00a0a las necesidades educativas del siglo XXI. Uno de nuestros objetivos siempre ha sido el de enriquecer la necesaria\u00a0comunicaci\u00f3n entre el centro y vosotros, las familias. Ahora, mediante la plataforma Qualitas Educativa, [&hellip;]<\/p>\n","protected":false},"author":5,"featured_media":0,"parent":0,"menu_order":0,"comment_status":"closed","ping_status":"closed","template":"","meta":{"_et_pb_use_builder":"on","_et_pb_old_content":"","_et_gb_content_width":"","footnotes":""},"class_list":["post-4718","page","type-page","status-publish","hentry"],"yoast_head":"<!-- This site is optimized with the Yoast SEO plugin v27.3 - https:\/\/yoast.com\/product\/yoast-seo-wordpress\/ -->\n<title>Qualitas Escuela Familia - Colegio Salesiano San Pedro<\/title>\n<meta name=\"robots\" content=\"index, follow, max-snippet:-1, max-image-preview:large, max-video-preview:-1\" \/>\n<link rel=\"canonical\" href=\"https:\/\/triana.salesianos.edu\/colegio\/qualitas-escuela-familia\/\" \/>\n<meta property=\"og:locale\" content=\"es_ES\" \/>\n<meta property=\"og:type\" content=\"article\" \/>\n<meta property=\"og:title\" content=\"Qualitas Escuela Familia - Colegio Salesiano San Pedro\" \/>\n<meta property=\"og:description\" content=\"Tu canal directo de comunicaci\u00f3n con el colegio Estimados padres y alumnos, Un centro educativo de calidad necesita\u00a0un sistema de gesti\u00f3n integral para responder\u00a0a las necesidades educativas del siglo XXI. Uno de nuestros objetivos siempre ha sido el de enriquecer la necesaria\u00a0comunicaci\u00f3n entre el centro y vosotros, las familias. Ahora, mediante la plataforma Qualitas Educativa, [&hellip;]\" \/>\n<meta property=\"og:url\" content=\"https:\/\/triana.salesianos.edu\/colegio\/qualitas-escuela-familia\/\" \/>\n<meta property=\"og:site_name\" content=\"Colegio Salesiano San Pedro\" \/>\n<meta property=\"article:modified_time\" content=\"2024-10-02T16:25:13+00:00\" \/>\n<meta name=\"twitter:card\" content=\"summary_large_image\" \/>\n<meta name=\"twitter:label1\" content=\"Tiempo de lectura\" \/>\n\t<meta name=\"twitter:data1\" content=\"3 minutos\" \/>\n<script type=\"application\/ld+json\" class=\"yoast-schema-graph\">{\"@context\":\"https:\\\/\\\/schema.org\",\"@graph\":[{\"@type\":\"WebPage\",\"@id\":\"https:\\\/\\\/triana.salesianos.edu\\\/colegio\\\/qualitas-escuela-familia\\\/\",\"url\":\"https:\\\/\\\/triana.salesianos.edu\\\/colegio\\\/qualitas-escuela-familia\\\/\",\"name\":\"Qualitas Escuela Familia - Colegio Salesiano San Pedro\",\"isPartOf\":{\"@id\":\"https:\\\/\\\/triana.salesianos.edu\\\/colegio\\\/#website\"},\"datePublished\":\"2018-01-14T16:40:16+00:00\",\"dateModified\":\"2024-10-02T16:25:13+00:00\",\"breadcrumb\":{\"@id\":\"https:\\\/\\\/triana.salesianos.edu\\\/colegio\\\/qualitas-escuela-familia\\\/#breadcrumb\"},\"inLanguage\":\"es\",\"potentialAction\":[{\"@type\":\"ReadAction\",\"target\":[\"https:\\\/\\\/triana.salesianos.edu\\\/colegio\\\/qualitas-escuela-familia\\\/\"]}]},{\"@type\":\"BreadcrumbList\",\"@id\":\"https:\\\/\\\/triana.salesianos.edu\\\/colegio\\\/qualitas-escuela-familia\\\/#breadcrumb\",\"itemListElement\":[{\"@type\":\"ListItem\",\"position\":1,\"name\":\"Portada\",\"item\":\"https:\\\/\\\/triana.salesianos.edu\\\/colegio\\\/\"},{\"@type\":\"ListItem\",\"position\":2,\"name\":\"Qualitas Escuela Familia\"}]},{\"@type\":\"WebSite\",\"@id\":\"https:\\\/\\\/triana.salesianos.edu\\\/colegio\\\/#website\",\"url\":\"https:\\\/\\\/triana.salesianos.edu\\\/colegio\\\/\",\"name\":\"Colegio Salesiano San Pedro\",\"description\":\"P\u00e1gina oficial Salesianos Triana Sevilla\",\"potentialAction\":[{\"@type\":\"SearchAction\",\"target\":{\"@type\":\"EntryPoint\",\"urlTemplate\":\"https:\\\/\\\/triana.salesianos.edu\\\/colegio\\\/?s={search_term_string}\"},\"query-input\":{\"@type\":\"PropertyValueSpecification\",\"valueRequired\":true,\"valueName\":\"search_term_string\"}}],\"inLanguage\":\"es\"}]}<\/script>\n<!-- \/ Yoast SEO plugin. -->","yoast_head_json":{"title":"Qualitas Escuela Familia - Colegio Salesiano San Pedro","robots":{"index":"index","follow":"follow","max-snippet":"max-snippet:-1","max-image-preview":"max-image-preview:large","max-video-preview":"max-video-preview:-1"},"canonical":"https:\/\/triana.salesianos.edu\/colegio\/qualitas-escuela-familia\/","og_locale":"es_ES","og_type":"article","og_title":"Qualitas Escuela Familia - Colegio Salesiano San Pedro","og_description":"Tu canal directo de comunicaci\u00f3n con el colegio Estimados padres y alumnos, Un centro educativo de calidad necesita\u00a0un sistema de gesti\u00f3n integral para responder\u00a0a las necesidades educativas del siglo XXI. Uno de nuestros objetivos siempre ha sido el de enriquecer la necesaria\u00a0comunicaci\u00f3n entre el centro y vosotros, las familias. Ahora, mediante la plataforma Qualitas Educativa, [&hellip;]","og_url":"https:\/\/triana.salesianos.edu\/colegio\/qualitas-escuela-familia\/","og_site_name":"Colegio Salesiano San Pedro","article_modified_time":"2024-10-02T16:25:13+00:00","twitter_card":"summary_large_image","twitter_misc":{"Tiempo de lectura":"3 minutos"},"schema":{"@context":"https:\/\/schema.org","@graph":[{"@type":"WebPage","@id":"https:\/\/triana.salesianos.edu\/colegio\/qualitas-escuela-familia\/","url":"https:\/\/triana.salesianos.edu\/colegio\/qualitas-escuela-familia\/","name":"Qualitas Escuela Familia - Colegio Salesiano San Pedro","isPartOf":{"@id":"https:\/\/triana.salesianos.edu\/colegio\/#website"},"datePublished":"2018-01-14T16:40:16+00:00","dateModified":"2024-10-02T16:25:13+00:00","breadcrumb":{"@id":"https:\/\/triana.salesianos.edu\/colegio\/qualitas-escuela-familia\/#breadcrumb"},"inLanguage":"es","potentialAction":[{"@type":"ReadAction","target":["https:\/\/triana.salesianos.edu\/colegio\/qualitas-escuela-familia\/"]}]},{"@type":"BreadcrumbList","@id":"https:\/\/triana.salesianos.edu\/colegio\/qualitas-escuela-familia\/#breadcrumb","itemListElement":[{"@type":"ListItem","position":1,"name":"Portada","item":"https:\/\/triana.salesianos.edu\/colegio\/"},{"@type":"ListItem","position":2,"name":"Qualitas Escuela Familia"}]},{"@type":"WebSite","@id":"https:\/\/triana.salesianos.edu\/colegio\/#website","url":"https:\/\/triana.salesianos.edu\/colegio\/","name":"Colegio Salesiano San Pedro","description":"P\u00e1gina oficial Salesianos Triana Sevilla","potentialAction":[{"@type":"SearchAction","target":{"@type":"EntryPoint","urlTemplate":"https:\/\/triana.salesianos.edu\/colegio\/?s={search_term_string}"},"query-input":{"@type":"PropertyValueSpecification","valueRequired":true,"valueName":"search_term_string"}}],"inLanguage":"es"}]}},"_links":{"self":[{"href":"https:\/\/triana.salesianos.edu\/colegio\/wp-json\/wp\/v2\/pages\/4718","targetHints":{"allow":["GET"]}}],"collection":[{"href":"https:\/\/triana.salesianos.edu\/colegio\/wp-json\/wp\/v2\/pages"}],"about":[{"href":"https:\/\/triana.salesianos.edu\/colegio\/wp-json\/wp\/v2\/types\/page"}],"author":[{"embeddable":true,"href":"https:\/\/triana.salesianos.edu\/colegio\/wp-json\/wp\/v2\/users\/5"}],"replies":[{"embeddable":true,"href":"https:\/\/triana.salesianos.edu\/colegio\/wp-json\/wp\/v2\/comments?post=4718"}],"version-history":[{"count":15,"href":"https:\/\/triana.salesianos.edu\/colegio\/wp-json\/wp\/v2\/pages\/4718\/revisions"}],"predecessor-version":[{"id":24856,"href":"https:\/\/triana.salesianos.edu\/colegio\/wp-json\/wp\/v2\/pages\/4718\/revisions\/24856"}],"wp:attachment":[{"href":"https:\/\/triana.salesianos.edu\/colegio\/wp-json\/wp\/v2\/media?parent=4718"}],"curies":[{"name":"wp","href":"https:\/\/api.w.org\/{rel}","templated":true}]}}