{"id":4716,"date":"2018-01-14T17:39:18","date_gmt":"2018-01-14T16:39:18","guid":{"rendered":"https:\/\/triana.salesianos.edu\/colegio\/?page_id=4716"},"modified":"2025-12-09T10:31:47","modified_gmt":"2025-12-09T09:31:47","slug":"solicitud_titulo","status":"publish","type":"page","link":"https:\/\/triana.salesianos.edu\/colegio\/secretaria\/solicitud_titulo\/","title":{"rendered":"Solicitud de t\u00edtulo"},"content":{"rendered":"<div id=\"fb-root\"><\/div>\n<p>[et_pb_section fb_built=\u00bb1&#8243; fullwidth=\u00bbon\u00bb _builder_version=\u00bb4.16&#8243; global_colors_info=\u00bb{}\u00bb][et_pb_fullwidth_header title=\u00bbSolicitud de t\u00edtulo\u00bb module_class=\u00bbpagina-imagen-cabecera\u00bb _builder_version=\u00bb4.16&#8243; title_text_color=\u00bb#ffffff\u00bb title_font_size=\u00bb40px\u00bb background_color=\u00bbrgba(255, 255, 255, 0)\u00bb background_image=\u00bbhttps:\/\/triana.salesianos.edu\/colegio\/wp-content\/uploads\/sites\/2\/2018\/02\/P1120831.jpg\u00bb background_layout=\u00bblight\u00bb max_width_tablet=\u00bb50px\u00bb z_index_tablet=\u00bb500&#8243; global_colors_info=\u00bb{}\u00bb button_one_text_size__hover_enabled=\u00bboff\u00bb button_one_text_size__hover=\u00bbnull\u00bb button_two_text_size__hover_enabled=\u00bboff\u00bb button_two_text_size__hover=\u00bbnull\u00bb button_one_text_color__hover_enabled=\u00bboff\u00bb button_one_text_color__hover=\u00bbnull\u00bb button_two_text_color__hover_enabled=\u00bboff\u00bb button_two_text_color__hover=\u00bbnull\u00bb button_one_border_width__hover_enabled=\u00bboff\u00bb button_one_border_width__hover=\u00bbnull\u00bb button_two_border_width__hover_enabled=\u00bboff\u00bb button_two_border_width__hover=\u00bbnull\u00bb button_one_border_color__hover_enabled=\u00bboff\u00bb button_one_border_color__hover=\u00bbnull\u00bb button_two_border_color__hover_enabled=\u00bboff\u00bb button_two_border_color__hover=\u00bbnull\u00bb button_one_border_radius__hover_enabled=\u00bboff\u00bb button_one_border_radius__hover=\u00bbnull\u00bb button_two_border_radius__hover_enabled=\u00bboff\u00bb button_two_border_radius__hover=\u00bbnull\u00bb button_one_letter_spacing__hover_enabled=\u00bboff\u00bb button_one_letter_spacing__hover=\u00bbnull\u00bb button_two_letter_spacing__hover_enabled=\u00bboff\u00bb button_two_letter_spacing__hover=\u00bbnull\u00bb button_one_bg_color__hover_enabled=\u00bboff\u00bb button_one_bg_color__hover=\u00bbnull\u00bb button_two_bg_color__hover_enabled=\u00bboff\u00bb button_two_bg_color__hover=\u00bbnull\u00bb][\/et_pb_fullwidth_header][\/et_pb_section][et_pb_section fb_built=\u00bb1&#8243; module_class=\u00bbpagina-seccion-contenido\u00bb _builder_version=\u00bb4.16&#8243; custom_padding=\u00bb-4%|||\u00bb transparent_background=\u00bboff\u00bb make_fullwidth=\u00bboff\u00bb use_custom_width=\u00bboff\u00bb width_unit=\u00bbon\u00bb global_colors_info=\u00bb{}\u00bb][et_pb_row module_class=\u00bbpagina-texto\u00bb _builder_version=\u00bb4.16&#8243; background_size=\u00bbinitial\u00bb background_position=\u00bbtop_left\u00bb background_repeat=\u00bbrepeat\u00bb make_fullwidth=\u00bboff\u00bb use_custom_width=\u00bboff\u00bb width_unit=\u00bbon\u00bb global_colors_info=\u00bb{}\u00bb][et_pb_column type=\u00bb4_4&#8243; _builder_version=\u00bb4.16&#8243; custom_padding=\u00bb|||\u00bb global_colors_info=\u00bb{}\u00bb custom_padding__hover=\u00bb|||\u00bb][et_pb_text admin_label=\u00bbDescripci\u00f3n de la etapa (Texto)\u00bb _builder_version=\u00bb4.27.4&#8243; z_index_tablet=\u00bb500&#8243; border_style=\u00bbsolid\u00bb global_colors_info=\u00bb{}\u00bb]<\/p>\n<h2><strong>Solicitud de expedici\u00f3n de t\u00edtulos del alumnado de bachillerato y formaci\u00f3n profesional de grado medio y superior<\/strong><\/h2>\n<p>La solicitud y liquidaci\u00f3n de tasas (precio p\u00fablico) se realizar\u00e1 a trav\u00e9s de la Secretar\u00eda Virtual de los Centros Educativos de la Junta de Andaluc\u00eda.<\/p>\n<p>[\/et_pb_text][\/et_pb_column][\/et_pb_row][et_pb_row column_structure=\u00bb1_2,1_2&#8243; module_class=\u00bbpagina-texto\u00bb _builder_version=\u00bb4.16&#8243; background_size=\u00bbinitial\u00bb background_position=\u00bbtop_left\u00bb background_repeat=\u00bbrepeat\u00bb make_fullwidth=\u00bboff\u00bb use_custom_width=\u00bboff\u00bb width_unit=\u00bbon\u00bb global_colors_info=\u00bb{}\u00bb][et_pb_column type=\u00bb1_2&#8243; _builder_version=\u00bb4.16&#8243; custom_padding=\u00bb|||\u00bb global_colors_info=\u00bb{}\u00bb custom_padding__hover=\u00bb|||\u00bb][et_pb_button button_url=\u00bbhttps:\/\/secretariavirtual.juntadeandalucia.es\/secretariavirtual\/accesoTramite\/302\/\u00bb url_new_window=\u00bbon\u00bb button_text=\u00bbSolicitud T\u00edtulo\u00bb button_alignment=\u00bbcenter\u00bb admin_label=\u00bbBot\u00f3n Solicitud T\u00edtulo\u00bb _builder_version=\u00bb4.27.4&#8243; z_index_tablet=\u00bb500&#8243; global_colors_info=\u00bb{}\u00bb][\/et_pb_button][et_pb_image src=\u00bbhttps:\/\/triana.salesianos.edu\/colegio\/wp-content\/uploads\/sites\/2\/2025\/12\/solicitud.png\u00bb title_text=\u00bbsolicitud\u00bb align=\u00bbcenter\u00bb admin_label=\u00bbQR t\u00edtulo\u00bb _builder_version=\u00bb4.27.4&#8243; _module_preset=\u00bbdefault\u00bb hover_enabled=\u00bb0&#8243; global_colors_info=\u00bb{}\u00bb sticky_enabled=\u00bb0&#8243;][\/et_pb_image][\/et_pb_column][et_pb_column type=\u00bb1_2&#8243; _builder_version=\u00bb4.16&#8243; custom_padding=\u00bb|||\u00bb global_colors_info=\u00bb{}\u00bb custom_padding__hover=\u00bb|||\u00bb][et_pb_button button_url=\u00bbhttps:\/\/www.juntadeandalucia.es\/organismos\/economiahaciendayfondoseuropeos\/areas\/tributos-juego\/tributos\/paginas\/tasaseducacion.html\u00bb url_new_window=\u00bbon\u00bb button_text=\u00bbTasas (precio p\u00fablico vigente)\u00bb button_alignment=\u00bbcenter\u00bb admin_label=\u00bbTasas\u00bb _builder_version=\u00bb4.27.4&#8243; z_index_tablet=\u00bb500&#8243; global_colors_info=\u00bb{}\u00bb][\/et_pb_button][et_pb_image src=\u00bbhttps:\/\/triana.salesianos.edu\/colegio\/wp-content\/uploads\/sites\/2\/2025\/12\/tasas.png\u00bb title_text=\u00bbtasas\u00bb align=\u00bbcenter\u00bb admin_label=\u00bbQR tasas\u00bb _builder_version=\u00bb4.27.4&#8243; _module_preset=\u00bbdefault\u00bb global_colors_info=\u00bb{}\u00bb][\/et_pb_image][\/et_pb_column][\/et_pb_row][et_pb_row module_class=\u00bbpagina-texto\u00bb _builder_version=\u00bb4.16&#8243; background_size=\u00bbinitial\u00bb background_position=\u00bbtop_left\u00bb background_repeat=\u00bbrepeat\u00bb make_fullwidth=\u00bboff\u00bb use_custom_width=\u00bboff\u00bb width_unit=\u00bbon\u00bb global_colors_info=\u00bb{}\u00bb][et_pb_column type=\u00bb4_4&#8243; _builder_version=\u00bb4.16&#8243; custom_padding=\u00bb|||\u00bb global_colors_info=\u00bb{}\u00bb custom_padding__hover=\u00bb|||\u00bb][et_pb_testimonial _builder_version=\u00bb4.27.4&#8243; z_index_tablet=\u00bb500&#8243; border_style=\u00bbsolid\u00bb global_colors_info=\u00bb{}\u00bb]<\/p>\n<p><strong>A tener en cuenta:<\/strong><\/p>\n<ul>\n<li>Para t\u00edtulos obtenidos a partir del curso <strong>2005-2006.<\/strong> (t\u00edtulos anteriores consultar en secretar\u00eda).<\/li>\n<li><strong>Tener los siguientes documentos escaneados,<\/strong> en el caso de <strong>no autorizar<\/strong> la consulta telem\u00e1tica o si se aplica alguna reducci\u00f3n o exenci\u00f3n del pago de tasas (precio p\u00fablico).\n<ul>\n<li>Documento Nacional de Identidad (DNI).<\/li>\n<li>Certificado o Tarjeta de Familia Numerosa actualizada.<\/li>\n<li>Acreditaci\u00f3n de V\u00edctima de Terrorismo.<\/li>\n<li>Acreditaci\u00f3n de V\u00edctima de Violencia de G\u00e9nero.<\/li>\n<li>Prestaci\u00f3n del ingreso m\u00ednimo vital.<\/li>\n<li>Renta m\u00ednima de inserci\u00f3n social.<\/li>\n<li>Acreditaci\u00f3n de discapacidad en grado igual o superior al 33%.<\/li>\n<\/ul>\n<\/li>\n<li><strong>Tarjeta de Cr\u00e9dito<\/strong> para el pago de tasas (precio p\u00fablico).<\/li>\n<\/ul>\n<p>[\/et_pb_testimonial][\/et_pb_column][\/et_pb_row][et_pb_row disabled_on=\u00bboff|off|off\u00bb _builder_version=\u00bb4.16&#8243; background_size=\u00bbinitial\u00bb background_position=\u00bbtop_left\u00bb background_repeat=\u00bbrepeat\u00bb global_colors_info=\u00bb{}\u00bb][et_pb_column type=\u00bb4_4&#8243; _builder_version=\u00bb4.16&#8243; custom_padding=\u00bb|||\u00bb global_colors_info=\u00bb{}\u00bb custom_padding__hover=\u00bb|||\u00bb][et_pb_divider disabled_on=\u00bbon|on|off\u00bb _builder_version=\u00bb4.16&#8243; hide_on_mobile=\u00bbon\u00bb global_colors_info=\u00bb{}\u00bb][\/et_pb_divider][et_pb_button button_url=\u00bbhttps:\/\/triana.salesianos.edu\/colegio\/wp-content\/uploads\/sites\/2\/2025\/12\/Guia-peticion-titulos.pdf\u00bb url_new_window=\u00bbon\u00bb button_text=\u00bbTutorial para la solicitud y expedici\u00f3n de t\u00edtulos a trav\u00e9s de la Secretar\u00eda Virtual de Centros.\u00bb button_alignment=\u00bbcenter\u00bb admin_label=\u00bbBot\u00f3n Tutorial\u00bb _builder_version=\u00bb4.27.4&#8243; z_index_tablet=\u00bb500&#8243; global_colors_info=\u00bb{}\u00bb][\/et_pb_button][\/et_pb_column][\/et_pb_row][\/et_pb_section]<\/p>\n","protected":false},"excerpt":{"rendered":"<p>Solicitud de expedici\u00f3n de t\u00edtulos del alumnado de bachillerato y formaci\u00f3n profesional de grado medio y superior La solicitud y liquidaci\u00f3n de tasas (precio p\u00fablico) se realizar\u00e1 a trav\u00e9s de la Secretar\u00eda Virtual de los Centros Educativos de la Junta de Andaluc\u00eda.A tener en cuenta: Para t\u00edtulos obtenidos a partir del curso 2005-2006. (t\u00edtulos anteriores [&hellip;]<\/p>\n","protected":false},"author":5,"featured_media":0,"parent":8831,"menu_order":0,"comment_status":"closed","ping_status":"closed","template":"","meta":{"_et_pb_use_builder":"on","_et_pb_old_content":"","_et_gb_content_width":"","footnotes":""},"class_list":["post-4716","page","type-page","status-publish","hentry"],"yoast_head":"<!-- This site is optimized with the Yoast SEO plugin v27.4 - https:\/\/yoast.com\/product\/yoast-seo-wordpress\/ -->\n<title>Solicitud de t\u00edtulo - Colegio Salesiano San Pedro<\/title>\n<meta name=\"robots\" content=\"index, follow, max-snippet:-1, max-image-preview:large, max-video-preview:-1\" \/>\n<link rel=\"canonical\" href=\"https:\/\/triana.salesianos.edu\/colegio\/secretaria\/solicitud_titulo\/\" \/>\n<meta property=\"og:locale\" content=\"es_ES\" \/>\n<meta property=\"og:type\" content=\"article\" \/>\n<meta property=\"og:title\" content=\"Solicitud de t\u00edtulo - Colegio Salesiano San Pedro\" \/>\n<meta property=\"og:description\" content=\"Solicitud de expedici\u00f3n de t\u00edtulos del alumnado de bachillerato y formaci\u00f3n profesional de grado medio y superior La solicitud y liquidaci\u00f3n de tasas (precio p\u00fablico) se realizar\u00e1 a trav\u00e9s de la Secretar\u00eda Virtual de los Centros Educativos de la Junta de Andaluc\u00eda.A tener en cuenta: Para t\u00edtulos obtenidos a partir del curso 2005-2006. (t\u00edtulos anteriores [&hellip;]\" \/>\n<meta property=\"og:url\" content=\"https:\/\/triana.salesianos.edu\/colegio\/secretaria\/solicitud_titulo\/\" \/>\n<meta property=\"og:site_name\" content=\"Colegio Salesiano San Pedro\" \/>\n<meta property=\"article:modified_time\" content=\"2025-12-09T09:31:47+00:00\" \/>\n<meta name=\"twitter:card\" content=\"summary_large_image\" \/>\n<meta name=\"twitter:label1\" content=\"Tiempo de lectura\" \/>\n\t<meta name=\"twitter:data1\" content=\"2 minutos\" \/>\n<script type=\"application\/ld+json\" class=\"yoast-schema-graph\">{\"@context\":\"https:\\\/\\\/schema.org\",\"@graph\":[{\"@type\":\"WebPage\",\"@id\":\"https:\\\/\\\/triana.salesianos.edu\\\/colegio\\\/secretaria\\\/solicitud_titulo\\\/\",\"url\":\"https:\\\/\\\/triana.salesianos.edu\\\/colegio\\\/secretaria\\\/solicitud_titulo\\\/\",\"name\":\"Solicitud de t\u00edtulo - Colegio Salesiano San Pedro\",\"isPartOf\":{\"@id\":\"https:\\\/\\\/triana.salesianos.edu\\\/colegio\\\/#website\"},\"datePublished\":\"2018-01-14T16:39:18+00:00\",\"dateModified\":\"2025-12-09T09:31:47+00:00\",\"breadcrumb\":{\"@id\":\"https:\\\/\\\/triana.salesianos.edu\\\/colegio\\\/secretaria\\\/solicitud_titulo\\\/#breadcrumb\"},\"inLanguage\":\"es\",\"potentialAction\":[{\"@type\":\"ReadAction\",\"target\":[\"https:\\\/\\\/triana.salesianos.edu\\\/colegio\\\/secretaria\\\/solicitud_titulo\\\/\"]}]},{\"@type\":\"BreadcrumbList\",\"@id\":\"https:\\\/\\\/triana.salesianos.edu\\\/colegio\\\/secretaria\\\/solicitud_titulo\\\/#breadcrumb\",\"itemListElement\":[{\"@type\":\"ListItem\",\"position\":1,\"name\":\"Portada\",\"item\":\"https:\\\/\\\/triana.salesianos.edu\\\/colegio\\\/\"},{\"@type\":\"ListItem\",\"position\":2,\"name\":\"Secretar\u00eda\",\"item\":\"https:\\\/\\\/triana.salesianos.edu\\\/colegio\\\/secretaria\\\/\"},{\"@type\":\"ListItem\",\"position\":3,\"name\":\"Solicitud de t\u00edtulo\"}]},{\"@type\":\"WebSite\",\"@id\":\"https:\\\/\\\/triana.salesianos.edu\\\/colegio\\\/#website\",\"url\":\"https:\\\/\\\/triana.salesianos.edu\\\/colegio\\\/\",\"name\":\"Colegio Salesiano San Pedro\",\"description\":\"P\u00e1gina oficial Salesianos Triana Sevilla\",\"potentialAction\":[{\"@type\":\"SearchAction\",\"target\":{\"@type\":\"EntryPoint\",\"urlTemplate\":\"https:\\\/\\\/triana.salesianos.edu\\\/colegio\\\/?s={search_term_string}\"},\"query-input\":{\"@type\":\"PropertyValueSpecification\",\"valueRequired\":true,\"valueName\":\"search_term_string\"}}],\"inLanguage\":\"es\"}]}<\/script>\n<!-- \/ Yoast SEO plugin. -->","yoast_head_json":{"title":"Solicitud de t\u00edtulo - Colegio Salesiano San Pedro","robots":{"index":"index","follow":"follow","max-snippet":"max-snippet:-1","max-image-preview":"max-image-preview:large","max-video-preview":"max-video-preview:-1"},"canonical":"https:\/\/triana.salesianos.edu\/colegio\/secretaria\/solicitud_titulo\/","og_locale":"es_ES","og_type":"article","og_title":"Solicitud de t\u00edtulo - Colegio Salesiano San Pedro","og_description":"Solicitud de expedici\u00f3n de t\u00edtulos del alumnado de bachillerato y formaci\u00f3n profesional de grado medio y superior La solicitud y liquidaci\u00f3n de tasas (precio p\u00fablico) se realizar\u00e1 a trav\u00e9s de la Secretar\u00eda Virtual de los Centros Educativos de la Junta de Andaluc\u00eda.A tener en cuenta: Para t\u00edtulos obtenidos a partir del curso 2005-2006. (t\u00edtulos anteriores [&hellip;]","og_url":"https:\/\/triana.salesianos.edu\/colegio\/secretaria\/solicitud_titulo\/","og_site_name":"Colegio Salesiano San Pedro","article_modified_time":"2025-12-09T09:31:47+00:00","twitter_card":"summary_large_image","twitter_misc":{"Tiempo de lectura":"2 minutos"},"schema":{"@context":"https:\/\/schema.org","@graph":[{"@type":"WebPage","@id":"https:\/\/triana.salesianos.edu\/colegio\/secretaria\/solicitud_titulo\/","url":"https:\/\/triana.salesianos.edu\/colegio\/secretaria\/solicitud_titulo\/","name":"Solicitud de t\u00edtulo - Colegio Salesiano San Pedro","isPartOf":{"@id":"https:\/\/triana.salesianos.edu\/colegio\/#website"},"datePublished":"2018-01-14T16:39:18+00:00","dateModified":"2025-12-09T09:31:47+00:00","breadcrumb":{"@id":"https:\/\/triana.salesianos.edu\/colegio\/secretaria\/solicitud_titulo\/#breadcrumb"},"inLanguage":"es","potentialAction":[{"@type":"ReadAction","target":["https:\/\/triana.salesianos.edu\/colegio\/secretaria\/solicitud_titulo\/"]}]},{"@type":"BreadcrumbList","@id":"https:\/\/triana.salesianos.edu\/colegio\/secretaria\/solicitud_titulo\/#breadcrumb","itemListElement":[{"@type":"ListItem","position":1,"name":"Portada","item":"https:\/\/triana.salesianos.edu\/colegio\/"},{"@type":"ListItem","position":2,"name":"Secretar\u00eda","item":"https:\/\/triana.salesianos.edu\/colegio\/secretaria\/"},{"@type":"ListItem","position":3,"name":"Solicitud de t\u00edtulo"}]},{"@type":"WebSite","@id":"https:\/\/triana.salesianos.edu\/colegio\/#website","url":"https:\/\/triana.salesianos.edu\/colegio\/","name":"Colegio Salesiano San Pedro","description":"P\u00e1gina oficial Salesianos Triana Sevilla","potentialAction":[{"@type":"SearchAction","target":{"@type":"EntryPoint","urlTemplate":"https:\/\/triana.salesianos.edu\/colegio\/?s={search_term_string}"},"query-input":{"@type":"PropertyValueSpecification","valueRequired":true,"valueName":"search_term_string"}}],"inLanguage":"es"}]}},"_links":{"self":[{"href":"https:\/\/triana.salesianos.edu\/colegio\/wp-json\/wp\/v2\/pages\/4716","targetHints":{"allow":["GET"]}}],"collection":[{"href":"https:\/\/triana.salesianos.edu\/colegio\/wp-json\/wp\/v2\/pages"}],"about":[{"href":"https:\/\/triana.salesianos.edu\/colegio\/wp-json\/wp\/v2\/types\/page"}],"author":[{"embeddable":true,"href":"https:\/\/triana.salesianos.edu\/colegio\/wp-json\/wp\/v2\/users\/5"}],"replies":[{"embeddable":true,"href":"https:\/\/triana.salesianos.edu\/colegio\/wp-json\/wp\/v2\/comments?post=4716"}],"version-history":[{"count":39,"href":"https:\/\/triana.salesianos.edu\/colegio\/wp-json\/wp\/v2\/pages\/4716\/revisions"}],"predecessor-version":[{"id":25188,"href":"https:\/\/triana.salesianos.edu\/colegio\/wp-json\/wp\/v2\/pages\/4716\/revisions\/25188"}],"up":[{"embeddable":true,"href":"https:\/\/triana.salesianos.edu\/colegio\/wp-json\/wp\/v2\/pages\/8831"}],"wp:attachment":[{"href":"https:\/\/triana.salesianos.edu\/colegio\/wp-json\/wp\/v2\/media?parent=4716"}],"curies":[{"name":"wp","href":"https:\/\/api.w.org\/{rel}","templated":true}]}}