{"id":4708,"date":"2018-01-14T17:33:59","date_gmt":"2018-01-14T16:33:59","guid":{"rendered":"https:\/\/triana.salesianos.edu\/colegio\/?page_id=4708"},"modified":"2025-10-29T12:09:56","modified_gmt":"2025-10-29T11:09:56","slug":"solidaridad","status":"publish","type":"page","link":"https:\/\/triana.salesianos.edu\/colegio\/solidaridad\/","title":{"rendered":"Solidaridad"},"content":{"rendered":"<div id=\"fb-root\"><\/div>\n<p>[et_pb_section fb_built=\u00bb1&#8243; fullwidth=\u00bbon\u00bb _builder_version=\u00bb4.16&#8243; global_colors_info=\u00bb{}\u00bb][et_pb_fullwidth_header title=\u00bbSolidaridad\u00bb module_class=\u00bbpagina-imagen-cabecera\u00bb _builder_version=\u00bb4.16&#8243; title_text_color=\u00bb#ffffff\u00bb title_font_size=\u00bb40px\u00bb background_color=\u00bbrgba(255, 255, 255, 0)\u00bb background_image=\u00bbhttps:\/\/triana.salesianos.edu\/colegio\/wp-content\/uploads\/sites\/2\/2018\/02\/20171017_144135.jpg\u00bb background_layout=\u00bblight\u00bb max_width_tablet=\u00bb50px\u00bb global_colors_info=\u00bb{}\u00bb button_one_text_size__hover_enabled=\u00bboff\u00bb button_two_text_size__hover_enabled=\u00bboff\u00bb button_one_text_color__hover_enabled=\u00bboff\u00bb button_two_text_color__hover_enabled=\u00bboff\u00bb button_one_border_width__hover_enabled=\u00bboff\u00bb button_two_border_width__hover_enabled=\u00bboff\u00bb button_one_border_color__hover_enabled=\u00bboff\u00bb button_two_border_color__hover_enabled=\u00bboff\u00bb button_one_border_radius__hover_enabled=\u00bboff\u00bb button_two_border_radius__hover_enabled=\u00bboff\u00bb button_one_letter_spacing__hover_enabled=\u00bboff\u00bb button_two_letter_spacing__hover_enabled=\u00bboff\u00bb button_one_bg_color__hover_enabled=\u00bboff\u00bb button_two_bg_color__hover_enabled=\u00bboff\u00bb][\/et_pb_fullwidth_header][\/et_pb_section][et_pb_section fb_built=\u00bb1&#8243; module_class=\u00bbpagina-seccion-contenido\u00bb _builder_version=\u00bb4.16&#8243; custom_padding=\u00bb0%|||\u00bb global_colors_info=\u00bb{}\u00bb][et_pb_row module_class=\u00bbpagina-texto\u00bb _builder_version=\u00bb4.16&#8243; background_size=\u00bbinitial\u00bb background_position=\u00bbtop_left\u00bb background_repeat=\u00bbrepeat\u00bb width=\u00bb73.8%\u00bb custom_margin=\u00bb25px|||\u00bb custom_padding=\u00bb25px|0px|10px|0px\u00bb global_colors_info=\u00bb{}\u00bb][et_pb_column type=\u00bb4_4&#8243; _builder_version=\u00bb4.16&#8243; custom_padding=\u00bb|||\u00bb global_colors_info=\u00bb{}\u00bb custom_padding__hover=\u00bb|||\u00bb][et_pb_text _builder_version=\u00bb4.16&#8243; global_colors_info=\u00bb{}\u00bb]<\/p>\n<h2>SOLIDARIDAD ESCOLAR<\/h2>\n<h2><span style=\"font-size: 14px; color: #494949; font-weight: 500;\">La Solidaridad es la pieza clave del puzzle de nuestra Casa. Estamos convencidos de que la <\/span><span style=\"font-size: 14px; color: #494949; font-weight: 500;\">educaci\u00f3n integral del joven pasa por el ejercicio y pr\u00e1ctica de la Solidaridad. En los diferentes <\/span><span style=\"font-size: 14px; color: #494949; font-weight: 500;\">momentos del a\u00f1o, a nivel escolar, los alumnos tienen la posibilidad de sumarse a las diferentes <\/span><span style=\"font-size: 14px; color: #494949; font-weight: 500;\">campa\u00f1as solidarias que se proponen. Hacemos una breve relaci\u00f3n de las mismas:<\/span><\/h2>\n<ul>\n<li><span style=\"font-size: 14px; color: #494949; font-weight: 500;\">En el mes de <\/span><strong style=\"font-family: arial, helvetica; font-size: 14px; color: #494949;\">Octubre<\/strong><span style=\"font-size: 14px; color: #494949; font-weight: 500;\">, campa\u00f1a de las MISIONES: <\/span><strong style=\"font-family: arial, helvetica; font-size: 14px; color: #494949;\">DOMUND<\/strong><span style=\"font-size: 14px; color: #494949; font-weight: 500;\">.<\/span><\/li>\n<li>En el mes de <strong>Noviembre,<\/strong> <strong>POTAJE SOLIDARIO,<\/strong>\u00a0que est\u00e1 abierto a todos los ambientes de nuestra Casa.<\/li>\n<li>En el mes de <strong>Diciembre<\/strong>, campa\u00f1a de recogida de alimentos, el <strong>KILO<\/strong>.<\/li>\n<li>En el mes de <strong>Febrero<\/strong>, campa\u00f1a de <strong>Manos Unidas<\/strong>.<\/li>\n<li>En el mes de <strong>Marzo<\/strong>, es el turno de la <strong>PAELLA SOLIDARIA<\/strong>. Actividad abierta a toda la Comunidad Educativa.<\/li>\n<li>En el mes de <strong>Abril<\/strong>, se organiza la <strong>CAMPA\u00d1A DEL JUGUETE<\/strong>.<\/li>\n<li>En el mes de\u00a0<strong>Junio<\/strong>,\u00a0celebramos la <strong>FIESTA DE LA COMUNIDAD EDUCATIVA<\/strong>, que tambi\u00e9n tiene un tinte solidario.<\/li>\n<\/ul>\n<p>Todas estas iniciativas solidarias se hacen realidad gracias a la implicaci\u00f3n de todos los miembros de nuestra Comunidad: alumnado, profesorado, familias, parroquia, centro juvenil, etc.<\/p>\n<p>La gesti\u00f3n de la Solidaridad Escolar se hace a trav\u00e9s de los<strong> Delegados de Solidaridad<\/strong> de cada Aula. En todos los Consejos de Aula, existe la figura del Delegado de Solidaridad que trata de ser el v\u00ednculo entre el profesor responsable de la Solidaridad del Colegio, que es un miembro de nuestro equipo de pastoral y los alumnos del grupo &#8211; clase. El papel de los Delegados de Solidaridad es muy activo y tiene una importancia crucial en su grupo.<\/p>\n<p>En definitiva, la Solidaridad Escolar evangeliza a trav\u00e9s de la acci\u00f3n y la oraci\u00f3n, dando protagonismo a la Pastoral de nuestra casa, que supone ser nuestro eje fundamental en respuesta a la educaci\u00f3n de los j\u00f3venes.<\/p>\n<p>[\/et_pb_text][et_pb_image src=\u00bbhttps:\/\/triana.salesianos.edu\/colegio\/wp-content\/uploads\/sites\/2\/2025\/10\/unnamed-2025-10-28T170854.224.jpg\u00bb title_text=\u00bbunnamed &#8211; 2025-10-28T170854.224&#8243; align=\u00bbcenter\u00bb align_tablet=\u00bbcenter\u00bb align_phone=\u00bb\u00bb align_last_edited=\u00bbon|desktop\u00bb _builder_version=\u00bb4.27.4&#8243; max_width=\u00bb55%\u00bb hover_enabled=\u00bb0&#8243; always_center_on_mobile=\u00bbon\u00bb global_colors_info=\u00bb{}\u00bb sticky_enabled=\u00bb0&#8243;][\/et_pb_image][\/et_pb_column][\/et_pb_row][\/et_pb_section]<\/p>\n","protected":false},"excerpt":{"rendered":"<p>SOLIDARIDAD ESCOLAR La Solidaridad es la pieza clave del puzzle de nuestra Casa. Estamos convencidos de que la educaci\u00f3n integral del joven pasa por el ejercicio y pr\u00e1ctica de la Solidaridad. En los diferentes momentos del a\u00f1o, a nivel escolar, los alumnos tienen la posibilidad de sumarse a las diferentes campa\u00f1as solidarias que se proponen. [&hellip;]<\/p>\n","protected":false},"author":5,"featured_media":0,"parent":0,"menu_order":0,"comment_status":"closed","ping_status":"closed","template":"","meta":{"_et_pb_use_builder":"on","_et_pb_old_content":"","_et_gb_content_width":"","footnotes":""},"class_list":["post-4708","page","type-page","status-publish","hentry"],"yoast_head":"<!-- This site is optimized with the Yoast SEO plugin v27.4 - https:\/\/yoast.com\/product\/yoast-seo-wordpress\/ -->\n<title>Solidaridad - Colegio Salesiano San Pedro<\/title>\n<meta name=\"robots\" content=\"index, follow, max-snippet:-1, max-image-preview:large, max-video-preview:-1\" \/>\n<link rel=\"canonical\" href=\"https:\/\/triana.salesianos.edu\/colegio\/solidaridad\/\" \/>\n<meta property=\"og:locale\" content=\"es_ES\" \/>\n<meta property=\"og:type\" content=\"article\" \/>\n<meta property=\"og:title\" content=\"Solidaridad - Colegio Salesiano San Pedro\" \/>\n<meta property=\"og:description\" content=\"SOLIDARIDAD ESCOLAR La Solidaridad es la pieza clave del puzzle de nuestra Casa. Estamos convencidos de que la educaci\u00f3n integral del joven pasa por el ejercicio y pr\u00e1ctica de la Solidaridad. En los diferentes momentos del a\u00f1o, a nivel escolar, los alumnos tienen la posibilidad de sumarse a las diferentes campa\u00f1as solidarias que se proponen. [&hellip;]\" \/>\n<meta property=\"og:url\" content=\"https:\/\/triana.salesianos.edu\/colegio\/solidaridad\/\" \/>\n<meta property=\"og:site_name\" content=\"Colegio Salesiano San Pedro\" \/>\n<meta property=\"article:modified_time\" content=\"2025-10-29T11:09:56+00:00\" \/>\n<meta name=\"twitter:card\" content=\"summary_large_image\" \/>\n<meta name=\"twitter:label1\" content=\"Tiempo de lectura\" \/>\n\t<meta name=\"twitter:data1\" content=\"2 minutos\" \/>\n<script type=\"application\/ld+json\" class=\"yoast-schema-graph\">{\"@context\":\"https:\\\/\\\/schema.org\",\"@graph\":[{\"@type\":\"WebPage\",\"@id\":\"https:\\\/\\\/triana.salesianos.edu\\\/colegio\\\/solidaridad\\\/\",\"url\":\"https:\\\/\\\/triana.salesianos.edu\\\/colegio\\\/solidaridad\\\/\",\"name\":\"Solidaridad - Colegio Salesiano San Pedro\",\"isPartOf\":{\"@id\":\"https:\\\/\\\/triana.salesianos.edu\\\/colegio\\\/#website\"},\"datePublished\":\"2018-01-14T16:33:59+00:00\",\"dateModified\":\"2025-10-29T11:09:56+00:00\",\"breadcrumb\":{\"@id\":\"https:\\\/\\\/triana.salesianos.edu\\\/colegio\\\/solidaridad\\\/#breadcrumb\"},\"inLanguage\":\"es\",\"potentialAction\":[{\"@type\":\"ReadAction\",\"target\":[\"https:\\\/\\\/triana.salesianos.edu\\\/colegio\\\/solidaridad\\\/\"]}]},{\"@type\":\"BreadcrumbList\",\"@id\":\"https:\\\/\\\/triana.salesianos.edu\\\/colegio\\\/solidaridad\\\/#breadcrumb\",\"itemListElement\":[{\"@type\":\"ListItem\",\"position\":1,\"name\":\"Portada\",\"item\":\"https:\\\/\\\/triana.salesianos.edu\\\/colegio\\\/\"},{\"@type\":\"ListItem\",\"position\":2,\"name\":\"Solidaridad\"}]},{\"@type\":\"WebSite\",\"@id\":\"https:\\\/\\\/triana.salesianos.edu\\\/colegio\\\/#website\",\"url\":\"https:\\\/\\\/triana.salesianos.edu\\\/colegio\\\/\",\"name\":\"Colegio Salesiano San Pedro\",\"description\":\"P\u00e1gina oficial Salesianos Triana Sevilla\",\"potentialAction\":[{\"@type\":\"SearchAction\",\"target\":{\"@type\":\"EntryPoint\",\"urlTemplate\":\"https:\\\/\\\/triana.salesianos.edu\\\/colegio\\\/?s={search_term_string}\"},\"query-input\":{\"@type\":\"PropertyValueSpecification\",\"valueRequired\":true,\"valueName\":\"search_term_string\"}}],\"inLanguage\":\"es\"}]}<\/script>\n<!-- \/ Yoast SEO plugin. -->","yoast_head_json":{"title":"Solidaridad - Colegio Salesiano San Pedro","robots":{"index":"index","follow":"follow","max-snippet":"max-snippet:-1","max-image-preview":"max-image-preview:large","max-video-preview":"max-video-preview:-1"},"canonical":"https:\/\/triana.salesianos.edu\/colegio\/solidaridad\/","og_locale":"es_ES","og_type":"article","og_title":"Solidaridad - Colegio Salesiano San Pedro","og_description":"SOLIDARIDAD ESCOLAR La Solidaridad es la pieza clave del puzzle de nuestra Casa. Estamos convencidos de que la educaci\u00f3n integral del joven pasa por el ejercicio y pr\u00e1ctica de la Solidaridad. En los diferentes momentos del a\u00f1o, a nivel escolar, los alumnos tienen la posibilidad de sumarse a las diferentes campa\u00f1as solidarias que se proponen. [&hellip;]","og_url":"https:\/\/triana.salesianos.edu\/colegio\/solidaridad\/","og_site_name":"Colegio Salesiano San Pedro","article_modified_time":"2025-10-29T11:09:56+00:00","twitter_card":"summary_large_image","twitter_misc":{"Tiempo de lectura":"2 minutos"},"schema":{"@context":"https:\/\/schema.org","@graph":[{"@type":"WebPage","@id":"https:\/\/triana.salesianos.edu\/colegio\/solidaridad\/","url":"https:\/\/triana.salesianos.edu\/colegio\/solidaridad\/","name":"Solidaridad - Colegio Salesiano San Pedro","isPartOf":{"@id":"https:\/\/triana.salesianos.edu\/colegio\/#website"},"datePublished":"2018-01-14T16:33:59+00:00","dateModified":"2025-10-29T11:09:56+00:00","breadcrumb":{"@id":"https:\/\/triana.salesianos.edu\/colegio\/solidaridad\/#breadcrumb"},"inLanguage":"es","potentialAction":[{"@type":"ReadAction","target":["https:\/\/triana.salesianos.edu\/colegio\/solidaridad\/"]}]},{"@type":"BreadcrumbList","@id":"https:\/\/triana.salesianos.edu\/colegio\/solidaridad\/#breadcrumb","itemListElement":[{"@type":"ListItem","position":1,"name":"Portada","item":"https:\/\/triana.salesianos.edu\/colegio\/"},{"@type":"ListItem","position":2,"name":"Solidaridad"}]},{"@type":"WebSite","@id":"https:\/\/triana.salesianos.edu\/colegio\/#website","url":"https:\/\/triana.salesianos.edu\/colegio\/","name":"Colegio Salesiano San Pedro","description":"P\u00e1gina oficial Salesianos Triana Sevilla","potentialAction":[{"@type":"SearchAction","target":{"@type":"EntryPoint","urlTemplate":"https:\/\/triana.salesianos.edu\/colegio\/?s={search_term_string}"},"query-input":{"@type":"PropertyValueSpecification","valueRequired":true,"valueName":"search_term_string"}}],"inLanguage":"es"}]}},"_links":{"self":[{"href":"https:\/\/triana.salesianos.edu\/colegio\/wp-json\/wp\/v2\/pages\/4708","targetHints":{"allow":["GET"]}}],"collection":[{"href":"https:\/\/triana.salesianos.edu\/colegio\/wp-json\/wp\/v2\/pages"}],"about":[{"href":"https:\/\/triana.salesianos.edu\/colegio\/wp-json\/wp\/v2\/types\/page"}],"author":[{"embeddable":true,"href":"https:\/\/triana.salesianos.edu\/colegio\/wp-json\/wp\/v2\/users\/5"}],"replies":[{"embeddable":true,"href":"https:\/\/triana.salesianos.edu\/colegio\/wp-json\/wp\/v2\/comments?post=4708"}],"version-history":[{"count":7,"href":"https:\/\/triana.salesianos.edu\/colegio\/wp-json\/wp\/v2\/pages\/4708\/revisions"}],"predecessor-version":[{"id":25142,"href":"https:\/\/triana.salesianos.edu\/colegio\/wp-json\/wp\/v2\/pages\/4708\/revisions\/25142"}],"wp:attachment":[{"href":"https:\/\/triana.salesianos.edu\/colegio\/wp-json\/wp\/v2\/media?parent=4708"}],"curies":[{"name":"wp","href":"https:\/\/api.w.org\/{rel}","templated":true}]}}