{"id":4706,"date":"2018-01-14T17:32:59","date_gmt":"2018-01-14T16:32:59","guid":{"rendered":"https:\/\/triana.salesianos.edu\/colegio\/?page_id=4706"},"modified":"2025-11-26T12:12:12","modified_gmt":"2025-11-26T11:12:12","slug":"para-sumar","status":"publish","type":"page","link":"https:\/\/triana.salesianos.edu\/colegio\/para-sumar\/","title":{"rendered":"Para Sumar"},"content":{"rendered":"<div id=\"fb-root\"><\/div>\n<p>[et_pb_section fb_built=\u00bb1&#8243; fullwidth=\u00bbon\u00bb _builder_version=\u00bb4.16&#8243; global_colors_info=\u00bb{}\u00bb][et_pb_fullwidth_header title=\u00bbPara Sumar\u00bb module_class=\u00bbpagina-imagen-cabecera\u00bb _builder_version=\u00bb4.16&#8243; title_text_color=\u00bb#ffffff\u00bb title_font_size=\u00bb40px\u00bb background_color=\u00bbrgba(255, 255, 255, 0)\u00bb background_image=\u00bbhttps:\/\/triana.salesianos.edu\/colegio\/wp-content\/uploads\/sites\/2\/2018\/02\/P1120826.jpg\u00bb background_layout=\u00bblight\u00bb max_width_tablet=\u00bb50px\u00bb global_colors_info=\u00bb{}\u00bb button_one_text_size__hover_enabled=\u00bboff\u00bb button_two_text_size__hover_enabled=\u00bboff\u00bb button_one_text_color__hover_enabled=\u00bboff\u00bb button_two_text_color__hover_enabled=\u00bboff\u00bb button_one_border_width__hover_enabled=\u00bboff\u00bb button_two_border_width__hover_enabled=\u00bboff\u00bb button_one_border_color__hover_enabled=\u00bboff\u00bb button_two_border_color__hover_enabled=\u00bboff\u00bb button_one_border_radius__hover_enabled=\u00bboff\u00bb button_two_border_radius__hover_enabled=\u00bboff\u00bb button_one_letter_spacing__hover_enabled=\u00bboff\u00bb button_two_letter_spacing__hover_enabled=\u00bboff\u00bb button_one_bg_color__hover_enabled=\u00bboff\u00bb button_two_bg_color__hover_enabled=\u00bboff\u00bb][\/et_pb_fullwidth_header][\/et_pb_section][et_pb_section fb_built=\u00bb1&#8243; module_class=\u00bbpagina-seccion-contenido\u00bb _builder_version=\u00bb4.16&#8243; custom_padding=\u00bb-4%|||\u00bb transparent_background=\u00bboff\u00bb make_fullwidth=\u00bboff\u00bb use_custom_width=\u00bboff\u00bb width_unit=\u00bbon\u00bb global_colors_info=\u00bb{}\u00bb][et_pb_row module_class=\u00bbpagina-texto\u00bb _builder_version=\u00bb4.16&#8243; background_size=\u00bbinitial\u00bb background_position=\u00bbtop_left\u00bb background_repeat=\u00bbrepeat\u00bb make_fullwidth=\u00bboff\u00bb use_custom_width=\u00bboff\u00bb width_unit=\u00bbon\u00bb global_colors_info=\u00bb{}\u00bb][et_pb_column type=\u00bb4_4&#8243; _builder_version=\u00bb4.16&#8243; custom_padding=\u00bb|||\u00bb global_colors_info=\u00bb{}\u00bb custom_padding__hover=\u00bb|||\u00bb][et_pb_text admin_label=\u00bbDescripci\u00f3n de la etapa (Texto)\u00bb _builder_version=\u00bb4.27.4&#8243; global_colors_info=\u00bb{}\u00bb]<\/p>\n<h2>El Proyecto Para Sumar<\/h2>\n<p class=\"Cuerpo\" style=\"text-align: justify; line-height: 150%;\"><span lang=\"ES-TRAD\">El proyecto PARA SUMAR, es una iniciativa que surgi\u00f3 hace a\u00f1os en nuestra Casa Salesiana para dar respuesta a aquellos j\u00f3venes de nuestra escuela en las etapas de Educaci\u00f3n Primaria y Secundaria que cuentan con <strong>dificultades acad\u00e9micas y personales<\/strong> y sus familias no disponen de recursos necesarios para atender estas cuestiones. Dos tardes en semana, Lunes y Jueves, durante una hora y media, son atendidos por <strong>personas voluntarias<\/strong> que le ofrecen un<strong> apoyo educativo<\/strong>. Las personas que entregan su tiempo a los dem\u00e1s en estas tardes, son <strong>alumnos<\/strong> de nuestra Casa que est\u00e1n en la etapa de la Formaci\u00f3n Profesional, <strong>profesores<\/strong> voluntarios que deciden sumarse al proyecto, <strong>animadores<\/strong> del Centro Juvenil y <strong>Salesianos Cooperadores<\/strong> de nuestra Casa. Estamos muy satisfechos de llevar a cabo esta iniciativa ya que cada vez, son m\u00e1s los j\u00f3venes a los que estamos dando respuesta y estamos dibujando entre todos el <strong>cuarto ambiente<\/strong> en nuestra casa, la atenci\u00f3n a los m\u00e1s necesitados, tal y como fue el deseo de Don Bosco.<\/span><\/p>\n<p>[\/et_pb_text][et_pb_image src=\u00bbhttps:\/\/triana.salesianos.edu\/colegio\/wp-content\/uploads\/sites\/2\/2025\/11\/IMG_9823-scaled.jpg\u00bb title_text=\u00bbIMG_9823&#8243; align_tablet=\u00bbcenter\u00bb align_phone=\u00bb\u00bb align_last_edited=\u00bbon|desktop\u00bb _builder_version=\u00bb4.27.4&#8243; always_center_on_mobile=\u00bbon\u00bb global_colors_info=\u00bb{}\u00bb][\/et_pb_image][et_pb_text admin_label=\u00bbDescripci\u00f3n de la etapa (Texto)\u00bb _builder_version=\u00bb4.27.4&#8243; hover_enabled=\u00bb0&#8243; global_colors_info=\u00bb{}\u00bb sticky_enabled=\u00bb0&#8243;]<\/p>\n<p><strong>Coordinador:<\/strong> Vicente Manuel P\u00e9rez Beltr\u00e1n.<br \/><strong>Contacto:<\/strong> vicente.perez@triana.salesianos.edu<\/p>\n<p>[\/et_pb_text][\/et_pb_column][\/et_pb_row][\/et_pb_section]<\/p>\n","protected":false},"excerpt":{"rendered":"<p>El Proyecto Para Sumar El proyecto PARA SUMAR, es una iniciativa que surgi\u00f3 hace a\u00f1os en nuestra Casa Salesiana para dar respuesta a aquellos j\u00f3venes de nuestra escuela en las etapas de Educaci\u00f3n Primaria y Secundaria que cuentan con dificultades acad\u00e9micas y personales y sus familias no disponen de recursos necesarios para atender estas cuestiones. [&hellip;]<\/p>\n","protected":false},"author":5,"featured_media":0,"parent":0,"menu_order":0,"comment_status":"closed","ping_status":"closed","template":"","meta":{"_et_pb_use_builder":"on","_et_pb_old_content":"","_et_gb_content_width":"","footnotes":""},"class_list":["post-4706","page","type-page","status-publish","hentry"],"yoast_head":"<!-- This site is optimized with the Yoast SEO plugin v27.4 - https:\/\/yoast.com\/product\/yoast-seo-wordpress\/ -->\n<title>Para Sumar - Colegio Salesiano San Pedro<\/title>\n<meta name=\"robots\" content=\"index, follow, max-snippet:-1, max-image-preview:large, max-video-preview:-1\" \/>\n<link rel=\"canonical\" href=\"https:\/\/triana.salesianos.edu\/colegio\/para-sumar\/\" \/>\n<meta property=\"og:locale\" content=\"es_ES\" \/>\n<meta property=\"og:type\" content=\"article\" \/>\n<meta property=\"og:title\" content=\"Para Sumar - Colegio Salesiano San Pedro\" \/>\n<meta property=\"og:description\" content=\"El Proyecto Para Sumar El proyecto PARA SUMAR, es una iniciativa que surgi\u00f3 hace a\u00f1os en nuestra Casa Salesiana para dar respuesta a aquellos j\u00f3venes de nuestra escuela en las etapas de Educaci\u00f3n Primaria y Secundaria que cuentan con dificultades acad\u00e9micas y personales y sus familias no disponen de recursos necesarios para atender estas cuestiones. [&hellip;]\" \/>\n<meta property=\"og:url\" content=\"https:\/\/triana.salesianos.edu\/colegio\/para-sumar\/\" \/>\n<meta property=\"og:site_name\" content=\"Colegio Salesiano San Pedro\" \/>\n<meta property=\"article:modified_time\" content=\"2025-11-26T11:12:12+00:00\" \/>\n<meta name=\"twitter:card\" content=\"summary_large_image\" \/>\n<meta name=\"twitter:label1\" content=\"Tiempo de lectura\" \/>\n\t<meta name=\"twitter:data1\" content=\"2 minutos\" \/>\n<script type=\"application\/ld+json\" class=\"yoast-schema-graph\">{\"@context\":\"https:\\\/\\\/schema.org\",\"@graph\":[{\"@type\":\"WebPage\",\"@id\":\"https:\\\/\\\/triana.salesianos.edu\\\/colegio\\\/para-sumar\\\/\",\"url\":\"https:\\\/\\\/triana.salesianos.edu\\\/colegio\\\/para-sumar\\\/\",\"name\":\"Para Sumar - Colegio Salesiano San Pedro\",\"isPartOf\":{\"@id\":\"https:\\\/\\\/triana.salesianos.edu\\\/colegio\\\/#website\"},\"datePublished\":\"2018-01-14T16:32:59+00:00\",\"dateModified\":\"2025-11-26T11:12:12+00:00\",\"breadcrumb\":{\"@id\":\"https:\\\/\\\/triana.salesianos.edu\\\/colegio\\\/para-sumar\\\/#breadcrumb\"},\"inLanguage\":\"es\",\"potentialAction\":[{\"@type\":\"ReadAction\",\"target\":[\"https:\\\/\\\/triana.salesianos.edu\\\/colegio\\\/para-sumar\\\/\"]}]},{\"@type\":\"BreadcrumbList\",\"@id\":\"https:\\\/\\\/triana.salesianos.edu\\\/colegio\\\/para-sumar\\\/#breadcrumb\",\"itemListElement\":[{\"@type\":\"ListItem\",\"position\":1,\"name\":\"Portada\",\"item\":\"https:\\\/\\\/triana.salesianos.edu\\\/colegio\\\/\"},{\"@type\":\"ListItem\",\"position\":2,\"name\":\"Para Sumar\"}]},{\"@type\":\"WebSite\",\"@id\":\"https:\\\/\\\/triana.salesianos.edu\\\/colegio\\\/#website\",\"url\":\"https:\\\/\\\/triana.salesianos.edu\\\/colegio\\\/\",\"name\":\"Colegio Salesiano San Pedro\",\"description\":\"P\u00e1gina oficial Salesianos Triana Sevilla\",\"potentialAction\":[{\"@type\":\"SearchAction\",\"target\":{\"@type\":\"EntryPoint\",\"urlTemplate\":\"https:\\\/\\\/triana.salesianos.edu\\\/colegio\\\/?s={search_term_string}\"},\"query-input\":{\"@type\":\"PropertyValueSpecification\",\"valueRequired\":true,\"valueName\":\"search_term_string\"}}],\"inLanguage\":\"es\"}]}<\/script>\n<!-- \/ Yoast SEO plugin. -->","yoast_head_json":{"title":"Para Sumar - Colegio Salesiano San Pedro","robots":{"index":"index","follow":"follow","max-snippet":"max-snippet:-1","max-image-preview":"max-image-preview:large","max-video-preview":"max-video-preview:-1"},"canonical":"https:\/\/triana.salesianos.edu\/colegio\/para-sumar\/","og_locale":"es_ES","og_type":"article","og_title":"Para Sumar - Colegio Salesiano San Pedro","og_description":"El Proyecto Para Sumar El proyecto PARA SUMAR, es una iniciativa que surgi\u00f3 hace a\u00f1os en nuestra Casa Salesiana para dar respuesta a aquellos j\u00f3venes de nuestra escuela en las etapas de Educaci\u00f3n Primaria y Secundaria que cuentan con dificultades acad\u00e9micas y personales y sus familias no disponen de recursos necesarios para atender estas cuestiones. [&hellip;]","og_url":"https:\/\/triana.salesianos.edu\/colegio\/para-sumar\/","og_site_name":"Colegio Salesiano San Pedro","article_modified_time":"2025-11-26T11:12:12+00:00","twitter_card":"summary_large_image","twitter_misc":{"Tiempo de lectura":"2 minutos"},"schema":{"@context":"https:\/\/schema.org","@graph":[{"@type":"WebPage","@id":"https:\/\/triana.salesianos.edu\/colegio\/para-sumar\/","url":"https:\/\/triana.salesianos.edu\/colegio\/para-sumar\/","name":"Para Sumar - Colegio Salesiano San Pedro","isPartOf":{"@id":"https:\/\/triana.salesianos.edu\/colegio\/#website"},"datePublished":"2018-01-14T16:32:59+00:00","dateModified":"2025-11-26T11:12:12+00:00","breadcrumb":{"@id":"https:\/\/triana.salesianos.edu\/colegio\/para-sumar\/#breadcrumb"},"inLanguage":"es","potentialAction":[{"@type":"ReadAction","target":["https:\/\/triana.salesianos.edu\/colegio\/para-sumar\/"]}]},{"@type":"BreadcrumbList","@id":"https:\/\/triana.salesianos.edu\/colegio\/para-sumar\/#breadcrumb","itemListElement":[{"@type":"ListItem","position":1,"name":"Portada","item":"https:\/\/triana.salesianos.edu\/colegio\/"},{"@type":"ListItem","position":2,"name":"Para Sumar"}]},{"@type":"WebSite","@id":"https:\/\/triana.salesianos.edu\/colegio\/#website","url":"https:\/\/triana.salesianos.edu\/colegio\/","name":"Colegio Salesiano San Pedro","description":"P\u00e1gina oficial Salesianos Triana Sevilla","potentialAction":[{"@type":"SearchAction","target":{"@type":"EntryPoint","urlTemplate":"https:\/\/triana.salesianos.edu\/colegio\/?s={search_term_string}"},"query-input":{"@type":"PropertyValueSpecification","valueRequired":true,"valueName":"search_term_string"}}],"inLanguage":"es"}]}},"_links":{"self":[{"href":"https:\/\/triana.salesianos.edu\/colegio\/wp-json\/wp\/v2\/pages\/4706","targetHints":{"allow":["GET"]}}],"collection":[{"href":"https:\/\/triana.salesianos.edu\/colegio\/wp-json\/wp\/v2\/pages"}],"about":[{"href":"https:\/\/triana.salesianos.edu\/colegio\/wp-json\/wp\/v2\/types\/page"}],"author":[{"embeddable":true,"href":"https:\/\/triana.salesianos.edu\/colegio\/wp-json\/wp\/v2\/users\/5"}],"replies":[{"embeddable":true,"href":"https:\/\/triana.salesianos.edu\/colegio\/wp-json\/wp\/v2\/comments?post=4706"}],"version-history":[{"count":11,"href":"https:\/\/triana.salesianos.edu\/colegio\/wp-json\/wp\/v2\/pages\/4706\/revisions"}],"predecessor-version":[{"id":25171,"href":"https:\/\/triana.salesianos.edu\/colegio\/wp-json\/wp\/v2\/pages\/4706\/revisions\/25171"}],"wp:attachment":[{"href":"https:\/\/triana.salesianos.edu\/colegio\/wp-json\/wp\/v2\/media?parent=4706"}],"curies":[{"name":"wp","href":"https:\/\/api.w.org\/{rel}","templated":true}]}}