{"id":24476,"date":"2018-01-14T17:38:23","date_gmt":"2018-01-14T16:38:23","guid":{"rendered":"https:\/\/triana.salesianos.edu\/colegio\/aula-matinal-2\/"},"modified":"2026-03-23T22:18:02","modified_gmt":"2026-03-23T21:18:02","slug":"aula-mediodia","status":"publish","type":"page","link":"https:\/\/triana.salesianos.edu\/colegio\/aula-mediodia\/","title":{"rendered":"Aula de mediod\u00eda"},"content":{"rendered":"<div id=\"fb-root\"><\/div>\n<p>[et_pb_section fb_built=\u00bb1&#8243; fullwidth=\u00bbon\u00bb _builder_version=\u00bb4.16&#8243; global_colors_info=\u00bb{}\u00bb][et_pb_fullwidth_header title=\u00bbAula del mediod\u00eda\u00bb title_font_color=\u00bb#ffffff\u00bb module_class=\u00bbpagina-imagen-cabecera\u00bb _builder_version=\u00bb4.21.2&#8243; title_text_color=\u00bb#ffffff\u00bb title_font_size=\u00bb40px\u00bb background_color=\u00bbrgba(255, 255, 255, 0)\u00bb background_image=\u00bbhttps:\/\/triana.salesianos.edu\/colegio\/wp-content\/uploads\/sites\/2\/2023\/05\/Titulo.png\u00bb background_layout=\u00bblight\u00bb max_width_tablet=\u00bb50px\u00bb background_url=\u00bbhttps:\/\/alicante.salesianos.edu\/colegio\/wp-content\/uploads\/sites\/2\/2017\/05\/Captura-de-pantalla-2017-05-24-a-las-18.40.38.png\u00bb global_colors_info=\u00bb{}\u00bb button_one_text_size__hover_enabled=\u00bboff\u00bb button_two_text_size__hover_enabled=\u00bboff\u00bb button_one_text_color__hover_enabled=\u00bboff\u00bb button_two_text_color__hover_enabled=\u00bboff\u00bb button_one_border_width__hover_enabled=\u00bboff\u00bb button_two_border_width__hover_enabled=\u00bboff\u00bb button_one_border_color__hover_enabled=\u00bboff\u00bb button_two_border_color__hover_enabled=\u00bboff\u00bb button_one_border_radius__hover_enabled=\u00bboff\u00bb button_two_border_radius__hover_enabled=\u00bboff\u00bb button_one_letter_spacing__hover_enabled=\u00bboff\u00bb button_two_letter_spacing__hover_enabled=\u00bboff\u00bb button_one_bg_color__hover_enabled=\u00bboff\u00bb button_two_bg_color__hover_enabled=\u00bboff\u00bb][\/et_pb_fullwidth_header][\/et_pb_section][et_pb_section fb_built=\u00bb1&#8243; module_class=\u00bbpagina-seccion-contenido\u00bb _builder_version=\u00bb4.16&#8243; custom_padding=\u00bb0%|||\u00bb global_colors_info=\u00bb{}\u00bb][et_pb_row _builder_version=\u00bb4.16&#8243; background_size=\u00bbinitial\u00bb background_position=\u00bbtop_left\u00bb background_repeat=\u00bbrepeat\u00bb locked=\u00bboff\u00bb global_colors_info=\u00bb{}\u00bb][et_pb_column type=\u00bb4_4&#8243; _builder_version=\u00bb4.16&#8243; custom_padding=\u00bb|||\u00bb global_colors_info=\u00bb{}\u00bb custom_padding__hover=\u00bb|||\u00bb][et_pb_text admin_label=\u00bbTitulo Normas (Texto)\u00bb _builder_version=\u00bb4.16&#8243; text_text_color=\u00bb#ffffff\u00bb text_font_size=\u00bb22&#8243; background_color=\u00bb#dc001b\u00bb background_size=\u00bbinitial\u00bb background_position=\u00bbtop_left\u00bb background_repeat=\u00bbrepeat\u00bb custom_padding=\u00bb10px|10px|10px|20px\u00bb border_color=\u00bb#dc001b\u00bb border_style=\u00bbsolid\u00bb saved_tabs=\u00bball\u00bb global_colors_info=\u00bb{}\u00bb]<\/p>\n<p>\nNormas de Funcionamiento<\/p>\n<p>[\/et_pb_text][et_pb_accordion admin_label=\u00bbFAQ (Acorde\u00f3n)\u00bb _builder_version=\u00bb4.27.4&#8243; toggle_text_color=\u00bb#dc001b\u00bb toggle_font_size=\u00bb17px\u00bb hover_enabled=\u00bb0&#8243; border_width_all=\u00bb0px\u00bb border_color_all=\u00bb#e5e5e5&#8243; use_border_color=\u00bbon\u00bb border_color=\u00bb#e5e5e5&#8243; border_width=\u00bb0px\u00bb border_style=\u00bbsolid\u00bb saved_tabs=\u00bball\u00bb global_colors_info=\u00bb{}\u00bb sticky_enabled=\u00bb0&#8243;][et_pb_accordion_item title=\u00bbIntroducci\u00f3n\u00bb open=\u00bbon\u00bb _builder_version=\u00bb4.21.2&#8243; global_colors_info=\u00bb{}\u00bb]<\/p>\n<p>Nuevo servicio de aula de mediod\u00eda de guarda y custodia del alumnado hasta su recogida. Los alumnos estar\u00e1n realizando sus tareas, actividades l\u00fadicas, juegos diversos. \u00a0<\/p>\n<p>No se incluye ni servicio de comedor, ni comida de casa.<\/p>\n<p>[\/et_pb_accordion_item][et_pb_accordion_item title=\u00bbHorario\u00bb _builder_version=\u00bb4.21.2&#8243; global_colors_info=\u00bb{}\u00bb open=\u00bboff\u00bb]<\/p>\n<p>La recogida se har\u00e1 por la puerta de Infantil (calle Evangelista). En los siguientes tramos horarios de 14:20 a 14:30 y de 14:50 a 15:00. Rogamos sean puntuales a la hora de la recogida. Si el alumno es recogido por alg\u00fan hermano mayor, tendr\u00e1 que estar autorizado en la ficha de inscripci\u00f3n.<\/p>\n<p>[\/et_pb_accordion_item][et_pb_accordion_item title=\u00bbCalendario\u00bb _builder_version=\u00bb4.21.2&#8243; global_colors_info=\u00bb{}\u00bb open=\u00bboff\u00bb]<\/p>\n<p>El calendario estar\u00e1 ajustado a los d\u00edas lectivos seg\u00fan el calendario escolar vigente.<\/p>\n<p>[\/et_pb_accordion_item][et_pb_accordion_item title=\u00bbPrecio y abono\u00bb _builder_version=\u00bb4.27.4&#8243; hover_enabled=\u00bb0&#8243; global_colors_info=\u00bb{}\u00bb open=\u00bboff\u00bb sticky_enabled=\u00bb0&#8243;]<\/p>\n<p>El servicio complementario de aula de mediod\u00eda tiene un coste mensual de 26,4 \u20ac. Se podr\u00e1n contratar d\u00edas sueltos con un coste de 2,00 \u20ac el d\u00eda. (hasta un m\u00e1ximo de 10 d\u00edas, a partir de 11 d\u00edas se abonar\u00e1 el mes completo). Siempre ser\u00e1 obligatorio entregar la inscripci\u00f3n con un d\u00eda m\u00ednimo de antelaci\u00f3n.<\/p>\n<p>El d\u00eda 25 de cada mes la coordinadora del aula de mediod\u00eda pasa los listados de comensales al secretario, el cual prepara la remesa de recibos para que se cobre en banco los d\u00edas 30 de cada mes. Cualquier circunstancia que surja y haya que modificar los listados en los \u00faltimos cinco d\u00edas del mes se regularizar\u00e1n en el cobro del mes posterior.<\/p>\n<p>[\/et_pb_accordion_item][\/et_pb_accordion][\/et_pb_column][\/et_pb_row][et_pb_row column_structure=\u00bb1_4,1_2,1_4&#8243; module_class=\u00bbpagina-texto\u00bb _builder_version=\u00bb4.16&#8243; background_size=\u00bbinitial\u00bb background_position=\u00bbtop_left\u00bb background_repeat=\u00bbrepeat\u00bb make_fullwidth=\u00bboff\u00bb use_custom_width=\u00bboff\u00bb width_unit=\u00bbon\u00bb locked=\u00bboff\u00bb global_colors_info=\u00bb{}\u00bb][et_pb_column type=\u00bb1_4&#8243; _builder_version=\u00bb4.16&#8243; custom_padding=\u00bb|||\u00bb global_colors_info=\u00bb{}\u00bb custom_padding__hover=\u00bb|||\u00bb][\/et_pb_column][et_pb_column type=\u00bb1_2&#8243; _builder_version=\u00bb4.16&#8243; custom_padding=\u00bb|||\u00bb global_colors_info=\u00bb{}\u00bb custom_padding__hover=\u00bb|||\u00bb][et_pb_button button_url=\u00bbhttps:\/\/triana.salesianos.edu\/colegio\/wp-content\/uploads\/sites\/2\/2025\/09\/25-26_Mediodia.pdf\u00bb url_new_window=\u00bbon\u00bb button_text=\u00bbSolicitud aula del mediod\u00eda\u00bb button_alignment=\u00bbcenter\u00bb admin_label=\u00bbSolicitud aula del mediod\u00eda\u00bb _builder_version=\u00bb4.27.4&#8243; custom_button=\u00bbon\u00bb button_text_color=\u00bb#ffffff\u00bb button_bg_color=\u00bb#dc001b\u00bb button_border_color=\u00bb#dc001b\u00bb button_border_radius=\u00bb5&#8243; background_layout=\u00bbdark\u00bb z_index_tablet=\u00bb500&#8243; button_letter_spacing_hover=\u00bb0&#8243; saved_tabs=\u00bball\u00bb global_colors_info=\u00bb{}\u00bb][\/et_pb_button][\/et_pb_column][et_pb_column type=\u00bb1_4&#8243; _builder_version=\u00bb4.16&#8243; custom_padding=\u00bb|||\u00bb global_colors_info=\u00bb{}\u00bb custom_padding__hover=\u00bb|||\u00bb][\/et_pb_column][\/et_pb_row][\/et_pb_section]<\/p>\n","protected":false},"excerpt":{"rendered":"<p>Normas de Funcionamiento Nuevo servicio de aula de mediod\u00eda de guarda y custodia del alumnado hasta su recogida. Los alumnos estar\u00e1n realizando sus tareas, actividades l\u00fadicas, juegos diversos. \u00a0 No se incluye ni servicio de comedor, ni comida de casa.La recogida se har\u00e1 por la puerta de Infantil (calle Evangelista). En los siguientes tramos horarios [&hellip;]<\/p>\n","protected":false},"author":5,"featured_media":0,"parent":0,"menu_order":0,"comment_status":"closed","ping_status":"closed","template":"","meta":{"_et_pb_use_builder":"on","_et_pb_old_content":"","_et_gb_content_width":"","footnotes":""},"class_list":["post-24476","page","type-page","status-publish","hentry"],"yoast_head":"<!-- This site is optimized with the Yoast SEO plugin v27.4 - https:\/\/yoast.com\/product\/yoast-seo-wordpress\/ -->\n<title>Aula de mediod\u00eda - Colegio Salesiano San Pedro<\/title>\n<meta name=\"robots\" content=\"index, follow, max-snippet:-1, max-image-preview:large, max-video-preview:-1\" \/>\n<link rel=\"canonical\" href=\"https:\/\/triana.salesianos.edu\/colegio\/aula-mediodia\/\" \/>\n<meta property=\"og:locale\" content=\"es_ES\" \/>\n<meta property=\"og:type\" content=\"article\" \/>\n<meta property=\"og:title\" content=\"Aula de mediod\u00eda - Colegio Salesiano San Pedro\" \/>\n<meta property=\"og:description\" content=\"Normas de Funcionamiento Nuevo servicio de aula de mediod\u00eda de guarda y custodia del alumnado hasta su recogida. Los alumnos estar\u00e1n realizando sus tareas, actividades l\u00fadicas, juegos diversos. \u00a0 No se incluye ni servicio de comedor, ni comida de casa.La recogida se har\u00e1 por la puerta de Infantil (calle Evangelista). En los siguientes tramos horarios [&hellip;]\" \/>\n<meta property=\"og:url\" content=\"https:\/\/triana.salesianos.edu\/colegio\/aula-mediodia\/\" \/>\n<meta property=\"og:site_name\" content=\"Colegio Salesiano San Pedro\" \/>\n<meta property=\"article:modified_time\" content=\"2026-03-23T21:18:02+00:00\" \/>\n<meta name=\"twitter:card\" content=\"summary_large_image\" \/>\n<meta name=\"twitter:label1\" content=\"Tiempo de lectura\" \/>\n\t<meta name=\"twitter:data1\" content=\"2 minutos\" \/>\n<script type=\"application\/ld+json\" class=\"yoast-schema-graph\">{\"@context\":\"https:\\\/\\\/schema.org\",\"@graph\":[{\"@type\":\"WebPage\",\"@id\":\"https:\\\/\\\/triana.salesianos.edu\\\/colegio\\\/aula-mediodia\\\/\",\"url\":\"https:\\\/\\\/triana.salesianos.edu\\\/colegio\\\/aula-mediodia\\\/\",\"name\":\"Aula de mediod\u00eda - Colegio Salesiano San Pedro\",\"isPartOf\":{\"@id\":\"https:\\\/\\\/triana.salesianos.edu\\\/colegio\\\/#website\"},\"datePublished\":\"2018-01-14T16:38:23+00:00\",\"dateModified\":\"2026-03-23T21:18:02+00:00\",\"breadcrumb\":{\"@id\":\"https:\\\/\\\/triana.salesianos.edu\\\/colegio\\\/aula-mediodia\\\/#breadcrumb\"},\"inLanguage\":\"es\",\"potentialAction\":[{\"@type\":\"ReadAction\",\"target\":[\"https:\\\/\\\/triana.salesianos.edu\\\/colegio\\\/aula-mediodia\\\/\"]}]},{\"@type\":\"BreadcrumbList\",\"@id\":\"https:\\\/\\\/triana.salesianos.edu\\\/colegio\\\/aula-mediodia\\\/#breadcrumb\",\"itemListElement\":[{\"@type\":\"ListItem\",\"position\":1,\"name\":\"Portada\",\"item\":\"https:\\\/\\\/triana.salesianos.edu\\\/colegio\\\/\"},{\"@type\":\"ListItem\",\"position\":2,\"name\":\"Aula de mediod\u00eda\"}]},{\"@type\":\"WebSite\",\"@id\":\"https:\\\/\\\/triana.salesianos.edu\\\/colegio\\\/#website\",\"url\":\"https:\\\/\\\/triana.salesianos.edu\\\/colegio\\\/\",\"name\":\"Colegio Salesiano San Pedro\",\"description\":\"P\u00e1gina oficial Salesianos Triana Sevilla\",\"potentialAction\":[{\"@type\":\"SearchAction\",\"target\":{\"@type\":\"EntryPoint\",\"urlTemplate\":\"https:\\\/\\\/triana.salesianos.edu\\\/colegio\\\/?s={search_term_string}\"},\"query-input\":{\"@type\":\"PropertyValueSpecification\",\"valueRequired\":true,\"valueName\":\"search_term_string\"}}],\"inLanguage\":\"es\"}]}<\/script>\n<!-- \/ Yoast SEO plugin. -->","yoast_head_json":{"title":"Aula de mediod\u00eda - Colegio Salesiano San Pedro","robots":{"index":"index","follow":"follow","max-snippet":"max-snippet:-1","max-image-preview":"max-image-preview:large","max-video-preview":"max-video-preview:-1"},"canonical":"https:\/\/triana.salesianos.edu\/colegio\/aula-mediodia\/","og_locale":"es_ES","og_type":"article","og_title":"Aula de mediod\u00eda - Colegio Salesiano San Pedro","og_description":"Normas de Funcionamiento Nuevo servicio de aula de mediod\u00eda de guarda y custodia del alumnado hasta su recogida. Los alumnos estar\u00e1n realizando sus tareas, actividades l\u00fadicas, juegos diversos. \u00a0 No se incluye ni servicio de comedor, ni comida de casa.La recogida se har\u00e1 por la puerta de Infantil (calle Evangelista). En los siguientes tramos horarios [&hellip;]","og_url":"https:\/\/triana.salesianos.edu\/colegio\/aula-mediodia\/","og_site_name":"Colegio Salesiano San Pedro","article_modified_time":"2026-03-23T21:18:02+00:00","twitter_card":"summary_large_image","twitter_misc":{"Tiempo de lectura":"2 minutos"},"schema":{"@context":"https:\/\/schema.org","@graph":[{"@type":"WebPage","@id":"https:\/\/triana.salesianos.edu\/colegio\/aula-mediodia\/","url":"https:\/\/triana.salesianos.edu\/colegio\/aula-mediodia\/","name":"Aula de mediod\u00eda - Colegio Salesiano San Pedro","isPartOf":{"@id":"https:\/\/triana.salesianos.edu\/colegio\/#website"},"datePublished":"2018-01-14T16:38:23+00:00","dateModified":"2026-03-23T21:18:02+00:00","breadcrumb":{"@id":"https:\/\/triana.salesianos.edu\/colegio\/aula-mediodia\/#breadcrumb"},"inLanguage":"es","potentialAction":[{"@type":"ReadAction","target":["https:\/\/triana.salesianos.edu\/colegio\/aula-mediodia\/"]}]},{"@type":"BreadcrumbList","@id":"https:\/\/triana.salesianos.edu\/colegio\/aula-mediodia\/#breadcrumb","itemListElement":[{"@type":"ListItem","position":1,"name":"Portada","item":"https:\/\/triana.salesianos.edu\/colegio\/"},{"@type":"ListItem","position":2,"name":"Aula de mediod\u00eda"}]},{"@type":"WebSite","@id":"https:\/\/triana.salesianos.edu\/colegio\/#website","url":"https:\/\/triana.salesianos.edu\/colegio\/","name":"Colegio Salesiano San Pedro","description":"P\u00e1gina oficial Salesianos Triana Sevilla","potentialAction":[{"@type":"SearchAction","target":{"@type":"EntryPoint","urlTemplate":"https:\/\/triana.salesianos.edu\/colegio\/?s={search_term_string}"},"query-input":{"@type":"PropertyValueSpecification","valueRequired":true,"valueName":"search_term_string"}}],"inLanguage":"es"}]}},"_links":{"self":[{"href":"https:\/\/triana.salesianos.edu\/colegio\/wp-json\/wp\/v2\/pages\/24476","targetHints":{"allow":["GET"]}}],"collection":[{"href":"https:\/\/triana.salesianos.edu\/colegio\/wp-json\/wp\/v2\/pages"}],"about":[{"href":"https:\/\/triana.salesianos.edu\/colegio\/wp-json\/wp\/v2\/types\/page"}],"author":[{"embeddable":true,"href":"https:\/\/triana.salesianos.edu\/colegio\/wp-json\/wp\/v2\/users\/5"}],"replies":[{"embeddable":true,"href":"https:\/\/triana.salesianos.edu\/colegio\/wp-json\/wp\/v2\/comments?post=24476"}],"version-history":[{"count":7,"href":"https:\/\/triana.salesianos.edu\/colegio\/wp-json\/wp\/v2\/pages\/24476\/revisions"}],"predecessor-version":[{"id":25284,"href":"https:\/\/triana.salesianos.edu\/colegio\/wp-json\/wp\/v2\/pages\/24476\/revisions\/25284"}],"wp:attachment":[{"href":"https:\/\/triana.salesianos.edu\/colegio\/wp-json\/wp\/v2\/media?parent=24476"}],"curies":[{"name":"wp","href":"https:\/\/api.w.org\/{rel}","templated":true}]}}