{"id":22740,"date":"2021-02-15T19:48:53","date_gmt":"2021-02-15T18:48:53","guid":{"rendered":"https:\/\/triana.salesianos.edu\/colegio\/?page_id=22740"},"modified":"2021-02-15T19:51:35","modified_gmt":"2021-02-15T18:51:35","slug":"proveedores","status":"publish","type":"page","link":"https:\/\/triana.salesianos.edu\/colegio\/proveedores\/","title":{"rendered":"Proveedores"},"content":{"rendered":"<div id=\"fb-root\"><\/div>\n<p>[et_pb_section fb_built=\u00bb1&#8243; fullwidth=\u00bbon\u00bb _builder_version=\u00bb3.22&#8243;][et_pb_fullwidth_header title=\u00bbProveedores\u00bb title_font_color=\u00bb#ffffff\u00bb module_class=\u00bbpagina-imagen-cabecera\u00bb _builder_version=\u00bb4.9.0&#8243; title_text_color=\u00bb#ffffff\u00bb title_font_size=\u00bb40px\u00bb background_color=\u00bbrgba(255, 255, 255, 0)\u00bb background_image=\u00bbhttps:\/\/triana.salesianos.edu\/colegio\/wp-content\/uploads\/sites\/2\/2018\/02\/P1120813.jpg\u00bb background_layout=\u00bblight\u00bb max_width_tablet=\u00bb50px\u00bb background_url=\u00bbhttp:\/\/webpiloto.salesianos.edu\/wp-content\/uploads\/2017\/02\/ImagenPAGINA01.png\u00bb button_one_text_size__hover_enabled=\u00bboff\u00bb button_two_text_size__hover_enabled=\u00bboff\u00bb button_one_text_color__hover_enabled=\u00bboff\u00bb button_two_text_color__hover_enabled=\u00bboff\u00bb button_one_border_width__hover_enabled=\u00bboff\u00bb button_two_border_width__hover_enabled=\u00bboff\u00bb button_one_border_color__hover_enabled=\u00bboff\u00bb button_two_border_color__hover_enabled=\u00bboff\u00bb button_one_border_radius__hover_enabled=\u00bboff\u00bb button_two_border_radius__hover_enabled=\u00bboff\u00bb button_one_letter_spacing__hover_enabled=\u00bboff\u00bb button_two_letter_spacing__hover_enabled=\u00bboff\u00bb button_one_bg_color__hover_enabled=\u00bboff\u00bb button_two_bg_color__hover_enabled=\u00bboff\u00bb][\/et_pb_fullwidth_header][\/et_pb_section][et_pb_section fb_built=\u00bb1&#8243; module_class=\u00bbpagina-seccion-contenido\u00bb _builder_version=\u00bb3.22&#8243; custom_padding=\u00bb-4%|||\u00bb transparent_background=\u00bboff\u00bb make_fullwidth=\u00bboff\u00bb use_custom_width=\u00bboff\u00bb width_unit=\u00bbon\u00bb][et_pb_row module_class=\u00bbpagina-texto\u00bb _builder_version=\u00bb3.25&#8243; background_size=\u00bbinitial\u00bb background_position=\u00bbtop_left\u00bb background_repeat=\u00bbrepeat\u00bb make_fullwidth=\u00bboff\u00bb use_custom_width=\u00bboff\u00bb width_unit=\u00bbon\u00bb][et_pb_column type=\u00bb4_4&#8243; _builder_version=\u00bb3.25&#8243; custom_padding=\u00bb|||\u00bb custom_padding__hover=\u00bb|||\u00bb][et_pb_text _builder_version=\u00bb4.9.0&#8243; _module_preset=\u00bbdefault\u00bb]<\/p>\n<h2>Importancia de los proveedores<\/h2>\n<p>En el proceso de\u00a0<strong>satisfacer las necesidades de sus clientes<\/strong>, toda organizaci\u00f3n cuenta con un\u00a0<strong>eslab\u00f3n clave<\/strong>\u00a0conformado por el conjunto de\u00a0<strong>proveedores<\/strong>: si ellos fallan en suministrar productos y\/o servicios que cumplan con lo requerido (especificaciones t\u00e9cnicas, plazos de entrega, cantidades, etc.) ocasionar\u00e1n inconvenientes que se ver\u00e1n reflejados en las prestaciones finales al cliente.<\/p>\n<p>Por eso el\u00a0<strong>COLEGIO SALESIANO SAN PEDRO<\/strong> eval\u00faa a todos sus proveedores una vez a\u00f1o atendiendo a los siguientes items:<\/p>\n<ul>\n<li><strong>Calidad<\/strong>: es el principal criterio de evaluaci\u00f3n de un proveedor. Tiene que ver con el estado del producto\u00a0y con la correspondencia entre lo que se pide y lo que llega a manos de la empresa solicitante.<\/li>\n<li><strong>Fiabilidad de plazos:<\/strong>\u00a0se refiere al grado de cumplimiento del proveedor a la hora de la entrega de los art\u00edculos. Los incumplimientos y las demoras suelen ser las principales causas para el cambio de proveedores.<\/li>\n<li><strong>Flexibilidad<\/strong>: adem\u00e1s de la fiabilidad y la puntualidad, al proveedor se le suele evaluar por su capacidad de adaptarse a las necesidades del centro. Esto no quiere decir que trabaje exclusivamente en funci\u00f3n de ellas; simplemente, que tenga en cuenta algunas din\u00e1micas o condicionantes que pueden surgir.<\/li>\n<li><strong>Informaci\u00f3n<\/strong>: este criterio apunta a todo aquello que rodea la acci\u00f3n misma del suministro. Por ejemplo, las facturas, la calidad de las ofertas, los datos que acompa\u00f1an a los suministros, entre otros.<\/li>\n<li><strong>Competitividad<\/strong>: del mismo modo, la empresa debe evaluar el lugar que ocupa el proveedor en el sector en el que opera. Para ello, no s\u00f3lo se debe ponderar la relaci\u00f3n producto-precio, sino, sobre todo, la calidad de las materias.\u00a0<\/li>\n<\/ul>\n<p>[\/et_pb_text][\/et_pb_column][\/et_pb_row][\/et_pb_section]<\/p>\n","protected":false},"excerpt":{"rendered":"<p>Importancia de los proveedores En el proceso de\u00a0satisfacer las necesidades de sus clientes, toda organizaci\u00f3n cuenta con un\u00a0eslab\u00f3n clave\u00a0conformado por el conjunto de\u00a0proveedores: si ellos fallan en suministrar productos y\/o servicios que cumplan con lo requerido (especificaciones t\u00e9cnicas, plazos de entrega, cantidades, etc.) ocasionar\u00e1n inconvenientes que se ver\u00e1n reflejados en las prestaciones finales al cliente. [&hellip;]<\/p>\n","protected":false},"author":3,"featured_media":0,"parent":0,"menu_order":0,"comment_status":"closed","ping_status":"closed","template":"","meta":{"_et_pb_use_builder":"on","_et_pb_old_content":"","_et_gb_content_width":"","footnotes":""},"class_list":["post-22740","page","type-page","status-publish","hentry"],"yoast_head":"<!-- This site is optimized with the Yoast SEO plugin v27.4 - https:\/\/yoast.com\/product\/yoast-seo-wordpress\/ -->\n<title>Proveedores - Colegio Salesiano San Pedro<\/title>\n<meta name=\"robots\" content=\"index, follow, max-snippet:-1, max-image-preview:large, max-video-preview:-1\" \/>\n<link rel=\"canonical\" href=\"https:\/\/triana.salesianos.edu\/colegio\/proveedores\/\" \/>\n<meta property=\"og:locale\" content=\"es_ES\" \/>\n<meta property=\"og:type\" content=\"article\" \/>\n<meta property=\"og:title\" content=\"Proveedores - Colegio Salesiano San Pedro\" \/>\n<meta property=\"og:description\" content=\"Importancia de los proveedores En el proceso de\u00a0satisfacer las necesidades de sus clientes, toda organizaci\u00f3n cuenta con un\u00a0eslab\u00f3n clave\u00a0conformado por el conjunto de\u00a0proveedores: si ellos fallan en suministrar productos y\/o servicios que cumplan con lo requerido (especificaciones t\u00e9cnicas, plazos de entrega, cantidades, etc.) ocasionar\u00e1n inconvenientes que se ver\u00e1n reflejados en las prestaciones finales al cliente. [&hellip;]\" \/>\n<meta property=\"og:url\" content=\"https:\/\/triana.salesianos.edu\/colegio\/proveedores\/\" \/>\n<meta property=\"og:site_name\" content=\"Colegio Salesiano San Pedro\" \/>\n<meta property=\"article:modified_time\" content=\"2021-02-15T18:51:35+00:00\" \/>\n<meta name=\"twitter:card\" content=\"summary_large_image\" \/>\n<meta name=\"twitter:label1\" content=\"Tiempo de lectura\" \/>\n\t<meta name=\"twitter:data1\" content=\"3 minutos\" \/>\n<script type=\"application\/ld+json\" class=\"yoast-schema-graph\">{\"@context\":\"https:\\\/\\\/schema.org\",\"@graph\":[{\"@type\":\"WebPage\",\"@id\":\"https:\\\/\\\/triana.salesianos.edu\\\/colegio\\\/proveedores\\\/\",\"url\":\"https:\\\/\\\/triana.salesianos.edu\\\/colegio\\\/proveedores\\\/\",\"name\":\"Proveedores - Colegio Salesiano San Pedro\",\"isPartOf\":{\"@id\":\"https:\\\/\\\/triana.salesianos.edu\\\/colegio\\\/#website\"},\"datePublished\":\"2021-02-15T18:48:53+00:00\",\"dateModified\":\"2021-02-15T18:51:35+00:00\",\"breadcrumb\":{\"@id\":\"https:\\\/\\\/triana.salesianos.edu\\\/colegio\\\/proveedores\\\/#breadcrumb\"},\"inLanguage\":\"es\",\"potentialAction\":[{\"@type\":\"ReadAction\",\"target\":[\"https:\\\/\\\/triana.salesianos.edu\\\/colegio\\\/proveedores\\\/\"]}]},{\"@type\":\"BreadcrumbList\",\"@id\":\"https:\\\/\\\/triana.salesianos.edu\\\/colegio\\\/proveedores\\\/#breadcrumb\",\"itemListElement\":[{\"@type\":\"ListItem\",\"position\":1,\"name\":\"Portada\",\"item\":\"https:\\\/\\\/triana.salesianos.edu\\\/colegio\\\/\"},{\"@type\":\"ListItem\",\"position\":2,\"name\":\"Proveedores\"}]},{\"@type\":\"WebSite\",\"@id\":\"https:\\\/\\\/triana.salesianos.edu\\\/colegio\\\/#website\",\"url\":\"https:\\\/\\\/triana.salesianos.edu\\\/colegio\\\/\",\"name\":\"Colegio Salesiano San Pedro\",\"description\":\"P\u00e1gina oficial Salesianos Triana Sevilla\",\"potentialAction\":[{\"@type\":\"SearchAction\",\"target\":{\"@type\":\"EntryPoint\",\"urlTemplate\":\"https:\\\/\\\/triana.salesianos.edu\\\/colegio\\\/?s={search_term_string}\"},\"query-input\":{\"@type\":\"PropertyValueSpecification\",\"valueRequired\":true,\"valueName\":\"search_term_string\"}}],\"inLanguage\":\"es\"}]}<\/script>\n<!-- \/ Yoast SEO plugin. -->","yoast_head_json":{"title":"Proveedores - Colegio Salesiano San Pedro","robots":{"index":"index","follow":"follow","max-snippet":"max-snippet:-1","max-image-preview":"max-image-preview:large","max-video-preview":"max-video-preview:-1"},"canonical":"https:\/\/triana.salesianos.edu\/colegio\/proveedores\/","og_locale":"es_ES","og_type":"article","og_title":"Proveedores - Colegio Salesiano San Pedro","og_description":"Importancia de los proveedores En el proceso de\u00a0satisfacer las necesidades de sus clientes, toda organizaci\u00f3n cuenta con un\u00a0eslab\u00f3n clave\u00a0conformado por el conjunto de\u00a0proveedores: si ellos fallan en suministrar productos y\/o servicios que cumplan con lo requerido (especificaciones t\u00e9cnicas, plazos de entrega, cantidades, etc.) ocasionar\u00e1n inconvenientes que se ver\u00e1n reflejados en las prestaciones finales al cliente. [&hellip;]","og_url":"https:\/\/triana.salesianos.edu\/colegio\/proveedores\/","og_site_name":"Colegio Salesiano San Pedro","article_modified_time":"2021-02-15T18:51:35+00:00","twitter_card":"summary_large_image","twitter_misc":{"Tiempo de lectura":"3 minutos"},"schema":{"@context":"https:\/\/schema.org","@graph":[{"@type":"WebPage","@id":"https:\/\/triana.salesianos.edu\/colegio\/proveedores\/","url":"https:\/\/triana.salesianos.edu\/colegio\/proveedores\/","name":"Proveedores - Colegio Salesiano San Pedro","isPartOf":{"@id":"https:\/\/triana.salesianos.edu\/colegio\/#website"},"datePublished":"2021-02-15T18:48:53+00:00","dateModified":"2021-02-15T18:51:35+00:00","breadcrumb":{"@id":"https:\/\/triana.salesianos.edu\/colegio\/proveedores\/#breadcrumb"},"inLanguage":"es","potentialAction":[{"@type":"ReadAction","target":["https:\/\/triana.salesianos.edu\/colegio\/proveedores\/"]}]},{"@type":"BreadcrumbList","@id":"https:\/\/triana.salesianos.edu\/colegio\/proveedores\/#breadcrumb","itemListElement":[{"@type":"ListItem","position":1,"name":"Portada","item":"https:\/\/triana.salesianos.edu\/colegio\/"},{"@type":"ListItem","position":2,"name":"Proveedores"}]},{"@type":"WebSite","@id":"https:\/\/triana.salesianos.edu\/colegio\/#website","url":"https:\/\/triana.salesianos.edu\/colegio\/","name":"Colegio Salesiano San Pedro","description":"P\u00e1gina oficial Salesianos Triana Sevilla","potentialAction":[{"@type":"SearchAction","target":{"@type":"EntryPoint","urlTemplate":"https:\/\/triana.salesianos.edu\/colegio\/?s={search_term_string}"},"query-input":{"@type":"PropertyValueSpecification","valueRequired":true,"valueName":"search_term_string"}}],"inLanguage":"es"}]}},"_links":{"self":[{"href":"https:\/\/triana.salesianos.edu\/colegio\/wp-json\/wp\/v2\/pages\/22740","targetHints":{"allow":["GET"]}}],"collection":[{"href":"https:\/\/triana.salesianos.edu\/colegio\/wp-json\/wp\/v2\/pages"}],"about":[{"href":"https:\/\/triana.salesianos.edu\/colegio\/wp-json\/wp\/v2\/types\/page"}],"author":[{"embeddable":true,"href":"https:\/\/triana.salesianos.edu\/colegio\/wp-json\/wp\/v2\/users\/3"}],"replies":[{"embeddable":true,"href":"https:\/\/triana.salesianos.edu\/colegio\/wp-json\/wp\/v2\/comments?post=22740"}],"version-history":[{"count":4,"href":"https:\/\/triana.salesianos.edu\/colegio\/wp-json\/wp\/v2\/pages\/22740\/revisions"}],"predecessor-version":[{"id":22745,"href":"https:\/\/triana.salesianos.edu\/colegio\/wp-json\/wp\/v2\/pages\/22740\/revisions\/22745"}],"wp:attachment":[{"href":"https:\/\/triana.salesianos.edu\/colegio\/wp-json\/wp\/v2\/media?parent=22740"}],"curies":[{"name":"wp","href":"https:\/\/api.w.org\/{rel}","templated":true}]}}